{"id":7729,"date":"2023-07-11T14:41:37","date_gmt":"2023-07-11T14:41:37","guid":{"rendered":"https:\/\/neuroquantum.com\/?post_type=product&#038;p=7729"},"modified":"2023-08-03T11:21:29","modified_gmt":"2023-08-03T11:21:29","slug":"ao-scan","status":"publish","type":"product","link":"https:\/\/neuroquantum.com\/en\/produto\/ao-scan\/","title":{"rendered":"AO Scan"},"content":{"rendered":"<p>Com base nessas compara\u00e7\u00f5es, o sistema gera um relat\u00f3rio detalhado que pode ajudar a identificar desequil\u00edbrios, disfun\u00e7\u00f5es ou \u00e1reas de preocupa\u00e7\u00e3o na sa\u00fade de uma pessoa.<\/p>\n<p>A tecnologia de bioresson\u00e2ncia do AO Scan \u00e9 baseada no princ\u00edpio de que cada c\u00e9lula, \u00f3rg\u00e3o ou sistema do corpo emite sinais eletromagn\u00e9ticos espec\u00edficos. Ao analisar esses sinais, o dispositivo pode fornecer informa\u00e7\u00f5es sobre a sa\u00fade geral, incluindo aspectos como o sistema cardiovascular, digestivo, respirat\u00f3rio, imunol\u00f3gico e muito mais.<\/p>\n<p><img loading=\"lazy\" decoding=\"async\" class=\"alignnone size-medium wp-image-7873\" src=\"https:\/\/neuroquantum.com\/wp-content\/uploads\/2023\/07\/ao-scan3-400x296.jpg\" alt=\"\" width=\"400\" height=\"296\" srcset=\"https:\/\/neuroquantum.com\/wp-content\/uploads\/2023\/07\/ao-scan3-400x296.jpg 400w, https:\/\/neuroquantum.com\/wp-content\/uploads\/2023\/07\/ao-scan3-430x318.jpg 430w, https:\/\/neuroquantum.com\/wp-content\/uploads\/2023\/07\/ao-scan3-150x111.jpg 150w, https:\/\/neuroquantum.com\/wp-content\/uploads\/2023\/07\/ao-scan3.jpg 518w\" sizes=\"auto, (max-width: 400px) 100vw, 400px\" \/>\u00a0 \u00a0 \u00a0 <img loading=\"lazy\" decoding=\"async\" class=\"alignnone size-medium wp-image-7875\" src=\"https:\/\/neuroquantum.com\/wp-content\/uploads\/2023\/07\/ao-scan4-300x300.png\" alt=\"\" width=\"300\" height=\"300\" srcset=\"https:\/\/neuroquantum.com\/wp-content\/uploads\/2023\/07\/ao-scan4-300x300.png 300w, https:\/\/neuroquantum.com\/wp-content\/uploads\/2023\/07\/ao-scan4-150x150.png 150w, https:\/\/neuroquantum.com\/wp-content\/uploads\/2023\/07\/ao-scan4.png 396w\" sizes=\"auto, (max-width: 300px) 100vw, 300px\" \/><\/p>\n<p>Algumas pessoas consideram a bioresson\u00e2ncia uma abordagem complementar de bem-estar e preferem us\u00e1-la em conjunto com outras formas de cuidados de sa\u00fade. No entanto, \u00e9 sempre recomend\u00e1vel consultar profissionais de sa\u00fade qualificados para obter diagn\u00f3sticos e tratamentos m\u00e9dicos adequados.<\/p>\n<p>Em resumo, o AO Scan \u00e9 um dispositivo de bioresson\u00e2ncia que usa tecnologia para analisar os sinais eletromagn\u00e9ticos emitidos pelo corpo, fornecendo uma avalia\u00e7\u00e3o abrangente da sa\u00fade e do bem-estar.<\/p>\n<p>&nbsp;<\/p>\n","protected":false},"excerpt":{"rendered":"<p>O AO Scan \u00e9 um sistema de bioresson\u00e2ncia que utiliza tecnologia avan\u00e7ada para analisar a sa\u00fade e o bem-estar de uma pessoa. Ele \u00e9 projetado para fornecer uma avalia\u00e7\u00e3o abrangente do corpo, analisando os sinais eletromagn\u00e9ticos emitidos pelas c\u00e9lulas, tecidos e \u00f3rg\u00e3os.<\/p>\n<p>O dispositivo AO Scan usa sensores especiais para medir as frequ\u00eancias eletromagn\u00e9ticas emitidas pelo corpo e, em seguida, compara essas frequ\u00eancias com um banco de dados de refer\u00eancia.<\/p>\n","protected":false},"featured_media":7877,"template":"","meta":[],"product_cat":[79,21],"product_tag":[],"class_list":["post-7729","product","type-product","status-publish","has-post-thumbnail","hentry","product_cat-bioresonancia","product_cat-equipamentos"],"yoast_head":"<!-- This site is optimized with the Yoast SEO plugin v20.11 - https:\/\/yoast.com\/wordpress\/plugins\/seo\/ -->\n<title>AO Scan - neuroquantum<\/title>\n<meta name=\"robots\" content=\"index, follow, max-snippet:-1, max-image-preview:large, max-video-preview:-1\" \/>\n<link rel=\"canonical\" href=\"https:\/\/neuroquantum.com\/produto\/ao-scan\/\" \/>\n<meta property=\"og:locale\" content=\"en_US\" \/>\n<meta property=\"og:type\" content=\"article\" \/>\n<meta property=\"og:title\" content=\"AO Scan - neuroquantum\" \/>\n<meta property=\"og:description\" content=\"O AO Scan \u00e9 um sistema de bioresson\u00e2ncia que utiliza tecnologia avan\u00e7ada para analisar a sa\u00fade e o bem-estar de uma pessoa. Ele \u00e9 projetado para fornecer uma avalia\u00e7\u00e3o abrangente do corpo, analisando os sinais eletromagn\u00e9ticos emitidos pelas c\u00e9lulas, tecidos e \u00f3rg\u00e3os.  O dispositivo AO Scan usa sensores especiais para medir as frequ\u00eancias eletromagn\u00e9ticas emitidas pelo corpo e, em seguida, compara essas frequ\u00eancias com um banco de dados de refer\u00eancia.\" \/>\n<meta property=\"og:url\" content=\"https:\/\/neuroquantum.com\/produto\/ao-scan\/\" \/>\n<meta property=\"og:site_name\" content=\"neuroquantum\" \/>\n<meta property=\"article:modified_time\" content=\"2023-08-03T11:21:29+00:00\" \/>\n<meta property=\"og:image\" content=\"https:\/\/neuroquantum.com\/wp-content\/uploads\/2023\/07\/ao_scan1.png\" \/>\n\t<meta property=\"og:image:width\" content=\"250\" \/>\n\t<meta property=\"og:image:height\" content=\"194\" \/>\n\t<meta property=\"og:image:type\" content=\"image\/png\" \/>\n<meta name=\"twitter:card\" content=\"summary_large_image\" \/>\n<meta name=\"twitter:label1\" content=\"Est. reading time\" \/>\n\t<meta name=\"twitter:data1\" content=\"2 minutes\" \/>\n<script type=\"application\/ld+json\" class=\"yoast-schema-graph\">{\"@context\":\"https:\/\/schema.org\",\"@graph\":[{\"@type\":\"WebPage\",\"@id\":\"https:\/\/neuroquantum.com\/produto\/ao-scan\/\",\"url\":\"https:\/\/neuroquantum.com\/produto\/ao-scan\/\",\"name\":\"AO Scan - neuroquantum\",\"isPartOf\":{\"@id\":\"https:\/\/neuroquantum.com\/#website\"},\"datePublished\":\"2023-07-11T14:41:37+00:00\",\"dateModified\":\"2023-08-03T11:21:29+00:00\",\"breadcrumb\":{\"@id\":\"https:\/\/neuroquantum.com\/produto\/ao-scan\/#breadcrumb\"},\"inLanguage\":\"en-US\",\"potentialAction\":[{\"@type\":\"ReadAction\",\"target\":[\"https:\/\/neuroquantum.com\/produto\/ao-scan\/\"]}]},{\"@type\":\"BreadcrumbList\",\"@id\":\"https:\/\/neuroquantum.com\/produto\/ao-scan\/#breadcrumb\",\"itemListElement\":[{\"@type\":\"ListItem\",\"position\":1,\"name\":\"In\u00edcio\",\"item\":\"https:\/\/neuroquantum.com\/\"},{\"@type\":\"ListItem\",\"position\":2,\"name\":\"Loja\",\"item\":\"https:\/\/neuroquantum.com\/loja\/\"},{\"@type\":\"ListItem\",\"position\":3,\"name\":\"AO Scan\"}]},{\"@type\":\"WebSite\",\"@id\":\"https:\/\/neuroquantum.com\/#website\",\"url\":\"https:\/\/neuroquantum.com\/\",\"name\":\"neuroquantum\",\"description\":\"Medicinas Tradicionais e Tecnologias Qu\u00e2nticas de Biofeedback e Bioreson\u00e2ncia.\",\"publisher\":{\"@id\":\"https:\/\/neuroquantum.com\/#organization\"},\"potentialAction\":[{\"@type\":\"SearchAction\",\"target\":{\"@type\":\"EntryPoint\",\"urlTemplate\":\"https:\/\/neuroquantum.com\/?s={search_term_string}\"},\"query-input\":\"required name=search_term_string\"}],\"inLanguage\":\"en-US\"},{\"@type\":\"Organization\",\"@id\":\"https:\/\/neuroquantum.com\/#organization\",\"name\":\"neuroquantum\",\"url\":\"https:\/\/neuroquantum.com\/\",\"logo\":{\"@type\":\"ImageObject\",\"inLanguage\":\"en-US\",\"@id\":\"https:\/\/neuroquantum.com\/#\/schema\/logo\/image\/\",\"url\":\"https:\/\/neuroquantum.com\/wp-content\/uploads\/2023\/03\/neuro-novo-logo.png\",\"contentUrl\":\"https:\/\/neuroquantum.com\/wp-content\/uploads\/2023\/03\/neuro-novo-logo.png\",\"width\":708,\"height\":215,\"caption\":\"neuroquantum\"},\"image\":{\"@id\":\"https:\/\/neuroquantum.com\/#\/schema\/logo\/image\/\"}}]}<\/script>\n<!-- \/ Yoast SEO plugin. -->","yoast_head_json":{"title":"AO Scan - neuroquantum","robots":{"index":"index","follow":"follow","max-snippet":"max-snippet:-1","max-image-preview":"max-image-preview:large","max-video-preview":"max-video-preview:-1"},"canonical":"https:\/\/neuroquantum.com\/produto\/ao-scan\/","og_locale":"en_US","og_type":"article","og_title":"AO Scan - neuroquantum","og_description":"O AO Scan \u00e9 um sistema de bioresson\u00e2ncia que utiliza tecnologia avan\u00e7ada para analisar a sa\u00fade e o bem-estar de uma pessoa. Ele \u00e9 projetado para fornecer uma avalia\u00e7\u00e3o abrangente do corpo, analisando os sinais eletromagn\u00e9ticos emitidos pelas c\u00e9lulas, tecidos e \u00f3rg\u00e3os.  O dispositivo AO Scan usa sensores especiais para medir as frequ\u00eancias eletromagn\u00e9ticas emitidas pelo corpo e, em seguida, compara essas frequ\u00eancias com um banco de dados de refer\u00eancia.","og_url":"https:\/\/neuroquantum.com\/produto\/ao-scan\/","og_site_name":"neuroquantum","article_modified_time":"2023-08-03T11:21:29+00:00","og_image":[{"width":250,"height":194,"url":"https:\/\/neuroquantum.com\/wp-content\/uploads\/2023\/07\/ao_scan1.png","type":"image\/png"}],"twitter_card":"summary_large_image","twitter_misc":{"Est. reading time":"2 minutes"},"schema":{"@context":"https:\/\/schema.org","@graph":[{"@type":"WebPage","@id":"https:\/\/neuroquantum.com\/produto\/ao-scan\/","url":"https:\/\/neuroquantum.com\/produto\/ao-scan\/","name":"AO Scan - neuroquantum","isPartOf":{"@id":"https:\/\/neuroquantum.com\/#website"},"datePublished":"2023-07-11T14:41:37+00:00","dateModified":"2023-08-03T11:21:29+00:00","breadcrumb":{"@id":"https:\/\/neuroquantum.com\/produto\/ao-scan\/#breadcrumb"},"inLanguage":"en-US","potentialAction":[{"@type":"ReadAction","target":["https:\/\/neuroquantum.com\/produto\/ao-scan\/"]}]},{"@type":"BreadcrumbList","@id":"https:\/\/neuroquantum.com\/produto\/ao-scan\/#breadcrumb","itemListElement":[{"@type":"ListItem","position":1,"name":"In\u00edcio","item":"https:\/\/neuroquantum.com\/"},{"@type":"ListItem","position":2,"name":"Loja","item":"https:\/\/neuroquantum.com\/loja\/"},{"@type":"ListItem","position":3,"name":"AO Scan"}]},{"@type":"WebSite","@id":"https:\/\/neuroquantum.com\/#website","url":"https:\/\/neuroquantum.com\/","name":"neuroquantum","description":"Medicinas Tradicionais e Tecnologias Qu\u00e2nticas de Biofeedback e Bioreson\u00e2ncia.","publisher":{"@id":"https:\/\/neuroquantum.com\/#organization"},"potentialAction":[{"@type":"SearchAction","target":{"@type":"EntryPoint","urlTemplate":"https:\/\/neuroquantum.com\/?s={search_term_string}"},"query-input":"required name=search_term_string"}],"inLanguage":"en-US"},{"@type":"Organization","@id":"https:\/\/neuroquantum.com\/#organization","name":"neuroquantum","url":"https:\/\/neuroquantum.com\/","logo":{"@type":"ImageObject","inLanguage":"en-US","@id":"https:\/\/neuroquantum.com\/#\/schema\/logo\/image\/","url":"https:\/\/neuroquantum.com\/wp-content\/uploads\/2023\/03\/neuro-novo-logo.png","contentUrl":"https:\/\/neuroquantum.com\/wp-content\/uploads\/2023\/03\/neuro-novo-logo.png","width":708,"height":215,"caption":"neuroquantum"},"image":{"@id":"https:\/\/neuroquantum.com\/#\/schema\/logo\/image\/"}}]}},"_links":{"self":[{"href":"https:\/\/neuroquantum.com\/en\/wp-json\/wp\/v2\/product\/7729","targetHints":{"allow":["GET"]}}],"collection":[{"href":"https:\/\/neuroquantum.com\/en\/wp-json\/wp\/v2\/product"}],"about":[{"href":"https:\/\/neuroquantum.com\/en\/wp-json\/wp\/v2\/types\/product"}],"wp:featuredmedia":[{"embeddable":true,"href":"https:\/\/neuroquantum.com\/en\/wp-json\/wp\/v2\/media\/7877"}],"wp:attachment":[{"href":"https:\/\/neuroquantum.com\/en\/wp-json\/wp\/v2\/media?parent=7729"}],"wp:term":[{"taxonomy":"product_cat","embeddable":true,"href":"https:\/\/neuroquantum.com\/en\/wp-json\/wp\/v2\/product_cat?post=7729"},{"taxonomy":"product_tag","embeddable":true,"href":"https:\/\/neuroquantum.com\/en\/wp-json\/wp\/v2\/product_tag?post=7729"}],"curies":[{"name":"wp","href":"https:\/\/api.w.org\/{rel}","templated":true}]}}