{"id":7725,"date":"2021-08-24T12:40:55","date_gmt":"2021-08-24T12:40:55","guid":{"rendered":"https:\/\/neuroquantum.com\/?page_id=7725"},"modified":"2023-08-02T14:55:50","modified_gmt":"2023-08-02T14:55:50","slug":"que-hacemos","status":"publish","type":"page","link":"https:\/\/neuroquantum.com\/es\/que-hacemos\/","title":{"rendered":"Qu\u00e9 Hacemos?"},"content":{"rendered":"<section class=\"wpb-content-wrapper\"><p>[vc_section full_width=\u00bbstretch_row\u00bb css=\u00bb.vc_custom_1670861849434{margin-bottom: 100px !important;padding-top: 80px !important;padding-bottom: 80px !important;background-image: url(https:\/\/neuroquantum.com\/wp-content\/uploads\/2022\/12\/sobrebg.jpg?id=7245) !important;background-position: center !important;background-repeat: no-repeat !important;background-size: cover !important;}\u00bb wd_z_index=\u00bbno\u00bb woodmart_css_id=\u00bb639753baf36a3&#8243; responsive_spacing=\u00bbeyJwYXJhbV90eXBlIjoid29vZG1hcnRfcmVzcG9uc2l2ZV9zcGFjaW5nIiwic2VsZWN0b3JfaWQiOiI2Mzk3NTNiYWYzNmEzIiwic2hvcnRjb2RlIjoidmNfc2VjdGlvbiIsImRhdGEiOnsidGFibGV0Ijp7Im1hcmdpbi1ib3R0b20iOiI4MHB4In0sIm1vYmlsZSI6eyJtYXJnaW4tYm90dG9tIjoiNjBweCIsInBhZGRpbmctdG9wIjoiNjBweCIsInBhZGRpbmctYm90dG9tIjoiNjBweCJ9fX0=\u00bb mobile_bg_img_hidden=\u00bbno\u00bb tablet_bg_img_hidden=\u00bbno\u00bb woodmart_parallax=\u00bb0&#8243; woodmart_gradient_switch=\u00bbno\u00bb woodmart_disable_overflow=\u00bb0&#8243; woodmart_box_shadow=\u00bbno\u00bb][vc_row equal_height=\u00bbyes\u00bb content_placement=\u00bbmiddle\u00bb css=\u00bb.vc_custom_1670861355727{margin-right: -25px !important;margin-left: -25px !important;background-position: center !important;background-repeat: no-repeat !important;background-size: cover !important;}\u00bb woodmart_css_id=\u00bb6397522887ec5&#8243; responsive_spacing=\u00bbeyJwYXJhbV90eXBlIjoid29vZG1hcnRfcmVzcG9uc2l2ZV9zcGFjaW5nIiwic2VsZWN0b3JfaWQiOiI2Mzk3NTIyODg3ZWM1Iiwic2hvcnRjb2RlIjoidmNfcm93IiwiZGF0YSI6eyJ0YWJsZXQiOnt9LCJtb2JpbGUiOnt9fX0=\u00bb mobile_bg_img_hidden=\u00bbno\u00bb tablet_bg_img_hidden=\u00bbno\u00bb woodmart_parallax=\u00bb0&#8243; woodmart_gradient_switch=\u00bbno\u00bb woodmart_box_shadow=\u00bbno\u00bb wd_z_index=\u00bbno\u00bb woodmart_disable_overflow=\u00bb0&#8243; row_reverse_mobile=\u00bb0&#8243; row_reverse_tablet=\u00bb0&#8243;][vc_column width=\u00bb1\/2&#8243; css=\u00bb.vc_custom_1629812334714{padding-top: 10px !important;padding-right: 25px !important;padding-bottom: 10px !important;padding-left: 25px !important;}\u00bb wd_z_index=\u00bbno\u00bb woodmart_css_id=\u00bb6124f66cebd97&#8243; responsive_spacing=\u00bbeyJwYXJhbV90eXBlIjoid29vZG1hcnRfcmVzcG9uc2l2ZV9zcGFjaW5nIiwic2VsZWN0b3JfaWQiOiI2MTI0ZjY2Y2ViZDk3Iiwic2hvcnRjb2RlIjoidmNfY29sdW1uIiwiZGF0YSI6eyJ0YWJsZXQiOnt9LCJtb2JpbGUiOnt9fX0=\u00bb parallax_scroll=\u00bbno\u00bb mobile_bg_img_hidden=\u00bbno\u00bb tablet_bg_img_hidden=\u00bbno\u00bb woodmart_parallax=\u00bb0&#8243; woodmart_sticky_column=\u00bbfalse\u00bb mobile_reset_margin=\u00bbno\u00bb tablet_reset_margin=\u00bbno\u00bb][vc_single_image image=\u00bb7696&#8243; img_size=\u00bbfull\u00bb parallax_scroll=\u00bbno\u00bb woodmart_inline=\u00bbno\u00bb][\/vc_column][vc_column width=\u00bb1\/2&#8243; css=\u00bb.vc_custom_1629811925592{padding-top: 10px !important;padding-right: 35px !important;padding-bottom: 10px !important;padding-left: 35px !important;}\u00bb wd_z_index=\u00bbno\u00bb woodmart_css_id=\u00bb6124f4d14c35c\u00bb responsive_spacing=\u00bbeyJwYXJhbV90eXBlIjoid29vZG1hcnRfcmVzcG9uc2l2ZV9zcGFjaW5nIiwic2VsZWN0b3JfaWQiOiI2MTI0ZjRkMTRjMzVjIiwic2hvcnRjb2RlIjoidmNfY29sdW1uIiwiZGF0YSI6eyJ0YWJsZXQiOnt9LCJtb2JpbGUiOnt9fX0=\u00bb parallax_scroll=\u00bbno\u00bb mobile_bg_img_hidden=\u00bbno\u00bb tablet_bg_img_hidden=\u00bbno\u00bb woodmart_parallax=\u00bb0&#8243; woodmart_sticky_column=\u00bbfalse\u00bb mobile_reset_margin=\u00bbno\u00bb tablet_reset_margin=\u00bbno\u00bb]\n\t\t<div id=\"wd-64ad5c56f1495\" class=\"title-wrapper wd-wpb set-mb-s reset-last-child  wd-rs-64ad5c56f1495 wd-title-color-default wd-title-style-default text-left  wd-underline-colored\">\n\t\t\t\n\t\t\t<div class=\"liner-continer\">\n\t\t\t\t<h4 class=\"woodmart-title-container title  wd-font-weight- wd-fontsize-xxl\" >Qu\u00e9 Hacemos?<\/h4>\n\t\t\t\t\t\t\t<\/div>\n\t\t\t\n\t\t\t\n\t\t\t\n\t\t<\/div>\n\t\t\n\t\t\t\t<div id=\"wd-64ad5c62dc07b\" class=\"wd-text-block wd-wpb reset-last-child wd-rs-64ad5c62dc07b text-left color-scheme-light wd-fontsize-custom vc_custom_1689083067400\">\n\t\t\t<h4>Neuro Quantum, Apoya, Forma, Investiga, Prueba, Desarrolla, los siguientes tipos de Equipos y Terapias:<\/h4>\n<ul>\n<li>Equipos para diagn\u00f3stico, rehabilitaci\u00f3n e investigaci\u00f3n en el \u00e1rea de la salud y el bienestar<\/li>\n<li>BIOFEEDBACK VIBRACIONAL: SCIO Classic, Pro y Theta<\/li>\n<li>BIORESONANCIA: Biolaser Oberon<\/li>\n<li>Biorresonancia Capilar: prueba de salud desde la ra\u00edz de 3 de tus cabellos en la nuca, ofrece una evaluaci\u00f3n y un programa de recuperaci\u00f3n nutricional en 3 meses<\/li>\n<li>BIORESONANCIA QU\u00c2NTICA: AO SCAN<\/li>\n<li>BIORESONANCIA CAPILAR<\/li>\n<li>NEURO MARKETING<\/li>\n<\/ul>\n\t\t<\/div>\n\t\t<div id=\"wd-64ca6e6c948df\" class=\" wd-rs-64ca6e6c948df  wd-button-wrapper text-center inline-element\"><a href=\"https:\/\/neuroquantum.com\/es\/contactos\/\" title=\"\" class=\"btn btn-color-white btn-style-default btn-style-rectangle btn-size-default\">Cont\u00e1ctenos<\/a><\/div>[\/vc_column][\/vc_row][\/vc_section][vc_row equal_height=\u00bbyes\u00bb content_placement=\u00bbmiddle\u00bb css=\u00bb.vc_custom_1629812383085{margin-bottom: 90px !important;}\u00bb wd_z_index=\u00bbno\u00bb woodmart_css_id=\u00bb6124f683cf596&#8243; responsive_spacing=\u00bbeyJwYXJhbV90eXBlIjoid29vZG1hcnRfcmVzcG9uc2l2ZV9zcGFjaW5nIiwic2VsZWN0b3JfaWQiOiI2MTI0ZjY4M2NmNTk2Iiwic2hvcnRjb2RlIjoidmNfcm93IiwiZGF0YSI6eyJ0YWJsZXQiOnsibWFyZ2luLWJvdHRvbSI6IjgwIn0sIm1vYmlsZSI6eyJtYXJnaW4tYm90dG9tIjoiNjAifX19&#8243; mobile_bg_img_hidden=\u00bbno\u00bb tablet_bg_img_hidden=\u00bbno\u00bb woodmart_parallax=\u00bb0&#8243; woodmart_gradient_switch=\u00bbno\u00bb row_reverse_mobile=\u00bb0&#8243; row_reverse_tablet=\u00bb0&#8243; woodmart_disable_overflow=\u00bb0&#8243;][vc_column css=\u00bb.vc_custom_1499612435663{padding-top: 0px !important;}\u00bb offset=\u00bbvc_col-lg-6 vc_col-md-6&#8243;]\t\t<div id=\"wd-64ad5ccb87c7a\" class=\"wd-text-block wd-wpb reset-last-child wd-rs-64ad5ccb87c7a hidden-md hidden-sm hidden-xs text-left wd-fontsize-custom vc_custom_1689083129770\">\n\t\t\t<p>La venta de equipos est\u00e1 garantizada por representaci\u00f3n directa de fabricantes y productores de tecnolog\u00eda, o con o sin montaje de los mismos, lo que garantiza soporte y capacitaci\u00f3n actualizados, r\u00e1pidos y permanentes.<\/p>\n<p>Terapeutas Profesionales, M\u00e9dicos, Psic\u00f3logos, Home\u00f3patas, Acupunturistas, \u2026. somos profesionales acreditados con una dilatada experiencia.<\/p>\n<p><strong>\u00c1reas de servicio<\/strong><br \/>\nFORMACI\u00d3N, COACHING INDIVIDUAL-EMPRESA, MENTORING, INVESTIGACI\u00d3N, DESARROLLO PERSONAL Salud y Educaci\u00f3n<\/p>\n\t\t<\/div>\n\t\t\t\t<div id=\"wd-64ad5cffab819\" class=\"wd-text-block wd-wpb reset-last-child wd-rs-64ad5cffab819 hidden-md hidden-sm hidden-xs text-left wd-fontsize-custom vc_custom_1689083136914\">\n\t\t\t<p>Tambi\u00e9n entrenamos, investigamos y utilizamos las siguientes terapias y t\u00e9cnicas psicosom\u00e1ticas:<\/p>\n\t\t<\/div>\n\t\t[vc_row_inner][vc_column_inner width=\u00bb1\/2&#8243;][vc_column_text woodmart_inline=\u00bbno\u00bb text_larger=\u00bbno\u00bb]EFT<\/p>\n<p>MINDFULLNESS<\/p>\n<p>EMDR<\/p>\n<p>PNL[\/vc_column_text][\/vc_column_inner][vc_column_inner width=\u00bb1\/2&#8243;][vc_column_text woodmart_inline=\u00bbno\u00bb text_larger=\u00bbno\u00bb]COACHING<\/p>\n<p>NEURO COACH<\/p>\n<p>NEURO QUANTUM COACH<\/p>\n<p>FENG SHUI<\/p>\n<p>I CHING[\/vc_column_text][\/vc_column_inner][\/vc_row_inner][\/vc_column][vc_column css=\u00bb.vc_custom_1499612446263{padding-top: 0px !important;background-position: center !important;background-repeat: no-repeat !important;background-size: cover !important;}\u00bb offset=\u00bbvc_col-lg-6 vc_col-md-6&#8243;][vc_single_image image=\u00bb7246&#8243; img_size=\u00bbfull\u00bb parallax_scroll=\u00bbno\u00bb woodmart_inline=\u00bbno\u00bb][\/vc_column][\/vc_row]<\/p>\n<\/section>","protected":false},"excerpt":{"rendered":"<p>[vc_section full_width=\u00bbstretch_row\u00bb css=\u00bb.vc_custom_1670861849434{margin-bottom: 100px !important;padding-top: 80px !important;padding-bottom: 80px !important;background-image: url(https:\/\/neuroquantum.com\/wp-content\/uploads\/2022\/12\/sobrebg.jpg?id=7245) !important;background-position: center !important;background-repeat: no-repeat !important;background-size: cover !important;}\u00bb wd_z_index=\u00bbno\u00bb woodmart_css_id=\u00bb639753baf36a3&#8243; responsive_spacing=\u00bbeyJwYXJhbV90eXBlIjoid29vZG1hcnRfcmVzcG9uc2l2ZV9zcGFjaW5nIiwic2VsZWN0b3JfaWQiOiI2Mzk3NTNiYWYzNmEzIiwic2hvcnRjb2RlIjoidmNfc2VjdGlvbiIsImRhdGEiOnsidGFibGV0Ijp7Im1hcmdpbi1ib3R0b20iOiI4MHB4In0sIm1vYmlsZSI6eyJtYXJnaW4tYm90dG9tIjoiNjBweCIsInBhZGRpbmctdG9wIjoiNjBweCIsInBhZGRpbmctYm90dG9tIjoiNjBweCJ9fX0=\u00bb<\/p>\n","protected":false},"author":2,"featured_media":0,"parent":0,"menu_order":0,"comment_status":"closed","ping_status":"closed","template":"","meta":{"footnotes":""},"class_list":["post-7725","page","type-page","status-publish","hentry"],"yoast_head":"<!-- This site is optimized with the Yoast SEO plugin v20.11 - https:\/\/yoast.com\/wordpress\/plugins\/seo\/ -->\n<title>Qu\u00e9 Hacemos? - neuroquantum<\/title>\n<meta name=\"robots\" content=\"index, follow, max-snippet:-1, max-image-preview:large, max-video-preview:-1\" \/>\n<link rel=\"canonical\" href=\"https:\/\/neuroquantum.com\/es\/que-hacemos\/\" \/>\n<meta property=\"og:locale\" content=\"es_ES\" \/>\n<meta property=\"og:type\" content=\"article\" \/>\n<meta property=\"og:title\" content=\"Qu\u00e9 Hacemos? - neuroquantum\" \/>\n<meta property=\"og:description\" content=\"[vc_section full_width=\u00bbstretch_row\u00bb css=\u00bb.vc_custom_1670861849434{margin-bottom: 100px !important;padding-top: 80px !important;padding-bottom: 80px !important;background-image: url(https:\/\/neuroquantum.com\/wp-content\/uploads\/2022\/12\/sobrebg.jpg?id=7245) !important;background-position: center !important;background-repeat: no-repeat !important;background-size: cover !important;}\u00bb wd_z_index=\u00bbno\u00bb woodmart_css_id=\u00bb639753baf36a3&#8243; responsive_spacing=\u00bbeyJwYXJhbV90eXBlIjoid29vZG1hcnRfcmVzcG9uc2l2ZV9zcGFjaW5nIiwic2VsZWN0b3JfaWQiOiI2Mzk3NTNiYWYzNmEzIiwic2hvcnRjb2RlIjoidmNfc2VjdGlvbiIsImRhdGEiOnsidGFibGV0Ijp7Im1hcmdpbi1ib3R0b20iOiI4MHB4In0sIm1vYmlsZSI6eyJtYXJnaW4tYm90dG9tIjoiNjBweCIsInBhZGRpbmctdG9wIjoiNjBweCIsInBhZGRpbmctYm90dG9tIjoiNjBweCJ9fX0=\u00bb\" \/>\n<meta property=\"og:url\" content=\"https:\/\/neuroquantum.com\/es\/que-hacemos\/\" \/>\n<meta property=\"og:site_name\" content=\"neuroquantum\" \/>\n<meta property=\"article:modified_time\" content=\"2023-08-02T14:55:50+00:00\" \/>\n<meta name=\"twitter:card\" content=\"summary_large_image\" \/>\n<meta name=\"twitter:label1\" content=\"Tiempo de lectura\" \/>\n\t<meta name=\"twitter:data1\" content=\"2 minutos\" \/>\n<script type=\"application\/ld+json\" class=\"yoast-schema-graph\">{\"@context\":\"https:\/\/schema.org\",\"@graph\":[{\"@type\":\"WebPage\",\"@id\":\"https:\/\/neuroquantum.com\/es\/que-hacemos\/\",\"url\":\"https:\/\/neuroquantum.com\/es\/que-hacemos\/\",\"name\":\"Qu\u00e9 Hacemos? - neuroquantum\",\"isPartOf\":{\"@id\":\"https:\/\/neuroquantum.com\/#website\"},\"datePublished\":\"2021-08-24T12:40:55+00:00\",\"dateModified\":\"2023-08-02T14:55:50+00:00\",\"breadcrumb\":{\"@id\":\"https:\/\/neuroquantum.com\/es\/que-hacemos\/#breadcrumb\"},\"inLanguage\":\"es\",\"potentialAction\":[{\"@type\":\"ReadAction\",\"target\":[\"https:\/\/neuroquantum.com\/es\/que-hacemos\/\"]}]},{\"@type\":\"BreadcrumbList\",\"@id\":\"https:\/\/neuroquantum.com\/es\/que-hacemos\/#breadcrumb\",\"itemListElement\":[{\"@type\":\"ListItem\",\"position\":1,\"name\":\"In\u00edcio\",\"item\":\"https:\/\/neuroquantum.com\/es\/\"},{\"@type\":\"ListItem\",\"position\":2,\"name\":\"Qu\u00e9 Hacemos?\"}]},{\"@type\":\"WebSite\",\"@id\":\"https:\/\/neuroquantum.com\/#website\",\"url\":\"https:\/\/neuroquantum.com\/\",\"name\":\"neuroquantum\",\"description\":\"Medicinas Tradicionais e Tecnologias Qu\u00e2nticas de Biofeedback e Bioreson\u00e2ncia.\",\"publisher\":{\"@id\":\"https:\/\/neuroquantum.com\/#organization\"},\"potentialAction\":[{\"@type\":\"SearchAction\",\"target\":{\"@type\":\"EntryPoint\",\"urlTemplate\":\"https:\/\/neuroquantum.com\/?s={search_term_string}\"},\"query-input\":\"required name=search_term_string\"}],\"inLanguage\":\"es\"},{\"@type\":\"Organization\",\"@id\":\"https:\/\/neuroquantum.com\/#organization\",\"name\":\"neuroquantum\",\"url\":\"https:\/\/neuroquantum.com\/\",\"logo\":{\"@type\":\"ImageObject\",\"inLanguage\":\"es\",\"@id\":\"https:\/\/neuroquantum.com\/#\/schema\/logo\/image\/\",\"url\":\"https:\/\/neuroquantum.com\/wp-content\/uploads\/2023\/03\/neuro-novo-logo.png\",\"contentUrl\":\"https:\/\/neuroquantum.com\/wp-content\/uploads\/2023\/03\/neuro-novo-logo.png\",\"width\":708,\"height\":215,\"caption\":\"neuroquantum\"},\"image\":{\"@id\":\"https:\/\/neuroquantum.com\/#\/schema\/logo\/image\/\"}}]}<\/script>\n<!-- \/ Yoast SEO plugin. -->","yoast_head_json":{"title":"Qu\u00e9 Hacemos? - neuroquantum","robots":{"index":"index","follow":"follow","max-snippet":"max-snippet:-1","max-image-preview":"max-image-preview:large","max-video-preview":"max-video-preview:-1"},"canonical":"https:\/\/neuroquantum.com\/es\/que-hacemos\/","og_locale":"es_ES","og_type":"article","og_title":"Qu\u00e9 Hacemos? - neuroquantum","og_description":"[vc_section full_width=\u00bbstretch_row\u00bb css=\u00bb.vc_custom_1670861849434{margin-bottom: 100px !important;padding-top: 80px !important;padding-bottom: 80px !important;background-image: url(https:\/\/neuroquantum.com\/wp-content\/uploads\/2022\/12\/sobrebg.jpg?id=7245) !important;background-position: center !important;background-repeat: no-repeat !important;background-size: cover !important;}\u00bb wd_z_index=\u00bbno\u00bb woodmart_css_id=\u00bb639753baf36a3&#8243; responsive_spacing=\u00bbeyJwYXJhbV90eXBlIjoid29vZG1hcnRfcmVzcG9uc2l2ZV9zcGFjaW5nIiwic2VsZWN0b3JfaWQiOiI2Mzk3NTNiYWYzNmEzIiwic2hvcnRjb2RlIjoidmNfc2VjdGlvbiIsImRhdGEiOnsidGFibGV0Ijp7Im1hcmdpbi1ib3R0b20iOiI4MHB4In0sIm1vYmlsZSI6eyJtYXJnaW4tYm90dG9tIjoiNjBweCIsInBhZGRpbmctdG9wIjoiNjBweCIsInBhZGRpbmctYm90dG9tIjoiNjBweCJ9fX0=\u00bb","og_url":"https:\/\/neuroquantum.com\/es\/que-hacemos\/","og_site_name":"neuroquantum","article_modified_time":"2023-08-02T14:55:50+00:00","twitter_card":"summary_large_image","twitter_misc":{"Tiempo de lectura":"2 minutos"},"schema":{"@context":"https:\/\/schema.org","@graph":[{"@type":"WebPage","@id":"https:\/\/neuroquantum.com\/es\/que-hacemos\/","url":"https:\/\/neuroquantum.com\/es\/que-hacemos\/","name":"Qu\u00e9 Hacemos? - neuroquantum","isPartOf":{"@id":"https:\/\/neuroquantum.com\/#website"},"datePublished":"2021-08-24T12:40:55+00:00","dateModified":"2023-08-02T14:55:50+00:00","breadcrumb":{"@id":"https:\/\/neuroquantum.com\/es\/que-hacemos\/#breadcrumb"},"inLanguage":"es","potentialAction":[{"@type":"ReadAction","target":["https:\/\/neuroquantum.com\/es\/que-hacemos\/"]}]},{"@type":"BreadcrumbList","@id":"https:\/\/neuroquantum.com\/es\/que-hacemos\/#breadcrumb","itemListElement":[{"@type":"ListItem","position":1,"name":"In\u00edcio","item":"https:\/\/neuroquantum.com\/es\/"},{"@type":"ListItem","position":2,"name":"Qu\u00e9 Hacemos?"}]},{"@type":"WebSite","@id":"https:\/\/neuroquantum.com\/#website","url":"https:\/\/neuroquantum.com\/","name":"neuroquantum","description":"Medicinas Tradicionais e Tecnologias Qu\u00e2nticas de Biofeedback e Bioreson\u00e2ncia.","publisher":{"@id":"https:\/\/neuroquantum.com\/#organization"},"potentialAction":[{"@type":"SearchAction","target":{"@type":"EntryPoint","urlTemplate":"https:\/\/neuroquantum.com\/?s={search_term_string}"},"query-input":"required name=search_term_string"}],"inLanguage":"es"},{"@type":"Organization","@id":"https:\/\/neuroquantum.com\/#organization","name":"neuroquantum","url":"https:\/\/neuroquantum.com\/","logo":{"@type":"ImageObject","inLanguage":"es","@id":"https:\/\/neuroquantum.com\/#\/schema\/logo\/image\/","url":"https:\/\/neuroquantum.com\/wp-content\/uploads\/2023\/03\/neuro-novo-logo.png","contentUrl":"https:\/\/neuroquantum.com\/wp-content\/uploads\/2023\/03\/neuro-novo-logo.png","width":708,"height":215,"caption":"neuroquantum"},"image":{"@id":"https:\/\/neuroquantum.com\/#\/schema\/logo\/image\/"}}]}},"_links":{"self":[{"href":"https:\/\/neuroquantum.com\/es\/wp-json\/wp\/v2\/pages\/7725","targetHints":{"allow":["GET"]}}],"collection":[{"href":"https:\/\/neuroquantum.com\/es\/wp-json\/wp\/v2\/pages"}],"about":[{"href":"https:\/\/neuroquantum.com\/es\/wp-json\/wp\/v2\/types\/page"}],"author":[{"embeddable":true,"href":"https:\/\/neuroquantum.com\/es\/wp-json\/wp\/v2\/users\/2"}],"replies":[{"embeddable":true,"href":"https:\/\/neuroquantum.com\/es\/wp-json\/wp\/v2\/comments?post=7725"}],"version-history":[{"count":3,"href":"https:\/\/neuroquantum.com\/es\/wp-json\/wp\/v2\/pages\/7725\/revisions"}],"predecessor-version":[{"id":7841,"href":"https:\/\/neuroquantum.com\/es\/wp-json\/wp\/v2\/pages\/7725\/revisions\/7841"}],"wp:attachment":[{"href":"https:\/\/neuroquantum.com\/es\/wp-json\/wp\/v2\/media?parent=7725"}],"curies":[{"name":"wp","href":"https:\/\/api.w.org\/{rel}","templated":true}]}}