{"id":7740,"date":"2023-05-18T11:09:32","date_gmt":"2023-05-18T11:09:32","guid":{"rendered":"https:\/\/neuroquantum.com\/quem-somos\/"},"modified":"2023-08-09T09:02:27","modified_gmt":"2023-08-09T09:02:27","slug":"quienes-somos","status":"publish","type":"page","link":"https:\/\/neuroquantum.com\/es\/quienes-somos\/","title":{"rendered":"Quienes somos"},"content":{"rendered":"<section class=\"wpb-content-wrapper\"><p>[vc_row full_width=\u00bbstretch_row_content\u00bb woodmart_css_id=\u00bb64d355b6f3981&#8243; responsive_spacing=\u00bbeyJwYXJhbV90eXBlIjoid29vZG1hcnRfcmVzcG9uc2l2ZV9zcGFjaW5nIiwic2VsZWN0b3JfaWQiOiI2NGQzNTViNmYzOTgxIiwic2hvcnRjb2RlIjoidmNfcm93IiwiZGF0YSI6eyJ0YWJsZXQiOnt9LCJtb2JpbGUiOnt9fX0=\u00bb mobile_bg_img_hidden=\u00bbno\u00bb tablet_bg_img_hidden=\u00bbno\u00bb woodmart_parallax=\u00bb0&#8243; woodmart_gradient_switch=\u00bbno\u00bb woodmart_box_shadow=\u00bbno\u00bb wd_z_index=\u00bbno\u00bb woodmart_disable_overflow=\u00bb0&#8243; row_reverse_mobile=\u00bb0&#8243; row_reverse_tablet=\u00bb0&#8243; el_class=\u00bbvc_hidden-sm vc_hidden-xs\u00bb][vc_column width=\u00bb3\/5&#8243; css=\u00bb.vc_custom_1691571553357{padding-right: 50px !important;padding-left: 100px !important;}\u00bb woodmart_css_id=\u00bb64d355592cc24&#8243; parallax_scroll=\u00bbno\u00bb woodmart_sticky_column=\u00bbfalse\u00bb wd_collapsible_content_switcher=\u00bbno\u00bb wd_column_role_offcanvas_desktop=\u00bbno\u00bb wd_column_role_offcanvas_tablet=\u00bbno\u00bb wd_column_role_offcanvas_mobile=\u00bbno\u00bb wd_column_role_content_desktop=\u00bbno\u00bb wd_column_role_content_tablet=\u00bbno\u00bb wd_column_role_content_mobile=\u00bbno\u00bb mobile_bg_img_hidden=\u00bbno\u00bb tablet_bg_img_hidden=\u00bbno\u00bb woodmart_parallax=\u00bb0&#8243; woodmart_box_shadow=\u00bbno\u00bb responsive_spacing=\u00bbeyJwYXJhbV90eXBlIjoid29vZG1hcnRfcmVzcG9uc2l2ZV9zcGFjaW5nIiwic2VsZWN0b3JfaWQiOiI2NGQzNTU1OTJjYzI0Iiwic2hvcnRjb2RlIjoidmNfY29sdW1uIiwiZGF0YSI6eyJ0YWJsZXQiOnt9LCJtb2JpbGUiOnt9fX0=\u00bb mobile_reset_margin=\u00bbno\u00bb tablet_reset_margin=\u00bbno\u00bb wd_z_index=\u00bbno\u00bb][vc_row_inner][vc_column_inner][vc_video link=\u00bbhttps:\/\/www.youtube.com\/watch?v=XBafP4P3Kr4&amp;ab_channel=InstitutoNeuroQuantum\u00bb image_poster_switch=\u00bbno\u00bb][\/vc_column_inner][\/vc_row_inner][\/vc_column][vc_column width=\u00bb2\/5&#8243; woodmart_css_id=\u00bb64d355688f7ce\u00bb parallax_scroll=\u00bbno\u00bb woodmart_sticky_column=\u00bbfalse\u00bb wd_collapsible_content_switcher=\u00bbno\u00bb wd_column_role_offcanvas_desktop=\u00bbno\u00bb wd_column_role_offcanvas_tablet=\u00bbno\u00bb wd_column_role_offcanvas_mobile=\u00bbno\u00bb wd_column_role_content_desktop=\u00bbno\u00bb wd_column_role_content_tablet=\u00bbno\u00bb wd_column_role_content_mobile=\u00bbno\u00bb mobile_bg_img_hidden=\u00bbno\u00bb tablet_bg_img_hidden=\u00bbno\u00bb woodmart_parallax=\u00bb0&#8243; woodmart_box_shadow=\u00bbno\u00bb responsive_spacing=\u00bbeyJwYXJhbV90eXBlIjoid29vZG1hcnRfcmVzcG9uc2l2ZV9zcGFjaW5nIiwic2VsZWN0b3JfaWQiOiI2NGQzNTU2ODhmN2NlIiwic2hvcnRjb2RlIjoidmNfY29sdW1uIiwiZGF0YSI6eyJ0YWJsZXQiOnt9LCJtb2JpbGUiOnt9fX0=\u00bb mobile_reset_margin=\u00bbno\u00bb tablet_reset_margin=\u00bbno\u00bb wd_z_index=\u00bbno\u00bb css=\u00bb.vc_custom_1691571567039{padding-right: 100px !important;padding-left: 50px !important;}\u00bb]\t\t<div id=\"wd-64c002dac421f\" class=\"wd-text-block wd-wpb reset-last-child wd-rs-64c002dac421f text-left wd-fontsize-custom vc_custom_1690305247822\">\n\t\t\t<p>Neuro Quantum es una empresa que lidera una Plataforma de Cooperaci\u00f3n Internacional, cuyos socios aut\u00f3nomos se articulan estrat\u00e9gicamente para crear las sinergias necesarias para la m\u00e1xima eficiencia en la excelencia, a trav\u00e9s del apoyo a la investigaci\u00f3n, desarrollo, promoci\u00f3n, comercializaci\u00f3n, capacitaci\u00f3n y apoyo a sus operaciones.<\/p>\n\t\t<\/div>\n\t\t[vc_column_text woodmart_inline=\u00bbno\u00bb text_larger=\u00bbno\u00bb]<\/p>\n<h4 style=\"text-align: center;\">Ponemos nuestra profesionalidad y experiencia a su servicio para intentar satisfacer todas sus necesidades.<\/h4>\n<p>[\/vc_column_text]\n\t\t<div id=\"wd-64d256ddb080b\" class=\"title-wrapper wd-wpb set-mb-s reset-last-child  wd-rs-64d256ddb080b wd-title-color-default wd-title-style-default text-center  wd-underline-colored\">\n\t\t\t\n\t\t\t<div class=\"liner-continer\">\n\t\t\t\t<h4 class=\"woodmart-title-container title  wd-font-weight- wd-fontsize-xl\" >Como traduzir meus videos no seu idioma<\/h4>\n\t\t\t\t\t\t\t<\/div>\n\t\t\t\n\t\t\t\n\t\t\t\n\t\t<\/div>\n\t\t\n\t\t[vc_video link=\u00bbhttps:\/\/www.youtube.com\/watch?v=9jz6c-nGojY&amp;ab_channel=InstitutoNeuroQuantum\u00bb align=\u00bbcenter\u00bb image_poster_switch=\u00bbno\u00bb][vc_separator color=\u00bbcustom\u00bb accent_color=\u00bbrgba(10,10,10,0.12)\u00bb css=\u00bb.vc_custom_1499600318751{margin-bottom: 30px !important;padding-top: 10px !important;}\u00bb][\/vc_column][\/vc_row][vc_row full_width=\u00bbstretch_row_content\u00bb woodmart_css_id=\u00bb64d355ffeda58&#8243; responsive_spacing=\u00bbeyJwYXJhbV90eXBlIjoid29vZG1hcnRfcmVzcG9uc2l2ZV9zcGFjaW5nIiwic2VsZWN0b3JfaWQiOiI2NGQzNTVmZmVkYTU4Iiwic2hvcnRjb2RlIjoidmNfcm93IiwiZGF0YSI6eyJ0YWJsZXQiOnt9LCJtb2JpbGUiOnt9fX0=\u00bb mobile_bg_img_hidden=\u00bbno\u00bb tablet_bg_img_hidden=\u00bbno\u00bb woodmart_parallax=\u00bb0&#8243; woodmart_gradient_switch=\u00bbno\u00bb woodmart_box_shadow=\u00bbno\u00bb wd_z_index=\u00bbno\u00bb woodmart_disable_overflow=\u00bb0&#8243; row_reverse_mobile=\u00bb0&#8243; row_reverse_tablet=\u00bb0&#8243; el_class=\u00bbvc_hidden-lg vc_hidden-md\u00bb][vc_column width=\u00bb3\/5&#8243; woodmart_css_id=\u00bb64d3560c6a603&#8243; parallax_scroll=\u00bbno\u00bb woodmart_sticky_column=\u00bbfalse\u00bb wd_collapsible_content_switcher=\u00bbno\u00bb wd_column_role_offcanvas_desktop=\u00bbno\u00bb wd_column_role_offcanvas_tablet=\u00bbno\u00bb wd_column_role_offcanvas_mobile=\u00bbno\u00bb wd_column_role_content_desktop=\u00bbno\u00bb wd_column_role_content_tablet=\u00bbno\u00bb wd_column_role_content_mobile=\u00bbno\u00bb mobile_bg_img_hidden=\u00bbno\u00bb tablet_bg_img_hidden=\u00bbno\u00bb woodmart_parallax=\u00bb0&#8243; woodmart_box_shadow=\u00bbno\u00bb responsive_spacing=\u00bbeyJwYXJhbV90eXBlIjoid29vZG1hcnRfcmVzcG9uc2l2ZV9zcGFjaW5nIiwic2VsZWN0b3JfaWQiOiI2NGQzNTYwYzZhNjAzIiwic2hvcnRjb2RlIjoidmNfY29sdW1uIiwiZGF0YSI6eyJ0YWJsZXQiOnt9LCJtb2JpbGUiOnt9fX0=\u00bb mobile_reset_margin=\u00bbno\u00bb tablet_reset_margin=\u00bbno\u00bb wd_z_index=\u00bbno\u00bb][vc_row_inner][vc_column_inner][vc_video link=\u00bbhttps:\/\/www.youtube.com\/watch?v=XBafP4P3Kr4&amp;ab_channel=InstitutoNeuroQuantum\u00bb image_poster_switch=\u00bbno\u00bb][\/vc_column_inner][\/vc_row_inner][\/vc_column][vc_column width=\u00bb2\/5&#8243; woodmart_css_id=\u00bb64d356154e8c5&#8243; parallax_scroll=\u00bbno\u00bb woodmart_sticky_column=\u00bbfalse\u00bb wd_collapsible_content_switcher=\u00bbno\u00bb wd_column_role_offcanvas_desktop=\u00bbno\u00bb wd_column_role_offcanvas_tablet=\u00bbno\u00bb wd_column_role_offcanvas_mobile=\u00bbno\u00bb wd_column_role_content_desktop=\u00bbno\u00bb wd_column_role_content_tablet=\u00bbno\u00bb wd_column_role_content_mobile=\u00bbno\u00bb mobile_bg_img_hidden=\u00bbno\u00bb tablet_bg_img_hidden=\u00bbno\u00bb woodmart_parallax=\u00bb0&#8243; woodmart_box_shadow=\u00bbno\u00bb responsive_spacing=\u00bbeyJwYXJhbV90eXBlIjoid29vZG1hcnRfcmVzcG9uc2l2ZV9zcGFjaW5nIiwic2VsZWN0b3JfaWQiOiI2NGQzNTYxNTRlOGM1Iiwic2hvcnRjb2RlIjoidmNfY29sdW1uIiwiZGF0YSI6eyJ0YWJsZXQiOnt9LCJtb2JpbGUiOnt9fX0=\u00bb mobile_reset_margin=\u00bbno\u00bb tablet_reset_margin=\u00bbno\u00bb wd_z_index=\u00bbno\u00bb]\t\t<div id=\"wd-64c002dac421f\" class=\"wd-text-block wd-wpb reset-last-child wd-rs-64c002dac421f text-left wd-fontsize-custom vc_custom_1690305247822\">\n\t\t\t<p>Neuro Quantum es una empresa que lidera una Plataforma de Cooperaci\u00f3n Internacional, cuyos socios aut\u00f3nomos se articulan estrat\u00e9gicamente para crear las sinergias necesarias para la m\u00e1xima eficiencia en la excelencia, a trav\u00e9s del apoyo a la investigaci\u00f3n, desarrollo, promoci\u00f3n, comercializaci\u00f3n, capacitaci\u00f3n y apoyo a sus operaciones.<\/p>\n\t\t<\/div>\n\t\t[vc_column_text woodmart_inline=\u00bbno\u00bb text_larger=\u00bbno\u00bb]<\/p>\n<h4 style=\"text-align: center;\">Ponemos nuestra profesionalidad y experiencia a su servicio para intentar satisfacer todas sus necesidades.<\/h4>\n<p>[\/vc_column_text]\n\t\t<div id=\"wd-64d256ddb080b\" class=\"title-wrapper wd-wpb set-mb-s reset-last-child  wd-rs-64d256ddb080b wd-title-color-default wd-title-style-default text-center  wd-underline-colored\">\n\t\t\t\n\t\t\t<div class=\"liner-continer\">\n\t\t\t\t<h4 class=\"woodmart-title-container title  wd-font-weight- wd-fontsize-xl\" >Como traduzir meus videos no seu idioma<\/h4>\n\t\t\t\t\t\t\t<\/div>\n\t\t\t\n\t\t\t\n\t\t\t\n\t\t<\/div>\n\t\t\n\t\t[vc_video link=\u00bbhttps:\/\/www.youtube.com\/watch?v=9jz6c-nGojY&amp;ab_channel=InstitutoNeuroQuantum\u00bb align=\u00bbcenter\u00bb image_poster_switch=\u00bbno\u00bb][vc_separator color=\u00bbcustom\u00bb accent_color=\u00bbrgba(10,10,10,0.12)\u00bb css=\u00bb.vc_custom_1499600318751{margin-bottom: 30px !important;padding-top: 10px !important;}\u00bb][\/vc_column][\/vc_row][vc_row][vc_column width=\u00bb1\/2&#8243;][vc_row_inner][vc_column_inner][vc_column_text woodmart_inline=\u00bbno\u00bb text_larger=\u00bbno\u00bb]La Red Internacional de Profesionales de esta Plataforma, est\u00e1 presente en 3 continentes:<\/p>\n<p><strong>Europa<\/strong>:<br \/>\nPortugal: (+351) 91 22 88 669<br \/>\nEspa\u00f1a: (+34) 617 917 160<\/p>\n<p><strong>America Latina<\/strong>:<br \/>\nBrasil: (+55) 21. 99839 -1988<br \/>\nM\u00e9xico: (+52) 1 818 366 1520<\/p>\n<p><strong>Asia<\/strong>:<br \/>\nMacao (+853) 6241.8688<br \/>\nChina (+86) 13260206241<\/p>\n<p><strong>Skype <\/strong> \u00abneuroquantum\u00bb<br \/>\n<strong>FB<\/strong>: <a href=\"https:\/\/www.facebook.com\/Institutoneuroquantum\" target=\"_blank\" rel=\"noopener\">https:\/\/www.facebook.com\/Institutoneuroquantum<\/a><br \/>\n<strong>Instagram<\/strong>: <a href=\"https:\/\/www.instagram.com\/scio_internacional_oficial\/?igshid=MTIzZWQxMDU%3D\" target=\"_blank\" rel=\"noopener\">https:\/\/www.instagram.com\/scio_internacional_oficial\/?igshid=MTIzZWQxMDU%3D<\/a>[\/vc_column_text][\/vc_column_inner][\/vc_row_inner][\/vc_column][vc_column width=\u00bb1\/2&#8243;][vc_single_image image=\u00bb7455&#8243; img_size=\u00bb522&#215;512&#8243; parallax_scroll=\u00bbno\u00bb woodmart_inline=\u00bbno\u00bb][\/vc_column][\/vc_row][vc_row full_width=\u00bbstretch_row\u00bb css=\u00bb.vc_custom_1684410642698{margin-bottom: 0px !important;border-bottom-width: 0px !important;padding-top: 30px !important;padding-bottom: 30px !important;background-color: #f2f2f2 !important;}\u00bb woodmart_css_id=\u00bb6466110cf0383&#8243; responsive_spacing=\u00bbeyJwYXJhbV90eXBlIjoid29vZG1hcnRfcmVzcG9uc2l2ZV9zcGFjaW5nIiwic2VsZWN0b3JfaWQiOiI2NDY2MTEwY2YwMzgzIiwic2hvcnRjb2RlIjoidmNfcm93IiwiZGF0YSI6eyJ0YWJsZXQiOnt9LCJtb2JpbGUiOnt9fX0=\u00bb mobile_bg_img_hidden=\u00bbno\u00bb tablet_bg_img_hidden=\u00bbno\u00bb woodmart_parallax=\u00bb0&#8243; woodmart_gradient_switch=\u00bbno\u00bb woodmart_box_shadow=\u00bbno\u00bb wd_z_index=\u00bbno\u00bb woodmart_disable_overflow=\u00bb0&#8243; row_reverse_mobile=\u00bb0&#8243; row_reverse_tablet=\u00bb0&#8243;][vc_column]\n\t\t<div id=\"wd-64c0035c37d8c\" class=\"title-wrapper wd-wpb set-mb-s reset-last-child  wd-rs-64c0035c37d8c wd-title-color-default wd-title-style-default text-left  wd-underline-colored\">\n\t\t\t\n\t\t\t<div class=\"liner-continer\">\n\t\t\t\t<h4 class=\"woodmart-title-container title  wd-font-weight- wd-fontsize-xxl\" >Certificaciones<\/h4>\n\t\t\t\t\t\t\t<\/div>\n\t\t\t\n\t\t\t\n\t\t\t\n\t\t<\/div>\n\t\t\n\t\t[vc_row_inner][vc_column_inner]\t\t<div id=\"wd-64c003893c62e\" class=\"wd-text-block wd-wpb reset-last-child wd-rs-64c003893c62e text-left wd-fontsize-custom vc_custom_1690305459372\">\n\t\t\t<p><strong>CERTIIFICA\u00c7\u00d5ES RELEVANTES DO COORDENADOR DA FORMA\u00c7\u00c3O<\/strong><\/p>\n<ul>\n<li>Eng\u00ba Jos\u00e9 Joaquim Lupi<br \/>\nEngenheiro, Master of Sciences pela Universidade Cat\u00f3lica de Louvain (BE) 1978<\/li>\n<li>Posgraduado em Economia e Direito Europeu pela Universidade Cat\u00f3lica de Lisboa (1983)<\/li>\n<li>Formateur de Formateurs Universit\u00e9 de Dijon (1991)<\/li>\n<li>Auditor de Defesa Nacional (Ministerio da Defesa Nacional Portugal) CDN92<\/li>\n<li>Trainer International Society of NLP (2005)<\/li>\n<li>EMDR Certified EMDRIA (USA 2007)<\/li>\n<li>American Association of Hipnotherapy (2002)<\/li>\n<li>EFT Certified (USA 2007)<\/li>\n<li>Advanced Trainer Center Information Technology Moscow (2005)<\/li>\n<li>Advanced Trainer IMUNE (2005)<\/li>\n<li>Mentor Quantum Alliance (2006)<\/li>\n<li>Professor Coordenator Autor, Faculdade Grande Fortaleza (2006)<\/li>\n<li>Advanced Trainer, CIT center information technology &#8211; Moscow Russia (2007)<\/li>\n<li>PENCAT, programa especial em Neuro Ciencias, na Universidade da Intelig\u00eancia em Sao Paulo BR (2011)<\/li>\n<li>Criador do modelo \u00abNeuro Quantum Coach\u00bb, com forma\u00e7\u00f5es e certifica\u00e7\u00f5es internacionasi multilingua baseados no livro Neuro Coach e O Jogo da Vida<\/li>\n<\/ul>\n\t\t<\/div>\n\t\t[\/vc_column_inner][\/vc_row_inner][\/vc_column][\/vc_row]<\/p>\n<\/section>","protected":false},"excerpt":{"rendered":"<p>[vc_row full_width=\u00bbstretch_row_content\u00bb woodmart_css_id=\u00bb64d355b6f3981&#8243; responsive_spacing=\u00bbeyJwYXJhbV90eXBlIjoid29vZG1hcnRfcmVzcG9uc2l2ZV9zcGFjaW5nIiwic2VsZWN0b3JfaWQiOiI2NGQzNTViNmYzOTgxIiwic2hvcnRjb2RlIjoidmNfcm93IiwiZGF0YSI6eyJ0YWJsZXQiOnt9LCJtb2JpbGUiOnt9fX0=\u00bb mobile_bg_img_hidden=\u00bbno\u00bb tablet_bg_img_hidden=\u00bbno\u00bb woodmart_parallax=\u00bb0&#8243; woodmart_gradient_switch=\u00bbno\u00bb woodmart_box_shadow=\u00bbno\u00bb wd_z_index=\u00bbno\u00bb woodmart_disable_overflow=\u00bb0&#8243; row_reverse_mobile=\u00bb0&#8243; row_reverse_tablet=\u00bb0&#8243; el_class=\u00bbvc_hidden-sm vc_hidden-xs\u00bb][vc_column width=\u00bb3\/5&#8243; css=\u00bb.vc_custom_1691571553357{padding-right: 50px !important;padding-left: 100px<\/p>\n","protected":false},"author":1,"featured_media":0,"parent":0,"menu_order":0,"comment_status":"closed","ping_status":"closed","template":"","meta":{"footnotes":""},"class_list":["post-7740","page","type-page","status-publish","hentry"],"yoast_head":"<!-- This site is optimized with the Yoast SEO plugin v20.11 - https:\/\/yoast.com\/wordpress\/plugins\/seo\/ -->\n<title>Quienes somos - neuroquantum<\/title>\n<meta name=\"robots\" content=\"index, follow, max-snippet:-1, max-image-preview:large, max-video-preview:-1\" \/>\n<link rel=\"canonical\" href=\"https:\/\/neuroquantum.com\/es\/quienes-somos\/\" \/>\n<meta property=\"og:locale\" content=\"es_ES\" \/>\n<meta property=\"og:type\" content=\"article\" \/>\n<meta property=\"og:title\" content=\"Quienes somos - neuroquantum\" \/>\n<meta property=\"og:description\" content=\"[vc_row full_width=\u00bbstretch_row_content\u00bb woodmart_css_id=\u00bb64d355b6f3981&#8243; responsive_spacing=\u00bbeyJwYXJhbV90eXBlIjoid29vZG1hcnRfcmVzcG9uc2l2ZV9zcGFjaW5nIiwic2VsZWN0b3JfaWQiOiI2NGQzNTViNmYzOTgxIiwic2hvcnRjb2RlIjoidmNfcm93IiwiZGF0YSI6eyJ0YWJsZXQiOnt9LCJtb2JpbGUiOnt9fX0=\u00bb mobile_bg_img_hidden=\u00bbno\u00bb tablet_bg_img_hidden=\u00bbno\u00bb woodmart_parallax=\u00bb0&#8243; woodmart_gradient_switch=\u00bbno\u00bb woodmart_box_shadow=\u00bbno\u00bb wd_z_index=\u00bbno\u00bb woodmart_disable_overflow=\u00bb0&#8243; row_reverse_mobile=\u00bb0&#8243; row_reverse_tablet=\u00bb0&#8243; el_class=\u00bbvc_hidden-sm vc_hidden-xs\u00bb][vc_column width=\u00bb3\/5&#8243; css=\u00bb.vc_custom_1691571553357{padding-right: 50px !important;padding-left: 100px\" \/>\n<meta property=\"og:url\" content=\"https:\/\/neuroquantum.com\/es\/quienes-somos\/\" \/>\n<meta property=\"og:site_name\" content=\"neuroquantum\" \/>\n<meta property=\"article:modified_time\" content=\"2023-08-09T09:02:27+00:00\" \/>\n<meta name=\"twitter:card\" content=\"summary_large_image\" \/>\n<meta name=\"twitter:label1\" content=\"Tiempo de lectura\" \/>\n\t<meta name=\"twitter:data1\" content=\"4 minutos\" \/>\n<script type=\"application\/ld+json\" class=\"yoast-schema-graph\">{\"@context\":\"https:\/\/schema.org\",\"@graph\":[{\"@type\":\"WebPage\",\"@id\":\"https:\/\/neuroquantum.com\/es\/quienes-somos\/\",\"url\":\"https:\/\/neuroquantum.com\/es\/quienes-somos\/\",\"name\":\"Quienes somos - neuroquantum\",\"isPartOf\":{\"@id\":\"https:\/\/neuroquantum.com\/#website\"},\"datePublished\":\"2023-05-18T11:09:32+00:00\",\"dateModified\":\"2023-08-09T09:02:27+00:00\",\"breadcrumb\":{\"@id\":\"https:\/\/neuroquantum.com\/es\/quienes-somos\/#breadcrumb\"},\"inLanguage\":\"es\",\"potentialAction\":[{\"@type\":\"ReadAction\",\"target\":[\"https:\/\/neuroquantum.com\/es\/quienes-somos\/\"]}]},{\"@type\":\"BreadcrumbList\",\"@id\":\"https:\/\/neuroquantum.com\/es\/quienes-somos\/#breadcrumb\",\"itemListElement\":[{\"@type\":\"ListItem\",\"position\":1,\"name\":\"In\u00edcio\",\"item\":\"https:\/\/neuroquantum.com\/es\/\"},{\"@type\":\"ListItem\",\"position\":2,\"name\":\"Quienes somos\"}]},{\"@type\":\"WebSite\",\"@id\":\"https:\/\/neuroquantum.com\/#website\",\"url\":\"https:\/\/neuroquantum.com\/\",\"name\":\"neuroquantum\",\"description\":\"Medicinas Tradicionais e Tecnologias Qu\u00e2nticas de Biofeedback e Bioreson\u00e2ncia.\",\"publisher\":{\"@id\":\"https:\/\/neuroquantum.com\/#organization\"},\"potentialAction\":[{\"@type\":\"SearchAction\",\"target\":{\"@type\":\"EntryPoint\",\"urlTemplate\":\"https:\/\/neuroquantum.com\/?s={search_term_string}\"},\"query-input\":\"required name=search_term_string\"}],\"inLanguage\":\"es\"},{\"@type\":\"Organization\",\"@id\":\"https:\/\/neuroquantum.com\/#organization\",\"name\":\"neuroquantum\",\"url\":\"https:\/\/neuroquantum.com\/\",\"logo\":{\"@type\":\"ImageObject\",\"inLanguage\":\"es\",\"@id\":\"https:\/\/neuroquantum.com\/#\/schema\/logo\/image\/\",\"url\":\"https:\/\/neuroquantum.com\/wp-content\/uploads\/2023\/03\/neuro-novo-logo.png\",\"contentUrl\":\"https:\/\/neuroquantum.com\/wp-content\/uploads\/2023\/03\/neuro-novo-logo.png\",\"width\":708,\"height\":215,\"caption\":\"neuroquantum\"},\"image\":{\"@id\":\"https:\/\/neuroquantum.com\/#\/schema\/logo\/image\/\"}}]}<\/script>\n<!-- \/ Yoast SEO plugin. -->","yoast_head_json":{"title":"Quienes somos - neuroquantum","robots":{"index":"index","follow":"follow","max-snippet":"max-snippet:-1","max-image-preview":"max-image-preview:large","max-video-preview":"max-video-preview:-1"},"canonical":"https:\/\/neuroquantum.com\/es\/quienes-somos\/","og_locale":"es_ES","og_type":"article","og_title":"Quienes somos - neuroquantum","og_description":"[vc_row full_width=\u00bbstretch_row_content\u00bb woodmart_css_id=\u00bb64d355b6f3981&#8243; responsive_spacing=\u00bbeyJwYXJhbV90eXBlIjoid29vZG1hcnRfcmVzcG9uc2l2ZV9zcGFjaW5nIiwic2VsZWN0b3JfaWQiOiI2NGQzNTViNmYzOTgxIiwic2hvcnRjb2RlIjoidmNfcm93IiwiZGF0YSI6eyJ0YWJsZXQiOnt9LCJtb2JpbGUiOnt9fX0=\u00bb mobile_bg_img_hidden=\u00bbno\u00bb tablet_bg_img_hidden=\u00bbno\u00bb woodmart_parallax=\u00bb0&#8243; woodmart_gradient_switch=\u00bbno\u00bb woodmart_box_shadow=\u00bbno\u00bb wd_z_index=\u00bbno\u00bb woodmart_disable_overflow=\u00bb0&#8243; row_reverse_mobile=\u00bb0&#8243; row_reverse_tablet=\u00bb0&#8243; el_class=\u00bbvc_hidden-sm vc_hidden-xs\u00bb][vc_column width=\u00bb3\/5&#8243; css=\u00bb.vc_custom_1691571553357{padding-right: 50px !important;padding-left: 100px","og_url":"https:\/\/neuroquantum.com\/es\/quienes-somos\/","og_site_name":"neuroquantum","article_modified_time":"2023-08-09T09:02:27+00:00","twitter_card":"summary_large_image","twitter_misc":{"Tiempo de lectura":"4 minutos"},"schema":{"@context":"https:\/\/schema.org","@graph":[{"@type":"WebPage","@id":"https:\/\/neuroquantum.com\/es\/quienes-somos\/","url":"https:\/\/neuroquantum.com\/es\/quienes-somos\/","name":"Quienes somos - neuroquantum","isPartOf":{"@id":"https:\/\/neuroquantum.com\/#website"},"datePublished":"2023-05-18T11:09:32+00:00","dateModified":"2023-08-09T09:02:27+00:00","breadcrumb":{"@id":"https:\/\/neuroquantum.com\/es\/quienes-somos\/#breadcrumb"},"inLanguage":"es","potentialAction":[{"@type":"ReadAction","target":["https:\/\/neuroquantum.com\/es\/quienes-somos\/"]}]},{"@type":"BreadcrumbList","@id":"https:\/\/neuroquantum.com\/es\/quienes-somos\/#breadcrumb","itemListElement":[{"@type":"ListItem","position":1,"name":"In\u00edcio","item":"https:\/\/neuroquantum.com\/es\/"},{"@type":"ListItem","position":2,"name":"Quienes somos"}]},{"@type":"WebSite","@id":"https:\/\/neuroquantum.com\/#website","url":"https:\/\/neuroquantum.com\/","name":"neuroquantum","description":"Medicinas Tradicionais e Tecnologias Qu\u00e2nticas de Biofeedback e Bioreson\u00e2ncia.","publisher":{"@id":"https:\/\/neuroquantum.com\/#organization"},"potentialAction":[{"@type":"SearchAction","target":{"@type":"EntryPoint","urlTemplate":"https:\/\/neuroquantum.com\/?s={search_term_string}"},"query-input":"required name=search_term_string"}],"inLanguage":"es"},{"@type":"Organization","@id":"https:\/\/neuroquantum.com\/#organization","name":"neuroquantum","url":"https:\/\/neuroquantum.com\/","logo":{"@type":"ImageObject","inLanguage":"es","@id":"https:\/\/neuroquantum.com\/#\/schema\/logo\/image\/","url":"https:\/\/neuroquantum.com\/wp-content\/uploads\/2023\/03\/neuro-novo-logo.png","contentUrl":"https:\/\/neuroquantum.com\/wp-content\/uploads\/2023\/03\/neuro-novo-logo.png","width":708,"height":215,"caption":"neuroquantum"},"image":{"@id":"https:\/\/neuroquantum.com\/#\/schema\/logo\/image\/"}}]}},"_links":{"self":[{"href":"https:\/\/neuroquantum.com\/es\/wp-json\/wp\/v2\/pages\/7740","targetHints":{"allow":["GET"]}}],"collection":[{"href":"https:\/\/neuroquantum.com\/es\/wp-json\/wp\/v2\/pages"}],"about":[{"href":"https:\/\/neuroquantum.com\/es\/wp-json\/wp\/v2\/types\/page"}],"author":[{"embeddable":true,"href":"https:\/\/neuroquantum.com\/es\/wp-json\/wp\/v2\/users\/1"}],"replies":[{"embeddable":true,"href":"https:\/\/neuroquantum.com\/es\/wp-json\/wp\/v2\/comments?post=7740"}],"version-history":[{"count":13,"href":"https:\/\/neuroquantum.com\/es\/wp-json\/wp\/v2\/pages\/7740\/revisions"}],"predecessor-version":[{"id":7966,"href":"https:\/\/neuroquantum.com\/es\/wp-json\/wp\/v2\/pages\/7740\/revisions\/7966"}],"wp:attachment":[{"href":"https:\/\/neuroquantum.com\/es\/wp-json\/wp\/v2\/media?parent=7740"}],"curies":[{"name":"wp","href":"https:\/\/api.w.org\/{rel}","templated":true}]}}