{"id":7742,"date":"2023-06-27T12:14:51","date_gmt":"2023-06-27T12:14:51","guid":{"rendered":"https:\/\/neuroquantum.com\/certificacoes\/"},"modified":"2023-07-25T17:20:48","modified_gmt":"2023-07-25T17:20:48","slug":"certificaciones","status":"publish","type":"page","link":"https:\/\/neuroquantum.com\/es\/certificaciones\/","title":{"rendered":"Certificaciones"},"content":{"rendered":"\r\n<h5>PRINCIPALES VALORES Y CERTIFICACIONES RELEVANTES DISPONIBLES EN RECURSOS HUMANOS<\/h5>\r\n<ul>\r\n<li>COFENAT Confederaci\u00f3n Espa\u00f1ola de Naturopat\u00eda<\/li>\r\n<li>FENATE Federaci\u00f3n Brasile\u00f1a de Terapeutas<\/li>\r\n<li>Autor Coordinador Profesor, Colegio Grande Fortaleza<\/li>\r\n<li>OE, Orden de Ingenieros portugueses<\/li>\r\n<li>EMDRIA (Asociaci\u00f3n Internacional EMDR)<\/li>\r\n<li>Asociaci\u00f3n Americana de Hipnoterapia<\/li>\r\n<li>Entrenador Avanzado Sociedad Internacional de PNL<\/li>\r\n<li>Instructor avanzado, CIT Center Information Technology \u2013 Mosc\u00faRusia<\/li>\r\n<li>PENCAT, programa especial en Neurociencias, en la Universidad de la Inteligencia de S\u00e3o Paulo BR<\/li>\r\n<li>Centro de Instructores Avanzados Tecnolog\u00eda de la Informaci\u00f3n Mosc\u00fa<\/li>\r\n<li>Instructor Avanzado IMUNE (Universidad M\u00e9dica Internacional de Estudios Naturales)<\/li>\r\n<li>Mentor Alianza Cu\u00e1ntica<\/li>\r\n<li>Certificado EMDR<\/li>\r\n<li>Certificado EFT<\/li>\r\n<li>Certificado NHR<\/li>\r\n<li>Creadores del modelo \u201cNeuro Quantum Coach\u201d, con formaci\u00f3n internacional multiling\u00fce y certificaciones basadas en el libro Neuro Coach y OJogo da Vida.<\/li>\r\n<\/ul>\r\n","protected":false},"excerpt":{"rendered":"<p>PRINCIPALES VALORES Y CERTIFICACIONES RELEVANTES DISPONIBLES EN RECURSOS HUMANOS COFENAT Confederaci\u00f3n Espa\u00f1ola de Naturopat\u00eda FENATE Federaci\u00f3n Brasile\u00f1a de Terapeutas Autor<\/p>\n","protected":false},"author":1,"featured_media":0,"parent":0,"menu_order":0,"comment_status":"closed","ping_status":"open","template":"","meta":{"footnotes":""},"class_list":["post-7742","page","type-page","status-publish","hentry"],"yoast_head":"<!-- This site is optimized with the Yoast SEO plugin v20.11 - https:\/\/yoast.com\/wordpress\/plugins\/seo\/ -->\n<title>Certificaciones - neuroquantum<\/title>\n<meta name=\"robots\" content=\"index, follow, max-snippet:-1, max-image-preview:large, max-video-preview:-1\" \/>\n<link rel=\"canonical\" href=\"https:\/\/neuroquantum.com\/es\/certificaciones\/\" \/>\n<meta property=\"og:locale\" content=\"es_ES\" \/>\n<meta property=\"og:type\" content=\"article\" \/>\n<meta property=\"og:title\" content=\"Certificaciones - neuroquantum\" \/>\n<meta property=\"og:description\" content=\"PRINCIPALES VALORES Y CERTIFICACIONES RELEVANTES DISPONIBLES EN RECURSOS HUMANOS COFENAT Confederaci\u00f3n Espa\u00f1ola de Naturopat\u00eda FENATE Federaci\u00f3n Brasile\u00f1a de Terapeutas Autor\" \/>\n<meta property=\"og:url\" content=\"https:\/\/neuroquantum.com\/es\/certificaciones\/\" \/>\n<meta property=\"og:site_name\" content=\"neuroquantum\" \/>\n<meta property=\"article:modified_time\" content=\"2023-07-25T17:20:48+00:00\" \/>\n<meta name=\"twitter:card\" content=\"summary_large_image\" \/>\n<meta name=\"twitter:label1\" content=\"Tiempo de lectura\" \/>\n\t<meta name=\"twitter:data1\" content=\"1 minuto\" \/>\n<script type=\"application\/ld+json\" class=\"yoast-schema-graph\">{\"@context\":\"https:\/\/schema.org\",\"@graph\":[{\"@type\":\"WebPage\",\"@id\":\"https:\/\/neuroquantum.com\/es\/certificaciones\/\",\"url\":\"https:\/\/neuroquantum.com\/es\/certificaciones\/\",\"name\":\"Certificaciones - neuroquantum\",\"isPartOf\":{\"@id\":\"https:\/\/neuroquantum.com\/#website\"},\"datePublished\":\"2023-06-27T12:14:51+00:00\",\"dateModified\":\"2023-07-25T17:20:48+00:00\",\"breadcrumb\":{\"@id\":\"https:\/\/neuroquantum.com\/es\/certificaciones\/#breadcrumb\"},\"inLanguage\":\"es\",\"potentialAction\":[{\"@type\":\"ReadAction\",\"target\":[\"https:\/\/neuroquantum.com\/es\/certificaciones\/\"]}]},{\"@type\":\"BreadcrumbList\",\"@id\":\"https:\/\/neuroquantum.com\/es\/certificaciones\/#breadcrumb\",\"itemListElement\":[{\"@type\":\"ListItem\",\"position\":1,\"name\":\"In\u00edcio\",\"item\":\"https:\/\/neuroquantum.com\/es\/\"},{\"@type\":\"ListItem\",\"position\":2,\"name\":\"Certificaciones\"}]},{\"@type\":\"WebSite\",\"@id\":\"https:\/\/neuroquantum.com\/#website\",\"url\":\"https:\/\/neuroquantum.com\/\",\"name\":\"neuroquantum\",\"description\":\"Medicinas Tradicionais e Tecnologias Qu\u00e2nticas de Biofeedback e Bioreson\u00e2ncia.\",\"publisher\":{\"@id\":\"https:\/\/neuroquantum.com\/#organization\"},\"potentialAction\":[{\"@type\":\"SearchAction\",\"target\":{\"@type\":\"EntryPoint\",\"urlTemplate\":\"https:\/\/neuroquantum.com\/?s={search_term_string}\"},\"query-input\":\"required name=search_term_string\"}],\"inLanguage\":\"es\"},{\"@type\":\"Organization\",\"@id\":\"https:\/\/neuroquantum.com\/#organization\",\"name\":\"neuroquantum\",\"url\":\"https:\/\/neuroquantum.com\/\",\"logo\":{\"@type\":\"ImageObject\",\"inLanguage\":\"es\",\"@id\":\"https:\/\/neuroquantum.com\/#\/schema\/logo\/image\/\",\"url\":\"https:\/\/neuroquantum.com\/wp-content\/uploads\/2023\/03\/neuro-novo-logo.png\",\"contentUrl\":\"https:\/\/neuroquantum.com\/wp-content\/uploads\/2023\/03\/neuro-novo-logo.png\",\"width\":708,\"height\":215,\"caption\":\"neuroquantum\"},\"image\":{\"@id\":\"https:\/\/neuroquantum.com\/#\/schema\/logo\/image\/\"}}]}<\/script>\n<!-- \/ Yoast SEO plugin. -->","yoast_head_json":{"title":"Certificaciones - neuroquantum","robots":{"index":"index","follow":"follow","max-snippet":"max-snippet:-1","max-image-preview":"max-image-preview:large","max-video-preview":"max-video-preview:-1"},"canonical":"https:\/\/neuroquantum.com\/es\/certificaciones\/","og_locale":"es_ES","og_type":"article","og_title":"Certificaciones - neuroquantum","og_description":"PRINCIPALES VALORES Y CERTIFICACIONES RELEVANTES DISPONIBLES EN RECURSOS HUMANOS COFENAT Confederaci\u00f3n Espa\u00f1ola de Naturopat\u00eda FENATE Federaci\u00f3n Brasile\u00f1a de Terapeutas Autor","og_url":"https:\/\/neuroquantum.com\/es\/certificaciones\/","og_site_name":"neuroquantum","article_modified_time":"2023-07-25T17:20:48+00:00","twitter_card":"summary_large_image","twitter_misc":{"Tiempo de lectura":"1 minuto"},"schema":{"@context":"https:\/\/schema.org","@graph":[{"@type":"WebPage","@id":"https:\/\/neuroquantum.com\/es\/certificaciones\/","url":"https:\/\/neuroquantum.com\/es\/certificaciones\/","name":"Certificaciones - neuroquantum","isPartOf":{"@id":"https:\/\/neuroquantum.com\/#website"},"datePublished":"2023-06-27T12:14:51+00:00","dateModified":"2023-07-25T17:20:48+00:00","breadcrumb":{"@id":"https:\/\/neuroquantum.com\/es\/certificaciones\/#breadcrumb"},"inLanguage":"es","potentialAction":[{"@type":"ReadAction","target":["https:\/\/neuroquantum.com\/es\/certificaciones\/"]}]},{"@type":"BreadcrumbList","@id":"https:\/\/neuroquantum.com\/es\/certificaciones\/#breadcrumb","itemListElement":[{"@type":"ListItem","position":1,"name":"In\u00edcio","item":"https:\/\/neuroquantum.com\/es\/"},{"@type":"ListItem","position":2,"name":"Certificaciones"}]},{"@type":"WebSite","@id":"https:\/\/neuroquantum.com\/#website","url":"https:\/\/neuroquantum.com\/","name":"neuroquantum","description":"Medicinas Tradicionais e Tecnologias Qu\u00e2nticas de Biofeedback e Bioreson\u00e2ncia.","publisher":{"@id":"https:\/\/neuroquantum.com\/#organization"},"potentialAction":[{"@type":"SearchAction","target":{"@type":"EntryPoint","urlTemplate":"https:\/\/neuroquantum.com\/?s={search_term_string}"},"query-input":"required name=search_term_string"}],"inLanguage":"es"},{"@type":"Organization","@id":"https:\/\/neuroquantum.com\/#organization","name":"neuroquantum","url":"https:\/\/neuroquantum.com\/","logo":{"@type":"ImageObject","inLanguage":"es","@id":"https:\/\/neuroquantum.com\/#\/schema\/logo\/image\/","url":"https:\/\/neuroquantum.com\/wp-content\/uploads\/2023\/03\/neuro-novo-logo.png","contentUrl":"https:\/\/neuroquantum.com\/wp-content\/uploads\/2023\/03\/neuro-novo-logo.png","width":708,"height":215,"caption":"neuroquantum"},"image":{"@id":"https:\/\/neuroquantum.com\/#\/schema\/logo\/image\/"}}]}},"_links":{"self":[{"href":"https:\/\/neuroquantum.com\/es\/wp-json\/wp\/v2\/pages\/7742","targetHints":{"allow":["GET"]}}],"collection":[{"href":"https:\/\/neuroquantum.com\/es\/wp-json\/wp\/v2\/pages"}],"about":[{"href":"https:\/\/neuroquantum.com\/es\/wp-json\/wp\/v2\/types\/page"}],"author":[{"embeddable":true,"href":"https:\/\/neuroquantum.com\/es\/wp-json\/wp\/v2\/users\/1"}],"replies":[{"embeddable":true,"href":"https:\/\/neuroquantum.com\/es\/wp-json\/wp\/v2\/comments?post=7742"}],"version-history":[{"count":2,"href":"https:\/\/neuroquantum.com\/es\/wp-json\/wp\/v2\/pages\/7742\/revisions"}],"predecessor-version":[{"id":7750,"href":"https:\/\/neuroquantum.com\/es\/wp-json\/wp\/v2\/pages\/7742\/revisions\/7750"}],"wp:attachment":[{"href":"https:\/\/neuroquantum.com\/es\/wp-json\/wp\/v2\/media?parent=7742"}],"curies":[{"name":"wp","href":"https:\/\/api.w.org\/{rel}","templated":true}]}}