{"id":7743,"date":"2021-08-25T07:26:28","date_gmt":"2021-08-25T07:26:28","guid":{"rendered":"https:\/\/neuroquantum.com\/formacao\/"},"modified":"2023-08-08T14:49:11","modified_gmt":"2023-08-08T14:49:11","slug":"formacion","status":"publish","type":"page","link":"https:\/\/neuroquantum.com\/es\/formacion\/","title":{"rendered":"Formaci\u00f3n"},"content":{"rendered":"<section class=\"wpb-content-wrapper\"><p>[vc_row][vc_column]\n\t\t<div id=\"wd-64c004a2b2a55\" class=\"title-wrapper wd-wpb set-mb-s reset-last-child  wd-rs-64c004a2b2a55 wd-title-color-default wd-title-style-default text-center  wd-underline-colored\">\n\t\t\t\t\t\t\t<div class=\"title-subtitle  subtitle-color-default font-default subtitle-style-default wd-font-weight- wd-fontsize-xs\">Resumen de los cursos y su funcionamiento.<\/div>\n\t\t\t\n\t\t\t<div class=\"liner-continer\">\n\t\t\t\t<h4 class=\"woodmart-title-container title  wd-font-weight- wd-fontsize-xxl\" >Cursos, Formaci\u00f3n y EAD (Educaci\u00f3n a Distancia)<\/h4>\n\t\t\t\t\t\t\t<\/div>\n\t\t\t\n\t\t\t\n\t\t\t\n\t\t<\/div>\n\t\t\n\t\t[vc_separator color=\u00bbcustom\u00bb accent_color=\u00bb#05959c\u00bb wd_hide_on_desktop=\u00bbno\u00bb wd_hide_on_tablet=\u00bbno\u00bb wd_hide_on_mobile=\u00bbno\u00bb][vc_column_text woodmart_inline=\u00bbno\u00bb text_larger=\u00bbno\u00bb]<strong>FORMATO EAD de 4 semanas<\/strong> respaldado por tutoriales y preguntas en l\u00ednea a trav\u00e9s del software anydesk para el trabajo cooperativo en su computadora y sistema.<\/p>\n<p>\u00a1Puede registrarse aqu\u00ed! geral.neuroquantum@gmail.com<\/p>\n<p>C\u00f3mo funciona: https:\/\/youtu.be\/Hm5ZtGIBPg8<\/p>\n<p>Contamos con el curso b\u00e1sico en <strong>BIOFEEDBACK INTEGRATIVO SCIO<\/strong><\/p>\n<p>M1- Operaci\u00f3n y Navegaci\u00f3n: curso b\u00e1sico<\/p>\n<p>(Curso b\u00e1sico que se ofrece con la compra de cualquier equipo) El Curso B\u00e1sico M1: SCIO Operaci\u00f3n y Navegaci\u00f3n, da acceso a un certificado ya los cursos avanzados y monogr\u00e1ficos que tenemos actualmente, as\u00ed. Dos cursos m\u00e1s avanzados de aprendizaje a distancia de 4 semanas cada uno.<\/p>\n<p>M2- Grandes \u00c1reas Terap\u00e9uticas y Gesti\u00f3n de Consultas<\/p>\n<p>M3- Protocolos en Scio<\/p>\n<h4>BIORESONANCIA Oberon (EAD)<\/h4>\n<p>Tambi\u00e9n contamos con cursos en BIORESONANCIA Oberon<\/p>\n<p>B1- Operaci\u00f3n y Navegaci\u00f3n<\/p>\n<p>B2- Funciones especiales Informes e indicadores<\/p>\n<p>B3-\u00c1reas Terap\u00e9uticas Espec\u00edficas<\/p>\n<h4>ION PSICOESTR\u00c9S Fisiol\u00f3gico (presencial)<\/h4>\n<p>BP1-Psycho Physiology ION para la evaluaci\u00f3n del estr\u00e9s y cuestiones de Psycho Physiology<\/p>\n<p>Todos los temas y tecnolog\u00edas que utilizo y en los que estoy certificado pueden ser objeto de ofertas formativas espec\u00edficas seg\u00fan las necesidades de los clientes o colectivos.<\/p>\n<p>Cursos tem\u00e1ticos \u201cen vivo\u201d<br \/>\nCursos Tem\u00e1ticos Espec\u00edficos \u00aben vivo\u00bb de 90 minutos incluyendo debate con compa\u00f1eros, que se pueden adquirir individualmente, y otros que organizamos sobre temas solicitados.<\/p>\n<p>Algunos de estos temas son:<br \/>\nProblemas mentales y emocionales<br \/>\nAura Chakras y problemas de energ\u00eda<br \/>\nacupuntura y dolor<\/p>\n<h4>Tutor\u00eda Individual<\/h4>\n<p>Tambi\u00e9n ofrecemos tutor\u00eda individual por hora.<br \/>\nMonograf\u00edas Tem\u00e1ticas<\/p>\n<p>Por \u00faltimo, disponemos de varias <strong>MONOGRAF\u00cdAS TEM\u00c1TICAS:<\/strong><br \/>\nMonograf\u00edas sobre m\u00e1s de 90 temas, en ingl\u00e9s y portugu\u00e9s, con soporte manual y\/o video, sobre temas espec\u00edficos de problemas f\u00edsicos, mentales y neuroemocionales.Finalmente, tambi\u00e9n podemos desarrollar capacitaciones espec\u00edficas a pedido de los Clientes.[\/vc_column_text][vc_column_text woodmart_inline=\u00bbno\u00bb text_larger=\u00bbno\u00bb]<\/p>\n<h3>Curso especial certificado FENATE para Terapeutas Cu\u00e1nticos<\/h3>\n<p>Coordinador de FORMACI\u00d3N SEMI PRESENCIAL<br \/>\nCertificado FENATE, (FEDERACI\u00d3N BRASILE\u00d1A DE TERAPEUTAS)<br \/>\npara la categor\u00eda Profesional de \u201cTERAPEUTA QUANTUM\u201d<\/p>\n<p>El Grupo NEURO QUANTUM existe desde hace m\u00e1s de 20 a\u00f1os, con presencia en 4 continentes y trabajando en 4 idiomas, especializado en tecnolog\u00edas para la educaci\u00f3n y la salud en las \u00e1reas de prevenci\u00f3n, evaluaci\u00f3n y reequilibrio del estr\u00e9s y el burnout ya sea f\u00edsico, mental, emocional o energ\u00e9tico.<\/p>\n<p>A trav\u00e9s de sus miembros en Europa y M\u00e9xico, est\u00e1 registrado en los ministerios de salud de Espa\u00f1a y M\u00e9xico para vender equipos y brindar servicios a m\u00e9dicos y sistemas de salud. En particular, abastece a las Universidades espa\u00f1olas de Barcelona, Zaragoza, Madrid y Segovias, as\u00ed como a hospitales centrales y comarcales como el Hospital San Joan de Dios de la Universitat Aut\u00f2noma de Barcelona, participando en estudios y desarrollo con estas instituciones .<\/p>\n<p>Tambi\u00e9n en Brasil, tuvo proyectos de cooperaci\u00f3n con las Universidades de Cear\u00e1, a saber, la UECE y durante 6 a\u00f1os en la \u00faltima d\u00e9cada desarroll\u00f3, junto con la FGF, un sistema de formaci\u00f3n a distancia semipresencial, materiales de apoyo multimedia y estrategias de ense\u00f1anza en 4 idiomas que tuvo gran \u00e9xito cubriendo 6 pa\u00edses en 4 idiomas y certificando a m\u00e1s de 1500 profesionales en las \u00e1reas de tecnolog\u00edas para la salud y la prevenci\u00f3n.<\/p>\n<p><a href=\"http:\/\/www.institutoneuroquantum.com\">http:\/\/www.institutoneuroquantum.com<\/a>[\/vc_column_text][vc_btn title=\u00bbM\u00e1s Informacion\u00bb style=\u00bbcustom\u00bb custom_background=\u00bb#05959c\u00bb custom_text=\u00bb#ffffff\u00bb link=\u00bburl:https%3A%2F%2Fneuroquantum.com%2Fcurso-especial-certificado-fenate-para-terapeutas-quanticos%2F\u00bb][\/vc_column][\/vc_row][vc_row full_width=\u00bbstretch_row_content\u00bb woodmart_css_id=\u00bb64cbc7cc7c532&#8243; responsive_spacing=\u00bbeyJwYXJhbV90eXBlIjoid29vZG1hcnRfcmVzcG9uc2l2ZV9zcGFjaW5nIiwic2VsZWN0b3JfaWQiOiI2NGNiYzdjYzdjNTMyIiwic2hvcnRjb2RlIjoidmNfcm93IiwiZGF0YSI6eyJ0YWJsZXQiOnt9LCJtb2JpbGUiOnt9fX0=\u00bb mobile_bg_img_hidden=\u00bbno\u00bb tablet_bg_img_hidden=\u00bbno\u00bb woodmart_parallax=\u00bb0&#8243; woodmart_gradient_switch=\u00bbno\u00bb woodmart_box_shadow=\u00bbno\u00bb wd_z_index=\u00bbno\u00bb woodmart_disable_overflow=\u00bb0&#8243; row_reverse_mobile=\u00bb0&#8243; row_reverse_tablet=\u00bb0&#8243;][vc_column width=\u00bb1\/3&#8243;][\/vc_column][vc_column width=\u00bb1\/3&#8243;]\n\t\t<div id=\"wd-64d25567687e4\" class=\"title-wrapper wd-wpb set-mb-s reset-last-child  wd-rs-64d25567687e4 wd-title-color-default wd-title-style-default text-center  wd-underline-colored\">\n\t\t\t\n\t\t\t<div class=\"liner-continer\">\n\t\t\t\t<h4 class=\"woodmart-title-container title  wd-font-weight- wd-fontsize-xl\" >Como escuchar mis videos en tu idioma<\/h4>\n\t\t\t\t\t\t\t<\/div>\n\t\t\t\n\t\t\t\n\t\t\t\n\t\t<\/div>\n\t\t\n\t\t[vc_video link=\u00bbhttps:\/\/www.youtube.com\/watch?v=h-2pxTNd7nM&amp;feature=youtu.be&amp;ab_channel=InstitutoNeuroQuantum\u00bb align=\u00bbcenter\u00bb image_poster_switch=\u00bbno\u00bb][\/vc_column][vc_column width=\u00bb1\/3&#8243;][\/vc_column][\/vc_row][vc_row full_width=\u00bbstretch_row_content\u00bb woodmart_css_id=\u00bb648b1a5739912&#8243; responsive_spacing=\u00bbeyJwYXJhbV90eXBlIjoid29vZG1hcnRfcmVzcG9uc2l2ZV9zcGFjaW5nIiwic2VsZWN0b3JfaWQiOiI2NDhiMWE1NzM5OTEyIiwic2hvcnRjb2RlIjoidmNfcm93IiwiZGF0YSI6eyJ0YWJsZXQiOnt9LCJtb2JpbGUiOnt9fX0=\u00bb mobile_bg_img_hidden=\u00bbno\u00bb tablet_bg_img_hidden=\u00bbno\u00bb woodmart_parallax=\u00bb0&#8243; woodmart_gradient_switch=\u00bbno\u00bb woodmart_box_shadow=\u00bbno\u00bb wd_z_index=\u00bbno\u00bb woodmart_disable_overflow=\u00bb0&#8243; row_reverse_mobile=\u00bb0&#8243; row_reverse_tablet=\u00bb0&#8243; css=\u00bb.vc_custom_1686837851102{padding-top: 30px !important;}\u00bb][vc_column width=\u00bb1\/3&#8243;]\n\t\t<div id=\"wd-64c00637a5462\" class=\"title-wrapper wd-wpb set-mb-s reset-last-child  wd-rs-64c00637a5462 wd-title-color-default wd-title-style-default text-left  wd-underline-colored\">\n\t\t\t\n\t\t\t<div class=\"liner-continer\">\n\t\t\t\t<h4 class=\"woodmart-title-container title  wd-font-weight- wd-fontsize-l\" >1. PNL la Programaci\u00f3n de Seres Humanos y Computadoras<\/h4>\n\t\t\t\t\t\t\t<\/div>\n\t\t\t\n\t\t\t\n\t\t\t\n\t\t<\/div>\n\t\t\n\t\t[vc_video link=\u00bbhttps:\/\/www.youtube.com\/watch?v=03MqkE2gcZU&amp;feature=youtu.be&amp;ab_channel=InstitutoNeuroQuantum\u00bb image_poster_switch=\u00bbno\u00bb][\/vc_column][vc_column width=\u00bb1\/3&#8243;]\n\t\t<div id=\"wd-64c0064b6f9ab\" class=\"title-wrapper wd-wpb set-mb-s reset-last-child  wd-rs-64c0064b6f9ab wd-title-color-default wd-title-style-default text-left  wd-underline-colored\">\n\t\t\t\n\t\t\t<div class=\"liner-continer\">\n\t\t\t\t<h4 class=\"woodmart-title-container title  wd-font-weight- wd-fontsize-l\" >2. Canales de comunicaci\u00f3n humana<\/h4>\n\t\t\t\t\t\t\t<\/div>\n\t\t\t\n\t\t\t\n\t\t\t\n\t\t<\/div>\n\t\t\n\t\t[vc_video link=\u00bbhttps:\/\/www.youtube.com\/watch?v=trfbNyLuuvI&amp;feature=youtu.be&amp;ab_channel=InstitutoNeuroQuantum\u00bb image_poster_switch=\u00bbno\u00bb][\/vc_column][vc_column width=\u00bb1\/3&#8243;]\n\t\t<div id=\"wd-64c0065912503\" class=\"title-wrapper wd-wpb set-mb-s reset-last-child  wd-rs-64c0065912503 wd-title-color-default wd-title-style-default text-left  wd-underline-colored\">\n\t\t\t\n\t\t\t<div class=\"liner-continer\">\n\t\t\t\t<h4 class=\"woodmart-title-container title  wd-font-weight- wd-fontsize-l\" >3. Aplicaciones de los canales de comunicaci\u00f3n entre personas<\/h4>\n\t\t\t\t\t\t\t<\/div>\n\t\t\t\n\t\t\t\n\t\t\t\n\t\t<\/div>\n\t\t\n\t\t[vc_video link=\u00bbhttps:\/\/www.youtube.com\/watch?v=taLbFY3grWU&amp;feature=youtu.be&amp;ab_channel=InstitutoNeuroQuantum\u00bb image_poster_switch=\u00bbno\u00bb][\/vc_column][\/vc_row][vc_row full_width=\u00bbstretch_row_content\u00bb woodmart_css_id=\u00bb639767aeca66b\u00bb responsive_spacing=\u00bbeyJwYXJhbV90eXBlIjoid29vZG1hcnRfcmVzcG9uc2l2ZV9zcGFjaW5nIiwic2VsZWN0b3JfaWQiOiI2Mzk3NjdhZWNhNjZiIiwic2hvcnRjb2RlIjoidmNfcm93IiwiZGF0YSI6eyJ0YWJsZXQiOnt9LCJtb2JpbGUiOnt9fX0=\u00bb mobile_bg_img_hidden=\u00bbno\u00bb tablet_bg_img_hidden=\u00bbno\u00bb woodmart_parallax=\u00bb0&#8243; woodmart_gradient_switch=\u00bbno\u00bb woodmart_box_shadow=\u00bbno\u00bb wd_z_index=\u00bbno\u00bb woodmart_disable_overflow=\u00bb0&#8243; row_reverse_mobile=\u00bb0&#8243; row_reverse_tablet=\u00bb0&#8243;][vc_column width=\u00bb1\/3&#8243;]\n\t\t<div id=\"wd-64c006732c706\" class=\"title-wrapper wd-wpb set-mb-s reset-last-child  wd-rs-64c006732c706 wd-title-color-default wd-title-style-default text-left  wd-underline-colored\">\n\t\t\t\n\t\t\t<div class=\"liner-continer\">\n\t\t\t\t<h4 class=\"woodmart-title-container title  wd-font-weight- wd-fontsize-l\" >4. Formaci\u00f3n y programaci\u00f3n de Patrones de Comportamiento<\/h4>\n\t\t\t\t\t\t\t<\/div>\n\t\t\t\n\t\t\t\n\t\t\t\n\t\t<\/div>\n\t\t\n\t\t[vc_video link=\u00bbhttps:\/\/www.youtube.com\/watch?v=r44FdZYrNag&amp;feature=youtu.be&amp;ab_channel=InstitutoNeuroQuantum\u00bb image_poster_switch=\u00bbno\u00bb][\/vc_column][vc_column width=\u00bb1\/3&#8243;]\n\t\t<div id=\"wd-64c0068061d33\" class=\"title-wrapper wd-wpb set-mb-s reset-last-child  wd-rs-64c0068061d33 wd-title-color-default wd-title-style-default text-left  wd-underline-colored\">\n\t\t\t\n\t\t\t<div class=\"liner-continer\">\n\t\t\t\t<h4 class=\"woodmart-title-container title  wd-font-weight- wd-fontsize-l\" >5. Integra cuerpo y mente<\/h4>\n\t\t\t\t\t\t\t<\/div>\n\t\t\t\n\t\t\t\n\t\t\t\n\t\t<\/div>\n\t\t\n\t\t[vc_video link=\u00bbhttps:\/\/www.youtube.com\/watch?v=qx-9AJ200Rc&amp;feature=youtu.be&amp;ab_channel=InstitutoNeuroQuantum\u00bb image_poster_switch=\u00bbno\u00bb][\/vc_column][vc_column width=\u00bb1\/3&#8243;]\n\t\t<div id=\"wd-64c0068bab6e3\" class=\"title-wrapper wd-wpb set-mb-s reset-last-child  wd-rs-64c0068bab6e3 wd-title-color-default wd-title-style-default text-left  wd-underline-colored\">\n\t\t\t\n\t\t\t<div class=\"liner-continer\">\n\t\t\t\t<h4 class=\"woodmart-title-container title  wd-font-weight- wd-fontsize-l\" >6. Comunicarse bien por videoconferencia<\/h4>\n\t\t\t\t\t\t\t<\/div>\n\t\t\t\n\t\t\t\n\t\t\t\n\t\t<\/div>\n\t\t\n\t\t[vc_video link=\u00bbhttps:\/\/www.youtube.com\/watch?v=AoyB4xBzrck&amp;feature=youtu.be&amp;ab_channel=InstitutoNeuroQuantum\u00bb image_poster_switch=\u00bbno\u00bb][\/vc_column][\/vc_row][vc_row full_width=\u00bbstretch_row_content\u00bb woodmart_css_id=\u00bb639767aeca66b\u00bb responsive_spacing=\u00bbeyJwYXJhbV90eXBlIjoid29vZG1hcnRfcmVzcG9uc2l2ZV9zcGFjaW5nIiwic2VsZWN0b3JfaWQiOiI2Mzk3NjdhZWNhNjZiIiwic2hvcnRjb2RlIjoidmNfcm93IiwiZGF0YSI6eyJ0YWJsZXQiOnt9LCJtb2JpbGUiOnt9fX0=\u00bb mobile_bg_img_hidden=\u00bbno\u00bb tablet_bg_img_hidden=\u00bbno\u00bb woodmart_parallax=\u00bb0&#8243; woodmart_gradient_switch=\u00bbno\u00bb woodmart_box_shadow=\u00bbno\u00bb wd_z_index=\u00bbno\u00bb woodmart_disable_overflow=\u00bb0&#8243; row_reverse_mobile=\u00bb0&#8243; row_reverse_tablet=\u00bb0&#8243;][vc_column width=\u00bb1\/3&#8243;]\n\t\t<div id=\"wd-64c006a47a65c\" class=\"title-wrapper wd-wpb set-mb-s reset-last-child  wd-rs-64c006a47a65c wd-title-color-default wd-title-style-default text-left  wd-underline-colored\">\n\t\t\t\n\t\t\t<div class=\"liner-continer\">\n\t\t\t\t<h4 class=\"woodmart-title-container title  wd-font-weight- wd-fontsize-l\" >7. Sincronizaci\u00f3n y Rapport<\/h4>\n\t\t\t\t\t\t\t<\/div>\n\t\t\t\n\t\t\t\n\t\t\t\n\t\t<\/div>\n\t\t\n\t\t[vc_video link=\u00bbhttps:\/\/www.youtube.com\/watch?v=jX1_VdAsnvk\u00bb image_poster_switch=\u00bbno\u00bb][\/vc_column][vc_column width=\u00bb1\/3&#8243;]\n\t\t<div id=\"wd-64c006b111ffc\" class=\"title-wrapper wd-wpb set-mb-s reset-last-child  wd-rs-64c006b111ffc wd-title-color-default wd-title-style-default text-left  wd-underline-colored\">\n\t\t\t\n\t\t\t<div class=\"liner-continer\">\n\t\t\t\t<h4 class=\"woodmart-title-container title  wd-font-weight- wd-fontsize-l\" >8. Niveles L\u00f3gico y Neurol\u00f3gico<\/h4>\n\t\t\t\t\t\t\t<\/div>\n\t\t\t\n\t\t\t\n\t\t\t\n\t\t<\/div>\n\t\t\n\t\t[vc_video link=\u00bbhttps:\/\/www.youtube.com\/watch?v=VGdQWFZ-IKk&amp;feature=youtu.be&amp;ab_channel=InstitutoNeuroQuantum\u00bb image_poster_switch=\u00bbno\u00bb][\/vc_column][vc_column width=\u00bb1\/3&#8243;]\n\t\t<div id=\"wd-64c006bd5d710\" class=\"title-wrapper wd-wpb set-mb-s reset-last-child  wd-rs-64c006bd5d710 wd-title-color-default wd-title-style-default text-left  wd-underline-colored\">\n\t\t\t\n\t\t\t<div class=\"liner-continer\">\n\t\t\t\t<h4 class=\"woodmart-title-container title  wd-font-weight- wd-fontsize-l\" >9. Estrategias de las personas<\/h4>\n\t\t\t\t\t\t\t<\/div>\n\t\t\t\n\t\t\t\n\t\t\t\n\t\t<\/div>\n\t\t\n\t\t[vc_video link=\u00bbhttps:\/\/www.youtube.com\/watch?v=yUYINo5UOoI&amp;feature=youtu.be&amp;ab_channel=InstitutoNeuroQuantum\u00bb image_poster_switch=\u00bbno\u00bb][\/vc_column][\/vc_row][vc_row full_width=\u00bbstretch_row_content\u00bb woodmart_css_id=\u00bb639767aeca66b\u00bb responsive_spacing=\u00bbeyJwYXJhbV90eXBlIjoid29vZG1hcnRfcmVzcG9uc2l2ZV9zcGFjaW5nIiwic2VsZWN0b3JfaWQiOiI2Mzk3NjdhZWNhNjZiIiwic2hvcnRjb2RlIjoidmNfcm93IiwiZGF0YSI6eyJ0YWJsZXQiOnt9LCJtb2JpbGUiOnt9fX0=\u00bb mobile_bg_img_hidden=\u00bbno\u00bb tablet_bg_img_hidden=\u00bbno\u00bb woodmart_parallax=\u00bb0&#8243; woodmart_gradient_switch=\u00bbno\u00bb woodmart_box_shadow=\u00bbno\u00bb wd_z_index=\u00bbno\u00bb woodmart_disable_overflow=\u00bb0&#8243; row_reverse_mobile=\u00bb0&#8243; row_reverse_tablet=\u00bb0&#8243;][vc_column width=\u00bb1\/3&#8243;]\n\t\t<div id=\"wd-64c006c7b3245\" class=\"title-wrapper wd-wpb set-mb-s reset-last-child  wd-rs-64c006c7b3245 wd-title-color-default wd-title-style-default text-left  wd-underline-colored\">\n\t\t\t\n\t\t\t<div class=\"liner-continer\">\n\t\t\t\t<h4 class=\"woodmart-title-container title  wd-font-weight- wd-fontsize-l\" >10. Ansiedad en la sincronicidad y relaciones de lucha o huida<\/h4>\n\t\t\t\t\t\t\t<\/div>\n\t\t\t\n\t\t\t\n\t\t\t\n\t\t<\/div>\n\t\t\n\t\t[vc_video link=\u00bbhttps:\/\/www.youtube.com\/watch?v=VuTLuOPx2II&amp;feature=youtu.be&amp;ab_channel=InstitutoNeuroQuantum\u00bb image_poster_switch=\u00bbno\u00bb][\/vc_column][vc_column width=\u00bb1\/3&#8243;]\n\t\t<div id=\"wd-64c006d31b9b5\" class=\"title-wrapper wd-wpb set-mb-s reset-last-child  wd-rs-64c006d31b9b5 wd-title-color-default wd-title-style-default text-left  wd-underline-colored\">\n\t\t\t\n\t\t\t<div class=\"liner-continer\">\n\t\t\t\t<h4 class=\"woodmart-title-container title  wd-font-weight- wd-fontsize-l\" >11. Metamodelo<\/h4>\n\t\t\t\t\t\t\t<\/div>\n\t\t\t\n\t\t\t\n\t\t\t\n\t\t<\/div>\n\t\t\n\t\t[vc_video link=\u00bbhttps:\/\/www.youtube.com\/watch?v=B16F3jd8F7U&amp;feature=youtu.be&amp;ab_channel=InstitutoNeuroQuantum\u00bb image_poster_switch=\u00bbno\u00bb][\/vc_column][vc_column width=\u00bb1\/3&#8243;]\n\t\t<div id=\"wd-64c006e30c4d1\" class=\"title-wrapper wd-wpb set-mb-s reset-last-child  wd-rs-64c006e30c4d1 wd-title-color-default wd-title-style-default text-left  wd-underline-colored\">\n\t\t\t\n\t\t\t<div class=\"liner-continer\">\n\t\t\t\t<h4 class=\"woodmart-title-container title  wd-font-weight- wd-fontsize-l\" >12. Perspectivas y retrospectivas<\/h4>\n\t\t\t\t\t\t\t<\/div>\n\t\t\t\n\t\t\t\n\t\t\t\n\t\t<\/div>\n\t\t\n\t\t[vc_video link=\u00bbhttps:\/\/www.youtube.com\/watch?v=wQPsRBtclL8&amp;feature=youtu.be&amp;ab_channel=InstitutoNeuroQuantum\u00bb image_poster_switch=\u00bbno\u00bb][\/vc_column][\/vc_row]<\/p>\n<\/section>","protected":false},"excerpt":{"rendered":"<p>[vc_row][vc_column][vc_separator color=\u00bbcustom\u00bb accent_color=\u00bb#05959c\u00bb wd_hide_on_desktop=\u00bbno\u00bb wd_hide_on_tablet=\u00bbno\u00bb wd_hide_on_mobile=\u00bbno\u00bb][vc_column_text woodmart_inline=\u00bbno\u00bb text_larger=\u00bbno\u00bb]FORMATO EAD de 4 semanas respaldado por tutoriales y preguntas en l\u00ednea a<\/p>\n","protected":false},"author":1,"featured_media":0,"parent":0,"menu_order":0,"comment_status":"closed","ping_status":"closed","template":"","meta":{"footnotes":""},"class_list":["post-7743","page","type-page","status-publish","hentry"],"yoast_head":"<!-- This site is optimized with the Yoast SEO plugin v20.11 - https:\/\/yoast.com\/wordpress\/plugins\/seo\/ -->\n<title>Formaci\u00f3n - neuroquantum<\/title>\n<meta name=\"robots\" content=\"index, follow, max-snippet:-1, max-image-preview:large, max-video-preview:-1\" \/>\n<link rel=\"canonical\" href=\"https:\/\/neuroquantum.com\/es\/formacion\/\" \/>\n<meta property=\"og:locale\" content=\"es_ES\" \/>\n<meta property=\"og:type\" content=\"article\" \/>\n<meta property=\"og:title\" content=\"Formaci\u00f3n - neuroquantum\" \/>\n<meta property=\"og:description\" content=\"[vc_row][vc_column][vc_separator color=\u00bbcustom\u00bb accent_color=\u00bb#05959c\u00bb wd_hide_on_desktop=\u00bbno\u00bb wd_hide_on_tablet=\u00bbno\u00bb wd_hide_on_mobile=\u00bbno\u00bb][vc_column_text woodmart_inline=\u00bbno\u00bb text_larger=\u00bbno\u00bb]FORMATO EAD de 4 semanas respaldado por tutoriales y preguntas en l\u00ednea a\" \/>\n<meta property=\"og:url\" content=\"https:\/\/neuroquantum.com\/es\/formacion\/\" \/>\n<meta property=\"og:site_name\" content=\"neuroquantum\" \/>\n<meta property=\"article:modified_time\" content=\"2023-08-08T14:49:11+00:00\" \/>\n<meta name=\"twitter:card\" content=\"summary_large_image\" \/>\n<meta name=\"twitter:label1\" content=\"Tiempo de lectura\" \/>\n\t<meta name=\"twitter:data1\" content=\"5 minutos\" \/>\n<script type=\"application\/ld+json\" class=\"yoast-schema-graph\">{\"@context\":\"https:\/\/schema.org\",\"@graph\":[{\"@type\":\"WebPage\",\"@id\":\"https:\/\/neuroquantum.com\/es\/formacion\/\",\"url\":\"https:\/\/neuroquantum.com\/es\/formacion\/\",\"name\":\"Formaci\u00f3n - neuroquantum\",\"isPartOf\":{\"@id\":\"https:\/\/neuroquantum.com\/#website\"},\"datePublished\":\"2021-08-25T07:26:28+00:00\",\"dateModified\":\"2023-08-08T14:49:11+00:00\",\"breadcrumb\":{\"@id\":\"https:\/\/neuroquantum.com\/es\/formacion\/#breadcrumb\"},\"inLanguage\":\"es\",\"potentialAction\":[{\"@type\":\"ReadAction\",\"target\":[\"https:\/\/neuroquantum.com\/es\/formacion\/\"]}]},{\"@type\":\"BreadcrumbList\",\"@id\":\"https:\/\/neuroquantum.com\/es\/formacion\/#breadcrumb\",\"itemListElement\":[{\"@type\":\"ListItem\",\"position\":1,\"name\":\"In\u00edcio\",\"item\":\"https:\/\/neuroquantum.com\/es\/\"},{\"@type\":\"ListItem\",\"position\":2,\"name\":\"Formaci\u00f3n\"}]},{\"@type\":\"WebSite\",\"@id\":\"https:\/\/neuroquantum.com\/#website\",\"url\":\"https:\/\/neuroquantum.com\/\",\"name\":\"neuroquantum\",\"description\":\"Medicinas Tradicionais e Tecnologias Qu\u00e2nticas de Biofeedback e Bioreson\u00e2ncia.\",\"publisher\":{\"@id\":\"https:\/\/neuroquantum.com\/#organization\"},\"potentialAction\":[{\"@type\":\"SearchAction\",\"target\":{\"@type\":\"EntryPoint\",\"urlTemplate\":\"https:\/\/neuroquantum.com\/?s={search_term_string}\"},\"query-input\":\"required name=search_term_string\"}],\"inLanguage\":\"es\"},{\"@type\":\"Organization\",\"@id\":\"https:\/\/neuroquantum.com\/#organization\",\"name\":\"neuroquantum\",\"url\":\"https:\/\/neuroquantum.com\/\",\"logo\":{\"@type\":\"ImageObject\",\"inLanguage\":\"es\",\"@id\":\"https:\/\/neuroquantum.com\/#\/schema\/logo\/image\/\",\"url\":\"https:\/\/neuroquantum.com\/wp-content\/uploads\/2023\/03\/neuro-novo-logo.png\",\"contentUrl\":\"https:\/\/neuroquantum.com\/wp-content\/uploads\/2023\/03\/neuro-novo-logo.png\",\"width\":708,\"height\":215,\"caption\":\"neuroquantum\"},\"image\":{\"@id\":\"https:\/\/neuroquantum.com\/#\/schema\/logo\/image\/\"}}]}<\/script>\n<!-- \/ Yoast SEO plugin. -->","yoast_head_json":{"title":"Formaci\u00f3n - neuroquantum","robots":{"index":"index","follow":"follow","max-snippet":"max-snippet:-1","max-image-preview":"max-image-preview:large","max-video-preview":"max-video-preview:-1"},"canonical":"https:\/\/neuroquantum.com\/es\/formacion\/","og_locale":"es_ES","og_type":"article","og_title":"Formaci\u00f3n - neuroquantum","og_description":"[vc_row][vc_column][vc_separator color=\u00bbcustom\u00bb accent_color=\u00bb#05959c\u00bb wd_hide_on_desktop=\u00bbno\u00bb wd_hide_on_tablet=\u00bbno\u00bb wd_hide_on_mobile=\u00bbno\u00bb][vc_column_text woodmart_inline=\u00bbno\u00bb text_larger=\u00bbno\u00bb]FORMATO EAD de 4 semanas respaldado por tutoriales y preguntas en l\u00ednea a","og_url":"https:\/\/neuroquantum.com\/es\/formacion\/","og_site_name":"neuroquantum","article_modified_time":"2023-08-08T14:49:11+00:00","twitter_card":"summary_large_image","twitter_misc":{"Tiempo de lectura":"5 minutos"},"schema":{"@context":"https:\/\/schema.org","@graph":[{"@type":"WebPage","@id":"https:\/\/neuroquantum.com\/es\/formacion\/","url":"https:\/\/neuroquantum.com\/es\/formacion\/","name":"Formaci\u00f3n - neuroquantum","isPartOf":{"@id":"https:\/\/neuroquantum.com\/#website"},"datePublished":"2021-08-25T07:26:28+00:00","dateModified":"2023-08-08T14:49:11+00:00","breadcrumb":{"@id":"https:\/\/neuroquantum.com\/es\/formacion\/#breadcrumb"},"inLanguage":"es","potentialAction":[{"@type":"ReadAction","target":["https:\/\/neuroquantum.com\/es\/formacion\/"]}]},{"@type":"BreadcrumbList","@id":"https:\/\/neuroquantum.com\/es\/formacion\/#breadcrumb","itemListElement":[{"@type":"ListItem","position":1,"name":"In\u00edcio","item":"https:\/\/neuroquantum.com\/es\/"},{"@type":"ListItem","position":2,"name":"Formaci\u00f3n"}]},{"@type":"WebSite","@id":"https:\/\/neuroquantum.com\/#website","url":"https:\/\/neuroquantum.com\/","name":"neuroquantum","description":"Medicinas Tradicionais e Tecnologias Qu\u00e2nticas de Biofeedback e Bioreson\u00e2ncia.","publisher":{"@id":"https:\/\/neuroquantum.com\/#organization"},"potentialAction":[{"@type":"SearchAction","target":{"@type":"EntryPoint","urlTemplate":"https:\/\/neuroquantum.com\/?s={search_term_string}"},"query-input":"required name=search_term_string"}],"inLanguage":"es"},{"@type":"Organization","@id":"https:\/\/neuroquantum.com\/#organization","name":"neuroquantum","url":"https:\/\/neuroquantum.com\/","logo":{"@type":"ImageObject","inLanguage":"es","@id":"https:\/\/neuroquantum.com\/#\/schema\/logo\/image\/","url":"https:\/\/neuroquantum.com\/wp-content\/uploads\/2023\/03\/neuro-novo-logo.png","contentUrl":"https:\/\/neuroquantum.com\/wp-content\/uploads\/2023\/03\/neuro-novo-logo.png","width":708,"height":215,"caption":"neuroquantum"},"image":{"@id":"https:\/\/neuroquantum.com\/#\/schema\/logo\/image\/"}}]}},"_links":{"self":[{"href":"https:\/\/neuroquantum.com\/es\/wp-json\/wp\/v2\/pages\/7743","targetHints":{"allow":["GET"]}}],"collection":[{"href":"https:\/\/neuroquantum.com\/es\/wp-json\/wp\/v2\/pages"}],"about":[{"href":"https:\/\/neuroquantum.com\/es\/wp-json\/wp\/v2\/types\/page"}],"author":[{"embeddable":true,"href":"https:\/\/neuroquantum.com\/es\/wp-json\/wp\/v2\/users\/1"}],"replies":[{"embeddable":true,"href":"https:\/\/neuroquantum.com\/es\/wp-json\/wp\/v2\/comments?post=7743"}],"version-history":[{"count":6,"href":"https:\/\/neuroquantum.com\/es\/wp-json\/wp\/v2\/pages\/7743\/revisions"}],"predecessor-version":[{"id":7943,"href":"https:\/\/neuroquantum.com\/es\/wp-json\/wp\/v2\/pages\/7743\/revisions\/7943"}],"wp:attachment":[{"href":"https:\/\/neuroquantum.com\/es\/wp-json\/wp\/v2\/media?parent=7743"}],"curies":[{"name":"wp","href":"https:\/\/api.w.org\/{rel}","templated":true}]}}