{"id":7761,"date":"2021-08-25T07:26:28","date_gmt":"2021-08-25T07:26:28","guid":{"rendered":"https:\/\/neuroquantum.com\/assistencia-remota\/"},"modified":"2023-08-08T14:50:45","modified_gmt":"2023-08-08T14:50:45","slug":"asistencia-remota","status":"publish","type":"page","link":"https:\/\/neuroquantum.com\/es\/asistencia-remota\/","title":{"rendered":"Asistencia Remota"},"content":{"rendered":"<section class=\"wpb-content-wrapper\"><p>[vc_row][vc_column width=\u00bb1\/2&#8243;][vc_single_image image=\u00bb7196&#8243; img_size=\u00bbfull\u00bb parallax_scroll=\u00bbno\u00bb woodmart_inline=\u00bbno\u00bb][\/vc_column][vc_column width=\u00bb1\/2&#8243; css=\u00bb.vc_custom_1670847998042{margin-left: 2% !important;padding-top: 40px !important;}\u00bb woodmart_css_id=\u00bb63971df8680e2&#8243; parallax_scroll=\u00bbno\u00bb woodmart_sticky_column=\u00bbfalse\u00bb wd_collapsible_content_switcher=\u00bbno\u00bb wd_column_role_offcanvas_desktop=\u00bbno\u00bb wd_column_role_offcanvas_tablet=\u00bbno\u00bb wd_column_role_offcanvas_mobile=\u00bbno\u00bb wd_column_role_content_desktop=\u00bbno\u00bb wd_column_role_content_tablet=\u00bbno\u00bb wd_column_role_content_mobile=\u00bbno\u00bb mobile_bg_img_hidden=\u00bbno\u00bb tablet_bg_img_hidden=\u00bbno\u00bb woodmart_parallax=\u00bb0&#8243; woodmart_box_shadow=\u00bbno\u00bb responsive_spacing=\u00bbeyJwYXJhbV90eXBlIjoid29vZG1hcnRfcmVzcG9uc2l2ZV9zcGFjaW5nIiwic2VsZWN0b3JfaWQiOiI2Mzk3MWRmODY4MGUyIiwic2hvcnRjb2RlIjoidmNfY29sdW1uIiwiZGF0YSI6eyJ0YWJsZXQiOnt9LCJtb2JpbGUiOnt9fX0=\u00bb mobile_reset_margin=\u00bbno\u00bb tablet_reset_margin=\u00bbno\u00bb wd_z_index=\u00bbno\u00bb]\n\t\t<div id=\"wd-64c8f125f0151\" class=\"title-wrapper wd-wpb set-mb-s reset-last-child  wd-rs-64c8f125f0151 wd-title-color-primary wd-title-style-default text-left vc_custom_1690890539646 wd-underline-colored\">\n\t\t\t\t\t\t\t<div class=\"title-subtitle  subtitle-color-primary font-default subtitle-style-default wd-font-weight-600 wd-fontsize-xs\">Centro de Investigaci\u00f3n, Desarrollo y Capacitaci\u00f3n en Radi\u00f3nica Cu\u00e1ntica<\/div>\n\t\t\t\n\t\t\t<div class=\"liner-continer\">\n\t\t\t\t<h4 class=\"woodmart-title-container title  wd-font-weight- wd-fontsize-xxl\" >\u00a1Podemos ayudar de forma remota!<\/h4>\n\t\t\t\t\t\t\t<\/div>\n\t\t\t\n\t\t\t\n\t\t\t\n\t\t<\/div>\n\t\t\n\t\t\t\t<div id=\"wd-64c8f0fcdec33\" class=\"wd-text-block wd-wpb reset-last-child wd-rs-64c8f0fcdec33 text-left wd-fontsize-custom vc_custom_1690890531085\">\n\t\t\t<h4>\u00bfComo?<\/h4>\n<p>Basados \u200b\u200ben las Tecnolog\u00edas y conceptos de F\u00edsica Cu\u00e1ntica de no localidad, simultaneidad y el \u201cCampo Unificado\u201d, podemos evaluar y reequilibrar tu estado ps\u00edquico, Psico-F\u00edsico y Neuro-Emocional, de forma remota, desde nuestras cl\u00ednicas hasta la comodidad de hospedarte en \u00a1tu hogar!<\/p>\n<h4>\u00bfSobre qu\u00e9 base cient\u00edfica?<\/h4>\n<p>En nuestro Centro de Investigaci\u00f3n, Desarrollo y Capacitaci\u00f3n en Radi\u00f3nica Cu\u00e1ntica, probamos, investigamos y capacitamos a profesionales en las \u00faltimas tecnolog\u00edas y procedimientos en interacci\u00f3n remota.<\/p>\n<p>Basados \u200b\u200ben las \u00faltimas tecnolog\u00edas cu\u00e1nticas, explotamos al m\u00e1ximo su potencial para apoyar la salud y el desarrollo humanos, extendiendo el concepto de \u00abCampo Unificado\u00bb a la posibilidad de acceso de la poblaci\u00f3n mundial a trav\u00e9s de la red global de energ\u00eda, tecnolog\u00eda y comunicaci\u00f3n.<\/p>\n<p>Este sitio web le permitir\u00e1 conocernos mejor y contactarnos en cualquier momento para recibir m\u00e1s informaci\u00f3n.<\/p>\n\t\t<\/div>\n\t\t[vc_separator color=\u00bbcustom\u00bb accent_color=\u00bbrgba(10,10,10,0.12)\u00bb css=\u00bb.vc_custom_1615616514122{margin-bottom: 20px !important;padding-top: 10px !important;}\u00bb][\/vc_column][\/vc_row][vc_row full_width=\u00bbstretch_row_content\u00bb woodmart_css_id=\u00bb64cbc7cc7c532&#8243; responsive_spacing=\u00bbeyJwYXJhbV90eXBlIjoid29vZG1hcnRfcmVzcG9uc2l2ZV9zcGFjaW5nIiwic2VsZWN0b3JfaWQiOiI2NGNiYzdjYzdjNTMyIiwic2hvcnRjb2RlIjoidmNfcm93IiwiZGF0YSI6eyJ0YWJsZXQiOnt9LCJtb2JpbGUiOnt9fX0=\u00bb mobile_bg_img_hidden=\u00bbno\u00bb tablet_bg_img_hidden=\u00bbno\u00bb woodmart_parallax=\u00bb0&#8243; woodmart_gradient_switch=\u00bbno\u00bb woodmart_box_shadow=\u00bbno\u00bb wd_z_index=\u00bbno\u00bb woodmart_disable_overflow=\u00bb0&#8243; row_reverse_mobile=\u00bb0&#8243; row_reverse_tablet=\u00bb0&#8243;][vc_column width=\u00bb1\/3&#8243;][\/vc_column][vc_column width=\u00bb1\/3&#8243;]\n\t\t<div id=\"wd-64d25567687e4\" class=\"title-wrapper wd-wpb set-mb-s reset-last-child  wd-rs-64d25567687e4 wd-title-color-default wd-title-style-default text-center  wd-underline-colored\">\n\t\t\t\n\t\t\t<div class=\"liner-continer\">\n\t\t\t\t<h4 class=\"woodmart-title-container title  wd-font-weight- wd-fontsize-xl\" >Como escuchar mis videos en tu idioma<\/h4>\n\t\t\t\t\t\t\t<\/div>\n\t\t\t\n\t\t\t\n\t\t\t\n\t\t<\/div>\n\t\t\n\t\t[vc_video link=\u00bbhttps:\/\/www.youtube.com\/watch?v=h-2pxTNd7nM&amp;feature=youtu.be&amp;ab_channel=InstitutoNeuroQuantum\u00bb align=\u00bbcenter\u00bb image_poster_switch=\u00bbno\u00bb][\/vc_column][vc_column width=\u00bb1\/3&#8243;][\/vc_column][\/vc_row][vc_row css=\u00bb.vc_custom_1670848634418{padding-top: 55px !important;}\u00bb woodmart_css_id=\u00bb639720751999c\u00bb responsive_spacing=\u00bbeyJwYXJhbV90eXBlIjoid29vZG1hcnRfcmVzcG9uc2l2ZV9zcGFjaW5nIiwic2VsZWN0b3JfaWQiOiI2Mzk3MjA3NTE5OTljIiwic2hvcnRjb2RlIjoidmNfcm93IiwiZGF0YSI6eyJ0YWJsZXQiOnt9LCJtb2JpbGUiOnt9fX0=\u00bb mobile_bg_img_hidden=\u00bbno\u00bb tablet_bg_img_hidden=\u00bbno\u00bb woodmart_parallax=\u00bb0&#8243; woodmart_gradient_switch=\u00bbno\u00bb woodmart_box_shadow=\u00bbno\u00bb wd_z_index=\u00bbno\u00bb woodmart_disable_overflow=\u00bb0&#8243; row_reverse_mobile=\u00bb0&#8243; row_reverse_tablet=\u00bb0&#8243;][vc_column width=\u00bb1\/2&#8243; css=\u00bb.vc_custom_1615617895716{padding-top: 0px !important;}\u00bb mobile_bg_img_hidden=\u00bbno\u00bb tablet_bg_img_hidden=\u00bbno\u00bb woodmart_parallax=\u00bb0&#8243; woodmart_sticky_column=\u00bbfalse\u00bb parallax_scroll=\u00bbno\u00bb mobile_reset_margin=\u00bbno\u00bb tablet_reset_margin=\u00bbno\u00bb][vc_video link=\u00bbhttps:\/\/www.youtube.com\/watch?v=2bpdq_BPBcc&amp;ab_channel=borisin2003&#8243; image_poster_switch=\u00bbno\u00bb]\t\t<div id=\"wd-64c91605901bc\" class=\"wd-text-block wd-wpb reset-last-child wd-rs-64c91605901bc text-left wd-width-custom wd-fontsize-s vc_custom_1690899985595\">\n\t\t\t<div id=\"red-box01\" class=\"red_box_frame big-red-box \">\n<div class=\"red_box_frame-deco01\">\n<div class=\"red_box_frame-deco02\">\n<div class=\"red_box_frame-deco03\">\n<div class=\"red-box-inner\">\n<div id=\"pr_2552424\" class=\"red_box\">\n<div class=\"red-box-content\">\n<div class=\"videoCaption\"><em>Radi\u00f3nica en Salud Psicosom\u00e1tica a Distancia<\/em><\/div>\n<\/div>\n<\/div>\n<\/div>\n<\/div>\n<\/div>\n<\/div>\n<\/div>\n\t\t<\/div>\n\t\t[\/vc_column][vc_column width=\u00bb1\/2&#8243; css=\u00bb.vc_custom_1629877093976{padding-top: 0px !important;}\u00bb mobile_bg_img_hidden=\u00bbno\u00bb tablet_bg_img_hidden=\u00bbno\u00bb woodmart_parallax=\u00bb0&#8243; woodmart_sticky_column=\u00bbfalse\u00bb parallax_scroll=\u00bbno\u00bb mobile_reset_margin=\u00bbno\u00bb tablet_reset_margin=\u00bbno\u00bb wd_z_index=\u00bbno\u00bb woodmart_css_id=\u00bb6125f363cf509&#8243; responsive_spacing=\u00bbeyJwYXJhbV90eXBlIjoid29vZG1hcnRfcmVzcG9uc2l2ZV9zcGFjaW5nIiwic2VsZWN0b3JfaWQiOiI2MTI1ZjM2M2NmNTA5Iiwic2hvcnRjb2RlIjoidmNfY29sdW1uIiwiZGF0YSI6eyJ0YWJsZXQiOnt9LCJtb2JpbGUiOnt9fX0=\u00bb][vc_video link=\u00bbhttps:\/\/www.youtube.com\/watch?v=7fEcjSi-6Jw&amp;ab_channel=RadionicVitrokeys\u00bb image_poster_switch=\u00bbno\u00bb]\t\t<div id=\"wd-64c916194750d\" class=\"wd-text-block wd-wpb reset-last-child wd-rs-64c916194750d text-left wd-width-custom wd-fontsize-s vc_custom_1690900011753\">\n\t\t\t<div class=\"videoCaption\"><em>Fundamentos de la radi\u00f3nica en la salud<\/em><\/div>\n\t\t<\/div>\n\t\t[\/vc_column][\/vc_row][vc_row full_width=\u00bbstretch_row_content\u00bb css=\u00bb.vc_custom_1670848991548{padding-top: 55px !important;}\u00bb woodmart_css_id=\u00bb639721d871bc9&#8243; responsive_spacing=\u00bbeyJwYXJhbV90eXBlIjoid29vZG1hcnRfcmVzcG9uc2l2ZV9zcGFjaW5nIiwic2VsZWN0b3JfaWQiOiI2Mzk3MjFkODcxYmM5Iiwic2hvcnRjb2RlIjoidmNfcm93IiwiZGF0YSI6eyJ0YWJsZXQiOnt9LCJtb2JpbGUiOnt9fX0=\u00bb mobile_bg_img_hidden=\u00bbno\u00bb tablet_bg_img_hidden=\u00bbno\u00bb woodmart_parallax=\u00bb0&#8243; woodmart_gradient_switch=\u00bbno\u00bb woodmart_box_shadow=\u00bbno\u00bb wd_z_index=\u00bbno\u00bb woodmart_disable_overflow=\u00bb0&#8243; row_reverse_mobile=\u00bb0&#8243; row_reverse_tablet=\u00bb0&#8243;][vc_column width=\u00bb1\/3&#8243; css=\u00bb.vc_custom_1615617895716{padding-top: 0px !important;}\u00bb mobile_bg_img_hidden=\u00bbno\u00bb tablet_bg_img_hidden=\u00bbno\u00bb woodmart_parallax=\u00bb0&#8243; woodmart_sticky_column=\u00bbfalse\u00bb parallax_scroll=\u00bbno\u00bb mobile_reset_margin=\u00bbno\u00bb tablet_reset_margin=\u00bbno\u00bb]\n\t\t<div id=\"wd-64c9162fa81a6\" class=\"title-wrapper wd-wpb set-mb-s reset-last-child  wd-rs-64c9162fa81a6 wd-title-color-primary wd-title-style-default text-left vc_custom_1690900032544 wd-underline-colored\">\n\t\t\t\n\t\t\t<div class=\"liner-continer\">\n\t\t\t\t<h4 class=\"woodmart-title-container title  wd-font-weight- wd-fontsize-l\" >Bases y forma de funcionamiento de la<br \/>\nservicio remoto<\/h4>\n\t\t\t\t\t\t\t<\/div>\n\t\t\t\n\t\t\t\n\t\t\t\n\t\t<\/div>\n\t\t\n\t\t[vc_video link=\u00bbhttps:\/\/www.youtube.com\/watch?v=KIR7tcS5d8A&amp;ab_channel=TheActionLab\u00bb image_poster_switch=\u00bbno\u00bb]\t\t<div id=\"wd-64c9166b814c2\" class=\"wd-text-block wd-wpb reset-last-child wd-rs-64c9166b814c2 text-left wd-width-custom wd-fontsize-s vc_custom_1690900129695\">\n\t\t\t<div id=\"red-box01\" class=\"red_box_frame big-red-box \">\n<div class=\"red_box_frame-deco01\">\n<div class=\"red_box_frame-deco02\">\n<div class=\"red_box_frame-deco03\">\n<div class=\"red-box-inner\">\n<div id=\"pr_2552424\" class=\"red_box\">\n<div class=\"red-box-content\">\n<div class=\"videoCaption\">\n<div class=\"videoCaption\"><em>Ciencia de TESLA de energ\u00eda libre inal\u00e1mbrica<\/em><\/div>\n<div class=\"text\">\n<p>En base a estudios realizados y ediciones de bestsellers como \u201cEl Campo\u201d o \u201cEl Experimento de la Intenci\u00f3n\u201d, y otros cient\u00edficos que estudian la interacci\u00f3n cu\u00e1ntica a distancia, validamos y desarrollamos procedimientos de atenci\u00f3n remota con base tecnol\u00f3gica.<\/p>\n<p>A trav\u00e9s de una simple diapositiva con una gota de sangre, puedes acceder a informaci\u00f3n sobre tu estado de salud integral, psicosom\u00e1tico, emocional y energ\u00e9tico, adem\u00e1s de interactuar con tu equilibrio global como persona.<\/p>\n<p>Conectados al sistema de forma remota a trav\u00e9s de un Quantum Catalyst, podemos interactuar a trav\u00e9s del campo unificado en los cuerpos energ\u00e9ticos del consultor.<\/p>\n<\/div>\n<\/div>\n<\/div>\n<\/div>\n<\/div>\n<\/div>\n<\/div>\n<\/div>\n<\/div>\n\t\t<\/div>\n\t\t[\/vc_column][vc_column width=\u00bb1\/3&#8243; css=\u00bb.vc_custom_1629877093976{padding-top: 0px !important;}\u00bb mobile_bg_img_hidden=\u00bbno\u00bb tablet_bg_img_hidden=\u00bbno\u00bb woodmart_parallax=\u00bb0&#8243; woodmart_sticky_column=\u00bbfalse\u00bb parallax_scroll=\u00bbno\u00bb mobile_reset_margin=\u00bbno\u00bb tablet_reset_margin=\u00bbno\u00bb wd_z_index=\u00bbno\u00bb woodmart_css_id=\u00bb6125f363cf509&#8243; responsive_spacing=\u00bbeyJwYXJhbV90eXBlIjoid29vZG1hcnRfcmVzcG9uc2l2ZV9zcGFjaW5nIiwic2VsZWN0b3JfaWQiOiI2MTI1ZjM2M2NmNTA5Iiwic2hvcnRjb2RlIjoidmNfY29sdW1uIiwiZGF0YSI6eyJ0YWJsZXQiOnt9LCJtb2JpbGUiOnt9fX0=\u00bb]\n\t\t<div id=\"wd-64c91644d7fe2\" class=\"title-wrapper wd-wpb set-mb-s reset-last-child  wd-rs-64c91644d7fe2 wd-title-color-primary wd-title-style-default text-left vc_custom_1690900053617 wd-underline-colored\">\n\t\t\t\n\t\t\t<div class=\"liner-continer\">\n\t\t\t\t<h4 class=\"woodmart-title-container title  wd-font-weight- wd-fontsize-l\" >Radi\u00f3nica y Biorresonancia Cu\u00e1ntica... \u00bfla medicina del futuro?<\/h4>\n\t\t\t\t\t\t\t<\/div>\n\t\t\t\n\t\t\t\n\t\t\t\n\t\t<\/div>\n\t\t\n\t\t[vc_video link=\u00bbhttps:\/\/www.youtube.com\/watch?v=owbkvDW7wAQ&amp;ab_channel=TapendraMandal\u00bb image_poster_switch=\u00bbno\u00bb]\t\t<div id=\"wd-64c916a71981a\" class=\"wd-text-block wd-wpb reset-last-child wd-rs-64c916a71981a text-left wd-width-custom wd-fontsize-s vc_custom_1690900158171\">\n\t\t\t<div class=\"videoCaption\">\n<div class=\"videoCaption\"><em>TESLA energ\u00eda libre \u00abC\u00f3mo hacer Tesla en casa<\/em><\/div>\n<div class=\"text\">\n<p>Acceso generalizado a biorresonancia vibratoria y psicofisiolog\u00eda a distancia en la comodidad de su hogar?!?<\/p>\n<p>\u00a1Una realidad ya actual!<\/p>\n<\/div>\n<\/div>\n<div class=\"abstract\"><\/div>\n\t\t<\/div>\n\t\t[\/vc_column][vc_column width=\u00bb1\/3&#8243;]\n\t\t<div id=\"wd-64c91659d17ab\" class=\"title-wrapper wd-wpb set-mb-s reset-last-child  wd-rs-64c91659d17ab wd-title-color-primary wd-title-style-default text-left vc_custom_1690900067164 wd-underline-colored\">\n\t\t\t\n\t\t\t<div class=\"liner-continer\">\n\t\t\t\t<h4 class=\"woodmart-title-container title  wd-font-weight- wd-fontsize-l\" >FRECUENCIAS para estabilizaci\u00f3n de distancia v\u00eda sonido<\/h4>\n\t\t\t\t\t\t\t<\/div>\n\t\t\t\n\t\t\t\n\t\t\t\n\t\t<\/div>\n\t\t\n\t\t[vc_video link=\u00bbhttps:\/\/www.youtube.com\/watch?v=l_MkM0q1P-4&amp;ab_channel=bioradionica\u00bb image_poster_switch=\u00bbno\u00bb]\t\t<div id=\"wd-64c916e04481f\" class=\"wd-text-block wd-wpb reset-last-child wd-rs-64c916e04481f text-left wd-width-custom wd-fontsize-s vc_custom_1690900204832\">\n\t\t\t<div class=\"videoCaption\">\n<div class=\"videoCaption\">\n<div class=\"videoCaption\"><em>Radi\u00f3nica y Biorresonancia. \u00bfQu\u00e9 es?<\/em><\/div>\n<\/div>\n<\/div>\n\t\t<\/div>\n\t\t[\/vc_column][\/vc_row][vc_row full_width=\u00bbstretch_row\u00bb parallax=\u00bbcontent-moving-fade\u00bb parallax_image=\u00bb7212&#8243; css=\u00bb.vc_custom_1670850594208{padding-top: 90px !important;padding-bottom: 80px !important;}\u00bb woodmart_css_id=\u00bb639728159b643&#8243; responsive_spacing=\u00bbeyJwYXJhbV90eXBlIjoid29vZG1hcnRfcmVzcG9uc2l2ZV9zcGFjaW5nIiwic2VsZWN0b3JfaWQiOiI2Mzk3MjgxNTliNjQzIiwic2hvcnRjb2RlIjoidmNfcm93IiwiZGF0YSI6eyJ0YWJsZXQiOnt9LCJtb2JpbGUiOnt9fX0=\u00bb mobile_bg_img_hidden=\u00bbno\u00bb tablet_bg_img_hidden=\u00bbno\u00bb woodmart_parallax=\u00bb0&#8243; woodmart_gradient_switch=\u00bbno\u00bb woodmart_box_shadow=\u00bbno\u00bb wd_z_index=\u00bbno\u00bb woodmart_disable_overflow=\u00bb0&#8243; row_reverse_mobile=\u00bb0&#8243; row_reverse_tablet=\u00bb0&#8243;][vc_column]\n\t\t<div id=\"wd-64c916fb53d85\" class=\"title-wrapper wd-wpb set-mb-s reset-last-child  wd-rs-64c916fb53d85 wd-title-color-primary wd-title-style-default text-center vc_custom_1690900300954 wd-underline-colored\">\n\t\t\t\t\t\t\t<div class=\"title-subtitle  subtitle-color-primary font-default subtitle-style-background wd-font-weight-600 wd-fontsize-xs\">Estr\u00e9s - F\u00edsico - Psicof\u00edsico - Neuroemocional<\/div>\n\t\t\t\n\t\t\t<div class=\"liner-continer\">\n\t\t\t\t<h3 class=\"woodmart-title-container title  wd-font-weight- wd-fontsize-xxl\" >\u00a1Llamadas cu\u00e1nticas presenciales y a distancia!<\/h3>\n\t\t\t\t\t\t\t<\/div>\n\t\t\t\n\t\t\t\t\t\t\t<div class=\"title-after_title  set-cont-mb-s reset-last-child  wd-fontsize-s\">Estabilice su cuerpo y equilibre su mente y el estr\u00e9s, en su propia casa. La tecnolog\u00eda cu\u00e1ntica ayuda!!!<\/div>\n\t\t\t\n\t\t\t\n\t\t<\/div>\n\t\t\n\t\t[vc_btn title=\u00bbPonerse en contacto\u00bb style=\u00bbcustom\u00bb custom_background=\u00bb#05959c\u00bb custom_text=\u00bb#ffffff\u00bb align=\u00bbcenter\u00bb link=\u00bburl:%2Fcontactos%2F\u00bb][\/vc_column][\/vc_row][vc_row full_width=\u00bbstretch_row\u00bb css=\u00bb.vc_custom_1670849433465{margin-bottom: 0px !important;border-bottom-width: 0px !important;padding-top: 25px !important;padding-bottom: 20px !important;background-color: #f7f7f7 !important;}\u00bb woodmart_css_id=\u00bb6397239166074&#8243; responsive_spacing=\u00bbeyJwYXJhbV90eXBlIjoid29vZG1hcnRfcmVzcG9uc2l2ZV9zcGFjaW5nIiwic2VsZWN0b3JfaWQiOiI2Mzk3MjM5MTY2MDc0Iiwic2hvcnRjb2RlIjoidmNfcm93IiwiZGF0YSI6eyJ0YWJsZXQiOnt9LCJtb2JpbGUiOnt9fX0=\u00bb mobile_bg_img_hidden=\u00bbno\u00bb tablet_bg_img_hidden=\u00bbno\u00bb woodmart_parallax=\u00bb0&#8243; woodmart_gradient_switch=\u00bbno\u00bb woodmart_box_shadow=\u00bbno\u00bb wd_z_index=\u00bbno\u00bb woodmart_disable_overflow=\u00bb0&#8243; row_reverse_mobile=\u00bb0&#8243; row_reverse_tablet=\u00bb0&#8243;][vc_column][vc_column_text woodmart_inline=\u00bbno\u00bb text_larger=\u00bbno\u00bb]Algunas frecuencias que puedes usar en tu vida diaria para diversas funciones de estabilizaci\u00f3n y estimulaci\u00f3n que necesites!!!<\/p>\n<p class=\"title style-scope ytd-video-primary-info-renderer\"><strong>Sonidos binaurales para estudiar para superinteligencia &#8211; musica para estudiar concentracion, memorizar<\/strong><\/p>\n<p><a href=\"https:\/\/youtu.be\/q06RzYq_9No\">https:\/\/youtu.be\/q06RzYq_9No<\/a><\/p>\n<p><a href=\"https:\/\/youtu.be\/-AfuOtlMcII\">https:\/\/youtu.be\/-AfuOtlMcII<\/a><\/p>\n<p><strong>PROSPERIDAD, DINERO, FELICIDAD &#8211; Sonido Binaural<\/strong><\/p>\n<p><a href=\"https:\/\/youtu.be\/xKO4UZfFJTg\">https:\/\/youtu.be\/xKO4UZfFJTg<\/a><\/p>\n<p class=\"title style-scope ytd-video-primary-info-renderer\"><strong>Energ\u00eda de 528 Hz LIMP\u00cdESE a usted mismo y a su hogar: cure las viejas energ\u00edas negativas de la frecuencia de su hogar<\/strong><\/p>\n<p><a href=\"https:\/\/youtu.be\/taJ7Rb3qgi8\">https:\/\/youtu.be\/taJ7Rb3qgi8<\/a>[\/vc_column_text][\/vc_column][\/vc_row]<\/p>\n<\/section>","protected":false},"excerpt":{"rendered":"<p>[vc_row][vc_column width=\u00bb1\/2&#8243;][vc_single_image image=\u00bb7196&#8243; img_size=\u00bbfull\u00bb parallax_scroll=\u00bbno\u00bb woodmart_inline=\u00bbno\u00bb][\/vc_column][vc_column width=\u00bb1\/2&#8243; css=\u00bb.vc_custom_1670847998042{margin-left: 2% !important;padding-top: 40px !important;}\u00bb woodmart_css_id=\u00bb63971df8680e2&#8243; parallax_scroll=\u00bbno\u00bb woodmart_sticky_column=\u00bbfalse\u00bb wd_collapsible_content_switcher=\u00bbno\u00bb wd_column_role_offcanvas_desktop=\u00bbno\u00bb wd_column_role_offcanvas_tablet=\u00bbno\u00bb wd_column_role_offcanvas_mobile=\u00bbno\u00bb wd_column_role_content_desktop=\u00bbno\u00bb<\/p>\n","protected":false},"author":1,"featured_media":0,"parent":0,"menu_order":0,"comment_status":"closed","ping_status":"closed","template":"","meta":{"footnotes":""},"class_list":["post-7761","page","type-page","status-publish","hentry"],"yoast_head":"<!-- This site is optimized with the Yoast SEO plugin v20.11 - https:\/\/yoast.com\/wordpress\/plugins\/seo\/ -->\n<title>Asistencia Remota - neuroquantum<\/title>\n<meta name=\"robots\" content=\"index, follow, max-snippet:-1, max-image-preview:large, max-video-preview:-1\" \/>\n<link rel=\"canonical\" href=\"https:\/\/neuroquantum.com\/es\/asistencia-remota\/\" \/>\n<meta property=\"og:locale\" content=\"es_ES\" \/>\n<meta property=\"og:type\" content=\"article\" \/>\n<meta property=\"og:title\" content=\"Asistencia Remota - neuroquantum\" \/>\n<meta property=\"og:description\" content=\"[vc_row][vc_column width=\u00bb1\/2&#8243;][vc_single_image image=\u00bb7196&#8243; img_size=\u00bbfull\u00bb parallax_scroll=\u00bbno\u00bb woodmart_inline=\u00bbno\u00bb][\/vc_column][vc_column width=\u00bb1\/2&#8243; css=\u00bb.vc_custom_1670847998042{margin-left: 2% !important;padding-top: 40px !important;}\u00bb woodmart_css_id=\u00bb63971df8680e2&#8243; parallax_scroll=\u00bbno\u00bb woodmart_sticky_column=\u00bbfalse\u00bb wd_collapsible_content_switcher=\u00bbno\u00bb wd_column_role_offcanvas_desktop=\u00bbno\u00bb wd_column_role_offcanvas_tablet=\u00bbno\u00bb wd_column_role_offcanvas_mobile=\u00bbno\u00bb wd_column_role_content_desktop=\u00bbno\u00bb\" \/>\n<meta property=\"og:url\" content=\"https:\/\/neuroquantum.com\/es\/asistencia-remota\/\" \/>\n<meta property=\"og:site_name\" content=\"neuroquantum\" \/>\n<meta property=\"article:modified_time\" content=\"2023-08-08T14:50:45+00:00\" \/>\n<meta name=\"twitter:card\" content=\"summary_large_image\" \/>\n<meta name=\"twitter:label1\" content=\"Tiempo de lectura\" \/>\n\t<meta name=\"twitter:data1\" content=\"5 minutos\" \/>\n<script type=\"application\/ld+json\" class=\"yoast-schema-graph\">{\"@context\":\"https:\/\/schema.org\",\"@graph\":[{\"@type\":\"WebPage\",\"@id\":\"https:\/\/neuroquantum.com\/es\/asistencia-remota\/\",\"url\":\"https:\/\/neuroquantum.com\/es\/asistencia-remota\/\",\"name\":\"Asistencia Remota - neuroquantum\",\"isPartOf\":{\"@id\":\"https:\/\/neuroquantum.com\/#website\"},\"datePublished\":\"2021-08-25T07:26:28+00:00\",\"dateModified\":\"2023-08-08T14:50:45+00:00\",\"breadcrumb\":{\"@id\":\"https:\/\/neuroquantum.com\/es\/asistencia-remota\/#breadcrumb\"},\"inLanguage\":\"es\",\"potentialAction\":[{\"@type\":\"ReadAction\",\"target\":[\"https:\/\/neuroquantum.com\/es\/asistencia-remota\/\"]}]},{\"@type\":\"BreadcrumbList\",\"@id\":\"https:\/\/neuroquantum.com\/es\/asistencia-remota\/#breadcrumb\",\"itemListElement\":[{\"@type\":\"ListItem\",\"position\":1,\"name\":\"In\u00edcio\",\"item\":\"https:\/\/neuroquantum.com\/es\/\"},{\"@type\":\"ListItem\",\"position\":2,\"name\":\"Asistencia Remota\"}]},{\"@type\":\"WebSite\",\"@id\":\"https:\/\/neuroquantum.com\/#website\",\"url\":\"https:\/\/neuroquantum.com\/\",\"name\":\"neuroquantum\",\"description\":\"Medicinas Tradicionais e Tecnologias Qu\u00e2nticas de Biofeedback e Bioreson\u00e2ncia.\",\"publisher\":{\"@id\":\"https:\/\/neuroquantum.com\/#organization\"},\"potentialAction\":[{\"@type\":\"SearchAction\",\"target\":{\"@type\":\"EntryPoint\",\"urlTemplate\":\"https:\/\/neuroquantum.com\/?s={search_term_string}\"},\"query-input\":\"required name=search_term_string\"}],\"inLanguage\":\"es\"},{\"@type\":\"Organization\",\"@id\":\"https:\/\/neuroquantum.com\/#organization\",\"name\":\"neuroquantum\",\"url\":\"https:\/\/neuroquantum.com\/\",\"logo\":{\"@type\":\"ImageObject\",\"inLanguage\":\"es\",\"@id\":\"https:\/\/neuroquantum.com\/#\/schema\/logo\/image\/\",\"url\":\"https:\/\/neuroquantum.com\/wp-content\/uploads\/2023\/03\/neuro-novo-logo.png\",\"contentUrl\":\"https:\/\/neuroquantum.com\/wp-content\/uploads\/2023\/03\/neuro-novo-logo.png\",\"width\":708,\"height\":215,\"caption\":\"neuroquantum\"},\"image\":{\"@id\":\"https:\/\/neuroquantum.com\/#\/schema\/logo\/image\/\"}}]}<\/script>\n<!-- \/ Yoast SEO plugin. -->","yoast_head_json":{"title":"Asistencia Remota - neuroquantum","robots":{"index":"index","follow":"follow","max-snippet":"max-snippet:-1","max-image-preview":"max-image-preview:large","max-video-preview":"max-video-preview:-1"},"canonical":"https:\/\/neuroquantum.com\/es\/asistencia-remota\/","og_locale":"es_ES","og_type":"article","og_title":"Asistencia Remota - neuroquantum","og_description":"[vc_row][vc_column width=\u00bb1\/2&#8243;][vc_single_image image=\u00bb7196&#8243; img_size=\u00bbfull\u00bb parallax_scroll=\u00bbno\u00bb woodmart_inline=\u00bbno\u00bb][\/vc_column][vc_column width=\u00bb1\/2&#8243; css=\u00bb.vc_custom_1670847998042{margin-left: 2% !important;padding-top: 40px !important;}\u00bb woodmart_css_id=\u00bb63971df8680e2&#8243; parallax_scroll=\u00bbno\u00bb woodmart_sticky_column=\u00bbfalse\u00bb wd_collapsible_content_switcher=\u00bbno\u00bb wd_column_role_offcanvas_desktop=\u00bbno\u00bb wd_column_role_offcanvas_tablet=\u00bbno\u00bb wd_column_role_offcanvas_mobile=\u00bbno\u00bb wd_column_role_content_desktop=\u00bbno\u00bb","og_url":"https:\/\/neuroquantum.com\/es\/asistencia-remota\/","og_site_name":"neuroquantum","article_modified_time":"2023-08-08T14:50:45+00:00","twitter_card":"summary_large_image","twitter_misc":{"Tiempo de lectura":"5 minutos"},"schema":{"@context":"https:\/\/schema.org","@graph":[{"@type":"WebPage","@id":"https:\/\/neuroquantum.com\/es\/asistencia-remota\/","url":"https:\/\/neuroquantum.com\/es\/asistencia-remota\/","name":"Asistencia Remota - neuroquantum","isPartOf":{"@id":"https:\/\/neuroquantum.com\/#website"},"datePublished":"2021-08-25T07:26:28+00:00","dateModified":"2023-08-08T14:50:45+00:00","breadcrumb":{"@id":"https:\/\/neuroquantum.com\/es\/asistencia-remota\/#breadcrumb"},"inLanguage":"es","potentialAction":[{"@type":"ReadAction","target":["https:\/\/neuroquantum.com\/es\/asistencia-remota\/"]}]},{"@type":"BreadcrumbList","@id":"https:\/\/neuroquantum.com\/es\/asistencia-remota\/#breadcrumb","itemListElement":[{"@type":"ListItem","position":1,"name":"In\u00edcio","item":"https:\/\/neuroquantum.com\/es\/"},{"@type":"ListItem","position":2,"name":"Asistencia Remota"}]},{"@type":"WebSite","@id":"https:\/\/neuroquantum.com\/#website","url":"https:\/\/neuroquantum.com\/","name":"neuroquantum","description":"Medicinas Tradicionais e Tecnologias Qu\u00e2nticas de Biofeedback e Bioreson\u00e2ncia.","publisher":{"@id":"https:\/\/neuroquantum.com\/#organization"},"potentialAction":[{"@type":"SearchAction","target":{"@type":"EntryPoint","urlTemplate":"https:\/\/neuroquantum.com\/?s={search_term_string}"},"query-input":"required name=search_term_string"}],"inLanguage":"es"},{"@type":"Organization","@id":"https:\/\/neuroquantum.com\/#organization","name":"neuroquantum","url":"https:\/\/neuroquantum.com\/","logo":{"@type":"ImageObject","inLanguage":"es","@id":"https:\/\/neuroquantum.com\/#\/schema\/logo\/image\/","url":"https:\/\/neuroquantum.com\/wp-content\/uploads\/2023\/03\/neuro-novo-logo.png","contentUrl":"https:\/\/neuroquantum.com\/wp-content\/uploads\/2023\/03\/neuro-novo-logo.png","width":708,"height":215,"caption":"neuroquantum"},"image":{"@id":"https:\/\/neuroquantum.com\/#\/schema\/logo\/image\/"}}]}},"_links":{"self":[{"href":"https:\/\/neuroquantum.com\/es\/wp-json\/wp\/v2\/pages\/7761","targetHints":{"allow":["GET"]}}],"collection":[{"href":"https:\/\/neuroquantum.com\/es\/wp-json\/wp\/v2\/pages"}],"about":[{"href":"https:\/\/neuroquantum.com\/es\/wp-json\/wp\/v2\/types\/page"}],"author":[{"embeddable":true,"href":"https:\/\/neuroquantum.com\/es\/wp-json\/wp\/v2\/users\/1"}],"replies":[{"embeddable":true,"href":"https:\/\/neuroquantum.com\/es\/wp-json\/wp\/v2\/comments?post=7761"}],"version-history":[{"count":5,"href":"https:\/\/neuroquantum.com\/es\/wp-json\/wp\/v2\/pages\/7761\/revisions"}],"predecessor-version":[{"id":7945,"href":"https:\/\/neuroquantum.com\/es\/wp-json\/wp\/v2\/pages\/7761\/revisions\/7945"}],"wp:attachment":[{"href":"https:\/\/neuroquantum.com\/es\/wp-json\/wp\/v2\/media?parent=7761"}],"curies":[{"name":"wp","href":"https:\/\/api.w.org\/{rel}","templated":true}]}}