{"id":7767,"date":"2021-11-11T18:02:06","date_gmt":"2021-11-11T18:02:06","guid":{"rendered":"https:\/\/neuroquantum.com\/testemunhos-e-resultados\/"},"modified":"2023-08-01T14:45:29","modified_gmt":"2023-08-01T14:45:29","slug":"testimonios-y-resultados","status":"publish","type":"page","link":"https:\/\/neuroquantum.com\/es\/testimonios-y-resultados\/","title":{"rendered":"Testimonios y Resultados"},"content":{"rendered":"<section class=\"wpb-content-wrapper\"><p>[vc_row css=\u00bb.vc_custom_1475592307239{margin-bottom: 50px !important;}\u00bb][vc_column]\t\t\t\n\t\t\t<div id=\"wd-64901a18a8f3b\" class=\"testimonials testimonials-wrapper testimonials-slider testimon-style-standard color-scheme-  testimon-align-center  wd-carousel-container wd-carousel-spacing-20\" data-owl-carousel data-wrap=\"no\" data-autoplay=\"yes\" data-hide_pagination_control=\"no\" data-hide_prev_next_buttons=\"no\" data-desktop=\"3\" data-tablet_landscape=\"3\" data-tablet=\"2\" data-mobile=\"1\">\n\t\t\t\t<div class=\" owl-carousel owl-items-lg-3 owl-items-md-3 owl-items-sm-2 owl-items-xs-1\" >\n\t\t\t\t\t\n<div class=\"testimonial column \">\n\t<div class=\"testimonial-inner\">\n\t\t\n\t\t<div class=\"testimonial-content\">\n\t\t\t<div class=\"testimonial-rating\">\n\t\t\t\t<span class=\"star-rating\">\n\t\t\t\t\t<span style=\"width:100%\"><\/span>\n\t\t\t\t<\/span>\n\t\t\t<\/div>\n\n\t\t\tRealmente, cuando prob\u00e9 el SCIO y vi que la m\u00e1quina realmente hace un mapeo con un 99% de precisi\u00f3n, me di cuenta de que las respuestas estaban realmente dentro de m\u00ed y en la transmutaci\u00f3n de lo que quer\u00eda con la mente junto con lo que quer\u00eda que saliera del coraz\u00f3n, d\u00edas despu\u00e9s de pasar por la m\u00e1quina, tuve grandes conocimientos que me ayudaron mucho a resolver algunos problemas. Con la retroalimentaci\u00f3n de la m\u00e1quina en relaci\u00f3n a mi comunicaci\u00f3n con los dem\u00e1s, con lo &#8216;diferente&#8217;, comenc\u00e9 a observarme a m\u00ed mismo y comenc\u00e9 a dialogar m\u00e1s amorosamente con algunas personas en mis relaciones. Las ideas que tuve fueron realmente fant\u00e1sticas y todav\u00eda lo son. Recomiendo. JJ Lupi, estoy muy agradecido por presentarme este equipo verdaderamente extraordinario. \u00a1Agradecido!\n\t\t\t<footer>\n\t\t\t\tJaqueline S.\n\t\t\t\t\t\t\t\t\t<span>\n\t\t\t\t\t\tRio de Janeiro, Brasil\t\t\t\t\t<\/span>\n\t\t\t\t\t\t\t<\/footer>\n\t\t<\/div>\n\t<\/div>\n<\/div>\n<div class=\"testimonial column \">\n\t<div class=\"testimonial-inner\">\n\t\t\n\t\t<div class=\"testimonial-content\">\n\t\t\t<div class=\"testimonial-rating\">\n\t\t\t\t<span class=\"star-rating\">\n\t\t\t\t\t<span style=\"width:100%\"><\/span>\n\t\t\t\t<\/span>\n\t\t\t<\/div>\n\n\t\t\tAs\u00ed es Jaqueline, el resultado es tan impresionante que las palabras no pueden describirlo&#8230;\n\t\t\t<footer>\n\t\t\t\tErgom\n\t\t\t\t\t\t\t\t\t<span>\n\t\t\t\t\t\tS\u00e3o Paulo, Brasil\t\t\t\t\t<\/span>\n\t\t\t\t\t\t\t<\/footer>\n\t\t<\/div>\n\t<\/div>\n<\/div>\n<div class=\"testimonial column \">\n\t<div class=\"testimonial-inner\">\n\t\t\n\t\t<div class=\"testimonial-content\">\n\t\t\t<div class=\"testimonial-rating\">\n\t\t\t\t<span class=\"star-rating\">\n\t\t\t\t\t<span style=\"width:100%\"><\/span>\n\t\t\t\t<\/span>\n\t\t\t<\/div>\n\n\t\t\tStress Symptom<br \/>\nDespu\u00e9s de la sesi\u00f3n de rectificaci\u00f3n del estr\u00e9s, tambi\u00e9n se realiz\u00f3 una sesi\u00f3n de activaci\u00f3n del metabolismo.<br \/>\nSent\u00ed una sensaci\u00f3n refrescante en el est\u00f3mago, de alivio y bienestar.<br \/>\nMi coraz\u00f3n estaba un poco acelerado y se volvi\u00f3 muy tranquilo.\n\t\t\t<footer>\n\t\t\t\tMaria\n\t\t\t\t\t\t\t\t\t<span>\n\t\t\t\t\t\tGramado, Brasil\t\t\t\t\t<\/span>\n\t\t\t\t\t\t\t<\/footer>\n\t\t<\/div>\n\t<\/div>\n<\/div>\n<div class=\"testimonial column \">\n\t<div class=\"testimonial-inner\">\n\t\t\n\t\t<div class=\"testimonial-content\">\n\t\t\t<div class=\"testimonial-rating\">\n\t\t\t\t<span class=\"star-rating\">\n\t\t\t\t\t<span style=\"width:100%\"><\/span>\n\t\t\t\t<\/span>\n\t\t\t<\/div>\n\n\t\t\tMe siento mejor&#8230;&#8230;&#8230;&#8230;<br \/>\nLa cabeza, emocional, la columna vertebral, la digesti\u00f3n y en general, \u00a1Ah, los m\u00fasculos de mis piernas son FUERTES! me pueden enviar la lista de minerales, vitaminas, etc. \u00bfque le falta a mi cuerpo?<br \/>\nY tambi\u00e9n los medicamentos indicados, para mi caso, homeopat\u00eda, fitoterapia, ortomolecular, etc.\n\t\t\t<footer>\n\t\t\t\tAfonso Inti\n\t\t\t\t\t\t\t\t\t<span>\n\t\t\t\t\t\tS\u00e3o Paulo, Brasil\t\t\t\t\t<\/span>\n\t\t\t\t\t\t\t<\/footer>\n\t\t<\/div>\n\t<\/div>\n<\/div>\n<div class=\"testimonial column \">\n\t<div class=\"testimonial-inner\">\n\t\t\n\t\t<div class=\"testimonial-content\">\n\t\t\t<div class=\"testimonial-rating\">\n\t\t\t\t<span class=\"star-rating\">\n\t\t\t\t\t<span style=\"width:100%\"><\/span>\n\t\t\t\t<\/span>\n\t\t\t<\/div>\n\n\t\t\tBueno, dorm\u00ed bien&#8230; con muchos sue\u00f1os todav\u00eda me despert\u00e9 un poco cansada, pero una diferencia&#8230;&#8230; me despert\u00e9 un poco cansada con la necesidad de quedarme otros 15 minutos en la cama&#8230;\n\t\t\t<footer>\n\t\t\t\tPaula\n\t\t\t\t\t\t\t\t\t<span>\n\t\t\t\t\t\tRio de Janeiro, Brasil\t\t\t\t\t<\/span>\n\t\t\t\t\t\t\t<\/footer>\n\t\t<\/div>\n\t<\/div>\n<\/div>\n<div class=\"testimonial column \">\n\t<div class=\"testimonial-inner\">\n\t\t\n\t\t<div class=\"testimonial-content\">\n\t\t\t<div class=\"testimonial-rating\">\n\t\t\t\t<span class=\"star-rating\">\n\t\t\t\t\t<span style=\"width:100%\"><\/span>\n\t\t\t\t<\/span>\n\t\t\t<\/div>\n\n\t\t\tPara su informaci\u00f3n, Melis est\u00e1 muy bien, ya no sinti\u00f3 ning\u00fan dolor en la columna ni en la pierna, vio lo grande que es el SCIO.\n\t\t\t<footer>\n\t\t\t\tRosinei\n\t\t\t\t\t\t\t\t\t<span>\n\t\t\t\t\t\tJoinville, Brasil\t\t\t\t\t<\/span>\n\t\t\t\t\t\t\t<\/footer>\n\t\t<\/div>\n\t<\/div>\n<\/div>\n<div class=\"testimonial column \">\n\t<div class=\"testimonial-inner\">\n\t\t\n\t\t<div class=\"testimonial-content\">\n\t\t\t<div class=\"testimonial-rating\">\n\t\t\t\t<span class=\"star-rating\">\n\t\t\t\t\t<span style=\"width:100%\"><\/span>\n\t\t\t\t<\/span>\n\t\t\t<\/div>\n\n\t\t\tPero les digo que hasta ahora los resultados conmigo han sido mucho m\u00e1s all\u00e1 de lo que mi entendimiento pod\u00eda ver. Estoy muy agradecido con \u00e9l por traerme esta maravillosa oportunidad. Ah, mi sobrino nieto que naci\u00f3 prematuro y estuvo en la UCI neonatal con problemas respiratorios, se benefici\u00f3 r\u00e1pida y efectivamente en mejorar su condici\u00f3n cl\u00ednica con una sesi\u00f3n a distancia.\n\t\t\t<footer>\n\t\t\t\tCardi\u00f3logo Identificado\n\t\t\t\t\t\t\t\t\t<span>\n\t\t\t\t\t\tPernanbuco, Brasil\t\t\t\t\t<\/span>\n\t\t\t\t\t\t\t<\/footer>\n\t\t<\/div>\n\t<\/div>\n<\/div>\n<div class=\"testimonial column \">\n\t<div class=\"testimonial-inner\">\n\t\t\n\t\t<div class=\"testimonial-content\">\n\t\t\t<div class=\"testimonial-rating\">\n\t\t\t\t<span class=\"star-rating\">\n\t\t\t\t\t<span style=\"width:100%\"><\/span>\n\t\t\t\t<\/span>\n\t\t\t<\/div>\n\n\t\t\tComo estaba de acuerdo, te escribo este correo para informarte de la evoluci\u00f3n despu\u00e9s de la consulta&#8230;<br \/>\nSin embargo, ya he perdido unos 6 kg, lo que me parece bastante bien, teniendo en cuenta que solo ha sido el resultado de una dieta m\u00e1s sana y regulada.<br \/>\nEn cuanto a los dolores, tambi\u00e9n disminuyeron pero no desaparecieron por completo, aunque sigo tomando la medicaci\u00f3n que tomaba antes y no me dio buenos resultados. Tambi\u00e9n he estado sintiendo algo de falta de fuerza en la pierna izquierda, algo que no me quita el sue\u00f1o pero me da que pensar. Cual es su opinion Dr.?<br \/>\nEspero su opinion y lo mas severo \u00abtal dieta\u00bb&#8230;<br \/>\nUn abrazo y muchas gracias por su ayuda,\n\t\t\t<footer>\n\t\t\t\tLu\u00eds\n\t\t\t\t\t\t\t\t\t<span>\n\t\t\t\t\t\tEstoril, Portugal\t\t\t\t\t<\/span>\n\t\t\t\t\t\t\t<\/footer>\n\t\t<\/div>\n\t<\/div>\n<\/div>\n<div class=\"testimonial column \">\n\t<div class=\"testimonial-inner\">\n\t\t\n\t\t<div class=\"testimonial-content\">\n\t\t\t<div class=\"testimonial-rating\">\n\t\t\t\t<span class=\"star-rating\">\n\t\t\t\t\t<span style=\"width:100%\"><\/span>\n\t\t\t\t<\/span>\n\t\t\t<\/div>\n\n\t\t\tDespu\u00e9s de la consulta de ayer dorm\u00ed muy bien y hoy he estado m\u00e1s tranquila y de mejor humor.\n\t\t\t<footer>\n\t\t\t\tLuisa\n\t\t\t\t\t\t\t\t\t<span>\n\t\t\t\t\t\tLisboa, Portugal\t\t\t\t\t<\/span>\n\t\t\t\t\t\t\t<\/footer>\n\t\t<\/div>\n\t<\/div>\n<\/div>\n<div class=\"testimonial column \">\n\t<div class=\"testimonial-inner\">\n\t\t\n\t\t<div class=\"testimonial-content\">\n\t\t\t<div class=\"testimonial-rating\">\n\t\t\t\t<span class=\"star-rating\">\n\t\t\t\t\t<span style=\"width:100%\"><\/span>\n\t\t\t\t<\/span>\n\t\t\t<\/div>\n\n\t\t\tQuiero hacerles saber que me siento mucho mejor despu\u00e9s de la evaluaci\u00f3n que hice con el SCIO en el Hotel Dorisol.<br \/>\nEstoy impresionado con los cambios. Siento que necesito un regreso.<br \/>\nMe gustar\u00eda saber cu\u00e1ndo regresas para que me puedan ver de nuevo.\n\t\t\t<footer>\n\t\t\t\tFatima\n\t\t\t\t\t\t\t\t\t<span>\n\t\t\t\t\t\tRecife, Brasil\t\t\t\t\t<\/span>\n\t\t\t\t\t\t\t<\/footer>\n\t\t<\/div>\n\t<\/div>\n<\/div>\n<div class=\"testimonial column \">\n\t<div class=\"testimonial-inner\">\n\t\t\n\t\t<div class=\"testimonial-content\">\n\t\t\t<div class=\"testimonial-rating\">\n\t\t\t\t<span class=\"star-rating\">\n\t\t\t\t\t<span style=\"width:100%\"><\/span>\n\t\t\t\t<\/span>\n\t\t\t<\/div>\n\n\t\t\tUna forma r\u00e1pida y eficaz de mejorar su estado cl\u00ednico con una sesi\u00f3n remota.\n\t\t\t<footer>\n\t\t\t\tCardi\u00f3logo Identific\u00f3\n\t\t\t\t\t\t\t\t\t<span>\n\t\t\t\t\t\tNordeste, Brasil\t\t\t\t\t<\/span>\n\t\t\t\t\t\t\t<\/footer>\n\t\t<\/div>\n\t<\/div>\n<\/div>\n<div class=\"testimonial column \">\n\t<div class=\"testimonial-inner\">\n\t\t\n\t\t<div class=\"testimonial-content\">\n\t\t\t<div class=\"testimonial-rating\">\n\t\t\t\t<span class=\"star-rating\">\n\t\t\t\t\t<span style=\"width:100%\"><\/span>\n\t\t\t\t<\/span>\n\t\t\t<\/div>\n\n\t\t\tHola Lupi. Bueno mi experiencia fue muy positiva. Realmente no conoc\u00eda esta t\u00e9cnica y no sab\u00eda a lo que me expon\u00eda, ( pero iba con la mente abierta). Sal\u00ed de la consulta muy relajada, me sent\u00ed muy agusto el trato recibido fue de 10. Ya han pasado tres d\u00edas y me noto m\u00e1s relajada y menos estresada, parece que me tomo las cosas con m\u00e1s calma y llevo 2 d\u00edas durmiendo, cosa que ultimamente no hac\u00eda. Se que me quedan trabajar cosas y mejorarlas. Con el tiempo me gustar\u00eda volver ns quedaron cosas pendiente \u263a\ufe0f. Muchas gracias por todo.\n\t\t\t<footer>\n\t\t\t\tVanessa Marbella\n\t\t\t\t\t\t\t\t\t<span>\n\t\t\t\t\t\tS\u00e3o Paulo, Brasil\t\t\t\t\t<\/span>\n\t\t\t\t\t\t\t<\/footer>\n\t\t<\/div>\n\t<\/div>\n<\/div>\t\t\t\t<\/div>\n\t\t\t<\/div>\n\t\t[\/vc_column][\/vc_row]<\/p>\n<\/section>","protected":false},"excerpt":{"rendered":"<p>[vc_row css=\u00bb.vc_custom_1475592307239{margin-bottom: 50px !important;}\u00bb][vc_column][\/vc_column][\/vc_row]<\/p>\n","protected":false},"author":1,"featured_media":0,"parent":0,"menu_order":0,"comment_status":"closed","ping_status":"closed","template":"","meta":{"footnotes":""},"class_list":["post-7767","page","type-page","status-publish","hentry"],"yoast_head":"<!-- This site is optimized with the Yoast SEO plugin v20.11 - https:\/\/yoast.com\/wordpress\/plugins\/seo\/ -->\n<title>Testimonios y Resultados - neuroquantum<\/title>\n<meta name=\"robots\" content=\"index, follow, max-snippet:-1, max-image-preview:large, max-video-preview:-1\" \/>\n<link rel=\"canonical\" href=\"https:\/\/neuroquantum.com\/es\/testimonios-y-resultados\/\" \/>\n<meta property=\"og:locale\" content=\"es_ES\" \/>\n<meta property=\"og:type\" content=\"article\" \/>\n<meta property=\"og:title\" content=\"Testimonios y Resultados - neuroquantum\" \/>\n<meta property=\"og:description\" content=\"[vc_row css=\u00bb.vc_custom_1475592307239{margin-bottom: 50px !important;}\u00bb][vc_column][\/vc_column][\/vc_row]\" \/>\n<meta property=\"og:url\" content=\"https:\/\/neuroquantum.com\/es\/testimonios-y-resultados\/\" \/>\n<meta property=\"og:site_name\" content=\"neuroquantum\" \/>\n<meta property=\"article:modified_time\" content=\"2023-08-01T14:45:29+00:00\" \/>\n<meta name=\"twitter:card\" content=\"summary_large_image\" \/>\n<meta name=\"twitter:label1\" content=\"Tiempo de lectura\" \/>\n\t<meta name=\"twitter:data1\" content=\"4 minutos\" \/>\n<script type=\"application\/ld+json\" class=\"yoast-schema-graph\">{\"@context\":\"https:\/\/schema.org\",\"@graph\":[{\"@type\":\"WebPage\",\"@id\":\"https:\/\/neuroquantum.com\/es\/testimonios-y-resultados\/\",\"url\":\"https:\/\/neuroquantum.com\/es\/testimonios-y-resultados\/\",\"name\":\"Testimonios y Resultados - neuroquantum\",\"isPartOf\":{\"@id\":\"https:\/\/neuroquantum.com\/#website\"},\"datePublished\":\"2021-11-11T18:02:06+00:00\",\"dateModified\":\"2023-08-01T14:45:29+00:00\",\"breadcrumb\":{\"@id\":\"https:\/\/neuroquantum.com\/es\/testimonios-y-resultados\/#breadcrumb\"},\"inLanguage\":\"es\",\"potentialAction\":[{\"@type\":\"ReadAction\",\"target\":[\"https:\/\/neuroquantum.com\/es\/testimonios-y-resultados\/\"]}]},{\"@type\":\"BreadcrumbList\",\"@id\":\"https:\/\/neuroquantum.com\/es\/testimonios-y-resultados\/#breadcrumb\",\"itemListElement\":[{\"@type\":\"ListItem\",\"position\":1,\"name\":\"In\u00edcio\",\"item\":\"https:\/\/neuroquantum.com\/es\/\"},{\"@type\":\"ListItem\",\"position\":2,\"name\":\"Testimonios y Resultados\"}]},{\"@type\":\"WebSite\",\"@id\":\"https:\/\/neuroquantum.com\/#website\",\"url\":\"https:\/\/neuroquantum.com\/\",\"name\":\"neuroquantum\",\"description\":\"Medicinas Tradicionais e Tecnologias Qu\u00e2nticas de Biofeedback e Bioreson\u00e2ncia.\",\"publisher\":{\"@id\":\"https:\/\/neuroquantum.com\/#organization\"},\"potentialAction\":[{\"@type\":\"SearchAction\",\"target\":{\"@type\":\"EntryPoint\",\"urlTemplate\":\"https:\/\/neuroquantum.com\/?s={search_term_string}\"},\"query-input\":\"required name=search_term_string\"}],\"inLanguage\":\"es\"},{\"@type\":\"Organization\",\"@id\":\"https:\/\/neuroquantum.com\/#organization\",\"name\":\"neuroquantum\",\"url\":\"https:\/\/neuroquantum.com\/\",\"logo\":{\"@type\":\"ImageObject\",\"inLanguage\":\"es\",\"@id\":\"https:\/\/neuroquantum.com\/#\/schema\/logo\/image\/\",\"url\":\"https:\/\/neuroquantum.com\/wp-content\/uploads\/2023\/03\/neuro-novo-logo.png\",\"contentUrl\":\"https:\/\/neuroquantum.com\/wp-content\/uploads\/2023\/03\/neuro-novo-logo.png\",\"width\":708,\"height\":215,\"caption\":\"neuroquantum\"},\"image\":{\"@id\":\"https:\/\/neuroquantum.com\/#\/schema\/logo\/image\/\"}}]}<\/script>\n<!-- \/ Yoast SEO plugin. -->","yoast_head_json":{"title":"Testimonios y Resultados - neuroquantum","robots":{"index":"index","follow":"follow","max-snippet":"max-snippet:-1","max-image-preview":"max-image-preview:large","max-video-preview":"max-video-preview:-1"},"canonical":"https:\/\/neuroquantum.com\/es\/testimonios-y-resultados\/","og_locale":"es_ES","og_type":"article","og_title":"Testimonios y Resultados - neuroquantum","og_description":"[vc_row css=\u00bb.vc_custom_1475592307239{margin-bottom: 50px !important;}\u00bb][vc_column][\/vc_column][\/vc_row]","og_url":"https:\/\/neuroquantum.com\/es\/testimonios-y-resultados\/","og_site_name":"neuroquantum","article_modified_time":"2023-08-01T14:45:29+00:00","twitter_card":"summary_large_image","twitter_misc":{"Tiempo de lectura":"4 minutos"},"schema":{"@context":"https:\/\/schema.org","@graph":[{"@type":"WebPage","@id":"https:\/\/neuroquantum.com\/es\/testimonios-y-resultados\/","url":"https:\/\/neuroquantum.com\/es\/testimonios-y-resultados\/","name":"Testimonios y Resultados - neuroquantum","isPartOf":{"@id":"https:\/\/neuroquantum.com\/#website"},"datePublished":"2021-11-11T18:02:06+00:00","dateModified":"2023-08-01T14:45:29+00:00","breadcrumb":{"@id":"https:\/\/neuroquantum.com\/es\/testimonios-y-resultados\/#breadcrumb"},"inLanguage":"es","potentialAction":[{"@type":"ReadAction","target":["https:\/\/neuroquantum.com\/es\/testimonios-y-resultados\/"]}]},{"@type":"BreadcrumbList","@id":"https:\/\/neuroquantum.com\/es\/testimonios-y-resultados\/#breadcrumb","itemListElement":[{"@type":"ListItem","position":1,"name":"In\u00edcio","item":"https:\/\/neuroquantum.com\/es\/"},{"@type":"ListItem","position":2,"name":"Testimonios y Resultados"}]},{"@type":"WebSite","@id":"https:\/\/neuroquantum.com\/#website","url":"https:\/\/neuroquantum.com\/","name":"neuroquantum","description":"Medicinas Tradicionais e Tecnologias Qu\u00e2nticas de Biofeedback e Bioreson\u00e2ncia.","publisher":{"@id":"https:\/\/neuroquantum.com\/#organization"},"potentialAction":[{"@type":"SearchAction","target":{"@type":"EntryPoint","urlTemplate":"https:\/\/neuroquantum.com\/?s={search_term_string}"},"query-input":"required name=search_term_string"}],"inLanguage":"es"},{"@type":"Organization","@id":"https:\/\/neuroquantum.com\/#organization","name":"neuroquantum","url":"https:\/\/neuroquantum.com\/","logo":{"@type":"ImageObject","inLanguage":"es","@id":"https:\/\/neuroquantum.com\/#\/schema\/logo\/image\/","url":"https:\/\/neuroquantum.com\/wp-content\/uploads\/2023\/03\/neuro-novo-logo.png","contentUrl":"https:\/\/neuroquantum.com\/wp-content\/uploads\/2023\/03\/neuro-novo-logo.png","width":708,"height":215,"caption":"neuroquantum"},"image":{"@id":"https:\/\/neuroquantum.com\/#\/schema\/logo\/image\/"}}]}},"_links":{"self":[{"href":"https:\/\/neuroquantum.com\/es\/wp-json\/wp\/v2\/pages\/7767","targetHints":{"allow":["GET"]}}],"collection":[{"href":"https:\/\/neuroquantum.com\/es\/wp-json\/wp\/v2\/pages"}],"about":[{"href":"https:\/\/neuroquantum.com\/es\/wp-json\/wp\/v2\/types\/page"}],"author":[{"embeddable":true,"href":"https:\/\/neuroquantum.com\/es\/wp-json\/wp\/v2\/users\/1"}],"replies":[{"embeddable":true,"href":"https:\/\/neuroquantum.com\/es\/wp-json\/wp\/v2\/comments?post=7767"}],"version-history":[{"count":2,"href":"https:\/\/neuroquantum.com\/es\/wp-json\/wp\/v2\/pages\/7767\/revisions"}],"predecessor-version":[{"id":7776,"href":"https:\/\/neuroquantum.com\/es\/wp-json\/wp\/v2\/pages\/7767\/revisions\/7776"}],"wp:attachment":[{"href":"https:\/\/neuroquantum.com\/es\/wp-json\/wp\/v2\/media?parent=7767"}],"curies":[{"name":"wp","href":"https:\/\/api.w.org\/{rel}","templated":true}]}}