{"id":7833,"date":"2021-08-25T09:00:10","date_gmt":"2021-08-25T09:00:10","guid":{"rendered":"https:\/\/neuroquantum.com\/contactos\/"},"modified":"2023-08-01T15:33:18","modified_gmt":"2023-08-01T15:33:18","slug":"contactos","status":"publish","type":"page","link":"https:\/\/neuroquantum.com\/es\/contactos\/","title":{"rendered":"Contactos"},"content":{"rendered":"<section class=\"wpb-content-wrapper\"><p>[vc_row equal_height=\u00bbyes\u00bb css_animation=\u00bbnone\u00bb css=\u00bb.vc_custom_1496926452255{margin-right: -50px !important;margin-left: -50px !important;}\u00bb][vc_column css=\u00bb.vc_custom_1496927710186{border-right-width: 1px !important;padding-top: 20px !important;padding-right: 50px !important;padding-bottom: 10px !important;padding-left: 50px !important;border-right-color: #e8e8e8 !important;border-right-style: solid !important;}\u00bb offset=\u00bbvc_col-lg-6 vc_col-md-6&#8243;]\n\t\t<div id=\"wd-64c9255f1be10\" class=\"title-wrapper wd-wpb set-mb-s reset-last-child  wd-rs-64c9255f1be10 wd-title-color-default wd-title-style-default text-left  wd-underline-colored\">\n\t\t\t\n\t\t\t<div class=\"liner-continer\">\n\t\t\t\t<h4 class=\"woodmart-title-container title  wd-font-weight-700 wd-fontsize-m\" >Cont\u00e1ctenos para propuestas, ofertas, modelos, valores y condiciones:<\/h4>\n\t\t\t\t\t\t\t<\/div>\n\t\t\t\n\t\t\t\n\t\t\t\n\t\t<\/div>\n\t\t\n\t\t[vc_column_text woodmart_inline=\u00bbno\u00bb text_larger=\u00bbno\u00bb]<a id=\"LPlnk905082\" href=\"mailto:geral.neuroquantum@gmail.com\" target=\"_blank\" rel=\"noopener noreferrer\" data-auth=\"NotApplicable\" data-safelink=\"true\" data-linkindex=\"0\">geral.<span class=\"mark39m367oxb\" data-markjs=\"true\" data-ogac=\"\" data-ogab=\"\" data-ogsc=\"\" data-ogsb=\"\">neuroquantum<\/span>@gmail.com<\/a><\/p>\n<p>La Red Internacional de Profesionales de esta Plataforma, est\u00e1 presente en 3 continentes:<\/p>\n<h4>Europa (con Whatsapp)<\/h4>\n<p><strong>Portugal:<\/strong> (+351) 91 22 88 669<br \/>\n<strong>Espa\u00f1a:<\/strong> (+34) 617 917 160<\/p>\n<h4>Am\u00e9rica Latina:<\/h4>\n<p><strong>Brasil:<\/strong> (+55) 21. 99839 -1988<br \/>\n<strong>M\u00e9xico:<\/strong> (+52) 55 3075 1324<\/p>\n<h4>Asia:<\/h4>\n<p><strong>Macao:<\/strong> (+853) 6241.8688<br \/>\n<strong>China:<\/strong> (+86) 13260206241<\/p>\n<p><strong>S\u00edguenos aqu\u00ed:<\/strong><\/p>\n<p><a href=\"https:\/\/www.facebook.com\/Institutoneuroquantum\" target=\"_blank\" rel=\"noopener\"><img loading=\"lazy\" decoding=\"async\" class=\"alignnone wp-image-7710 size-full\" src=\"https:\/\/neuroquantum.com\/wp-content\/uploads\/2023\/06\/facebook-17.png\" alt=\"\" width=\"32\" height=\"32\" \/><\/a> \u00a0\u00a0<a href=\"https:\/\/www.instagram.com\/scio_internacional_oficial\/\" target=\"_blank\" rel=\"noopener\"><img loading=\"lazy\" decoding=\"async\" class=\"alignnone wp-image-7711 size-full\" src=\"https:\/\/neuroquantum.com\/wp-content\/uploads\/2023\/06\/instagram-17.png\" alt=\"\" width=\"32\" height=\"32\" \/><\/a> \u00a0\u00a0<a href=\"https:\/\/www.linkedin.com\/in\/jj-lupi-0b27ba19b\/\" target=\"_blank\" rel=\"noopener\"><img loading=\"lazy\" decoding=\"async\" class=\"alignnone wp-image-7712 size-full\" src=\"https:\/\/neuroquantum.com\/wp-content\/uploads\/2023\/06\/linkedin-7.png\" alt=\"\" width=\"32\" height=\"32\" \/><\/a>[\/vc_column_text][\/vc_column][vc_column css=\u00bb.vc_custom_1496927688909{padding-top: 20px !important;padding-right: 50px !important;padding-bottom: 10px !important;padding-left: 50px !important;}\u00bb offset=\u00bbvc_col-lg-6 vc_col-md-6&#8243;]\n\t\t<div id=\"wd-64c9259f50b29\" class=\"title-wrapper wd-wpb set-mb-s reset-last-child  wd-rs-64c9259f50b29 wd-title-color-default wd-title-style-default text-left  wd-underline-colored\">\n\t\t\t\n\t\t\t<div class=\"liner-continer\">\n\t\t\t\t<h4 class=\"woodmart-title-container title  wd-font-weight- wd-fontsize-l\" >Inscripci\u00f3n en Cursos - Informaci\u00f3n sobre Equipos - Reserva de Citas<\/h4>\n\t\t\t\t\t\t\t<\/div>\n\t\t\t\n\t\t\t\n\t\t\t\n\t\t<\/div>\n\t\t\n\t\t\n<div class=\"wpcf7 no-js\" id=\"wpcf7-f1938-o1\" lang=\"en-US\" dir=\"ltr\">\n<div class=\"screen-reader-response\"><p role=\"status\" aria-live=\"polite\" aria-atomic=\"true\"><\/p> <ul><\/ul><\/div>\n<form action=\"\/es\/wp-json\/wp\/v2\/pages\/7833#wpcf7-f1938-o1\" method=\"post\" class=\"wpcf7-form init\" aria-label=\"Contact form\" novalidate=\"novalidate\" data-status=\"init\">\n<div style=\"display: none;\">\n<input type=\"hidden\" name=\"_wpcf7\" value=\"1938\" \/>\n<input type=\"hidden\" name=\"_wpcf7_version\" value=\"5.7.7\" \/>\n<input type=\"hidden\" name=\"_wpcf7_locale\" value=\"en_US\" \/>\n<input type=\"hidden\" name=\"_wpcf7_unit_tag\" value=\"wpcf7-f1938-o1\" \/>\n<input type=\"hidden\" name=\"_wpcf7_container_post\" value=\"0\" \/>\n<input type=\"hidden\" name=\"_wpcf7_posted_data_hash\" value=\"\" \/>\n<input type=\"hidden\" name=\"_wpcf7_recaptcha_response\" value=\"\" \/>\n<\/div>\n<div class=\"row\">\n\t<p class=\"col-md-6\"><label>Nombre<\/label><span class=\"wpcf7-form-control-wrap\" data-name=\"your-name\"><input size=\"40\" class=\"wpcf7-form-control wpcf7-text wpcf7-validates-as-required\" aria-required=\"true\" aria-invalid=\"false\" value=\"\" type=\"text\" name=\"your-name\" \/><\/span>\n\t<\/p>\n\t<p class=\"col-md-6\"><label>Apellido<\/label><span class=\"wpcf7-form-control-wrap\" data-name=\"text-1\"><input size=\"40\" class=\"wpcf7-form-control wpcf7-text\" aria-invalid=\"false\" value=\"\" type=\"text\" name=\"text-1\" \/><\/span>\n\t<\/p>\n<\/div>\n<div class=\"row\">\n\t<p class=\"col-md-6\"><label>Tel\u00e9fono<\/label><span class=\"wpcf7-form-control-wrap\" data-name=\"tel-767\"><input size=\"40\" class=\"wpcf7-form-control wpcf7-text wpcf7-tel wpcf7-validates-as-tel\" aria-invalid=\"false\" value=\"\" type=\"tel\" name=\"tel-767\" \/><\/span>\n\t<\/p>\n\t<p class=\"col-md-6\"><label>Correo Electr\u00f3nico<\/label><span class=\"wpcf7-form-control-wrap\" data-name=\"your-email\"><input size=\"40\" class=\"wpcf7-form-control wpcf7-text wpcf7-email wpcf7-validates-as-required wpcf7-validates-as-email\" aria-required=\"true\" aria-invalid=\"false\" value=\"\" type=\"email\" name=\"your-email\" \/><\/span>\n\t<\/p>\n<\/div>\n<div class=\"row\">\n\t<p class=\"col-md-6\"><span class=\"wpcf7-form-control-wrap\" data-name=\"menu-405\"><select class=\"wpcf7-form-control wpcf7-select wpcf7-validates-as-required\" aria-required=\"true\" aria-invalid=\"false\" name=\"menu-405\"><option value=\"\">Interesado en:<\/option><option value=\"Equipo de Biorretroalimentaci\u00f3n\">Equipo de Biorretroalimentaci\u00f3n<\/option><option value=\"Equipos de Biorresonancia\">Equipos de Biorresonancia<\/option><option value=\"Equipo Life Expert 3.0\">Equipo Life Expert 3.0<\/option><option value=\"Equipo de Belleza de Vida\">Equipo de Belleza de Vida<\/option><option value=\"Otro Equipo\">Otro Equipo<\/option><option value=\"Otros equipos de medicina energ\u00e9tica\">Otros equipos de medicina energ\u00e9tica<\/option><option value=\"Consultas personales\">Consultas personales<\/option><option value=\"Sesiones de grupo\">Sesiones de grupo<\/option><option value=\"Formaci\u00f3n en Medicina Cu\u00e1ntica\">Formaci\u00f3n en Medicina Cu\u00e1ntica<\/option><option value=\"Formaci\u00f3n en PNL, Coaching\">Formaci\u00f3n en PNL, Coaching<\/option><option value=\"Certificaci\u00f3n como profesional\">Certificaci\u00f3n como profesional<\/option><option value=\"Publicaciones, Libros, Estudios\">Publicaciones, Libros, Estudios<\/option><\/select><\/span>\n\t<\/p>\n\t<p class=\"col-md-6\"><span class=\"wpcf7-form-control-wrap\" data-name=\"menu-404\"><select class=\"wpcf7-form-control wpcf7-select wpcf7-validates-as-required\" aria-required=\"true\" aria-invalid=\"false\" name=\"menu-404\"><option value=\"\">\u00bfDispones de equipos de Medicina Energ\u00e9tica?<\/option><option value=\"Si\">Si<\/option><option value=\"No\">No<\/option><\/select><\/span>\n\t<\/p>\n<\/div>\n<p><span class=\"wpcf7-form-control-wrap\" data-name=\"text-985\"><input size=\"40\" class=\"wpcf7-form-control wpcf7-text wpcf7-validates-as-required\" aria-required=\"true\" aria-invalid=\"false\" placeholder=\"\u00bfCu\u00e1l es su nivel actual de educaci\u00f3n o pr\u00e1ctica profesional?\" value=\"\" type=\"text\" name=\"text-985\" \/><\/span>\n<\/p>\n<p><input class=\"wpcf7-form-control has-spinner wpcf7-submit btn-color-black\" type=\"submit\" value=\"MANDAR\" \/>\n<\/p><div class=\"wpcf7-response-output\" aria-hidden=\"true\"><\/div>\n<\/form>\n<\/div>\n[\/vc_column][\/vc_row]<\/p>\n<\/section>","protected":false},"excerpt":{"rendered":"<p>[vc_row equal_height=\u00bbyes\u00bb css_animation=\u00bbnone\u00bb css=\u00bb.vc_custom_1496926452255{margin-right: -50px !important;margin-left: -50px !important;}\u00bb][vc_column css=\u00bb.vc_custom_1496927710186{border-right-width: 1px !important;padding-top: 20px !important;padding-right: 50px !important;padding-bottom: 10px !important;padding-left: 50px !important;border-right-color: #e8e8e8<\/p>\n","protected":false},"author":1,"featured_media":0,"parent":0,"menu_order":0,"comment_status":"closed","ping_status":"closed","template":"","meta":{"footnotes":""},"class_list":["post-7833","page","type-page","status-publish","hentry"],"yoast_head":"<!-- This site is optimized with the Yoast SEO plugin v20.11 - https:\/\/yoast.com\/wordpress\/plugins\/seo\/ -->\n<title>Contactos - neuroquantum<\/title>\n<meta name=\"robots\" content=\"index, follow, max-snippet:-1, max-image-preview:large, max-video-preview:-1\" \/>\n<link rel=\"canonical\" href=\"https:\/\/neuroquantum.com\/es\/contactos\/\" \/>\n<meta property=\"og:locale\" content=\"es_ES\" \/>\n<meta property=\"og:type\" content=\"article\" \/>\n<meta property=\"og:title\" content=\"Contactos - neuroquantum\" \/>\n<meta property=\"og:description\" content=\"[vc_row equal_height=\u00bbyes\u00bb css_animation=\u00bbnone\u00bb css=\u00bb.vc_custom_1496926452255{margin-right: -50px !important;margin-left: -50px !important;}\u00bb][vc_column css=\u00bb.vc_custom_1496927710186{border-right-width: 1px !important;padding-top: 20px !important;padding-right: 50px !important;padding-bottom: 10px !important;padding-left: 50px !important;border-right-color: #e8e8e8\" \/>\n<meta property=\"og:url\" content=\"https:\/\/neuroquantum.com\/es\/contactos\/\" \/>\n<meta property=\"og:site_name\" content=\"neuroquantum\" \/>\n<meta property=\"article:modified_time\" content=\"2023-08-01T15:33:18+00:00\" \/>\n<meta property=\"og:image\" content=\"https:\/\/neuroquantum.com\/wp-content\/uploads\/2023\/06\/facebook-17.png\" \/>\n<meta name=\"twitter:card\" content=\"summary_large_image\" \/>\n<meta name=\"twitter:label1\" content=\"Tiempo de lectura\" \/>\n\t<meta name=\"twitter:data1\" content=\"2 minutos\" \/>\n<script type=\"application\/ld+json\" class=\"yoast-schema-graph\">{\"@context\":\"https:\/\/schema.org\",\"@graph\":[{\"@type\":\"WebPage\",\"@id\":\"https:\/\/neuroquantum.com\/es\/contactos\/\",\"url\":\"https:\/\/neuroquantum.com\/es\/contactos\/\",\"name\":\"Contactos - neuroquantum\",\"isPartOf\":{\"@id\":\"https:\/\/neuroquantum.com\/#website\"},\"datePublished\":\"2021-08-25T09:00:10+00:00\",\"dateModified\":\"2023-08-01T15:33:18+00:00\",\"breadcrumb\":{\"@id\":\"https:\/\/neuroquantum.com\/es\/contactos\/#breadcrumb\"},\"inLanguage\":\"es\",\"potentialAction\":[{\"@type\":\"ReadAction\",\"target\":[\"https:\/\/neuroquantum.com\/es\/contactos\/\"]}]},{\"@type\":\"BreadcrumbList\",\"@id\":\"https:\/\/neuroquantum.com\/es\/contactos\/#breadcrumb\",\"itemListElement\":[{\"@type\":\"ListItem\",\"position\":1,\"name\":\"In\u00edcio\",\"item\":\"https:\/\/neuroquantum.com\/es\/\"},{\"@type\":\"ListItem\",\"position\":2,\"name\":\"Contactos\"}]},{\"@type\":\"WebSite\",\"@id\":\"https:\/\/neuroquantum.com\/#website\",\"url\":\"https:\/\/neuroquantum.com\/\",\"name\":\"neuroquantum\",\"description\":\"Medicinas Tradicionais e Tecnologias Qu\u00e2nticas de Biofeedback e Bioreson\u00e2ncia.\",\"publisher\":{\"@id\":\"https:\/\/neuroquantum.com\/#organization\"},\"potentialAction\":[{\"@type\":\"SearchAction\",\"target\":{\"@type\":\"EntryPoint\",\"urlTemplate\":\"https:\/\/neuroquantum.com\/?s={search_term_string}\"},\"query-input\":\"required name=search_term_string\"}],\"inLanguage\":\"es\"},{\"@type\":\"Organization\",\"@id\":\"https:\/\/neuroquantum.com\/#organization\",\"name\":\"neuroquantum\",\"url\":\"https:\/\/neuroquantum.com\/\",\"logo\":{\"@type\":\"ImageObject\",\"inLanguage\":\"es\",\"@id\":\"https:\/\/neuroquantum.com\/#\/schema\/logo\/image\/\",\"url\":\"https:\/\/neuroquantum.com\/wp-content\/uploads\/2023\/03\/neuro-novo-logo.png\",\"contentUrl\":\"https:\/\/neuroquantum.com\/wp-content\/uploads\/2023\/03\/neuro-novo-logo.png\",\"width\":708,\"height\":215,\"caption\":\"neuroquantum\"},\"image\":{\"@id\":\"https:\/\/neuroquantum.com\/#\/schema\/logo\/image\/\"}}]}<\/script>\n<!-- \/ Yoast SEO plugin. -->","yoast_head_json":{"title":"Contactos - neuroquantum","robots":{"index":"index","follow":"follow","max-snippet":"max-snippet:-1","max-image-preview":"max-image-preview:large","max-video-preview":"max-video-preview:-1"},"canonical":"https:\/\/neuroquantum.com\/es\/contactos\/","og_locale":"es_ES","og_type":"article","og_title":"Contactos - neuroquantum","og_description":"[vc_row equal_height=\u00bbyes\u00bb css_animation=\u00bbnone\u00bb css=\u00bb.vc_custom_1496926452255{margin-right: -50px !important;margin-left: -50px !important;}\u00bb][vc_column css=\u00bb.vc_custom_1496927710186{border-right-width: 1px !important;padding-top: 20px !important;padding-right: 50px !important;padding-bottom: 10px !important;padding-left: 50px !important;border-right-color: #e8e8e8","og_url":"https:\/\/neuroquantum.com\/es\/contactos\/","og_site_name":"neuroquantum","article_modified_time":"2023-08-01T15:33:18+00:00","og_image":[{"url":"https:\/\/neuroquantum.com\/wp-content\/uploads\/2023\/06\/facebook-17.png"}],"twitter_card":"summary_large_image","twitter_misc":{"Tiempo de lectura":"2 minutos"},"schema":{"@context":"https:\/\/schema.org","@graph":[{"@type":"WebPage","@id":"https:\/\/neuroquantum.com\/es\/contactos\/","url":"https:\/\/neuroquantum.com\/es\/contactos\/","name":"Contactos - neuroquantum","isPartOf":{"@id":"https:\/\/neuroquantum.com\/#website"},"datePublished":"2021-08-25T09:00:10+00:00","dateModified":"2023-08-01T15:33:18+00:00","breadcrumb":{"@id":"https:\/\/neuroquantum.com\/es\/contactos\/#breadcrumb"},"inLanguage":"es","potentialAction":[{"@type":"ReadAction","target":["https:\/\/neuroquantum.com\/es\/contactos\/"]}]},{"@type":"BreadcrumbList","@id":"https:\/\/neuroquantum.com\/es\/contactos\/#breadcrumb","itemListElement":[{"@type":"ListItem","position":1,"name":"In\u00edcio","item":"https:\/\/neuroquantum.com\/es\/"},{"@type":"ListItem","position":2,"name":"Contactos"}]},{"@type":"WebSite","@id":"https:\/\/neuroquantum.com\/#website","url":"https:\/\/neuroquantum.com\/","name":"neuroquantum","description":"Medicinas Tradicionais e Tecnologias Qu\u00e2nticas de Biofeedback e Bioreson\u00e2ncia.","publisher":{"@id":"https:\/\/neuroquantum.com\/#organization"},"potentialAction":[{"@type":"SearchAction","target":{"@type":"EntryPoint","urlTemplate":"https:\/\/neuroquantum.com\/?s={search_term_string}"},"query-input":"required name=search_term_string"}],"inLanguage":"es"},{"@type":"Organization","@id":"https:\/\/neuroquantum.com\/#organization","name":"neuroquantum","url":"https:\/\/neuroquantum.com\/","logo":{"@type":"ImageObject","inLanguage":"es","@id":"https:\/\/neuroquantum.com\/#\/schema\/logo\/image\/","url":"https:\/\/neuroquantum.com\/wp-content\/uploads\/2023\/03\/neuro-novo-logo.png","contentUrl":"https:\/\/neuroquantum.com\/wp-content\/uploads\/2023\/03\/neuro-novo-logo.png","width":708,"height":215,"caption":"neuroquantum"},"image":{"@id":"https:\/\/neuroquantum.com\/#\/schema\/logo\/image\/"}}]}},"_links":{"self":[{"href":"https:\/\/neuroquantum.com\/es\/wp-json\/wp\/v2\/pages\/7833","targetHints":{"allow":["GET"]}}],"collection":[{"href":"https:\/\/neuroquantum.com\/es\/wp-json\/wp\/v2\/pages"}],"about":[{"href":"https:\/\/neuroquantum.com\/es\/wp-json\/wp\/v2\/types\/page"}],"author":[{"embeddable":true,"href":"https:\/\/neuroquantum.com\/es\/wp-json\/wp\/v2\/users\/1"}],"replies":[{"embeddable":true,"href":"https:\/\/neuroquantum.com\/es\/wp-json\/wp\/v2\/comments?post=7833"}],"version-history":[{"count":2,"href":"https:\/\/neuroquantum.com\/es\/wp-json\/wp\/v2\/pages\/7833\/revisions"}],"predecessor-version":[{"id":7837,"href":"https:\/\/neuroquantum.com\/es\/wp-json\/wp\/v2\/pages\/7833\/revisions\/7837"}],"wp:attachment":[{"href":"https:\/\/neuroquantum.com\/es\/wp-json\/wp\/v2\/media?parent=7833"}],"curies":[{"name":"wp","href":"https:\/\/api.w.org\/{rel}","templated":true}]}}