{"id":7842,"date":"2023-08-03T08:23:23","date_gmt":"2023-08-03T08:23:23","guid":{"rendered":"https:\/\/neuroquantum.com\/?page_id=7842"},"modified":"2023-08-03T08:23:23","modified_gmt":"2023-08-03T08:23:23","slug":"neuro-marketing-y-profiling","status":"publish","type":"page","link":"https:\/\/neuroquantum.com\/es\/neuro-marketing-y-profiling\/","title":{"rendered":"Neuro Marketing y Profiling"},"content":{"rendered":"<section class=\"wpb-content-wrapper\"><p>[vc_row css=\u00bb.vc_custom_1629877038080{margin-bottom: 40px !important;}\u00bb mobile_bg_img_hidden=\u00bbno\u00bb tablet_bg_img_hidden=\u00bbno\u00bb woodmart_parallax=\u00bb0&#8243; woodmart_gradient_switch=\u00bbno\u00bb row_reverse_mobile=\u00bb1&#8243; row_reverse_tablet=\u00bb1&#8243; woodmart_disable_overflow=\u00bb0&#8243; wd_z_index=\u00bbno\u00bb woodmart_css_id=\u00bb6125f32826e3d\u00bb responsive_spacing=\u00bbeyJwYXJhbV90eXBlIjoid29vZG1hcnRfcmVzcG9uc2l2ZV9zcGFjaW5nIiwic2VsZWN0b3JfaWQiOiI2MTI1ZjMyODI2ZTNkIiwic2hvcnRjb2RlIjoidmNfcm93IiwiZGF0YSI6eyJ0YWJsZXQiOnt9LCJtb2JpbGUiOnsibWFyZ2luLWJvdHRvbSI6IjIwIn19fQ==\u00bb][vc_column css=\u00bb.vc_custom_1629877010833{margin-bottom: 40px !important;padding-top: 0px !important;}\u00bb mobile_bg_img_hidden=\u00bbno\u00bb tablet_bg_img_hidden=\u00bbno\u00bb woodmart_parallax=\u00bb0&#8243; woodmart_sticky_column=\u00bbfalse\u00bb parallax_scroll=\u00bbno\u00bb mobile_reset_margin=\u00bbno\u00bb tablet_reset_margin=\u00bbno\u00bb offset=\u00bbvc_col-lg-6 vc_col-md-6&#8243; wd_z_index=\u00bbno\u00bb woodmart_css_id=\u00bb6125f30edad72&#8243; responsive_spacing=\u00bbeyJwYXJhbV90eXBlIjoid29vZG1hcnRfcmVzcG9uc2l2ZV9zcGFjaW5nIiwic2VsZWN0b3JfaWQiOiI2MTI1ZjMwZWRhZDcyIiwic2hvcnRjb2RlIjoidmNfY29sdW1uIiwiZGF0YSI6eyJ0YWJsZXQiOnt9LCJtb2JpbGUiOnt9fX0=\u00bb]\t\t<div id=\"wd-6450f30a38b19\" class=\"wd-image wd-wpb wd-rs-6450f30a38b19 text-center vc_custom_1683026658779\">\n\t\t\t\n\t\t\t<img loading=\"lazy\" decoding=\"async\" width=\"1668\" height=\"1737\" src=\"https:\/\/neuroquantum.com\/wp-content\/uploads\/2023\/05\/neuro-marketing.jpg\" class=\"attachment-full\" alt=\"\" title=\"neuro-marketing\" srcset=\"https:\/\/neuroquantum.com\/wp-content\/uploads\/2023\/05\/neuro-marketing.jpg 1668w, https:\/\/neuroquantum.com\/wp-content\/uploads\/2023\/05\/neuro-marketing-288x300.jpg 288w, https:\/\/neuroquantum.com\/wp-content\/uploads\/2023\/05\/neuro-marketing-768x800.jpg 768w, https:\/\/neuroquantum.com\/wp-content\/uploads\/2023\/05\/neuro-marketing-1475x1536.jpg 1475w, https:\/\/neuroquantum.com\/wp-content\/uploads\/2023\/05\/neuro-marketing-860x896.jpg 860w, https:\/\/neuroquantum.com\/wp-content\/uploads\/2023\/05\/neuro-marketing-430x448.jpg 430w, https:\/\/neuroquantum.com\/wp-content\/uploads\/2023\/05\/neuro-marketing-700x729.jpg 700w, https:\/\/neuroquantum.com\/wp-content\/uploads\/2023\/05\/neuro-marketing-150x156.jpg 150w\" sizes=\"auto, (max-width: 1668px) 100vw, 1668px\" \/>\n\t\t\t\t\t<\/div>\n\t\t[\/vc_column][vc_column css=\u00bb.vc_custom_1629877027060{margin-bottom: 40px !important;padding-top: 40px !important;}\u00bb mobile_bg_img_hidden=\u00bbno\u00bb tablet_bg_img_hidden=\u00bbno\u00bb woodmart_parallax=\u00bb0&#8243; woodmart_sticky_column=\u00bbfalse\u00bb parallax_scroll=\u00bbno\u00bb mobile_reset_margin=\u00bbno\u00bb tablet_reset_margin=\u00bbno\u00bb offset=\u00bbvc_col-lg-offset-1 vc_col-lg-5 vc_col-md-6 vc_col-xs-12&#8243; wd_z_index=\u00bbno\u00bb woodmart_css_id=\u00bb6125f320eb687&#8243; responsive_spacing=\u00bbeyJwYXJhbV90eXBlIjoid29vZG1hcnRfcmVzcG9uc2l2ZV9zcGFjaW5nIiwic2VsZWN0b3JfaWQiOiI2MTI1ZjMyMGViNjg3Iiwic2hvcnRjb2RlIjoidmNfY29sdW1uIiwiZGF0YSI6eyJ0YWJsZXQiOnt9LCJtb2JpbGUiOnsicGFkZGluZy10b3AiOiIwIn19fQ==\u00bb]\t\t<div id=\"wd-64cb63df61541\" class=\"wd-text-block wd-wpb reset-last-child wd-rs-64cb63df61541 text-left wd-fontsize-custom vc_custom_1691050993961\">\n\t\t\t<p>Eye Movement Technologies for Neuro Marketing son dispositivos y software que rastrean y analizan los movimientos oculares de las personas para comprender mejor c\u00f3mo interact\u00faan con productos, servicios, marcas y contenido.<\/p>\n<p>Estas tecnolog\u00edas se basan en la teor\u00eda de que los movimientos oculares pueden indicar patrones de atenci\u00f3n, emoci\u00f3n e inter\u00e9s. Los dispositivos de movimiento ocular suelen incluir c\u00e1maras de alta resoluci\u00f3n y software de an\u00e1lisis de datos que permiten recopilar informaci\u00f3n precisa sobre c\u00f3mo las personas miran diferentes est\u00edmulos visuales.<\/p>\n<p>Los datos recopilados por estas tecnolog\u00edas pueden ayudar a las empresas a comprender mejor el comportamiento del consumidor y mejorar la experiencia del usuario.<\/p>\n<p>Las tecnolog\u00edas de Eye Movement para Neuro Marketing se han utilizado ampliamente en estudios de mercado, publicidad, dise\u00f1o de interfaz de usuario y pruebas de usabilidad.<\/p>\n<p>Se consideran una poderosa herramienta para ayudar a las empresas a tomar decisiones informadas sobre productos, servicios y marketing, bien como de entender mejor los prefiles personales a la hora de buscar professionales y associados.<\/p>\n\t\t<\/div>\n\t\t[vc_separator color=\u00bbcustom\u00bb accent_color=\u00bbrgba(10,10,10,0.12)\u00bb css=\u00bb.vc_custom_1615616514122{margin-bottom: 20px !important;padding-top: 10px !important;}\u00bb][\/vc_column][\/vc_row]<\/p>\n<\/section>","protected":false},"excerpt":{"rendered":"<p>[vc_row css=\u00bb.vc_custom_1629877038080{margin-bottom: 40px !important;}\u00bb mobile_bg_img_hidden=\u00bbno\u00bb tablet_bg_img_hidden=\u00bbno\u00bb woodmart_parallax=\u00bb0&#8243; woodmart_gradient_switch=\u00bbno\u00bb row_reverse_mobile=\u00bb1&#8243; row_reverse_tablet=\u00bb1&#8243; woodmart_disable_overflow=\u00bb0&#8243; wd_z_index=\u00bbno\u00bb woodmart_css_id=\u00bb6125f32826e3d\u00bb responsive_spacing=\u00bbeyJwYXJhbV90eXBlIjoid29vZG1hcnRfcmVzcG9uc2l2ZV9zcGFjaW5nIiwic2VsZWN0b3JfaWQiOiI2MTI1ZjMyODI2ZTNkIiwic2hvcnRjb2RlIjoidmNfcm93IiwiZGF0YSI6eyJ0YWJsZXQiOnt9LCJtb2JpbGUiOnsibWFyZ2luLWJvdHRvbSI6IjIwIn19fQ==\u00bb][vc_column css=\u00bb.vc_custom_1629877010833{margin-bottom: 40px !important;padding-top: 0px !important;}\u00bb mobile_bg_img_hidden=\u00bbno\u00bb<\/p>\n","protected":false},"author":2,"featured_media":0,"parent":0,"menu_order":0,"comment_status":"closed","ping_status":"closed","template":"","meta":{"footnotes":""},"class_list":["post-7842","page","type-page","status-publish","hentry"],"yoast_head":"<!-- This site is optimized with the Yoast SEO plugin v20.11 - https:\/\/yoast.com\/wordpress\/plugins\/seo\/ -->\n<title>Neuro Marketing y Profiling - neuroquantum<\/title>\n<meta name=\"robots\" content=\"index, follow, max-snippet:-1, max-image-preview:large, max-video-preview:-1\" \/>\n<link rel=\"canonical\" href=\"https:\/\/neuroquantum.com\/neuro-marketing-y-profiling\/\" \/>\n<meta property=\"og:locale\" content=\"es_ES\" \/>\n<meta property=\"og:type\" content=\"article\" \/>\n<meta property=\"og:title\" content=\"Neuro Marketing y Profiling - neuroquantum\" \/>\n<meta property=\"og:description\" content=\"[vc_row css=\u00bb.vc_custom_1629877038080{margin-bottom: 40px !important;}\u00bb mobile_bg_img_hidden=\u00bbno\u00bb tablet_bg_img_hidden=\u00bbno\u00bb woodmart_parallax=\u00bb0&#8243; woodmart_gradient_switch=\u00bbno\u00bb row_reverse_mobile=\u00bb1&#8243; row_reverse_tablet=\u00bb1&#8243; woodmart_disable_overflow=\u00bb0&#8243; wd_z_index=\u00bbno\u00bb woodmart_css_id=\u00bb6125f32826e3d\u00bb responsive_spacing=\u00bbeyJwYXJhbV90eXBlIjoid29vZG1hcnRfcmVzcG9uc2l2ZV9zcGFjaW5nIiwic2VsZWN0b3JfaWQiOiI2MTI1ZjMyODI2ZTNkIiwic2hvcnRjb2RlIjoidmNfcm93IiwiZGF0YSI6eyJ0YWJsZXQiOnt9LCJtb2JpbGUiOnsibWFyZ2luLWJvdHRvbSI6IjIwIn19fQ==\u00bb][vc_column css=\u00bb.vc_custom_1629877010833{margin-bottom: 40px !important;padding-top: 0px !important;}\u00bb mobile_bg_img_hidden=\u00bbno\u00bb\" \/>\n<meta property=\"og:url\" content=\"https:\/\/neuroquantum.com\/neuro-marketing-y-profiling\/\" \/>\n<meta property=\"og:site_name\" content=\"neuroquantum\" \/>\n<meta name=\"twitter:card\" content=\"summary_large_image\" \/>\n<meta name=\"twitter:label1\" content=\"Tiempo de lectura\" \/>\n\t<meta name=\"twitter:data1\" content=\"2 minutos\" \/>\n<script type=\"application\/ld+json\" class=\"yoast-schema-graph\">{\"@context\":\"https:\/\/schema.org\",\"@graph\":[{\"@type\":\"WebPage\",\"@id\":\"https:\/\/neuroquantum.com\/neuro-marketing-y-profiling\/\",\"url\":\"https:\/\/neuroquantum.com\/neuro-marketing-y-profiling\/\",\"name\":\"Neuro Marketing y Profiling - neuroquantum\",\"isPartOf\":{\"@id\":\"https:\/\/neuroquantum.com\/#website\"},\"datePublished\":\"2023-08-03T08:23:23+00:00\",\"dateModified\":\"2023-08-03T08:23:23+00:00\",\"breadcrumb\":{\"@id\":\"https:\/\/neuroquantum.com\/neuro-marketing-y-profiling\/#breadcrumb\"},\"inLanguage\":\"es\",\"potentialAction\":[{\"@type\":\"ReadAction\",\"target\":[\"https:\/\/neuroquantum.com\/neuro-marketing-y-profiling\/\"]}]},{\"@type\":\"BreadcrumbList\",\"@id\":\"https:\/\/neuroquantum.com\/neuro-marketing-y-profiling\/#breadcrumb\",\"itemListElement\":[{\"@type\":\"ListItem\",\"position\":1,\"name\":\"In\u00edcio\",\"item\":\"https:\/\/neuroquantum.com\/es\/\"},{\"@type\":\"ListItem\",\"position\":2,\"name\":\"Neuro Marketing y Profiling\"}]},{\"@type\":\"WebSite\",\"@id\":\"https:\/\/neuroquantum.com\/#website\",\"url\":\"https:\/\/neuroquantum.com\/\",\"name\":\"neuroquantum\",\"description\":\"Medicinas Tradicionais e Tecnologias Qu\u00e2nticas de Biofeedback e Bioreson\u00e2ncia.\",\"publisher\":{\"@id\":\"https:\/\/neuroquantum.com\/#organization\"},\"potentialAction\":[{\"@type\":\"SearchAction\",\"target\":{\"@type\":\"EntryPoint\",\"urlTemplate\":\"https:\/\/neuroquantum.com\/?s={search_term_string}\"},\"query-input\":\"required name=search_term_string\"}],\"inLanguage\":\"es\"},{\"@type\":\"Organization\",\"@id\":\"https:\/\/neuroquantum.com\/#organization\",\"name\":\"neuroquantum\",\"url\":\"https:\/\/neuroquantum.com\/\",\"logo\":{\"@type\":\"ImageObject\",\"inLanguage\":\"es\",\"@id\":\"https:\/\/neuroquantum.com\/#\/schema\/logo\/image\/\",\"url\":\"https:\/\/neuroquantum.com\/wp-content\/uploads\/2023\/03\/neuro-novo-logo.png\",\"contentUrl\":\"https:\/\/neuroquantum.com\/wp-content\/uploads\/2023\/03\/neuro-novo-logo.png\",\"width\":708,\"height\":215,\"caption\":\"neuroquantum\"},\"image\":{\"@id\":\"https:\/\/neuroquantum.com\/#\/schema\/logo\/image\/\"}}]}<\/script>\n<!-- \/ Yoast SEO plugin. -->","yoast_head_json":{"title":"Neuro Marketing y Profiling - neuroquantum","robots":{"index":"index","follow":"follow","max-snippet":"max-snippet:-1","max-image-preview":"max-image-preview:large","max-video-preview":"max-video-preview:-1"},"canonical":"https:\/\/neuroquantum.com\/neuro-marketing-y-profiling\/","og_locale":"es_ES","og_type":"article","og_title":"Neuro Marketing y Profiling - neuroquantum","og_description":"[vc_row css=\u00bb.vc_custom_1629877038080{margin-bottom: 40px !important;}\u00bb mobile_bg_img_hidden=\u00bbno\u00bb tablet_bg_img_hidden=\u00bbno\u00bb woodmart_parallax=\u00bb0&#8243; woodmart_gradient_switch=\u00bbno\u00bb row_reverse_mobile=\u00bb1&#8243; row_reverse_tablet=\u00bb1&#8243; woodmart_disable_overflow=\u00bb0&#8243; wd_z_index=\u00bbno\u00bb woodmart_css_id=\u00bb6125f32826e3d\u00bb responsive_spacing=\u00bbeyJwYXJhbV90eXBlIjoid29vZG1hcnRfcmVzcG9uc2l2ZV9zcGFjaW5nIiwic2VsZWN0b3JfaWQiOiI2MTI1ZjMyODI2ZTNkIiwic2hvcnRjb2RlIjoidmNfcm93IiwiZGF0YSI6eyJ0YWJsZXQiOnt9LCJtb2JpbGUiOnsibWFyZ2luLWJvdHRvbSI6IjIwIn19fQ==\u00bb][vc_column css=\u00bb.vc_custom_1629877010833{margin-bottom: 40px !important;padding-top: 0px !important;}\u00bb mobile_bg_img_hidden=\u00bbno\u00bb","og_url":"https:\/\/neuroquantum.com\/neuro-marketing-y-profiling\/","og_site_name":"neuroquantum","twitter_card":"summary_large_image","twitter_misc":{"Tiempo de lectura":"2 minutos"},"schema":{"@context":"https:\/\/schema.org","@graph":[{"@type":"WebPage","@id":"https:\/\/neuroquantum.com\/neuro-marketing-y-profiling\/","url":"https:\/\/neuroquantum.com\/neuro-marketing-y-profiling\/","name":"Neuro Marketing y Profiling - neuroquantum","isPartOf":{"@id":"https:\/\/neuroquantum.com\/#website"},"datePublished":"2023-08-03T08:23:23+00:00","dateModified":"2023-08-03T08:23:23+00:00","breadcrumb":{"@id":"https:\/\/neuroquantum.com\/neuro-marketing-y-profiling\/#breadcrumb"},"inLanguage":"es","potentialAction":[{"@type":"ReadAction","target":["https:\/\/neuroquantum.com\/neuro-marketing-y-profiling\/"]}]},{"@type":"BreadcrumbList","@id":"https:\/\/neuroquantum.com\/neuro-marketing-y-profiling\/#breadcrumb","itemListElement":[{"@type":"ListItem","position":1,"name":"In\u00edcio","item":"https:\/\/neuroquantum.com\/es\/"},{"@type":"ListItem","position":2,"name":"Neuro Marketing y Profiling"}]},{"@type":"WebSite","@id":"https:\/\/neuroquantum.com\/#website","url":"https:\/\/neuroquantum.com\/","name":"neuroquantum","description":"Medicinas Tradicionais e Tecnologias Qu\u00e2nticas de Biofeedback e Bioreson\u00e2ncia.","publisher":{"@id":"https:\/\/neuroquantum.com\/#organization"},"potentialAction":[{"@type":"SearchAction","target":{"@type":"EntryPoint","urlTemplate":"https:\/\/neuroquantum.com\/?s={search_term_string}"},"query-input":"required name=search_term_string"}],"inLanguage":"es"},{"@type":"Organization","@id":"https:\/\/neuroquantum.com\/#organization","name":"neuroquantum","url":"https:\/\/neuroquantum.com\/","logo":{"@type":"ImageObject","inLanguage":"es","@id":"https:\/\/neuroquantum.com\/#\/schema\/logo\/image\/","url":"https:\/\/neuroquantum.com\/wp-content\/uploads\/2023\/03\/neuro-novo-logo.png","contentUrl":"https:\/\/neuroquantum.com\/wp-content\/uploads\/2023\/03\/neuro-novo-logo.png","width":708,"height":215,"caption":"neuroquantum"},"image":{"@id":"https:\/\/neuroquantum.com\/#\/schema\/logo\/image\/"}}]}},"_links":{"self":[{"href":"https:\/\/neuroquantum.com\/es\/wp-json\/wp\/v2\/pages\/7842","targetHints":{"allow":["GET"]}}],"collection":[{"href":"https:\/\/neuroquantum.com\/es\/wp-json\/wp\/v2\/pages"}],"about":[{"href":"https:\/\/neuroquantum.com\/es\/wp-json\/wp\/v2\/types\/page"}],"author":[{"embeddable":true,"href":"https:\/\/neuroquantum.com\/es\/wp-json\/wp\/v2\/users\/2"}],"replies":[{"embeddable":true,"href":"https:\/\/neuroquantum.com\/es\/wp-json\/wp\/v2\/comments?post=7842"}],"version-history":[{"count":1,"href":"https:\/\/neuroquantum.com\/es\/wp-json\/wp\/v2\/pages\/7842\/revisions"}],"predecessor-version":[{"id":7843,"href":"https:\/\/neuroquantum.com\/es\/wp-json\/wp\/v2\/pages\/7842\/revisions\/7843"}],"wp:attachment":[{"href":"https:\/\/neuroquantum.com\/es\/wp-json\/wp\/v2\/media?parent=7842"}],"curies":[{"name":"wp","href":"https:\/\/api.w.org\/{rel}","templated":true}]}}