{"id":7847,"date":"2023-08-03T08:41:01","date_gmt":"2023-08-03T08:41:01","guid":{"rendered":"https:\/\/neuroquantum.com\/?page_id=7847"},"modified":"2023-08-03T08:41:01","modified_gmt":"2023-08-03T08:41:01","slug":"equipos-medicos-para-diagnostico-rehabilitacion-e-investigacion","status":"publish","type":"page","link":"https:\/\/neuroquantum.com\/es\/equipos-medicos-para-diagnostico-rehabilitacion-e-investigacion\/","title":{"rendered":"Equipos m\u00e9dicos para diagn\u00f3stico, rehabilitaci\u00f3n e investigaci\u00f3n"},"content":{"rendered":"<section class=\"wpb-content-wrapper\"><p>[vc_row css=\u00bb.vc_custom_1629877038080{margin-bottom: 40px !important;}\u00bb mobile_bg_img_hidden=\u00bbno\u00bb tablet_bg_img_hidden=\u00bbno\u00bb woodmart_parallax=\u00bb0&#8243; woodmart_gradient_switch=\u00bbno\u00bb row_reverse_mobile=\u00bb1&#8243; row_reverse_tablet=\u00bb1&#8243; woodmart_disable_overflow=\u00bb0&#8243; wd_z_index=\u00bbno\u00bb woodmart_css_id=\u00bb6125f32826e3d\u00bb responsive_spacing=\u00bbeyJwYXJhbV90eXBlIjoid29vZG1hcnRfcmVzcG9uc2l2ZV9zcGFjaW5nIiwic2VsZWN0b3JfaWQiOiI2MTI1ZjMyODI2ZTNkIiwic2hvcnRjb2RlIjoidmNfcm93IiwiZGF0YSI6eyJ0YWJsZXQiOnt9LCJtb2JpbGUiOnsibWFyZ2luLWJvdHRvbSI6IjIwIn19fQ==\u00bb][vc_column css=\u00bb.vc_custom_1629877010833{margin-bottom: 40px !important;padding-top: 0px !important;}\u00bb mobile_bg_img_hidden=\u00bbno\u00bb tablet_bg_img_hidden=\u00bbno\u00bb woodmart_parallax=\u00bb0&#8243; woodmart_sticky_column=\u00bbfalse\u00bb parallax_scroll=\u00bbno\u00bb mobile_reset_margin=\u00bbno\u00bb tablet_reset_margin=\u00bbno\u00bb offset=\u00bbvc_col-lg-6 vc_col-md-6&#8243; wd_z_index=\u00bbno\u00bb woodmart_css_id=\u00bb6125f30edad72&#8243; responsive_spacing=\u00bbeyJwYXJhbV90eXBlIjoid29vZG1hcnRfcmVzcG9uc2l2ZV9zcGFjaW5nIiwic2VsZWN0b3JfaWQiOiI2MTI1ZjMwZWRhZDcyIiwic2hvcnRjb2RlIjoidmNfY29sdW1uIiwiZGF0YSI6eyJ0YWJsZXQiOnt9LCJtb2JpbGUiOnt9fX0=\u00bb]\t\t<div id=\"wd-6450eee99a0fe\" class=\"wd-image wd-wpb wd-rs-6450eee99a0fe text-center vc_custom_1683025580745\">\n\t\t\t\n\t\t\t<img loading=\"lazy\" decoding=\"async\" width=\"500\" height=\"500\" src=\"https:\/\/neuroquantum.com\/wp-content\/uploads\/2023\/05\/medicina-integrativa.png\" class=\"attachment-full\" alt=\"\" title=\"medicina integrativa\" srcset=\"https:\/\/neuroquantum.com\/wp-content\/uploads\/2023\/05\/medicina-integrativa.png 500w, https:\/\/neuroquantum.com\/wp-content\/uploads\/2023\/05\/medicina-integrativa-300x300.png 300w, https:\/\/neuroquantum.com\/wp-content\/uploads\/2023\/05\/medicina-integrativa-150x150.png 150w, https:\/\/neuroquantum.com\/wp-content\/uploads\/2023\/05\/medicina-integrativa-430x430.png 430w\" sizes=\"auto, (max-width: 500px) 100vw, 500px\" \/>\n\t\t\t\t\t<\/div>\n\t\t[\/vc_column][vc_column css=\u00bb.vc_custom_1629877027060{margin-bottom: 40px !important;padding-top: 40px !important;}\u00bb mobile_bg_img_hidden=\u00bbno\u00bb tablet_bg_img_hidden=\u00bbno\u00bb woodmart_parallax=\u00bb0&#8243; woodmart_sticky_column=\u00bbfalse\u00bb parallax_scroll=\u00bbno\u00bb mobile_reset_margin=\u00bbno\u00bb tablet_reset_margin=\u00bbno\u00bb offset=\u00bbvc_col-lg-offset-1 vc_col-lg-5 vc_col-md-6 vc_col-xs-12&#8243; wd_z_index=\u00bbno\u00bb woodmart_css_id=\u00bb6125f320eb687&#8243; responsive_spacing=\u00bbeyJwYXJhbV90eXBlIjoid29vZG1hcnRfcmVzcG9uc2l2ZV9zcGFjaW5nIiwic2VsZWN0b3JfaWQiOiI2MTI1ZjMyMGViNjg3Iiwic2hvcnRjb2RlIjoidmNfY29sdW1uIiwiZGF0YSI6eyJ0YWJsZXQiOnt9LCJtb2JpbGUiOnsicGFkZGluZy10b3AiOiIwIn19fQ==\u00bb]\t\t<div id=\"wd-64cb668ec41f2\" class=\"wd-text-block wd-wpb reset-last-child wd-rs-64cb668ec41f2 text-left wd-fontsize-custom vc_custom_1691051678027\">\n\t\t\t<p>Los equipos m\u00e9dicos para diagn\u00f3stico, rehabilitaci\u00f3n e investigaci\u00f3n son dispositivos que se utilizan en la asistencia sanitaria para ayudar en el diagn\u00f3stico, tratamiento y seguimiento de los pacientes. Dicho equipo puede incluir dispositivos de im\u00e1genes, dispositivos de monitoreo de signos vitales, como monitores de frecuencia card\u00edaca y ox\u00edmetros de pulso, equipos de fisioterapia y rehabilitaci\u00f3n.<\/p>\n<p>Estos dispositivos est\u00e1n dise\u00f1ados para ayudar a mejorar la calidad de vida de los pacientes al permitir un diagn\u00f3stico m\u00e1s preciso y un tratamiento m\u00e1s efectivo de una variedad de condiciones m\u00e9dicas.<\/p>\n<p>En colaboraci\u00f3n con empresas internacionales l\u00edderes en este sector, hemos suministrado Universidades y Hospitales en Espa\u00f1a y Brasil, Centros de Formaci\u00f3n y Educaci\u00f3n, Centros y Cl\u00ednicas M\u00e9dicas y Especialistas Privados en las \u00e1reas de salud y bienestar.<\/p>\n\t\t<\/div>\n\t\t[vc_separator color=\u00bbcustom\u00bb accent_color=\u00bbrgba(10,10,10,0.12)\u00bb css=\u00bb.vc_custom_1615616514122{margin-bottom: 20px !important;padding-top: 10px !important;}\u00bb][\/vc_column][vc_column][vc_row_inner][vc_column_inner width=\u00bb1\/2&#8243;]\n\t\t<div id=\"wd-64cb66ad9005e\" class=\"title-wrapper wd-wpb set-mb-s reset-last-child  wd-rs-64cb66ad9005e wd-title-color-default wd-title-style-default text-left  wd-underline-colored\">\n\t\t\t\n\t\t\t<div class=\"liner-continer\">\n\t\t\t\t<h4 class=\"woodmart-title-container title  wd-font-weight- wd-fontsize-xl\" >Otras tecnolog\u00edas psicofisiol\u00f3gicas<\/h4>\n\t\t\t\t\t\t\t<\/div>\n\t\t\t\n\t\t\t\n\t\t\t\n\t\t<\/div>\n\t\t\n\t\t[vc_column_text woodmart_inline=\u00bbno\u00bb text_larger=\u00bbno\u00bb]\u00b7 Biorresonancia de escaneo y correcion de Se\u00f1ales Vitales y por Evaluacion de la Voz un escaneo Neuro Emocional com capacidades de rectificacion por ondas sonoras.<\/p>\n<p>\u00b7 Biorresonancia Capilar S Drive para evaluaci\u00f3n epigen\u00e9tica y plan nutricional<\/p>\n<p>\u00b7 Estr\u00e9s Psicofisiol\u00f3gico ION<\/p>\n<p>\u00b7 Ritmos card\u00edacos, coherencia, amplitud y estado de \u00e1nimo \u2013 Veda<\/p>\n<p>\u00b7 Terapia de Frecuencia RIFE \u2013 Biometris<br \/>\n[\/vc_column_text][\/vc_column_inner][vc_column_inner width=\u00bb1\/2&#8243;][vc_video link=\u00bbhttps:\/\/www.youtube.com\/watch?v=Z85TKZPFovQ&amp;ab_channel=InstitutoNeuroQuantum\u00bb align=\u00bbcenter\u00bb image_poster_switch=\u00bbno\u00bb][vc_column_text woodmart_inline=\u00bbno\u00bb text_larger=\u00bbno\u00bb]<\/p>\n<div>\n<p style=\"text-align: center;\"><em>A Dimens\u00e3o humana nas tecnologias da saude e bem estar\u00a0<\/em><\/p>\n<\/div>\n<div><\/div>\n<p>[\/vc_column_text][\/vc_column_inner][\/vc_row_inner][\/vc_column][vc_column css=\u00bb.vc_custom_1683025979904{padding-top: 50px !important;padding-bottom: 25px !important;background-color: #05959c !important;}\u00bb woodmart_css_id=\u00bb6450f07736bc4&#8243; parallax_scroll=\u00bbno\u00bb woodmart_sticky_column=\u00bbfalse\u00bb wd_collapsible_content_switcher=\u00bbno\u00bb wd_column_role_offcanvas_desktop=\u00bbno\u00bb wd_column_role_offcanvas_tablet=\u00bbno\u00bb wd_column_role_offcanvas_mobile=\u00bbno\u00bb wd_column_role_content_desktop=\u00bbno\u00bb wd_column_role_content_tablet=\u00bbno\u00bb wd_column_role_content_mobile=\u00bbno\u00bb mobile_bg_img_hidden=\u00bbno\u00bb tablet_bg_img_hidden=\u00bbno\u00bb woodmart_parallax=\u00bb0&#8243; woodmart_box_shadow=\u00bbno\u00bb responsive_spacing=\u00bbeyJwYXJhbV90eXBlIjoid29vZG1hcnRfcmVzcG9uc2l2ZV9zcGFjaW5nIiwic2VsZWN0b3JfaWQiOiI2NDUwZjA3NzM2YmM0Iiwic2hvcnRjb2RlIjoidmNfY29sdW1uIiwiZGF0YSI6eyJ0YWJsZXQiOnt9LCJtb2JpbGUiOnt9fX0=\u00bb mobile_reset_margin=\u00bbno\u00bb tablet_reset_margin=\u00bbno\u00bb wd_z_index=\u00bbno\u00bb][vc_row_inner][vc_column_inner width=\u00bb1\/4&#8243;][vc_column_text woodmart_color_scheme=\u00bblight\u00bb woodmart_inline=\u00bbno\u00bb text_larger=\u00bbyes\u00bb]<\/p>\n<h4 style=\"text-align: center;\">EEG<\/h4>\n<p>[\/vc_column_text][\/vc_column_inner][vc_column_inner width=\u00bb1\/4&#8243;][vc_column_text woodmart_color_scheme=\u00bblight\u00bb woodmart_inline=\u00bbno\u00bb text_larger=\u00bbyes\u00bb]<\/p>\n<h4 style=\"text-align: center;\">Holter EEG<\/h4>\n<p>[\/vc_column_text][\/vc_column_inner][vc_column_inner width=\u00bb1\/4&#8243;][vc_column_text woodmart_color_scheme=\u00bblight\u00bb woodmart_inline=\u00bbno\u00bb text_larger=\u00bbyes\u00bb]<\/p>\n<h4 style=\"text-align: center;\">V\u00eddeo EEG<\/h4>\n<p>[\/vc_column_text][\/vc_column_inner][vc_column_inner width=\u00bb1\/4&#8243;][vc_column_text woodmart_color_scheme=\u00bblight\u00bb woodmart_inline=\u00bbno\u00bb text_larger=\u00bbyes\u00bb]<\/p>\n<h4 style=\"text-align: center;\">Neuromi\u00f3grafos<\/h4>\n<p>[\/vc_column_text][\/vc_column_inner][\/vc_row_inner][vc_row_inner][vc_column_inner width=\u00bb1\/4&#8243;][vc_column_text woodmart_color_scheme=\u00bblight\u00bb woodmart_inline=\u00bbno\u00bb text_larger=\u00bbyes\u00bb]<\/p>\n<h4 style=\"text-align: center;\">Monitor de funci\u00f3n cerebral<\/h4>\n<p>[\/vc_column_text][\/vc_column_inner][vc_column_inner width=\u00bb1\/4&#8243;][vc_column_text woodmart_color_scheme=\u00bblight\u00bb woodmart_inline=\u00bbno\u00bb text_larger=\u00bbyes\u00bb]<\/p>\n<h4 style=\"text-align: center;\">Sistema de biorretroalimentaci\u00f3n multimedia<\/h4>\n<p>[\/vc_column_text][\/vc_column_inner][vc_column_inner width=\u00bb1\/4&#8243;][vc_column_text woodmart_color_scheme=\u00bblight\u00bb woodmart_inline=\u00bbno\u00bb text_larger=\u00bbyes\u00bb]<\/p>\n<h4 style=\"text-align: center;\">Egoscopia<\/h4>\n<p>[\/vc_column_text][\/vc_column_inner][vc_column_inner width=\u00bb1\/4&#8243;][vc_column_text woodmart_color_scheme=\u00bblight\u00bb woodmart_inline=\u00bbno\u00bb text_larger=\u00bbyes\u00bb]<\/p>\n<h4 style=\"text-align: center;\">Neuroterapia<\/h4>\n<p>[\/vc_column_text][\/vc_column_inner][\/vc_row_inner][\/vc_column][\/vc_row][vc_row][vc_column][vc_column_text woodmart_inline=\u00bbno\u00bb text_larger=\u00bbno\u00bb]Los equipos m\u00e9dicos para el diagn\u00f3stico, la rehabilitaci\u00f3n y la investigaci\u00f3n son herramientas esenciales para evaluar y tratar los trastornos neurol\u00f3gicos y psicol\u00f3gicos. Algunos de estos equipos incluyen EEG (electroencefalograma) para medir la actividad el\u00e9ctrica del cerebro, EEG Holter y video EEG para registrar la actividad cerebral durante largos per\u00edodos de tiempo, polisomnograf\u00eda para evaluar los trastornos del sue\u00f1o, neuromi\u00f3grafos para medir la actividad el\u00e9ctrica de los m\u00fasculos, monitorear las funciones cerebrales para monitorear las funciones cerebrales en tiempo real, sistema multimedia de biorretroalimentaci\u00f3n para ense\u00f1ar el control voluntario de las funciones corporales, egoscopia para evaluar la degluci\u00f3n y neuroterapia para la rehabilitaci\u00f3n neurol\u00f3gica. Estos dispositivos son utilizados por profesionales de la salud, incluidos neur\u00f3logos, psiquiatras, fisioterapeutas y terapeutas ocupacionales, para ayudar en el diagn\u00f3stico y tratamiento de una amplia variedad de afecciones m\u00e9dicas.<br \/>\n[\/vc_column_text][\/vc_column][\/vc_row][vc_row full_width=\u00bbstretch_row\u00bb woodmart_css_id=\u00bb6450f1bc71e02&#8243; responsive_spacing=\u00bbeyJwYXJhbV90eXBlIjoid29vZG1hcnRfcmVzcG9uc2l2ZV9zcGFjaW5nIiwic2VsZWN0b3JfaWQiOiI2NDUwZjFiYzcxZTAyIiwic2hvcnRjb2RlIjoidmNfcm93IiwiZGF0YSI6eyJ0YWJsZXQiOnt9LCJtb2JpbGUiOnt9fX0=\u00bb mobile_bg_img_hidden=\u00bbno\u00bb tablet_bg_img_hidden=\u00bbno\u00bb woodmart_parallax=\u00bb0&#8243; woodmart_gradient_switch=\u00bbno\u00bb woodmart_box_shadow=\u00bbno\u00bb wd_z_index=\u00bbno\u00bb woodmart_disable_overflow=\u00bb0&#8243; row_reverse_mobile=\u00bb0&#8243; row_reverse_tablet=\u00bb0&#8243;][vc_column width=\u00bb1\/2&#8243;][vc_single_image image=\u00bb7401&#8243; img_size=\u00bbfull\u00bb onclick=\u00bblink_image\u00bb parallax_scroll=\u00bbno\u00bb woodmart_inline=\u00bbno\u00bb][\/vc_column][vc_column width=\u00bb1\/2&#8243;][vc_single_image image=\u00bb7402&#8243; img_size=\u00bbfull\u00bb onclick=\u00bblink_image\u00bb parallax_scroll=\u00bbno\u00bb woodmart_inline=\u00bbno\u00bb][\/vc_column][vc_column][vc_single_image image=\u00bb7403&#8243; img_size=\u00bbfull\u00bb onclick=\u00bblink_image\u00bb parallax_scroll=\u00bbno\u00bb woodmart_inline=\u00bbno\u00bb][\/vc_column][\/vc_row][vc_row][vc_column][vc_column_text woodmart_inline=\u00bbno\u00bb text_larger=\u00bbno\u00bb]Para m\u00e1s informaci\u00f3n cont\u00e1ctenos a trav\u00e9s de <a href=\"mailto:geral.neuroquantum@gmail.com\">geral.neuroquantum@gmail.com<\/a>[\/vc_column_text][\/vc_column][\/vc_row]<\/p>\n<\/section>","protected":false},"excerpt":{"rendered":"<p>[vc_row css=\u00bb.vc_custom_1629877038080{margin-bottom: 40px !important;}\u00bb mobile_bg_img_hidden=\u00bbno\u00bb tablet_bg_img_hidden=\u00bbno\u00bb woodmart_parallax=\u00bb0&#8243; woodmart_gradient_switch=\u00bbno\u00bb row_reverse_mobile=\u00bb1&#8243; row_reverse_tablet=\u00bb1&#8243; woodmart_disable_overflow=\u00bb0&#8243; wd_z_index=\u00bbno\u00bb woodmart_css_id=\u00bb6125f32826e3d\u00bb responsive_spacing=\u00bbeyJwYXJhbV90eXBlIjoid29vZG1hcnRfcmVzcG9uc2l2ZV9zcGFjaW5nIiwic2VsZWN0b3JfaWQiOiI2MTI1ZjMyODI2ZTNkIiwic2hvcnRjb2RlIjoidmNfcm93IiwiZGF0YSI6eyJ0YWJsZXQiOnt9LCJtb2JpbGUiOnsibWFyZ2luLWJvdHRvbSI6IjIwIn19fQ==\u00bb][vc_column css=\u00bb.vc_custom_1629877010833{margin-bottom: 40px !important;padding-top: 0px !important;}\u00bb mobile_bg_img_hidden=\u00bbno\u00bb<\/p>\n","protected":false},"author":2,"featured_media":0,"parent":0,"menu_order":0,"comment_status":"closed","ping_status":"closed","template":"","meta":{"footnotes":""},"class_list":["post-7847","page","type-page","status-publish","hentry"],"yoast_head":"<!-- This site is optimized with the Yoast SEO plugin v20.11 - https:\/\/yoast.com\/wordpress\/plugins\/seo\/ -->\n<title>Equipos m\u00e9dicos para diagn\u00f3stico, rehabilitaci\u00f3n e investigaci\u00f3n - neuroquantum<\/title>\n<meta name=\"robots\" content=\"index, follow, max-snippet:-1, max-image-preview:large, max-video-preview:-1\" \/>\n<link rel=\"canonical\" href=\"https:\/\/neuroquantum.com\/equipos-medicos-para-diagnostico-rehabilitacion-e-investigacion\/\" \/>\n<meta property=\"og:locale\" content=\"es_ES\" \/>\n<meta property=\"og:type\" content=\"article\" \/>\n<meta property=\"og:title\" content=\"Equipos m\u00e9dicos para diagn\u00f3stico, rehabilitaci\u00f3n e investigaci\u00f3n - neuroquantum\" \/>\n<meta property=\"og:description\" content=\"[vc_row css=\u00bb.vc_custom_1629877038080{margin-bottom: 40px !important;}\u00bb mobile_bg_img_hidden=\u00bbno\u00bb tablet_bg_img_hidden=\u00bbno\u00bb woodmart_parallax=\u00bb0&#8243; woodmart_gradient_switch=\u00bbno\u00bb row_reverse_mobile=\u00bb1&#8243; row_reverse_tablet=\u00bb1&#8243; woodmart_disable_overflow=\u00bb0&#8243; wd_z_index=\u00bbno\u00bb woodmart_css_id=\u00bb6125f32826e3d\u00bb responsive_spacing=\u00bbeyJwYXJhbV90eXBlIjoid29vZG1hcnRfcmVzcG9uc2l2ZV9zcGFjaW5nIiwic2VsZWN0b3JfaWQiOiI2MTI1ZjMyODI2ZTNkIiwic2hvcnRjb2RlIjoidmNfcm93IiwiZGF0YSI6eyJ0YWJsZXQiOnt9LCJtb2JpbGUiOnsibWFyZ2luLWJvdHRvbSI6IjIwIn19fQ==\u00bb][vc_column css=\u00bb.vc_custom_1629877010833{margin-bottom: 40px !important;padding-top: 0px !important;}\u00bb mobile_bg_img_hidden=\u00bbno\u00bb\" \/>\n<meta property=\"og:url\" content=\"https:\/\/neuroquantum.com\/equipos-medicos-para-diagnostico-rehabilitacion-e-investigacion\/\" \/>\n<meta property=\"og:site_name\" content=\"neuroquantum\" \/>\n<meta name=\"twitter:card\" content=\"summary_large_image\" \/>\n<meta name=\"twitter:label1\" content=\"Tiempo de lectura\" \/>\n\t<meta name=\"twitter:data1\" content=\"4 minutos\" \/>\n<script type=\"application\/ld+json\" class=\"yoast-schema-graph\">{\"@context\":\"https:\/\/schema.org\",\"@graph\":[{\"@type\":\"WebPage\",\"@id\":\"https:\/\/neuroquantum.com\/equipos-medicos-para-diagnostico-rehabilitacion-e-investigacion\/\",\"url\":\"https:\/\/neuroquantum.com\/equipos-medicos-para-diagnostico-rehabilitacion-e-investigacion\/\",\"name\":\"Equipos m\u00e9dicos para diagn\u00f3stico, rehabilitaci\u00f3n e investigaci\u00f3n - neuroquantum\",\"isPartOf\":{\"@id\":\"https:\/\/neuroquantum.com\/#website\"},\"datePublished\":\"2023-08-03T08:41:01+00:00\",\"dateModified\":\"2023-08-03T08:41:01+00:00\",\"breadcrumb\":{\"@id\":\"https:\/\/neuroquantum.com\/equipos-medicos-para-diagnostico-rehabilitacion-e-investigacion\/#breadcrumb\"},\"inLanguage\":\"es\",\"potentialAction\":[{\"@type\":\"ReadAction\",\"target\":[\"https:\/\/neuroquantum.com\/equipos-medicos-para-diagnostico-rehabilitacion-e-investigacion\/\"]}]},{\"@type\":\"BreadcrumbList\",\"@id\":\"https:\/\/neuroquantum.com\/equipos-medicos-para-diagnostico-rehabilitacion-e-investigacion\/#breadcrumb\",\"itemListElement\":[{\"@type\":\"ListItem\",\"position\":1,\"name\":\"In\u00edcio\",\"item\":\"https:\/\/neuroquantum.com\/es\/\"},{\"@type\":\"ListItem\",\"position\":2,\"name\":\"Equipos m\u00e9dicos para diagn\u00f3stico, rehabilitaci\u00f3n e investigaci\u00f3n\"}]},{\"@type\":\"WebSite\",\"@id\":\"https:\/\/neuroquantum.com\/#website\",\"url\":\"https:\/\/neuroquantum.com\/\",\"name\":\"neuroquantum\",\"description\":\"Medicinas Tradicionais e Tecnologias Qu\u00e2nticas de Biofeedback e Bioreson\u00e2ncia.\",\"publisher\":{\"@id\":\"https:\/\/neuroquantum.com\/#organization\"},\"potentialAction\":[{\"@type\":\"SearchAction\",\"target\":{\"@type\":\"EntryPoint\",\"urlTemplate\":\"https:\/\/neuroquantum.com\/?s={search_term_string}\"},\"query-input\":\"required name=search_term_string\"}],\"inLanguage\":\"es\"},{\"@type\":\"Organization\",\"@id\":\"https:\/\/neuroquantum.com\/#organization\",\"name\":\"neuroquantum\",\"url\":\"https:\/\/neuroquantum.com\/\",\"logo\":{\"@type\":\"ImageObject\",\"inLanguage\":\"es\",\"@id\":\"https:\/\/neuroquantum.com\/#\/schema\/logo\/image\/\",\"url\":\"https:\/\/neuroquantum.com\/wp-content\/uploads\/2023\/03\/neuro-novo-logo.png\",\"contentUrl\":\"https:\/\/neuroquantum.com\/wp-content\/uploads\/2023\/03\/neuro-novo-logo.png\",\"width\":708,\"height\":215,\"caption\":\"neuroquantum\"},\"image\":{\"@id\":\"https:\/\/neuroquantum.com\/#\/schema\/logo\/image\/\"}}]}<\/script>\n<!-- \/ Yoast SEO plugin. -->","yoast_head_json":{"title":"Equipos m\u00e9dicos para diagn\u00f3stico, rehabilitaci\u00f3n e investigaci\u00f3n - neuroquantum","robots":{"index":"index","follow":"follow","max-snippet":"max-snippet:-1","max-image-preview":"max-image-preview:large","max-video-preview":"max-video-preview:-1"},"canonical":"https:\/\/neuroquantum.com\/equipos-medicos-para-diagnostico-rehabilitacion-e-investigacion\/","og_locale":"es_ES","og_type":"article","og_title":"Equipos m\u00e9dicos para diagn\u00f3stico, rehabilitaci\u00f3n e investigaci\u00f3n - neuroquantum","og_description":"[vc_row css=\u00bb.vc_custom_1629877038080{margin-bottom: 40px !important;}\u00bb mobile_bg_img_hidden=\u00bbno\u00bb tablet_bg_img_hidden=\u00bbno\u00bb woodmart_parallax=\u00bb0&#8243; woodmart_gradient_switch=\u00bbno\u00bb row_reverse_mobile=\u00bb1&#8243; row_reverse_tablet=\u00bb1&#8243; woodmart_disable_overflow=\u00bb0&#8243; wd_z_index=\u00bbno\u00bb woodmart_css_id=\u00bb6125f32826e3d\u00bb responsive_spacing=\u00bbeyJwYXJhbV90eXBlIjoid29vZG1hcnRfcmVzcG9uc2l2ZV9zcGFjaW5nIiwic2VsZWN0b3JfaWQiOiI2MTI1ZjMyODI2ZTNkIiwic2hvcnRjb2RlIjoidmNfcm93IiwiZGF0YSI6eyJ0YWJsZXQiOnt9LCJtb2JpbGUiOnsibWFyZ2luLWJvdHRvbSI6IjIwIn19fQ==\u00bb][vc_column css=\u00bb.vc_custom_1629877010833{margin-bottom: 40px !important;padding-top: 0px !important;}\u00bb mobile_bg_img_hidden=\u00bbno\u00bb","og_url":"https:\/\/neuroquantum.com\/equipos-medicos-para-diagnostico-rehabilitacion-e-investigacion\/","og_site_name":"neuroquantum","twitter_card":"summary_large_image","twitter_misc":{"Tiempo de lectura":"4 minutos"},"schema":{"@context":"https:\/\/schema.org","@graph":[{"@type":"WebPage","@id":"https:\/\/neuroquantum.com\/equipos-medicos-para-diagnostico-rehabilitacion-e-investigacion\/","url":"https:\/\/neuroquantum.com\/equipos-medicos-para-diagnostico-rehabilitacion-e-investigacion\/","name":"Equipos m\u00e9dicos para diagn\u00f3stico, rehabilitaci\u00f3n e investigaci\u00f3n - neuroquantum","isPartOf":{"@id":"https:\/\/neuroquantum.com\/#website"},"datePublished":"2023-08-03T08:41:01+00:00","dateModified":"2023-08-03T08:41:01+00:00","breadcrumb":{"@id":"https:\/\/neuroquantum.com\/equipos-medicos-para-diagnostico-rehabilitacion-e-investigacion\/#breadcrumb"},"inLanguage":"es","potentialAction":[{"@type":"ReadAction","target":["https:\/\/neuroquantum.com\/equipos-medicos-para-diagnostico-rehabilitacion-e-investigacion\/"]}]},{"@type":"BreadcrumbList","@id":"https:\/\/neuroquantum.com\/equipos-medicos-para-diagnostico-rehabilitacion-e-investigacion\/#breadcrumb","itemListElement":[{"@type":"ListItem","position":1,"name":"In\u00edcio","item":"https:\/\/neuroquantum.com\/es\/"},{"@type":"ListItem","position":2,"name":"Equipos m\u00e9dicos para diagn\u00f3stico, rehabilitaci\u00f3n e investigaci\u00f3n"}]},{"@type":"WebSite","@id":"https:\/\/neuroquantum.com\/#website","url":"https:\/\/neuroquantum.com\/","name":"neuroquantum","description":"Medicinas Tradicionais e Tecnologias Qu\u00e2nticas de Biofeedback e Bioreson\u00e2ncia.","publisher":{"@id":"https:\/\/neuroquantum.com\/#organization"},"potentialAction":[{"@type":"SearchAction","target":{"@type":"EntryPoint","urlTemplate":"https:\/\/neuroquantum.com\/?s={search_term_string}"},"query-input":"required name=search_term_string"}],"inLanguage":"es"},{"@type":"Organization","@id":"https:\/\/neuroquantum.com\/#organization","name":"neuroquantum","url":"https:\/\/neuroquantum.com\/","logo":{"@type":"ImageObject","inLanguage":"es","@id":"https:\/\/neuroquantum.com\/#\/schema\/logo\/image\/","url":"https:\/\/neuroquantum.com\/wp-content\/uploads\/2023\/03\/neuro-novo-logo.png","contentUrl":"https:\/\/neuroquantum.com\/wp-content\/uploads\/2023\/03\/neuro-novo-logo.png","width":708,"height":215,"caption":"neuroquantum"},"image":{"@id":"https:\/\/neuroquantum.com\/#\/schema\/logo\/image\/"}}]}},"_links":{"self":[{"href":"https:\/\/neuroquantum.com\/es\/wp-json\/wp\/v2\/pages\/7847","targetHints":{"allow":["GET"]}}],"collection":[{"href":"https:\/\/neuroquantum.com\/es\/wp-json\/wp\/v2\/pages"}],"about":[{"href":"https:\/\/neuroquantum.com\/es\/wp-json\/wp\/v2\/types\/page"}],"author":[{"embeddable":true,"href":"https:\/\/neuroquantum.com\/es\/wp-json\/wp\/v2\/users\/2"}],"replies":[{"embeddable":true,"href":"https:\/\/neuroquantum.com\/es\/wp-json\/wp\/v2\/comments?post=7847"}],"version-history":[{"count":1,"href":"https:\/\/neuroquantum.com\/es\/wp-json\/wp\/v2\/pages\/7847\/revisions"}],"predecessor-version":[{"id":7848,"href":"https:\/\/neuroquantum.com\/es\/wp-json\/wp\/v2\/pages\/7847\/revisions\/7848"}],"wp:attachment":[{"href":"https:\/\/neuroquantum.com\/es\/wp-json\/wp\/v2\/media?parent=7847"}],"curies":[{"name":"wp","href":"https:\/\/api.w.org\/{rel}","templated":true}]}}