{"id":7856,"date":"2023-08-03T09:31:56","date_gmt":"2023-08-03T09:31:56","guid":{"rendered":"https:\/\/neuroquantum.com\/?page_id=7856"},"modified":"2023-08-03T09:31:56","modified_gmt":"2023-08-03T09:31:56","slug":"tecnicas-y-terapias-de-equilibrio-y-orientacion-personal","status":"publish","type":"page","link":"https:\/\/neuroquantum.com\/es\/tecnicas-y-terapias-de-equilibrio-y-orientacion-personal\/","title":{"rendered":"T\u00e9cnicas y Terapias de Equilibrio y Orientaci\u00f3n Personal"},"content":{"rendered":"<section class=\"wpb-content-wrapper\"><p>[vc_row css=\u00bb.vc_custom_1683028323917{padding-bottom: 45px !important;}\u00bb woodmart_css_id=\u00bb6450f999451ff\u00bb responsive_spacing=\u00bbeyJwYXJhbV90eXBlIjoid29vZG1hcnRfcmVzcG9uc2l2ZV9zcGFjaW5nIiwic2VsZWN0b3JfaWQiOiI2NDUwZjk5OTQ1MWZmIiwic2hvcnRjb2RlIjoidmNfcm93IiwiZGF0YSI6eyJ0YWJsZXQiOnt9LCJtb2JpbGUiOnt9fX0=\u00bb mobile_bg_img_hidden=\u00bbno\u00bb tablet_bg_img_hidden=\u00bbno\u00bb woodmart_parallax=\u00bb0&#8243; woodmart_gradient_switch=\u00bbno\u00bb woodmart_box_shadow=\u00bbno\u00bb wd_z_index=\u00bbno\u00bb woodmart_disable_overflow=\u00bb0&#8243; row_reverse_mobile=\u00bb0&#8243; row_reverse_tablet=\u00bb0&#8243;][vc_column width=\u00bb1\/2&#8243;][vc_single_image image=\u00bb7419&#8243; img_size=\u00bbfull\u00bb parallax_scroll=\u00bbno\u00bb woodmart_inline=\u00bbno\u00bb][\/vc_column][vc_column width=\u00bb1\/2&#8243; css=\u00bb.vc_custom_1683028295315{margin-left: 2% !important;padding-top: 15px !important;}\u00bb woodmart_css_id=\u00bb6450f9807ca4a\u00bb parallax_scroll=\u00bbno\u00bb woodmart_sticky_column=\u00bbfalse\u00bb wd_collapsible_content_switcher=\u00bbno\u00bb wd_column_role_offcanvas_desktop=\u00bbno\u00bb wd_column_role_offcanvas_tablet=\u00bbno\u00bb wd_column_role_offcanvas_mobile=\u00bbno\u00bb wd_column_role_content_desktop=\u00bbno\u00bb wd_column_role_content_tablet=\u00bbno\u00bb wd_column_role_content_mobile=\u00bbno\u00bb mobile_bg_img_hidden=\u00bbno\u00bb tablet_bg_img_hidden=\u00bbno\u00bb woodmart_parallax=\u00bb0&#8243; woodmart_box_shadow=\u00bbno\u00bb responsive_spacing=\u00bbeyJwYXJhbV90eXBlIjoid29vZG1hcnRfcmVzcG9uc2l2ZV9zcGFjaW5nIiwic2VsZWN0b3JfaWQiOiI2NDUwZjk4MDdjYTRhIiwic2hvcnRjb2RlIjoidmNfY29sdW1uIiwiZGF0YSI6eyJ0YWJsZXQiOnt9LCJtb2JpbGUiOnt9fX0=\u00bb mobile_reset_margin=\u00bbno\u00bb tablet_reset_margin=\u00bbno\u00bb wd_z_index=\u00bbno\u00bb]\n\t\t<div id=\"wd-64cb717bc0613\" class=\"title-wrapper wd-wpb set-mb-s reset-last-child  wd-rs-64cb717bc0613 wd-title-color-primary wd-title-style-default text-left vc_custom_1691054464867 wd-underline-colored\">\n\t\t\t\n\t\t\t<div class=\"liner-continer\">\n\t\t\t\t<h4 class=\"woodmart-title-container title  wd-font-weight- wd-fontsize-xl\" >\u00a1Profesionales que cuidan tu Formaci\u00f3n y Calidad de Vida!<\/h4>\n\t\t\t\t\t\t\t<\/div>\n\t\t\t\n\t\t\t\t\t\t\t<div class=\"title-after_title  set-cont-mb-s reset-last-child  wd-fontsize-s\">EQUIPAMENTOS DE TERAPIA ENERG\u00c9TICA DE AVALIA\u00c7\u00c3O e TERAPIA, para a SA\u00daDE e BEM ESTAR<\/div>\n\t\t\t\n\t\t\t\n\t\t<\/div>\n\t\t\n\t\t\t\t<div id=\"wd-64cb71966fc62\" class=\"wd-text-block wd-wpb reset-last-child wd-rs-64cb71966fc62 text-left wd-fontsize-custom vc_custom_1691054559457\">\n\t\t\t<p><strong>3 tipos de evaluaci\u00f3n<\/strong><\/p>\n<ul>\n<li>Evaluaci\u00f3n psicof\u00edsica<\/li>\n<li>Orientaci\u00f3n y Estilo de Vida<\/li>\n<li>Desintoxicaci\u00f3n f\u00edsica y emocional<\/li>\n<\/ul>\n<p><strong>5 Niveles de Reequilibrio y Desintoxicaci\u00f3n Psico-F\u00edsico-Emocional<\/strong><\/p>\n<ul>\n<li>F\u00edsico<\/li>\n<li>Mental<\/li>\n<li>Neuroemocional<\/li>\n<li>Energ\u00e9tico<\/li>\n<li>Espiritual<\/li>\n<\/ul>\n\t\t<\/div>\n\t\t[vc_separator color=\u00bbcustom\u00bb accent_color=\u00bbrgba(10,10,10,0.12)\u00bb css=\u00bb.vc_custom_1615616514122{margin-bottom: 20px !important;padding-top: 10px !important;}\u00bb][\/vc_column][\/vc_row][vc_row full_width=\u00bbstretch_row\u00bb woodmart_css_id=\u00bb6450f9fd6ac66&#8243; responsive_spacing=\u00bbeyJwYXJhbV90eXBlIjoid29vZG1hcnRfcmVzcG9uc2l2ZV9zcGFjaW5nIiwic2VsZWN0b3JfaWQiOiI2NDUwZjlmZDZhYzY2Iiwic2hvcnRjb2RlIjoidmNfcm93IiwiZGF0YSI6eyJ0YWJsZXQiOnt9LCJtb2JpbGUiOnt9fX0=\u00bb mobile_bg_img_hidden=\u00bbno\u00bb tablet_bg_img_hidden=\u00bbno\u00bb woodmart_parallax=\u00bb0&#8243; woodmart_gradient_switch=\u00bbno\u00bb woodmart_box_shadow=\u00bbno\u00bb wd_z_index=\u00bbno\u00bb woodmart_disable_overflow=\u00bb0&#8243; row_reverse_mobile=\u00bb0&#8243; row_reverse_tablet=\u00bb0&#8243; css=\u00bb.vc_custom_1683028418447{padding-top: 65px !important;padding-bottom: 50px !important;background-image: url(https:\/\/neuroquantum.com\/wp-content\/uploads\/2023\/01\/slide3.jpg?id=7298) !important;background-position: center !important;background-repeat: no-repeat !important;background-size: cover !important;}\u00bb][vc_column]\n\t\t<div id=\"wd-64cb71f2642ad\" class=\"title-wrapper wd-wpb set-mb-s reset-last-child  wd-rs-64cb71f2642ad wd-title-color-primary wd-title-style-default text-center vc_custom_1691054584676 wd-underline-colored\">\n\t\t\t\n\t\t\t<div class=\"liner-continer\">\n\t\t\t\t<h4 class=\"woodmart-title-container title  wd-font-weight- wd-fontsize-xl\" >Principales resultados a nivel personal y corporativo<\/h4>\n\t\t\t\t\t\t\t<\/div>\n\t\t\t\n\t\t\t\t\t\t\t<div class=\"title-after_title  set-cont-mb-s reset-last-child  wd-fontsize-s\">Haga clic para ver la configuraci\u00f3n<\/div>\n\t\t\t\n\t\t\t\n\t\t<\/div>\n\t\t\n\t\t[\/vc_column][vc_column width=\u00bb1\/4&#8243;][vc_column_text woodmart_color_scheme=\u00bblight\u00bb woodmart_inline=\u00bbno\u00bb text_larger=\u00bbno\u00bb]<\/p>\n<ul>\n<li><a href=\"https:\/\/neuroquantum.com\/a-medicina-do-estilo-de-vida\/\">Medicina de estilo de vida<\/a><\/li>\n<li><a href=\"https:\/\/neuroquantum.com\/o-equilibrio-neuro-emocional\/\">Equilibrio neuroemocional<\/a><\/li>\n<li><a href=\"https:\/\/neuroquantum.com\/insonia\/\">Insomnio y calidad del sue\u00f1o<\/a><\/li>\n<li><a href=\"https:\/\/neuroquantum.com\/enxaquecas-e-dor-de-cabeca\/\">Migra\u00f1as y dolores de cabeza<\/a><\/li>\n<li><a href=\"https:\/\/neuroquantum.com\/dores-cronicas\/\">Dolor cr\u00f3nico<\/a><\/li>\n<li><a href=\"https:\/\/neuroquantum.com\/alergias-e-intolerancias\/\">Alergias e Intolerancias<\/a><\/li>\n<li><a href=\"https:\/\/neuroquantum.com\/esgotamento-psicofisico\/\">Agotamiento Psicof\u00edsico<\/a><\/li>\n<\/ul>\n<p>[\/vc_column_text][\/vc_column][vc_column width=\u00bb1\/4&#8243;][vc_column_text woodmart_color_scheme=\u00bblight\u00bb woodmart_inline=\u00bbno\u00bb text_larger=\u00bbno\u00bb]<\/p>\n<ul>\n<li><a href=\"https:\/\/neuroquantum.com\/fadiga-cronica\/\">Fatiga cronica<br \/>\n<\/a><\/li>\n<li><a href=\"https:\/\/neuroquantum.com\/burnout\/\">Agotamiento<\/a><\/li>\n<li><a href=\"https:\/\/neuroquantum.com\/impotencia\/\">Impotencia<\/a><\/li>\n<li><a href=\"https:\/\/neuroquantum.com\/hiperatividade\/\">Hiperactividad<\/a><\/li>\n<li><a href=\"https:\/\/neuroquantum.com\/ansiedade\/\">Ansiedad<\/a><\/li>\n<li><a href=\"https:\/\/neuroquantum.com\/panico-e-fobias\/\">P\u00e1nicos y fobias<\/a><\/li>\n<li><a href=\"https:\/\/neuroquantum.com\/depressao\/\">Depresi\u00f3n<\/a><\/li>\n<\/ul>\n<p>[\/vc_column_text][\/vc_column][vc_column width=\u00bb1\/4&#8243;][vc_column_text woodmart_color_scheme=\u00bblight\u00bb woodmart_inline=\u00bbno\u00bb text_larger=\u00bbno\u00bb]<\/p>\n<ul>\n<li><a href=\"https:\/\/neuroquantum.com\/autoestima\/\">Autoestima<\/a><\/li>\n<li><a href=\"https:\/\/neuroquantum.com\/performance-profissional\/\">Rendimiento profesional<\/a><\/li>\n<li><a href=\"https:\/\/neuroquantum.com\/stress-cronico\/\">Estr\u00e9s cr\u00f3nico<\/a><\/li>\n<li><a href=\"https:\/\/neuroquantum.com\/procrastinacao\/\">Procrastinaci\u00f3n y estancamientos<\/a><\/li>\n<li><a href=\"https:\/\/neuroquantum.com\/decisoes-limitativas\/\">Limitar las decisiones<\/a><\/li>\n<li><a href=\"https:\/\/neuroquantum.com\/stress-psicofisico\/\">Estr\u00e9s psicof\u00edsico<\/a><\/li>\n<\/ul>\n<p>[\/vc_column_text][\/vc_column][vc_column width=\u00bb1\/4&#8243;][vc_column_text woodmart_color_scheme=\u00bblight\u00bb woodmart_inline=\u00bbno\u00bb text_larger=\u00bbno\u00bb]<\/p>\n<ul>\n<li><a href=\"https:\/\/neuroquantum.com\/stress-neuro-emocional\/\">Estr\u00e9s neuroemocional<\/a><\/li>\n<li><a href=\"https:\/\/neuroquantum.com\/equilibrio-energetico\/\">Balance de energ\u00eda<\/a><\/li>\n<li><a href=\"https:\/\/neuroquantum.com\/dieta-e-alimentacao\/\">Dieta y comida<\/a><\/li>\n<li><a href=\"https:\/\/neuroquantum.com\/detox-e-suplementos\/\">Desintoxicaci\u00f3n y Suplementos<\/a><\/li>\n<li><a href=\"https:\/\/neuroquantum.com\/eletrocardiografia\/\">Electrocardiograf\u00eda<\/a><\/li>\n<li><a href=\"https:\/\/neuroquantum.com\/coerencia-cardiaca\/\">Coherencia card\u00edaca<\/a><\/li>\n<\/ul>\n<p>[\/vc_column_text][\/vc_column][\/vc_row][vc_row][vc_column width=\u00bb1\/2&#8243;]\n\t\t<div id=\"wd-64cb733974bed\" class=\"title-wrapper wd-wpb set-mb-s reset-last-child  wd-rs-64cb733974bed wd-title-color-primary wd-title-style-default text-left vc_custom_1691054913790 wd-underline-colored\">\n\t\t\t\n\t\t\t<div class=\"liner-continer\">\n\t\t\t\t<h4 class=\"woodmart-title-container title  wd-font-weight- wd-fontsize-xl\" >Tecnolog\u00edas Cu\u00e1nticas y Electrofisiolog\u00eda<\/p>\n<p><\/h4>\n\t\t\t\t\t\t\t<\/div>\n\t\t\t\n\t\t\t\n\t\t\t\n\t\t<\/div>\n\t\t\n\t\t[vc_column_text woodmart_inline=\u00bbno\u00bb text_larger=\u00bbno\u00bb]<\/p>\n<ul>\n<li>Biorretroalimentaci\u00f3n<\/li>\n<li>Neuroretroalimentaci\u00f3n<\/li>\n<li>Biorresonancia<\/li>\n<li>Equipos m\u00e9dicos para diagn\u00f3stico, rehabilitaci\u00f3n e investigaci\u00f3n.<\/li>\n<\/ul>\n<p>[\/vc_column_text][\/vc_column][vc_column width=\u00bb1\/2&#8243;]\n\t\t<div id=\"wd-6450fbd1bc73c\" class=\"title-wrapper wd-wpb set-mb-s reset-last-child  wd-rs-6450fbd1bc73c wd-title-color-primary wd-title-style-default text-left vc_custom_1683028885670 wd-underline-colored\">\n\t\t\t\n\t\t\t<div class=\"liner-continer\">\n\t\t\t\t<h4 class=\"woodmart-title-container title  wd-font-weight- wd-fontsize-xl\" >T\u00e9cnicas Terap\u00eauticas<\/h4>\n\t\t\t\t\t\t\t<\/div>\n\t\t\t\n\t\t\t\n\t\t\t\n\t\t<\/div>\n\t\t\n\t\t[vc_column_text woodmart_inline=\u00bbno\u00bb text_larger=\u00bbno\u00bb]<\/p>\n<ul>\n<li>EMDR \u2013 Desensibilizaci\u00f3n y reprocesamiento por movimientos oculares<\/li>\n<li>EFT \u2013 T\u00e9cnica de Liberaci\u00f3n Emocional<\/li>\n<li>NHR &#8211; Redise\u00f1o neurohipn\u00f3tico<\/li>\n<li>Consciencia<\/li>\n<li>PNL &#8211; Programaci\u00f3n Neuroling\u00fc\u00edstica<\/li>\n<li>Entrenador neurol\u00f3gico<\/li>\n<li>Feng shui ambiental<\/li>\n<li>Feng shui personal<\/li>\n<li>I Ching<\/li>\n<\/ul>\n<p>[\/vc_column_text][\/vc_column][\/vc_row]<\/p>\n<\/section>","protected":false},"excerpt":{"rendered":"<p>[vc_row css=\u00bb.vc_custom_1683028323917{padding-bottom: 45px !important;}\u00bb woodmart_css_id=\u00bb6450f999451ff\u00bb responsive_spacing=\u00bbeyJwYXJhbV90eXBlIjoid29vZG1hcnRfcmVzcG9uc2l2ZV9zcGFjaW5nIiwic2VsZWN0b3JfaWQiOiI2NDUwZjk5OTQ1MWZmIiwic2hvcnRjb2RlIjoidmNfcm93IiwiZGF0YSI6eyJ0YWJsZXQiOnt9LCJtb2JpbGUiOnt9fX0=\u00bb mobile_bg_img_hidden=\u00bbno\u00bb tablet_bg_img_hidden=\u00bbno\u00bb woodmart_parallax=\u00bb0&#8243; woodmart_gradient_switch=\u00bbno\u00bb woodmart_box_shadow=\u00bbno\u00bb wd_z_index=\u00bbno\u00bb woodmart_disable_overflow=\u00bb0&#8243; row_reverse_mobile=\u00bb0&#8243; row_reverse_tablet=\u00bb0&#8243;][vc_column width=\u00bb1\/2&#8243;][vc_single_image image=\u00bb7419&#8243; img_size=\u00bbfull\u00bb parallax_scroll=\u00bbno\u00bb woodmart_inline=\u00bbno\u00bb][\/vc_column][vc_column<\/p>\n","protected":false},"author":2,"featured_media":0,"parent":0,"menu_order":0,"comment_status":"closed","ping_status":"closed","template":"","meta":{"footnotes":""},"class_list":["post-7856","page","type-page","status-publish","hentry"],"yoast_head":"<!-- This site is optimized with the Yoast SEO plugin v20.11 - https:\/\/yoast.com\/wordpress\/plugins\/seo\/ -->\n<title>T\u00e9cnicas y Terapias de Equilibrio y Orientaci\u00f3n Personal - neuroquantum<\/title>\n<meta name=\"robots\" content=\"index, follow, max-snippet:-1, max-image-preview:large, max-video-preview:-1\" \/>\n<link rel=\"canonical\" href=\"https:\/\/neuroquantum.com\/tecnicas-y-terapias-de-equilibrio-y-orientacion-personal\/\" \/>\n<meta property=\"og:locale\" content=\"es_ES\" \/>\n<meta property=\"og:type\" content=\"article\" \/>\n<meta property=\"og:title\" content=\"T\u00e9cnicas y Terapias de Equilibrio y Orientaci\u00f3n Personal - neuroquantum\" \/>\n<meta property=\"og:description\" content=\"[vc_row css=\u00bb.vc_custom_1683028323917{padding-bottom: 45px !important;}\u00bb woodmart_css_id=\u00bb6450f999451ff\u00bb responsive_spacing=\u00bbeyJwYXJhbV90eXBlIjoid29vZG1hcnRfcmVzcG9uc2l2ZV9zcGFjaW5nIiwic2VsZWN0b3JfaWQiOiI2NDUwZjk5OTQ1MWZmIiwic2hvcnRjb2RlIjoidmNfcm93IiwiZGF0YSI6eyJ0YWJsZXQiOnt9LCJtb2JpbGUiOnt9fX0=\u00bb mobile_bg_img_hidden=\u00bbno\u00bb tablet_bg_img_hidden=\u00bbno\u00bb woodmart_parallax=\u00bb0&#8243; woodmart_gradient_switch=\u00bbno\u00bb woodmart_box_shadow=\u00bbno\u00bb wd_z_index=\u00bbno\u00bb woodmart_disable_overflow=\u00bb0&#8243; row_reverse_mobile=\u00bb0&#8243; row_reverse_tablet=\u00bb0&#8243;][vc_column width=\u00bb1\/2&#8243;][vc_single_image image=\u00bb7419&#8243; img_size=\u00bbfull\u00bb parallax_scroll=\u00bbno\u00bb woodmart_inline=\u00bbno\u00bb][\/vc_column][vc_column\" \/>\n<meta property=\"og:url\" content=\"https:\/\/neuroquantum.com\/tecnicas-y-terapias-de-equilibrio-y-orientacion-personal\/\" \/>\n<meta property=\"og:site_name\" content=\"neuroquantum\" \/>\n<meta name=\"twitter:card\" content=\"summary_large_image\" \/>\n<meta name=\"twitter:label1\" content=\"Tiempo de lectura\" \/>\n\t<meta name=\"twitter:data1\" content=\"2 minutos\" \/>\n<script type=\"application\/ld+json\" class=\"yoast-schema-graph\">{\"@context\":\"https:\/\/schema.org\",\"@graph\":[{\"@type\":\"WebPage\",\"@id\":\"https:\/\/neuroquantum.com\/tecnicas-y-terapias-de-equilibrio-y-orientacion-personal\/\",\"url\":\"https:\/\/neuroquantum.com\/tecnicas-y-terapias-de-equilibrio-y-orientacion-personal\/\",\"name\":\"T\u00e9cnicas y Terapias de Equilibrio y Orientaci\u00f3n Personal - neuroquantum\",\"isPartOf\":{\"@id\":\"https:\/\/neuroquantum.com\/#website\"},\"datePublished\":\"2023-08-03T09:31:56+00:00\",\"dateModified\":\"2023-08-03T09:31:56+00:00\",\"breadcrumb\":{\"@id\":\"https:\/\/neuroquantum.com\/tecnicas-y-terapias-de-equilibrio-y-orientacion-personal\/#breadcrumb\"},\"inLanguage\":\"es\",\"potentialAction\":[{\"@type\":\"ReadAction\",\"target\":[\"https:\/\/neuroquantum.com\/tecnicas-y-terapias-de-equilibrio-y-orientacion-personal\/\"]}]},{\"@type\":\"BreadcrumbList\",\"@id\":\"https:\/\/neuroquantum.com\/tecnicas-y-terapias-de-equilibrio-y-orientacion-personal\/#breadcrumb\",\"itemListElement\":[{\"@type\":\"ListItem\",\"position\":1,\"name\":\"In\u00edcio\",\"item\":\"https:\/\/neuroquantum.com\/es\/\"},{\"@type\":\"ListItem\",\"position\":2,\"name\":\"T\u00e9cnicas y Terapias de Equilibrio y Orientaci\u00f3n Personal\"}]},{\"@type\":\"WebSite\",\"@id\":\"https:\/\/neuroquantum.com\/#website\",\"url\":\"https:\/\/neuroquantum.com\/\",\"name\":\"neuroquantum\",\"description\":\"Medicinas Tradicionais e Tecnologias Qu\u00e2nticas de Biofeedback e Bioreson\u00e2ncia.\",\"publisher\":{\"@id\":\"https:\/\/neuroquantum.com\/#organization\"},\"potentialAction\":[{\"@type\":\"SearchAction\",\"target\":{\"@type\":\"EntryPoint\",\"urlTemplate\":\"https:\/\/neuroquantum.com\/?s={search_term_string}\"},\"query-input\":\"required name=search_term_string\"}],\"inLanguage\":\"es\"},{\"@type\":\"Organization\",\"@id\":\"https:\/\/neuroquantum.com\/#organization\",\"name\":\"neuroquantum\",\"url\":\"https:\/\/neuroquantum.com\/\",\"logo\":{\"@type\":\"ImageObject\",\"inLanguage\":\"es\",\"@id\":\"https:\/\/neuroquantum.com\/#\/schema\/logo\/image\/\",\"url\":\"https:\/\/neuroquantum.com\/wp-content\/uploads\/2023\/03\/neuro-novo-logo.png\",\"contentUrl\":\"https:\/\/neuroquantum.com\/wp-content\/uploads\/2023\/03\/neuro-novo-logo.png\",\"width\":708,\"height\":215,\"caption\":\"neuroquantum\"},\"image\":{\"@id\":\"https:\/\/neuroquantum.com\/#\/schema\/logo\/image\/\"}}]}<\/script>\n<!-- \/ Yoast SEO plugin. -->","yoast_head_json":{"title":"T\u00e9cnicas y Terapias de Equilibrio y Orientaci\u00f3n Personal - neuroquantum","robots":{"index":"index","follow":"follow","max-snippet":"max-snippet:-1","max-image-preview":"max-image-preview:large","max-video-preview":"max-video-preview:-1"},"canonical":"https:\/\/neuroquantum.com\/tecnicas-y-terapias-de-equilibrio-y-orientacion-personal\/","og_locale":"es_ES","og_type":"article","og_title":"T\u00e9cnicas y Terapias de Equilibrio y Orientaci\u00f3n Personal - neuroquantum","og_description":"[vc_row css=\u00bb.vc_custom_1683028323917{padding-bottom: 45px !important;}\u00bb woodmart_css_id=\u00bb6450f999451ff\u00bb responsive_spacing=\u00bbeyJwYXJhbV90eXBlIjoid29vZG1hcnRfcmVzcG9uc2l2ZV9zcGFjaW5nIiwic2VsZWN0b3JfaWQiOiI2NDUwZjk5OTQ1MWZmIiwic2hvcnRjb2RlIjoidmNfcm93IiwiZGF0YSI6eyJ0YWJsZXQiOnt9LCJtb2JpbGUiOnt9fX0=\u00bb mobile_bg_img_hidden=\u00bbno\u00bb tablet_bg_img_hidden=\u00bbno\u00bb woodmart_parallax=\u00bb0&#8243; woodmart_gradient_switch=\u00bbno\u00bb woodmart_box_shadow=\u00bbno\u00bb wd_z_index=\u00bbno\u00bb woodmart_disable_overflow=\u00bb0&#8243; row_reverse_mobile=\u00bb0&#8243; row_reverse_tablet=\u00bb0&#8243;][vc_column width=\u00bb1\/2&#8243;][vc_single_image image=\u00bb7419&#8243; img_size=\u00bbfull\u00bb parallax_scroll=\u00bbno\u00bb woodmart_inline=\u00bbno\u00bb][\/vc_column][vc_column","og_url":"https:\/\/neuroquantum.com\/tecnicas-y-terapias-de-equilibrio-y-orientacion-personal\/","og_site_name":"neuroquantum","twitter_card":"summary_large_image","twitter_misc":{"Tiempo de lectura":"2 minutos"},"schema":{"@context":"https:\/\/schema.org","@graph":[{"@type":"WebPage","@id":"https:\/\/neuroquantum.com\/tecnicas-y-terapias-de-equilibrio-y-orientacion-personal\/","url":"https:\/\/neuroquantum.com\/tecnicas-y-terapias-de-equilibrio-y-orientacion-personal\/","name":"T\u00e9cnicas y Terapias de Equilibrio y Orientaci\u00f3n Personal - neuroquantum","isPartOf":{"@id":"https:\/\/neuroquantum.com\/#website"},"datePublished":"2023-08-03T09:31:56+00:00","dateModified":"2023-08-03T09:31:56+00:00","breadcrumb":{"@id":"https:\/\/neuroquantum.com\/tecnicas-y-terapias-de-equilibrio-y-orientacion-personal\/#breadcrumb"},"inLanguage":"es","potentialAction":[{"@type":"ReadAction","target":["https:\/\/neuroquantum.com\/tecnicas-y-terapias-de-equilibrio-y-orientacion-personal\/"]}]},{"@type":"BreadcrumbList","@id":"https:\/\/neuroquantum.com\/tecnicas-y-terapias-de-equilibrio-y-orientacion-personal\/#breadcrumb","itemListElement":[{"@type":"ListItem","position":1,"name":"In\u00edcio","item":"https:\/\/neuroquantum.com\/es\/"},{"@type":"ListItem","position":2,"name":"T\u00e9cnicas y Terapias de Equilibrio y Orientaci\u00f3n Personal"}]},{"@type":"WebSite","@id":"https:\/\/neuroquantum.com\/#website","url":"https:\/\/neuroquantum.com\/","name":"neuroquantum","description":"Medicinas Tradicionais e Tecnologias Qu\u00e2nticas de Biofeedback e Bioreson\u00e2ncia.","publisher":{"@id":"https:\/\/neuroquantum.com\/#organization"},"potentialAction":[{"@type":"SearchAction","target":{"@type":"EntryPoint","urlTemplate":"https:\/\/neuroquantum.com\/?s={search_term_string}"},"query-input":"required name=search_term_string"}],"inLanguage":"es"},{"@type":"Organization","@id":"https:\/\/neuroquantum.com\/#organization","name":"neuroquantum","url":"https:\/\/neuroquantum.com\/","logo":{"@type":"ImageObject","inLanguage":"es","@id":"https:\/\/neuroquantum.com\/#\/schema\/logo\/image\/","url":"https:\/\/neuroquantum.com\/wp-content\/uploads\/2023\/03\/neuro-novo-logo.png","contentUrl":"https:\/\/neuroquantum.com\/wp-content\/uploads\/2023\/03\/neuro-novo-logo.png","width":708,"height":215,"caption":"neuroquantum"},"image":{"@id":"https:\/\/neuroquantum.com\/#\/schema\/logo\/image\/"}}]}},"_links":{"self":[{"href":"https:\/\/neuroquantum.com\/es\/wp-json\/wp\/v2\/pages\/7856","targetHints":{"allow":["GET"]}}],"collection":[{"href":"https:\/\/neuroquantum.com\/es\/wp-json\/wp\/v2\/pages"}],"about":[{"href":"https:\/\/neuroquantum.com\/es\/wp-json\/wp\/v2\/types\/page"}],"author":[{"embeddable":true,"href":"https:\/\/neuroquantum.com\/es\/wp-json\/wp\/v2\/users\/2"}],"replies":[{"embeddable":true,"href":"https:\/\/neuroquantum.com\/es\/wp-json\/wp\/v2\/comments?post=7856"}],"version-history":[{"count":1,"href":"https:\/\/neuroquantum.com\/es\/wp-json\/wp\/v2\/pages\/7856\/revisions"}],"predecessor-version":[{"id":7857,"href":"https:\/\/neuroquantum.com\/es\/wp-json\/wp\/v2\/pages\/7856\/revisions\/7857"}],"wp:attachment":[{"href":"https:\/\/neuroquantum.com\/es\/wp-json\/wp\/v2\/media?parent=7856"}],"curies":[{"name":"wp","href":"https:\/\/api.w.org\/{rel}","templated":true}]}}