{"id":7893,"date":"2023-07-11T14:41:37","date_gmt":"2023-07-11T14:41:37","guid":{"rendered":"https:\/\/neuroquantum.com\/?post_type=product&#038;p=7893"},"modified":"2023-08-03T12:27:21","modified_gmt":"2023-08-03T12:27:21","slug":"ao-scan","status":"publish","type":"product","link":"https:\/\/neuroquantum.com\/es\/produto\/ao-scan\/","title":{"rendered":"AO Scan"},"content":{"rendered":"<p>Con base en estas comparaciones, el sistema genera un informe detallado que puede ayudar a identificar desequilibrios, disfunciones o \u00e1reas de preocupaci\u00f3n en la salud de una persona.<\/p>\n<p>La tecnolog\u00eda de biorresonancia de AO Scan se basa en el principio de que cada c\u00e9lula, \u00f3rgano o sistema corporal emite se\u00f1ales electromagn\u00e9ticas espec\u00edficas. Al analizar estas se\u00f1ales, el dispositivo puede proporcionar informaci\u00f3n sobre la salud en general, incluidos aspectos como el sistema cardiovascular, digestivo, respiratorio, inmunol\u00f3gico y m\u00e1s.<\/p>\n<p><img loading=\"lazy\" decoding=\"async\" class=\"alignnone size-medium wp-image-7873\" src=\"https:\/\/neuroquantum.com\/wp-content\/uploads\/2023\/07\/ao-scan3-400x296.jpg\" alt=\"\" width=\"400\" height=\"296\" srcset=\"https:\/\/neuroquantum.com\/wp-content\/uploads\/2023\/07\/ao-scan3-400x296.jpg 400w, https:\/\/neuroquantum.com\/wp-content\/uploads\/2023\/07\/ao-scan3-430x318.jpg 430w, https:\/\/neuroquantum.com\/wp-content\/uploads\/2023\/07\/ao-scan3-150x111.jpg 150w, https:\/\/neuroquantum.com\/wp-content\/uploads\/2023\/07\/ao-scan3.jpg 518w\" sizes=\"auto, (max-width: 400px) 100vw, 400px\" \/>\u00a0 \u00a0 \u00a0 <img loading=\"lazy\" decoding=\"async\" class=\"alignnone size-medium wp-image-7875\" src=\"https:\/\/neuroquantum.com\/wp-content\/uploads\/2023\/07\/ao-scan4-300x300.png\" alt=\"\" width=\"300\" height=\"300\" srcset=\"https:\/\/neuroquantum.com\/wp-content\/uploads\/2023\/07\/ao-scan4-300x300.png 300w, https:\/\/neuroquantum.com\/wp-content\/uploads\/2023\/07\/ao-scan4-150x150.png 150w, https:\/\/neuroquantum.com\/wp-content\/uploads\/2023\/07\/ao-scan4.png 396w\" sizes=\"auto, (max-width: 300px) 100vw, 300px\" \/><\/p>\n<p>Agunas personas consideran que la biorresonancia es un enfoque complementario del bienestar y prefieren usarla junto con otras formas de atenci\u00f3n m\u00e9dica. Sin embargo, siempre se recomienda consultar a profesionales de la salud calificados para un diagn\u00f3stico y tratamiento m\u00e9dico adecuado.<\/p>\n<p>En resumen, el AO Scan es un dispositivo de biorresonancia que utiliza tecnolog\u00eda para analizar las se\u00f1ales electromagn\u00e9ticas emitidas por el cuerpo, brindando una evaluaci\u00f3n integral de la salud y el bienestar.<\/p>\n<p>&nbsp;<\/p>\n","protected":false},"excerpt":{"rendered":"<p>El AO Scan es un sistema de biorresonancia que utiliza tecnolog\u00eda avanzada para analizar la salud y el bienestar de una persona. Est\u00e1 dise\u00f1ado para proporcionar una evaluaci\u00f3n completa del cuerpo mediante el an\u00e1lisis de las se\u00f1ales electromagn\u00e9ticas emitidas por las c\u00e9lulas, tejidos y \u00f3rganos.<\/p>\n<p>El dispositivo AO Scan utiliza sensores especiales para medir las frecuencias electromagn\u00e9ticas emitidas por el cuerpo y luego compara estas frecuencias con una base de datos de referencia.<\/p>\n","protected":false},"featured_media":7877,"template":"","meta":[],"product_cat":[],"product_tag":[],"class_list":["post-7893","product","type-product","status-publish","has-post-thumbnail","hentry"],"yoast_head":"<!-- This site is optimized with the Yoast SEO plugin v20.11 - https:\/\/yoast.com\/wordpress\/plugins\/seo\/ -->\n<title>AO Scan - neuroquantum<\/title>\n<meta name=\"robots\" content=\"index, follow, max-snippet:-1, max-image-preview:large, max-video-preview:-1\" \/>\n<link rel=\"canonical\" href=\"https:\/\/neuroquantum.com\/es\/produto\/ao-scan\/\" \/>\n<meta property=\"og:locale\" content=\"es_ES\" \/>\n<meta property=\"og:type\" content=\"article\" \/>\n<meta property=\"og:title\" content=\"AO Scan - neuroquantum\" \/>\n<meta property=\"og:description\" content=\"El AO Scan es un sistema de biorresonancia que utiliza tecnolog\u00eda avanzada para analizar la salud y el bienestar de una persona. Est\u00e1 dise\u00f1ado para proporcionar una evaluaci\u00f3n completa del cuerpo mediante el an\u00e1lisis de las se\u00f1ales electromagn\u00e9ticas emitidas por las c\u00e9lulas, tejidos y \u00f3rganos.  El dispositivo AO Scan utiliza sensores especiales para medir las frecuencias electromagn\u00e9ticas emitidas por el cuerpo y luego compara estas frecuencias con una base de datos de referencia.\" \/>\n<meta property=\"og:url\" content=\"https:\/\/neuroquantum.com\/es\/produto\/ao-scan\/\" \/>\n<meta property=\"og:site_name\" content=\"neuroquantum\" \/>\n<meta property=\"article:modified_time\" content=\"2023-08-03T12:27:21+00:00\" \/>\n<meta property=\"og:image\" content=\"https:\/\/neuroquantum.com\/wp-content\/uploads\/2023\/07\/ao_scan1.png\" \/>\n\t<meta property=\"og:image:width\" content=\"250\" \/>\n\t<meta property=\"og:image:height\" content=\"194\" \/>\n\t<meta property=\"og:image:type\" content=\"image\/png\" \/>\n<meta name=\"twitter:card\" content=\"summary_large_image\" \/>\n<meta name=\"twitter:label1\" content=\"Tiempo de lectura\" \/>\n\t<meta name=\"twitter:data1\" content=\"2 minutos\" \/>\n<script type=\"application\/ld+json\" class=\"yoast-schema-graph\">{\"@context\":\"https:\/\/schema.org\",\"@graph\":[{\"@type\":\"WebPage\",\"@id\":\"https:\/\/neuroquantum.com\/es\/produto\/ao-scan\/\",\"url\":\"https:\/\/neuroquantum.com\/es\/produto\/ao-scan\/\",\"name\":\"AO Scan - neuroquantum\",\"isPartOf\":{\"@id\":\"https:\/\/neuroquantum.com\/#website\"},\"datePublished\":\"2023-07-11T14:41:37+00:00\",\"dateModified\":\"2023-08-03T12:27:21+00:00\",\"breadcrumb\":{\"@id\":\"https:\/\/neuroquantum.com\/es\/produto\/ao-scan\/#breadcrumb\"},\"inLanguage\":\"es\",\"potentialAction\":[{\"@type\":\"ReadAction\",\"target\":[\"https:\/\/neuroquantum.com\/es\/produto\/ao-scan\/\"]}]},{\"@type\":\"BreadcrumbList\",\"@id\":\"https:\/\/neuroquantum.com\/es\/produto\/ao-scan\/#breadcrumb\",\"itemListElement\":[{\"@type\":\"ListItem\",\"position\":1,\"name\":\"In\u00edcio\",\"item\":\"https:\/\/neuroquantum.com\/es\/\"},{\"@type\":\"ListItem\",\"position\":2,\"name\":\"Tienda\",\"item\":\"https:\/\/neuroquantum.com\/es\/tienda\/\"},{\"@type\":\"ListItem\",\"position\":3,\"name\":\"AO Scan\"}]},{\"@type\":\"WebSite\",\"@id\":\"https:\/\/neuroquantum.com\/#website\",\"url\":\"https:\/\/neuroquantum.com\/\",\"name\":\"neuroquantum\",\"description\":\"Medicinas Tradicionais e Tecnologias Qu\u00e2nticas de Biofeedback e Bioreson\u00e2ncia.\",\"publisher\":{\"@id\":\"https:\/\/neuroquantum.com\/#organization\"},\"potentialAction\":[{\"@type\":\"SearchAction\",\"target\":{\"@type\":\"EntryPoint\",\"urlTemplate\":\"https:\/\/neuroquantum.com\/?s={search_term_string}\"},\"query-input\":\"required name=search_term_string\"}],\"inLanguage\":\"es\"},{\"@type\":\"Organization\",\"@id\":\"https:\/\/neuroquantum.com\/#organization\",\"name\":\"neuroquantum\",\"url\":\"https:\/\/neuroquantum.com\/\",\"logo\":{\"@type\":\"ImageObject\",\"inLanguage\":\"es\",\"@id\":\"https:\/\/neuroquantum.com\/#\/schema\/logo\/image\/\",\"url\":\"https:\/\/neuroquantum.com\/wp-content\/uploads\/2023\/03\/neuro-novo-logo.png\",\"contentUrl\":\"https:\/\/neuroquantum.com\/wp-content\/uploads\/2023\/03\/neuro-novo-logo.png\",\"width\":708,\"height\":215,\"caption\":\"neuroquantum\"},\"image\":{\"@id\":\"https:\/\/neuroquantum.com\/#\/schema\/logo\/image\/\"}}]}<\/script>\n<!-- \/ Yoast SEO plugin. -->","yoast_head_json":{"title":"AO Scan - neuroquantum","robots":{"index":"index","follow":"follow","max-snippet":"max-snippet:-1","max-image-preview":"max-image-preview:large","max-video-preview":"max-video-preview:-1"},"canonical":"https:\/\/neuroquantum.com\/es\/produto\/ao-scan\/","og_locale":"es_ES","og_type":"article","og_title":"AO Scan - neuroquantum","og_description":"El AO Scan es un sistema de biorresonancia que utiliza tecnolog\u00eda avanzada para analizar la salud y el bienestar de una persona. Est\u00e1 dise\u00f1ado para proporcionar una evaluaci\u00f3n completa del cuerpo mediante el an\u00e1lisis de las se\u00f1ales electromagn\u00e9ticas emitidas por las c\u00e9lulas, tejidos y \u00f3rganos.  El dispositivo AO Scan utiliza sensores especiales para medir las frecuencias electromagn\u00e9ticas emitidas por el cuerpo y luego compara estas frecuencias con una base de datos de referencia.","og_url":"https:\/\/neuroquantum.com\/es\/produto\/ao-scan\/","og_site_name":"neuroquantum","article_modified_time":"2023-08-03T12:27:21+00:00","og_image":[{"width":250,"height":194,"url":"https:\/\/neuroquantum.com\/wp-content\/uploads\/2023\/07\/ao_scan1.png","type":"image\/png"}],"twitter_card":"summary_large_image","twitter_misc":{"Tiempo de lectura":"2 minutos"},"schema":{"@context":"https:\/\/schema.org","@graph":[{"@type":"WebPage","@id":"https:\/\/neuroquantum.com\/es\/produto\/ao-scan\/","url":"https:\/\/neuroquantum.com\/es\/produto\/ao-scan\/","name":"AO Scan - neuroquantum","isPartOf":{"@id":"https:\/\/neuroquantum.com\/#website"},"datePublished":"2023-07-11T14:41:37+00:00","dateModified":"2023-08-03T12:27:21+00:00","breadcrumb":{"@id":"https:\/\/neuroquantum.com\/es\/produto\/ao-scan\/#breadcrumb"},"inLanguage":"es","potentialAction":[{"@type":"ReadAction","target":["https:\/\/neuroquantum.com\/es\/produto\/ao-scan\/"]}]},{"@type":"BreadcrumbList","@id":"https:\/\/neuroquantum.com\/es\/produto\/ao-scan\/#breadcrumb","itemListElement":[{"@type":"ListItem","position":1,"name":"In\u00edcio","item":"https:\/\/neuroquantum.com\/es\/"},{"@type":"ListItem","position":2,"name":"Tienda","item":"https:\/\/neuroquantum.com\/es\/tienda\/"},{"@type":"ListItem","position":3,"name":"AO Scan"}]},{"@type":"WebSite","@id":"https:\/\/neuroquantum.com\/#website","url":"https:\/\/neuroquantum.com\/","name":"neuroquantum","description":"Medicinas Tradicionais e Tecnologias Qu\u00e2nticas de Biofeedback e Bioreson\u00e2ncia.","publisher":{"@id":"https:\/\/neuroquantum.com\/#organization"},"potentialAction":[{"@type":"SearchAction","target":{"@type":"EntryPoint","urlTemplate":"https:\/\/neuroquantum.com\/?s={search_term_string}"},"query-input":"required name=search_term_string"}],"inLanguage":"es"},{"@type":"Organization","@id":"https:\/\/neuroquantum.com\/#organization","name":"neuroquantum","url":"https:\/\/neuroquantum.com\/","logo":{"@type":"ImageObject","inLanguage":"es","@id":"https:\/\/neuroquantum.com\/#\/schema\/logo\/image\/","url":"https:\/\/neuroquantum.com\/wp-content\/uploads\/2023\/03\/neuro-novo-logo.png","contentUrl":"https:\/\/neuroquantum.com\/wp-content\/uploads\/2023\/03\/neuro-novo-logo.png","width":708,"height":215,"caption":"neuroquantum"},"image":{"@id":"https:\/\/neuroquantum.com\/#\/schema\/logo\/image\/"}}]}},"_links":{"self":[{"href":"https:\/\/neuroquantum.com\/es\/wp-json\/wp\/v2\/product\/7893","targetHints":{"allow":["GET"]}}],"collection":[{"href":"https:\/\/neuroquantum.com\/es\/wp-json\/wp\/v2\/product"}],"about":[{"href":"https:\/\/neuroquantum.com\/es\/wp-json\/wp\/v2\/types\/product"}],"wp:featuredmedia":[{"embeddable":true,"href":"https:\/\/neuroquantum.com\/es\/wp-json\/wp\/v2\/media\/7877"}],"wp:attachment":[{"href":"https:\/\/neuroquantum.com\/es\/wp-json\/wp\/v2\/media?parent=7893"}],"wp:term":[{"taxonomy":"product_cat","embeddable":true,"href":"https:\/\/neuroquantum.com\/es\/wp-json\/wp\/v2\/product_cat?post=7893"},{"taxonomy":"product_tag","embeddable":true,"href":"https:\/\/neuroquantum.com\/es\/wp-json\/wp\/v2\/product_tag?post=7893"}],"curies":[{"name":"wp","href":"https:\/\/api.w.org\/{rel}","templated":true}]}}