{"id":7904,"date":"2017-06-13T07:23:45","date_gmt":"2017-06-13T07:23:45","guid":{"rendered":"https:\/\/neuroquantum.com\/?post_type=product&#038;p=7904"},"modified":"2023-08-03T13:07:58","modified_gmt":"2023-08-03T13:07:58","slug":"oberon-d2","status":"publish","type":"product","link":"https:\/\/neuroquantum.com\/es\/produto\/oberon-d2\/","title":{"rendered":"OBERON D2"},"content":{"rendered":"<p>Bienvenidos a Informacion y Operacion de los Sistemas de Bioresonancia m\u00e1s avanzados de la Salud y Bien Estar Modernos.<\/p>\n<p>La inteligencia artificial, procesamiento de metadatos, y los algoritmos de aprendizaje autom\u00e1tico, son algunos de los avances tecnol\u00f3gicos que transforman toda la pr\u00e1ctica de medicinas convencionales y alternativas de forma galopante en estos d\u00edas.<\/p>\n<p>Tecnolog\u00eda de pr\u00e1cticas integrativas, accesibles a todos, integrando los enfoques convencionales e recomendaci\u00f3n y testage remedios y Suplementos La Biorreson\u00e2ncia es el campo de la terapia energ\u00e9tica, que detecta y trabaja con la informaci\u00f3n de las frecuencias electromagn\u00e9ticas producidas por el cuerpo.<\/p>\n<p>Las c\u00e9lulas de nuestro cuerpo generan min\u00fasculos impulsos el\u00e9ctricos. Estos impulsos se transmiten en forma de vibraciones que pueden ser captadas y estudiadas por un Equipo de Biorresonancia.<\/p>\n<p>Las vibraciones que emiten las c\u00e9lulas son diferentes si la persona est\u00e1 sana o enferma. Las oscilaciones de una c\u00e9lula cargada de sustancias extra\u00f1as como bacterias, toxinas, etc, tambi\u00e9n tienen una estructura diferente a las de una c\u00e9lula sana.<\/p>\n<p>Cada una de nuestras c\u00e9lulas vibra a una frecuencia que es espec\u00edfica del \u00f3rgano al que pertenece. Por ejemplo, el hepatocito vibra a la frecuencia del tejido hep\u00e1tico, y esta frecuencia es la misma para todos los individuos con un h\u00edgado sano. Esta frecuencia es distinta del tejido cerebral que tiene su propia frecuencia, al igual que el tejido \u00f3seo tiene su frecuencia espec\u00edfica.<\/p>\n<p>El diagn\u00f3stico en el organismo humano se realiza en el equipo Oberon D2 con los datos que proporcionan las c\u00e9lulas, tejidos y \u00f3rganos. En la base de datos del equipo Oberon D2 est\u00e1n incluidos los patrones de todos los procesos patol\u00f3gicos,as\u00ed como las frecuencias de los \u00f3rganos sanos.<\/p>\n<p>Cuando se est\u00e1 realizando la investigaci\u00f3n son captados del cuerpo un gran conjunto de espectros electromagn\u00e9ticos, que contienen los detalles de todos los procesos que ocurren en el cuerpo.<\/p>\n<p>El equipo compara el espectro electromagn\u00e9tico del organismo con un conjunto de patrones de procesos que se encuentran en la base de datos, y si coinciden con cualquiera de las escalas, entonces se produce el fen\u00f3meno de la biorresonancia y el equipo capta este proceso.<\/p>\n<p>La Biorresonancia detecta las enfermedades de forma similar al m\u00e9todo de identificaci\u00f3n de los productos del supermercado por su c\u00f3digo de barras.<\/p>\n<p>El principio del funcionamiento del equipo Biolaz Oberon se basa en la <strong>Biorresonancia<\/strong>.<\/p>\n<p><strong><em>\u00bfEn qu\u00e9 consiste? <\/em><\/strong><\/p>\n<p>El diagnostico en el organismo humano se realiza con el equipo Oberon D2 en base a los datos que proporcionan las c\u00e9lulas, tejidos y \u00f3rganos, que son estructuras que poseen unas caracter\u00edsticas bioelectr\u00f3nicas exactas.<\/p>\n<p>Mediante experimentos cient\u00edficos se ha logrado demostrar que \u00e9stas se\u00f1ales Bioel\u00e9ctricas pueden cambiar r\u00e1pida y profundamente cuando el organismo sufre patolog\u00edas.<\/p>\n<p>La Biorresonancia es la rama de la Medicina que se ocupa de estudiar las se\u00f1ales Bioelectricas de cada \u00f3rgano del paciente, y compararlas con las correspondientes a un \u00f3rgano sano.<\/p>\n<p>A partir de esa comparaci\u00f3n se puede diagnosticar el funcionamiento de cada \u00f3rgano: si est\u00e1 sano, o bien padece alguna patolog\u00eda.<\/p>\n<p>La Biorresonancia como sistema de diagn\u00f3stico tiene ventajas considerables si lo comparamos con los m\u00e9todos tradicionales de diagn\u00f3stico m\u00e9dico, como puedan ser la ecograf\u00eda, la radiograf\u00eda o la tomograf\u00eda axial computerizada, siendo a la vez muy diferente de ellos.<\/p>\n<p>El Oberon D2 \u00a0es definitivamente el aparato de biorresonancia m\u00e1s completo a nivel mundial en la actualidad. El Oberon D2 \u00a0tiene el certificado CE (Certificaci\u00f3n Europea).<\/p>\n<p>\u00danico equipo de Biorresonancia que utiliza tres tecnolog\u00edas para obtener medidas fiables y reproducibles:<\/p>\n<p>1.- <strong>La Biorresonancia<\/strong><\/p>\n<p>Este concepto se basa en el descubrimiento de biof\u00edsicos, que observaron que cada una de nuestras c\u00e9lulas vibra a una frecuencia que le es propia, seg\u00fan el tejido al que pertenezca. Un casco registra los datos de Biorresonancia.<\/p>\n<p>2.- <strong>La Bioimpedancia<\/strong><\/p>\n<p>Dos electrodos cut\u00e1neos van a recibir los datos de bioimpedancia, seg\u00fan los trabajos de la Bioelectr\u00f3nica de Vincent.<\/p>\n<p>3.- El <strong>Esc\u00e1ner de Laser <\/strong>Permite el an\u00e1lisis del campo electromagn\u00e9tico que emana del organismo. El Equipo de Biorresonancia Oberon D2 \u00a0alcanza un 83-97% de fiabilidad en el an\u00e1lisis.<\/p>\n<p><strong><em>Procedimiento: <\/em><\/strong><\/p>\n<p>Al paciente se le colocan los auriculares en la cabeza, los electrodos en las manos y el esc\u00e1ner de l\u00e1ser se dirige a la frente. El equipo va a funcionar en tres fases sucesivas:<\/p>\n<p>1.- FASE DE TOMA DE DATOS (vibratorios, el\u00e9ctricos y energ\u00e9ticos) La recopilaci\u00f3n de la informaci\u00f3n dura 10-20 minutos.<\/p>\n<p>En esta fase el terapeuta va a elegir bien sea por los s\u00edntomas referidos por el paciente, sea por el diagn\u00f3stico emitido por especialista o por elecci\u00f3n personal del terapeuta, entre los diferentes cortes de \u00f3rganos , de los cientos de im\u00e1genes que dispone la base de datos del equipo.<\/p>\n<p>El equipo va a registrar informaciones qu\u00e1nticas y el\u00e9ctricas, que va a transformar en datos num\u00e9ricos y va a transmitir al ordenador. Todas las funciones y cientos de cortes de \u00f3rganos, tejidos y c\u00e9lulas van a poder ser analizados.<\/p>\n<p>2.- FASE DE AN\u00c1LISIS An\u00e1lisis de las medidas y comparaci\u00f3n con las bases de frecuencias fisiol\u00f3gicas registradas en el programa.<\/p>\n<p>Este an\u00e1lisis del terreno va a permitir determinar el origen de las alteraciones y observar la evoluci\u00f3n del proceso. Por ejemplo, podremos testar si ciertos \u00f3rganos como el tiroides est\u00e1n bajo la nefasta influencia de las poluciones electromagn\u00e9ticas (microondas,pantallas de ordenador, Rayos X, m\u00f3viles\u2026) \u00f3 bajo la influencia de poluciones geobiol\u00f3gicas.<\/p>\n<p>Comprobaremos el diagn\u00f3stico preciso de los \u00f3rganos y sistemas del cuerpo.<\/p>\n<p>Igualmente ser\u00e1 posible testar si el paciente sufre de intolerancias alimentarias, si el terreno est\u00e1 intoxicado por sustancias qu\u00edmicas (metales pesados, insecticidas\u2026) o si es sensible a ciertos al\u00e9rgenos (\u00e1caros, p\u00f3lenes&#8230;)<\/p>\n<p>Determinaremos la presencia de microorganismos (bacterias, par\u00e1sitos, virus\u2026) Analizaremos enfermedades en riesgo de desarrollo, antes de que se inicien los s\u00edntomas.<\/p>\n<p>3.- FASE DE REHARMONIZACI\u00d3N<\/p>\n<p>Una vez terminado el an\u00e1lisis, el terapeuta tiene a su disposici\u00f3n varias herramientas terap\u00e9uticas para ayudar al terreno a encontrar la via de la homeostasis, y por tanto la equilibrio de los problemas encontrados:<\/p>\n<p>&#8211; Terapia de Biorresonancia Mora:<\/p>\n<p>se env\u00eda al \u00f3rgano, tejido \u00f3 c\u00e9lula su frecuencia vibratoria fisiol\u00f3gica, estimulando a las c\u00e9lulas a oscilar en forma de salud.<\/p>\n<p><strong><em>&#8211; Test de medicamentos: <\/em><\/strong><\/p>\n<p>las frecuencias vibratorias de numerosos productos de distintos laboratorios est\u00e1n registrados en la base de datos del equipo, y podremos testar su eficacia de forma individualizada para cada paciente.<\/p>\n<p>Cualquier remedio con el que el profesional acostumbra a trabajar puede ser testado y comprobar si le resulta beneficioso al paciente y en qu\u00e9 porcentaje.<\/p>\n<p>El Oberon D2 no reemplaza el diagn\u00f3stico efectuado por un m\u00e9dico, y no se debe interrumpir el tratamiento prescrito para ese diagn\u00f3stico.<\/p>\n<p>&nbsp;<\/p>\n<p><strong>Equipo Oberon D2.\u00a0 <\/strong><\/p>\n<p>El examen de Biorresonancia con el Equipo Oberon D2 dura 45 minutos aproximadamente y sustituye a las consultas con m\u00e1s de 10 m\u00e9dicos especialistas.<\/p>\n<p>&#8211; El sistema Biolaz-Oberon diagnostica patolog\u00edas o alteraciones que puedan ocurrir en cualquier \u00f3rgano, y su posible causa<\/p>\n<p>&#8211; Detecta g\u00e9rmenes pat\u00f3genos presentes en el organismo: virus, bacterias, hongos \u00f3 par\u00e1sitos.<\/p>\n<p>&#8211; Determina posibles al\u00e9rgenos (p\u00f3lenes, medicamentos, intolerancias alimentarias\u2026) \u00f3 contaminantes (metales pesados, radiaciones electromagn\u00e9ticas, geopat\u00edas\u2026), que est\u00e9n afectando al paciente.<\/p>\n<p>&#8211; Hace an\u00e1lisis bioqu\u00edmico de la sangre: 180 par\u00e1metros son analizados.<\/p>\n<p>&#8211; Tras el examen el m\u00e9dico \u00f3 terapeuta recibe informaci\u00f3n muy detallada sobre el estado de salud del paciente. Se pueden detectar patolog\u00edas antes de que comiencen los s\u00edntomas, ya que capta la informaci\u00f3n a nivel celular, lo que es imposible utilizando otros m\u00e9todos conocidos de examen m\u00e9dico.<\/p>\n<p>&#8211; El Equipo Oberon escoge individualmente los remedios m\u00e1s adecuados para el paciente, para su tratamiento y profilaxis: medicamentos, fitoterapia, preparados homeop\u00e1ticos, suplementos nutricionales, dietas\u2026<\/p>\n<p>&#8211; Cualquier remedio con el que el profesional acostumbre a trabajar puede ser testado en la c\u00e1mara de biorresonancia del Equipo, y comprobar si le resulta beneficioso al paciente, y en qu\u00e9 porcentaje.<\/p>\n<p>&#8211; Dentro de las posibilidades terap\u00e9uticas del Equipo est\u00e1n: la moraterapia, espectronosodes: terapia de \u00f3rganos, virus nosodes, , gemoterapia, cromoterapia\u2026<\/p>\n<p>&#8211; Realiza el tratamiento energ\u00e9tico inmediato de cualquier alteraci\u00f3n, con ayuda de la Terapia de Biorresonancia Mora, con simult\u00e1neo control din\u00e1mico de los resultados de la terapia en la pantalla.<\/p>\n<p>&#8211; Elaboraci\u00f3n de medicamentos (espectronosodes) en la c\u00e1mara de biorresonancia del Equipo, enviando las frecuencias electromagn\u00e9ticas de los medicamentos contenidos en la base de datos, \u00f3 bien, de medicamentos externos.<\/p>\n<p>&#8211; Se\u00f1ala la propensi\u00f3n a padecer ciertas enfermedades, pudiendo prevenirlas.<\/p>\n<p>&#8211; Otra ventaja es su funci\u00f3n de control, ya que permite evaluar la evoluci\u00f3n del proceso, comparando el estado del paciente, antes y despu\u00e9s del tratamiento.<\/p>\n<p><iframe loading=\"lazy\" title=\"D2.002 Oberon Nova Geracao Iniciacao ao Novo Software Dianel\" src=\"https:\/\/www.youtube.com\/embed\/DLvNPP9axWQ\" width=\"690\" height=\"346\" frameborder=\"0\" allowfullscreen=\"allowfullscreen\"><\/iframe><\/p>\n<div id=\"pr_1842104\" class=\"red_box\">\n<div class=\"red-box-content\">\n<div class=\"videoCaption\" style=\"text-align: left;\">Pruebas con el nuevo Oberon D2<\/div>\n<\/div>\n<\/div>\n<div class=\"box-attach\"><\/div>\n<p>&nbsp;<\/p>\n","protected":false},"excerpt":{"rendered":"<p>Las tecnolog\u00edas de biorresonancia son dispositivos que utilizan frecuencias electromagn\u00e9ticas para detectar y tratar desequilibrios en el cuerpo humano.<\/p>\n<p>Estas tecnolog\u00edas se basan en la teor\u00eda de que el cuerpo humano es un sistema de energ\u00eda que puede verse afectado por factores internos y externos, como toxinas, alimentos, estr\u00e9s, enfermedades y otras influencias.<\/p>\n<p>Los dispositivos de biorresonancia emiten frecuencias de baja intensidad que est\u00e1n dise\u00f1adas para equilibrar el campo de energ\u00eda del cuerpo, estimular el sistema inmunol\u00f3gico y promover la salud.<\/p>\n<p>Estos dispositivos se pueden usar para diagnosticar y tratar una amplia variedad de afecciones, incluidas alergias, trastornos digestivos, dolor cr\u00f3nico, fatiga, problemas para dormir y m\u00e1s.<\/p>\n<p>Las tecnolog\u00edas de biorresonancia se consideran un enfoque complementario a la medicina tradicional y se pueden utilizar junto con otras terapias, como la acupuntura, la homeopat\u00eda y otras pr\u00e1cticas de medicina integral. Las tecnolog\u00edas de biorresonancia se ven como una opci\u00f3n terap\u00e9utica menos invasiva y m\u00e1s hol\u00edstica que puede ayudar a tratar los problemas de salud de una manera m\u00e1s natural.<\/p>\n<div class=\"box-attach-deco01\"><img decoding=\"async\" style=\"vertical-align: middle;\" src=\"https:\/\/neuroquantum.com\/wp-content\/uploads\/2022\/12\/pdf.jpg\" alt=\"\" \/> <a href=\"\/1\/upload\/1_info_biolaser_espaa_ol.pdf\"><span style=\"vertical-align: inherit;\"><span style=\"vertical-align: inherit;\">Info Novo D2 OBERON substitui o modelo 22S Pro <\/span><\/span><\/a> <span style=\"vertical-align: inherit;\"><span style=\"vertical-align: inherit;\">[803 Kb]<\/span><\/span><\/div>\n","protected":false},"featured_media":7909,"template":"","meta":[],"product_cat":[],"product_tag":[],"class_list":["post-7904","product","type-product","status-publish","has-post-thumbnail","hentry"],"yoast_head":"<!-- This site is optimized with the Yoast SEO plugin v20.11 - https:\/\/yoast.com\/wordpress\/plugins\/seo\/ -->\n<title>OBERON D2 - neuroquantum<\/title>\n<meta name=\"robots\" content=\"index, follow, max-snippet:-1, max-image-preview:large, max-video-preview:-1\" \/>\n<link rel=\"canonical\" href=\"https:\/\/neuroquantum.com\/produto\/bioresonancia-d2-1\/\" \/>\n<meta property=\"og:locale\" content=\"es_ES\" \/>\n<meta property=\"og:type\" content=\"article\" \/>\n<meta property=\"og:title\" content=\"OBERON D2 - neuroquantum\" \/>\n<meta property=\"og:description\" content=\"Las tecnolog\u00edas de biorresonancia son dispositivos que utilizan frecuencias electromagn\u00e9ticas para detectar y tratar desequilibrios en el cuerpo humano.  Estas tecnolog\u00edas se basan en la teor\u00eda de que el cuerpo humano es un sistema de energ\u00eda que puede verse afectado por factores internos y externos, como toxinas, alimentos, estr\u00e9s, enfermedades y otras influencias.  Los dispositivos de biorresonancia emiten frecuencias de baja intensidad que est\u00e1n dise\u00f1adas para equilibrar el campo de energ\u00eda del cuerpo, estimular el sistema inmunol\u00f3gico y promover la salud.  Estos dispositivos se pueden usar para diagnosticar y tratar una amplia variedad de afecciones, incluidas alergias, trastornos digestivos, dolor cr\u00f3nico, fatiga, problemas para dormir y m\u00e1s.  Las tecnolog\u00edas de biorresonancia se consideran un enfoque complementario a la medicina tradicional y se pueden utilizar junto con otras terapias, como la acupuntura, la homeopat\u00eda y otras pr\u00e1cticas de medicina integral. Las tecnolog\u00edas de biorresonancia se ven como una opci\u00f3n terap\u00e9utica menos invasiva y m\u00e1s hol\u00edstica que puede ayudar a tratar los problemas de salud de una manera m\u00e1s natural.  Info Novo D2 OBERON substitui o modelo 22S Pro [803 Kb]\" \/>\n<meta property=\"og:url\" content=\"https:\/\/neuroquantum.com\/produto\/bioresonancia-d2-1\/\" \/>\n<meta property=\"og:site_name\" content=\"neuroquantum\" \/>\n<meta property=\"article:modified_time\" content=\"2023-08-03T13:07:58+00:00\" \/>\n<meta property=\"og:image\" content=\"https:\/\/neuroquantum.com\/wp-content\/uploads\/2017\/06\/img1.png\" \/>\n\t<meta property=\"og:image:width\" content=\"492\" \/>\n\t<meta property=\"og:image:height\" content=\"382\" \/>\n\t<meta property=\"og:image:type\" content=\"image\/png\" \/>\n<meta name=\"twitter:card\" content=\"summary_large_image\" \/>\n<meta name=\"twitter:label1\" content=\"Tiempo de lectura\" \/>\n\t<meta name=\"twitter:data1\" content=\"8 minutos\" \/>\n<script type=\"application\/ld+json\" class=\"yoast-schema-graph\">{\"@context\":\"https:\/\/schema.org\",\"@graph\":[{\"@type\":\"WebPage\",\"@id\":\"https:\/\/neuroquantum.com\/produto\/bioresonancia-d2-1\/\",\"url\":\"https:\/\/neuroquantum.com\/produto\/bioresonancia-d2-1\/\",\"name\":\"OBERON D2 - neuroquantum\",\"isPartOf\":{\"@id\":\"https:\/\/neuroquantum.com\/#website\"},\"datePublished\":\"2017-06-13T07:23:45+00:00\",\"dateModified\":\"2023-08-03T13:07:58+00:00\",\"breadcrumb\":{\"@id\":\"https:\/\/neuroquantum.com\/produto\/bioresonancia-d2-1\/#breadcrumb\"},\"inLanguage\":\"es\",\"potentialAction\":[{\"@type\":\"ReadAction\",\"target\":[\"https:\/\/neuroquantum.com\/produto\/bioresonancia-d2-1\/\"]}]},{\"@type\":\"BreadcrumbList\",\"@id\":\"https:\/\/neuroquantum.com\/produto\/bioresonancia-d2-1\/#breadcrumb\",\"itemListElement\":[{\"@type\":\"ListItem\",\"position\":1,\"name\":\"In\u00edcio\",\"item\":\"https:\/\/neuroquantum.com\/es\/\"},{\"@type\":\"ListItem\",\"position\":2,\"name\":\"Tienda\",\"item\":\"https:\/\/neuroquantum.com\/es\/tienda\/\"},{\"@type\":\"ListItem\",\"position\":3,\"name\":\"OBERON D2\"}]},{\"@type\":\"WebSite\",\"@id\":\"https:\/\/neuroquantum.com\/#website\",\"url\":\"https:\/\/neuroquantum.com\/\",\"name\":\"neuroquantum\",\"description\":\"Medicinas Tradicionais e Tecnologias Qu\u00e2nticas de Biofeedback e Bioreson\u00e2ncia.\",\"publisher\":{\"@id\":\"https:\/\/neuroquantum.com\/#organization\"},\"potentialAction\":[{\"@type\":\"SearchAction\",\"target\":{\"@type\":\"EntryPoint\",\"urlTemplate\":\"https:\/\/neuroquantum.com\/?s={search_term_string}\"},\"query-input\":\"required name=search_term_string\"}],\"inLanguage\":\"es\"},{\"@type\":\"Organization\",\"@id\":\"https:\/\/neuroquantum.com\/#organization\",\"name\":\"neuroquantum\",\"url\":\"https:\/\/neuroquantum.com\/\",\"logo\":{\"@type\":\"ImageObject\",\"inLanguage\":\"es\",\"@id\":\"https:\/\/neuroquantum.com\/#\/schema\/logo\/image\/\",\"url\":\"https:\/\/neuroquantum.com\/wp-content\/uploads\/2023\/03\/neuro-novo-logo.png\",\"contentUrl\":\"https:\/\/neuroquantum.com\/wp-content\/uploads\/2023\/03\/neuro-novo-logo.png\",\"width\":708,\"height\":215,\"caption\":\"neuroquantum\"},\"image\":{\"@id\":\"https:\/\/neuroquantum.com\/#\/schema\/logo\/image\/\"}}]}<\/script>\n<!-- \/ Yoast SEO plugin. -->","yoast_head_json":{"title":"OBERON D2 - neuroquantum","robots":{"index":"index","follow":"follow","max-snippet":"max-snippet:-1","max-image-preview":"max-image-preview:large","max-video-preview":"max-video-preview:-1"},"canonical":"https:\/\/neuroquantum.com\/produto\/bioresonancia-d2-1\/","og_locale":"es_ES","og_type":"article","og_title":"OBERON D2 - neuroquantum","og_description":"Las tecnolog\u00edas de biorresonancia son dispositivos que utilizan frecuencias electromagn\u00e9ticas para detectar y tratar desequilibrios en el cuerpo humano.  Estas tecnolog\u00edas se basan en la teor\u00eda de que el cuerpo humano es un sistema de energ\u00eda que puede verse afectado por factores internos y externos, como toxinas, alimentos, estr\u00e9s, enfermedades y otras influencias.  Los dispositivos de biorresonancia emiten frecuencias de baja intensidad que est\u00e1n dise\u00f1adas para equilibrar el campo de energ\u00eda del cuerpo, estimular el sistema inmunol\u00f3gico y promover la salud.  Estos dispositivos se pueden usar para diagnosticar y tratar una amplia variedad de afecciones, incluidas alergias, trastornos digestivos, dolor cr\u00f3nico, fatiga, problemas para dormir y m\u00e1s.  Las tecnolog\u00edas de biorresonancia se consideran un enfoque complementario a la medicina tradicional y se pueden utilizar junto con otras terapias, como la acupuntura, la homeopat\u00eda y otras pr\u00e1cticas de medicina integral. Las tecnolog\u00edas de biorresonancia se ven como una opci\u00f3n terap\u00e9utica menos invasiva y m\u00e1s hol\u00edstica que puede ayudar a tratar los problemas de salud de una manera m\u00e1s natural.  Info Novo D2 OBERON substitui o modelo 22S Pro [803 Kb]","og_url":"https:\/\/neuroquantum.com\/produto\/bioresonancia-d2-1\/","og_site_name":"neuroquantum","article_modified_time":"2023-08-03T13:07:58+00:00","og_image":[{"width":492,"height":382,"url":"https:\/\/neuroquantum.com\/wp-content\/uploads\/2017\/06\/img1.png","type":"image\/png"}],"twitter_card":"summary_large_image","twitter_misc":{"Tiempo de lectura":"8 minutos"},"schema":{"@context":"https:\/\/schema.org","@graph":[{"@type":"WebPage","@id":"https:\/\/neuroquantum.com\/produto\/bioresonancia-d2-1\/","url":"https:\/\/neuroquantum.com\/produto\/bioresonancia-d2-1\/","name":"OBERON D2 - neuroquantum","isPartOf":{"@id":"https:\/\/neuroquantum.com\/#website"},"datePublished":"2017-06-13T07:23:45+00:00","dateModified":"2023-08-03T13:07:58+00:00","breadcrumb":{"@id":"https:\/\/neuroquantum.com\/produto\/bioresonancia-d2-1\/#breadcrumb"},"inLanguage":"es","potentialAction":[{"@type":"ReadAction","target":["https:\/\/neuroquantum.com\/produto\/bioresonancia-d2-1\/"]}]},{"@type":"BreadcrumbList","@id":"https:\/\/neuroquantum.com\/produto\/bioresonancia-d2-1\/#breadcrumb","itemListElement":[{"@type":"ListItem","position":1,"name":"In\u00edcio","item":"https:\/\/neuroquantum.com\/es\/"},{"@type":"ListItem","position":2,"name":"Tienda","item":"https:\/\/neuroquantum.com\/es\/tienda\/"},{"@type":"ListItem","position":3,"name":"OBERON D2"}]},{"@type":"WebSite","@id":"https:\/\/neuroquantum.com\/#website","url":"https:\/\/neuroquantum.com\/","name":"neuroquantum","description":"Medicinas Tradicionais e Tecnologias Qu\u00e2nticas de Biofeedback e Bioreson\u00e2ncia.","publisher":{"@id":"https:\/\/neuroquantum.com\/#organization"},"potentialAction":[{"@type":"SearchAction","target":{"@type":"EntryPoint","urlTemplate":"https:\/\/neuroquantum.com\/?s={search_term_string}"},"query-input":"required name=search_term_string"}],"inLanguage":"es"},{"@type":"Organization","@id":"https:\/\/neuroquantum.com\/#organization","name":"neuroquantum","url":"https:\/\/neuroquantum.com\/","logo":{"@type":"ImageObject","inLanguage":"es","@id":"https:\/\/neuroquantum.com\/#\/schema\/logo\/image\/","url":"https:\/\/neuroquantum.com\/wp-content\/uploads\/2023\/03\/neuro-novo-logo.png","contentUrl":"https:\/\/neuroquantum.com\/wp-content\/uploads\/2023\/03\/neuro-novo-logo.png","width":708,"height":215,"caption":"neuroquantum"},"image":{"@id":"https:\/\/neuroquantum.com\/#\/schema\/logo\/image\/"}}]}},"_links":{"self":[{"href":"https:\/\/neuroquantum.com\/es\/wp-json\/wp\/v2\/product\/7904","targetHints":{"allow":["GET"]}}],"collection":[{"href":"https:\/\/neuroquantum.com\/es\/wp-json\/wp\/v2\/product"}],"about":[{"href":"https:\/\/neuroquantum.com\/es\/wp-json\/wp\/v2\/types\/product"}],"wp:featuredmedia":[{"embeddable":true,"href":"https:\/\/neuroquantum.com\/es\/wp-json\/wp\/v2\/media\/7909"}],"wp:attachment":[{"href":"https:\/\/neuroquantum.com\/es\/wp-json\/wp\/v2\/media?parent=7904"}],"wp:term":[{"taxonomy":"product_cat","embeddable":true,"href":"https:\/\/neuroquantum.com\/es\/wp-json\/wp\/v2\/product_cat?post=7904"},{"taxonomy":"product_tag","embeddable":true,"href":"https:\/\/neuroquantum.com\/es\/wp-json\/wp\/v2\/product_tag?post=7904"}],"curies":[{"name":"wp","href":"https:\/\/api.w.org\/{rel}","templated":true}]}}