{"id":7914,"date":"2023-05-02T10:36:08","date_gmt":"2023-05-02T10:36:08","guid":{"rendered":"https:\/\/neuroquantum.com\/?post_type=product&#038;p=7914"},"modified":"2023-08-03T13:17:00","modified_gmt":"2023-08-03T13:17:00","slug":"s-drive","status":"publish","type":"product","link":"https:\/\/neuroquantum.com\/es\/produto\/s-drive\/","title":{"rendered":"S DRIVE"},"content":{"rendered":"","protected":false},"excerpt":{"rendered":"<p>La resonancia capilar y la epigen\u00e9tica son conceptos relacionados con el campo de la salud y el bienestar.<\/p>\n<p><strong>Resonancia Capilar:<\/strong><br \/>\nLa resonancia capilar es una t\u00e9cnica que busca evaluar la salud y el equilibrio del cuerpo humano a trav\u00e9s del an\u00e1lisis del cabello. Se cree que el cabello es capaz de almacenar informaci\u00f3n sobre la salud y el estado general del organismo. Al analizar una muestra de cabello, es posible obtener informaci\u00f3n sobre desequilibrios nutricionales, exposici\u00f3n a toxinas y metales pesados, intolerancias alimentarias y otras condiciones de salud.<\/p>\n<p><strong>Epigen\u00e9tica:<\/strong><br \/>\nLa epigen\u00e9tica es el estudio de los cambios hereditarios en la expresi\u00f3n g\u00e9nica que no son causados \u200b\u200bpor cambios en la secuencia del ADN. Explora c\u00f3mo los factores ambientales, el estilo de vida y las experiencias personales pueden influir en la actividad de los genes. La epigen\u00e9tica muestra que la expresi\u00f3n g\u00e9nica se puede modificar sin cambios en la secuencia de ADN, lo que significa que las experiencias y el entorno pueden tener un impacto significativo en la salud y el bienestar.<\/p>\n<p><strong>Relaci\u00f3n entre resonancia capilar y epigen\u00e9tica:<\/strong><br \/>\nLa resonancia magn\u00e9tica capilar se puede utilizar como una herramienta para evaluar ciertos aspectos de la salud que pueden estar relacionados con la epigen\u00e9tica. Por ejemplo, ciertos desequilibrios nutricionales detectados en el an\u00e1lisis del cabello pueden estar asociados con patrones epigen\u00e9ticos espec\u00edficos. Adem\u00e1s, la exposici\u00f3n a toxinas ambientales tambi\u00e9n puede tener efectos epigen\u00e9ticos, y el an\u00e1lisis del cabello puede ayudar a identificar posibles exposiciones.<\/p>\n","protected":false},"featured_media":7915,"template":"","meta":[],"product_cat":[],"product_tag":[],"class_list":["post-7914","product","type-product","status-publish","has-post-thumbnail","hentry"],"yoast_head":"<!-- This site is optimized with the Yoast SEO plugin v20.11 - https:\/\/yoast.com\/wordpress\/plugins\/seo\/ -->\n<title>S DRIVE - neuroquantum<\/title>\n<meta name=\"robots\" content=\"index, follow, max-snippet:-1, max-image-preview:large, max-video-preview:-1\" \/>\n<link rel=\"canonical\" href=\"https:\/\/neuroquantum.com\/es\/produto\/s-drive\/\" \/>\n<meta property=\"og:locale\" content=\"es_ES\" \/>\n<meta property=\"og:type\" content=\"article\" \/>\n<meta property=\"og:title\" content=\"S DRIVE - neuroquantum\" \/>\n<meta property=\"og:description\" content=\"La resonancia capilar y la epigen\u00e9tica son conceptos relacionados con el campo de la salud y el bienestar.  Resonancia Capilar: La resonancia capilar es una t\u00e9cnica que busca evaluar la salud y el equilibrio del cuerpo humano a trav\u00e9s del an\u00e1lisis del cabello. Se cree que el cabello es capaz de almacenar informaci\u00f3n sobre la salud y el estado general del organismo. Al analizar una muestra de cabello, es posible obtener informaci\u00f3n sobre desequilibrios nutricionales, exposici\u00f3n a toxinas y metales pesados, intolerancias alimentarias y otras condiciones de salud.  Epigen\u00e9tica: La epigen\u00e9tica es el estudio de los cambios hereditarios en la expresi\u00f3n g\u00e9nica que no son causados \u200b\u200bpor cambios en la secuencia del ADN. Explora c\u00f3mo los factores ambientales, el estilo de vida y las experiencias personales pueden influir en la actividad de los genes. La epigen\u00e9tica muestra que la expresi\u00f3n g\u00e9nica se puede modificar sin cambios en la secuencia de ADN, lo que significa que las experiencias y el entorno pueden tener un impacto significativo en la salud y el bienestar.  Relaci\u00f3n entre resonancia capilar y epigen\u00e9tica: La resonancia magn\u00e9tica capilar se puede utilizar como una herramienta para evaluar ciertos aspectos de la salud que pueden estar relacionados con la epigen\u00e9tica. Por ejemplo, ciertos desequilibrios nutricionales detectados en el an\u00e1lisis del cabello pueden estar asociados con patrones epigen\u00e9ticos espec\u00edficos. Adem\u00e1s, la exposici\u00f3n a toxinas ambientales tambi\u00e9n puede tener efectos epigen\u00e9ticos, y el an\u00e1lisis del cabello puede ayudar a identificar posibles exposiciones.\" \/>\n<meta property=\"og:url\" content=\"https:\/\/neuroquantum.com\/es\/produto\/s-drive\/\" \/>\n<meta property=\"og:site_name\" content=\"neuroquantum\" \/>\n<meta property=\"article:modified_time\" content=\"2023-08-03T13:17:00+00:00\" \/>\n<meta property=\"og:image\" content=\"https:\/\/neuroquantum.com\/wp-content\/uploads\/2023\/05\/s_drive.jpg\" \/>\n\t<meta property=\"og:image:width\" content=\"250\" \/>\n\t<meta property=\"og:image:height\" content=\"194\" \/>\n\t<meta property=\"og:image:type\" content=\"image\/jpeg\" \/>\n<meta name=\"twitter:card\" content=\"summary_large_image\" \/>\n<script type=\"application\/ld+json\" class=\"yoast-schema-graph\">{\"@context\":\"https:\/\/schema.org\",\"@graph\":[{\"@type\":\"WebPage\",\"@id\":\"https:\/\/neuroquantum.com\/es\/produto\/s-drive\/\",\"url\":\"https:\/\/neuroquantum.com\/es\/produto\/s-drive\/\",\"name\":\"S DRIVE - neuroquantum\",\"isPartOf\":{\"@id\":\"https:\/\/neuroquantum.com\/#website\"},\"datePublished\":\"2023-05-02T10:36:08+00:00\",\"dateModified\":\"2023-08-03T13:17:00+00:00\",\"breadcrumb\":{\"@id\":\"https:\/\/neuroquantum.com\/es\/produto\/s-drive\/#breadcrumb\"},\"inLanguage\":\"es\",\"potentialAction\":[{\"@type\":\"ReadAction\",\"target\":[\"https:\/\/neuroquantum.com\/es\/produto\/s-drive\/\"]}]},{\"@type\":\"BreadcrumbList\",\"@id\":\"https:\/\/neuroquantum.com\/es\/produto\/s-drive\/#breadcrumb\",\"itemListElement\":[{\"@type\":\"ListItem\",\"position\":1,\"name\":\"In\u00edcio\",\"item\":\"https:\/\/neuroquantum.com\/es\/\"},{\"@type\":\"ListItem\",\"position\":2,\"name\":\"Tienda\",\"item\":\"https:\/\/neuroquantum.com\/es\/tienda\/\"},{\"@type\":\"ListItem\",\"position\":3,\"name\":\"S DRIVE\"}]},{\"@type\":\"WebSite\",\"@id\":\"https:\/\/neuroquantum.com\/#website\",\"url\":\"https:\/\/neuroquantum.com\/\",\"name\":\"neuroquantum\",\"description\":\"Medicinas Tradicionais e Tecnologias Qu\u00e2nticas de Biofeedback e Bioreson\u00e2ncia.\",\"publisher\":{\"@id\":\"https:\/\/neuroquantum.com\/#organization\"},\"potentialAction\":[{\"@type\":\"SearchAction\",\"target\":{\"@type\":\"EntryPoint\",\"urlTemplate\":\"https:\/\/neuroquantum.com\/?s={search_term_string}\"},\"query-input\":\"required name=search_term_string\"}],\"inLanguage\":\"es\"},{\"@type\":\"Organization\",\"@id\":\"https:\/\/neuroquantum.com\/#organization\",\"name\":\"neuroquantum\",\"url\":\"https:\/\/neuroquantum.com\/\",\"logo\":{\"@type\":\"ImageObject\",\"inLanguage\":\"es\",\"@id\":\"https:\/\/neuroquantum.com\/#\/schema\/logo\/image\/\",\"url\":\"https:\/\/neuroquantum.com\/wp-content\/uploads\/2023\/03\/neuro-novo-logo.png\",\"contentUrl\":\"https:\/\/neuroquantum.com\/wp-content\/uploads\/2023\/03\/neuro-novo-logo.png\",\"width\":708,\"height\":215,\"caption\":\"neuroquantum\"},\"image\":{\"@id\":\"https:\/\/neuroquantum.com\/#\/schema\/logo\/image\/\"}}]}<\/script>\n<!-- \/ Yoast SEO plugin. -->","yoast_head_json":{"title":"S DRIVE - neuroquantum","robots":{"index":"index","follow":"follow","max-snippet":"max-snippet:-1","max-image-preview":"max-image-preview:large","max-video-preview":"max-video-preview:-1"},"canonical":"https:\/\/neuroquantum.com\/es\/produto\/s-drive\/","og_locale":"es_ES","og_type":"article","og_title":"S DRIVE - neuroquantum","og_description":"La resonancia capilar y la epigen\u00e9tica son conceptos relacionados con el campo de la salud y el bienestar.  Resonancia Capilar: La resonancia capilar es una t\u00e9cnica que busca evaluar la salud y el equilibrio del cuerpo humano a trav\u00e9s del an\u00e1lisis del cabello. Se cree que el cabello es capaz de almacenar informaci\u00f3n sobre la salud y el estado general del organismo. Al analizar una muestra de cabello, es posible obtener informaci\u00f3n sobre desequilibrios nutricionales, exposici\u00f3n a toxinas y metales pesados, intolerancias alimentarias y otras condiciones de salud.  Epigen\u00e9tica: La epigen\u00e9tica es el estudio de los cambios hereditarios en la expresi\u00f3n g\u00e9nica que no son causados \u200b\u200bpor cambios en la secuencia del ADN. Explora c\u00f3mo los factores ambientales, el estilo de vida y las experiencias personales pueden influir en la actividad de los genes. La epigen\u00e9tica muestra que la expresi\u00f3n g\u00e9nica se puede modificar sin cambios en la secuencia de ADN, lo que significa que las experiencias y el entorno pueden tener un impacto significativo en la salud y el bienestar.  Relaci\u00f3n entre resonancia capilar y epigen\u00e9tica: La resonancia magn\u00e9tica capilar se puede utilizar como una herramienta para evaluar ciertos aspectos de la salud que pueden estar relacionados con la epigen\u00e9tica. Por ejemplo, ciertos desequilibrios nutricionales detectados en el an\u00e1lisis del cabello pueden estar asociados con patrones epigen\u00e9ticos espec\u00edficos. Adem\u00e1s, la exposici\u00f3n a toxinas ambientales tambi\u00e9n puede tener efectos epigen\u00e9ticos, y el an\u00e1lisis del cabello puede ayudar a identificar posibles exposiciones.","og_url":"https:\/\/neuroquantum.com\/es\/produto\/s-drive\/","og_site_name":"neuroquantum","article_modified_time":"2023-08-03T13:17:00+00:00","og_image":[{"width":250,"height":194,"url":"https:\/\/neuroquantum.com\/wp-content\/uploads\/2023\/05\/s_drive.jpg","type":"image\/jpeg"}],"twitter_card":"summary_large_image","schema":{"@context":"https:\/\/schema.org","@graph":[{"@type":"WebPage","@id":"https:\/\/neuroquantum.com\/es\/produto\/s-drive\/","url":"https:\/\/neuroquantum.com\/es\/produto\/s-drive\/","name":"S DRIVE - neuroquantum","isPartOf":{"@id":"https:\/\/neuroquantum.com\/#website"},"datePublished":"2023-05-02T10:36:08+00:00","dateModified":"2023-08-03T13:17:00+00:00","breadcrumb":{"@id":"https:\/\/neuroquantum.com\/es\/produto\/s-drive\/#breadcrumb"},"inLanguage":"es","potentialAction":[{"@type":"ReadAction","target":["https:\/\/neuroquantum.com\/es\/produto\/s-drive\/"]}]},{"@type":"BreadcrumbList","@id":"https:\/\/neuroquantum.com\/es\/produto\/s-drive\/#breadcrumb","itemListElement":[{"@type":"ListItem","position":1,"name":"In\u00edcio","item":"https:\/\/neuroquantum.com\/es\/"},{"@type":"ListItem","position":2,"name":"Tienda","item":"https:\/\/neuroquantum.com\/es\/tienda\/"},{"@type":"ListItem","position":3,"name":"S DRIVE"}]},{"@type":"WebSite","@id":"https:\/\/neuroquantum.com\/#website","url":"https:\/\/neuroquantum.com\/","name":"neuroquantum","description":"Medicinas Tradicionais e Tecnologias Qu\u00e2nticas de Biofeedback e Bioreson\u00e2ncia.","publisher":{"@id":"https:\/\/neuroquantum.com\/#organization"},"potentialAction":[{"@type":"SearchAction","target":{"@type":"EntryPoint","urlTemplate":"https:\/\/neuroquantum.com\/?s={search_term_string}"},"query-input":"required name=search_term_string"}],"inLanguage":"es"},{"@type":"Organization","@id":"https:\/\/neuroquantum.com\/#organization","name":"neuroquantum","url":"https:\/\/neuroquantum.com\/","logo":{"@type":"ImageObject","inLanguage":"es","@id":"https:\/\/neuroquantum.com\/#\/schema\/logo\/image\/","url":"https:\/\/neuroquantum.com\/wp-content\/uploads\/2023\/03\/neuro-novo-logo.png","contentUrl":"https:\/\/neuroquantum.com\/wp-content\/uploads\/2023\/03\/neuro-novo-logo.png","width":708,"height":215,"caption":"neuroquantum"},"image":{"@id":"https:\/\/neuroquantum.com\/#\/schema\/logo\/image\/"}}]}},"_links":{"self":[{"href":"https:\/\/neuroquantum.com\/es\/wp-json\/wp\/v2\/product\/7914","targetHints":{"allow":["GET"]}}],"collection":[{"href":"https:\/\/neuroquantum.com\/es\/wp-json\/wp\/v2\/product"}],"about":[{"href":"https:\/\/neuroquantum.com\/es\/wp-json\/wp\/v2\/types\/product"}],"wp:featuredmedia":[{"embeddable":true,"href":"https:\/\/neuroquantum.com\/es\/wp-json\/wp\/v2\/media\/7915"}],"wp:attachment":[{"href":"https:\/\/neuroquantum.com\/es\/wp-json\/wp\/v2\/media?parent=7914"}],"wp:term":[{"taxonomy":"product_cat","embeddable":true,"href":"https:\/\/neuroquantum.com\/es\/wp-json\/wp\/v2\/product_cat?post=7914"},{"taxonomy":"product_tag","embeddable":true,"href":"https:\/\/neuroquantum.com\/es\/wp-json\/wp\/v2\/product_tag?post=7914"}],"curies":[{"name":"wp","href":"https:\/\/api.w.org\/{rel}","templated":true}]}}