{"id":7924,"date":"2022-12-12T11:26:40","date_gmt":"2023-08-03T13:21:43","guid":{"rendered":"https:\/\/neuroquantum.com\/?post_type=product&#038;p=7924"},"modified":"2023-08-03T13:58:39","modified_gmt":"2023-08-03T13:58:39","slug":"scio-biofeedback-e-neuro-feedback-integrativo","status":"publish","type":"product","link":"https:\/\/neuroquantum.com\/es\/produto\/scio-biofeedback-e-neuro-feedback-integrativo\/","title":{"rendered":"SCIO Biofeedback e Neuro Feedback Integrativo"},"content":{"rendered":"<p>Esta Terapia Cu\u00e1ntica, es la lectura de la frecuencia electromagn\u00e9tica del cuerpo que estimula las capacidades de autocuraci\u00f3n del cuerpo, a trav\u00e9s de un m\u00e9todo seguro, relajante, no invasivo y sin efectos secundarios, y puede ser utilizado por todas las personas, a cualquier edad. Se sabe que cada elemento u \u00f3rgano de nuestro organismo tiene una frecuencia electromagn\u00e9tica \u00fanica e identificable, revelada por la reactividad electrofisiol\u00f3gica de la persona, a trav\u00e9s de sus niveles (vitaminas, amino\u00e1cidos, enzimas, minerales, nutrientes, az\u00facares, toxinas, bacterias , hongos, alergias, par\u00e1sitos, virus, \u00f3rganos, huesos, m\u00fasculos, factores mentales y emocionales, entre otros).<\/p>\n<p>Insertado en la medicina biol\u00f3gica regenerativa, este sofisticado sistema de biorretroalimentaci\u00f3n permite medir la radioactividad electrofisiol\u00f3gica (EPR), analizar y equilibrar los factores de estr\u00e9s, incluso antes de que se manifiesten f\u00edsicamente en nuestro cuerpo. Seg\u00fan la Organizaci\u00f3n Mundial de la Salud (OMS), el estr\u00e9s es considerado el mal del siglo, siendo visto como la principal causa de enfermedades cr\u00f3nicas, afectando al 90% de la poblaci\u00f3n mundial.<\/p>\n<p>Al igual que en los electroencefalogramas (EEG), electrocardiogramas (ECG) o electromiogramas (EMG), que utilizan el registro de corriente el\u00e9ctrica para realizar el diagn\u00f3stico, la terapia cu\u00e1ntica, accediendo a las leyes de la F\u00edsica Cu\u00e1ntica moderna, utiliza la energ\u00eda infinitesimal del ADN para mantener el equilibrio de la \u201cm\u00e1quina\u201d psicobiol\u00f3gica, detectando y corrigiendo desequilibrios en el cuerpo y devolvi\u00e9ndolo a su resonancia natural.<\/p>\n<p>El concepto de \u201ccuerpo energ\u00e9tico\u201d, desarrollado a partir del trabajo de Einstein (premio Nobel en 1921), Einthoven (premio Nobel en 1924), Werner Karl Heisenberg (premio Nobel en 1932), Albert Szent-Gyorgyi (premio Nobel en 1937) y Burr, ahora es absolutamente aceptado en los c\u00edrculos cient\u00edficos.<\/p>\n<p>La biof\u00edsica demuestra que toda materia tiene su propia frecuencia vibratoria en situaciones como: emociones, pensamientos, neurotransmisores, c\u00e9lulas, tejidos, \u00f3rganos, virus, bacterias, sonido o color.<\/p>\n<p>Esta tecnolog\u00eda cuenta con la patente del profesor William Nelson, ex investigador de la NASA, quien dedic\u00f3 m\u00e1s de tres d\u00e9cadas de su vida a la investigaci\u00f3n de la medicina alternativa, la f\u00edsica cu\u00e1ntica, la psicolog\u00eda y la biolog\u00eda. Trabajando en estas teor\u00edas trivectorales, en el proyecto APOLO de la NASA, e investigando los campos electromagn\u00e9ticos aplicados a la medicina, desarroll\u00f3 el tratamiento energ\u00e9tico.<\/p>\n<p>Importantes estudios m\u00e9dicos reconocen la biorretroalimentaci\u00f3n como una tecnolog\u00eda eficiente para el manejo y control del dolor, que ya ha sido utilizada internacionalmente en cl\u00ednicas y hospitales privados, como la Cl\u00ednica Mayo y el Hospital St John&#8217;s (EE.UU.).<\/p>\n<p>Ver: <a href=\"https:\/\/youtu.be\/1rLY-uBqJGI\">https:\/\/youtu.be\/1rLY-uBqJGI<\/a><\/p>\n","protected":false},"excerpt":{"rendered":"<p>El Biofeedback Hol\u00edstico es un enfoque terap\u00e9utico que utiliza tecnolog\u00edas de biorretroalimentaci\u00f3n para medir las funciones fisiol\u00f3gicas del cuerpo y luego entrenar la mente y el cuerpo para regular estas funciones de una manera m\u00e1s equilibrada.<\/p>\n<p>Este enfoque tiene en cuenta al individuo en su totalidad, incluyendo su mente, cuerpo y esp\u00edritu, y busca restablecer el equilibrio en todos estos aspectos.<\/p>\n<p>El Biofeedback Hol\u00edstico se puede utilizar para tratar una variedad de condiciones como ansiedad, estr\u00e9s, dolor cr\u00f3nico, hipertensi\u00f3n, trastornos del sue\u00f1o, entre otros.<\/p>\n","protected":false},"featured_media":7928,"template":"","meta":[],"product_cat":[21],"product_tag":[],"class_list":["post-7924","product","type-product","status-publish","has-post-thumbnail","hentry","product_cat-equipamentos"],"yoast_head":"<!-- This site is optimized with the Yoast SEO plugin v20.11 - https:\/\/yoast.com\/wordpress\/plugins\/seo\/ -->\n<title>SCIO Biofeedback e Neuro Feedback Integrativo - neuroquantum<\/title>\n<meta name=\"robots\" content=\"index, follow, max-snippet:-1, max-image-preview:large, max-video-preview:-1\" \/>\n<link rel=\"canonical\" href=\"https:\/\/neuroquantum.com\/es\/produto\/scio-biofeedback-e-neuro-feedback-integrativo\/\" \/>\n<meta property=\"og:locale\" content=\"es_ES\" \/>\n<meta property=\"og:type\" content=\"article\" \/>\n<meta property=\"og:title\" content=\"SCIO Biofeedback e Neuro Feedback Integrativo - neuroquantum\" \/>\n<meta property=\"og:description\" content=\"El Biofeedback Hol\u00edstico es un enfoque terap\u00e9utico que utiliza tecnolog\u00edas de biorretroalimentaci\u00f3n para medir las funciones fisiol\u00f3gicas del cuerpo y luego entrenar la mente y el cuerpo para regular estas funciones de una manera m\u00e1s equilibrada.  Este enfoque tiene en cuenta al individuo en su totalidad, incluyendo su mente, cuerpo y esp\u00edritu, y busca restablecer el equilibrio en todos estos aspectos.  El Biofeedback Hol\u00edstico se puede utilizar para tratar una variedad de condiciones como ansiedad, estr\u00e9s, dolor cr\u00f3nico, hipertensi\u00f3n, trastornos del sue\u00f1o, entre otros.\" \/>\n<meta property=\"og:url\" content=\"https:\/\/neuroquantum.com\/es\/produto\/scio-biofeedback-e-neuro-feedback-integrativo\/\" \/>\n<meta property=\"og:site_name\" content=\"neuroquantum\" \/>\n<meta property=\"article:modified_time\" content=\"2023-08-03T13:58:39+00:00\" \/>\n<meta property=\"og:image\" content=\"https:\/\/neuroquantum.com\/wp-content\/uploads\/2022\/12\/scio.jpg\" \/>\n\t<meta property=\"og:image:width\" content=\"577\" \/>\n\t<meta property=\"og:image:height\" content=\"477\" \/>\n\t<meta property=\"og:image:type\" content=\"image\/jpeg\" \/>\n<meta name=\"twitter:card\" content=\"summary_large_image\" \/>\n<meta name=\"twitter:label1\" content=\"Tiempo de lectura\" \/>\n\t<meta name=\"twitter:data1\" content=\"3 minutos\" \/>\n<script type=\"application\/ld+json\" class=\"yoast-schema-graph\">{\"@context\":\"https:\/\/schema.org\",\"@graph\":[{\"@type\":\"WebPage\",\"@id\":\"https:\/\/neuroquantum.com\/es\/produto\/scio-biofeedback-e-neuro-feedback-integrativo\/\",\"url\":\"https:\/\/neuroquantum.com\/es\/produto\/scio-biofeedback-e-neuro-feedback-integrativo\/\",\"name\":\"SCIO Biofeedback e Neuro Feedback Integrativo - neuroquantum\",\"isPartOf\":{\"@id\":\"https:\/\/neuroquantum.com\/#website\"},\"datePublished\":\"2023-08-03T13:21:43+00:00\",\"dateModified\":\"2023-08-03T13:58:39+00:00\",\"breadcrumb\":{\"@id\":\"https:\/\/neuroquantum.com\/es\/produto\/scio-biofeedback-e-neuro-feedback-integrativo\/#breadcrumb\"},\"inLanguage\":\"es\",\"potentialAction\":[{\"@type\":\"ReadAction\",\"target\":[\"https:\/\/neuroquantum.com\/es\/produto\/scio-biofeedback-e-neuro-feedback-integrativo\/\"]}]},{\"@type\":\"BreadcrumbList\",\"@id\":\"https:\/\/neuroquantum.com\/es\/produto\/scio-biofeedback-e-neuro-feedback-integrativo\/#breadcrumb\",\"itemListElement\":[{\"@type\":\"ListItem\",\"position\":1,\"name\":\"In\u00edcio\",\"item\":\"https:\/\/neuroquantum.com\/es\/\"},{\"@type\":\"ListItem\",\"position\":2,\"name\":\"Tienda\",\"item\":\"https:\/\/neuroquantum.com\/es\/tienda\/\"},{\"@type\":\"ListItem\",\"position\":3,\"name\":\"SCIO Biofeedback e Neuro Feedback Integrativo\"}]},{\"@type\":\"WebSite\",\"@id\":\"https:\/\/neuroquantum.com\/#website\",\"url\":\"https:\/\/neuroquantum.com\/\",\"name\":\"neuroquantum\",\"description\":\"Medicinas Tradicionais e Tecnologias Qu\u00e2nticas de Biofeedback e Bioreson\u00e2ncia.\",\"publisher\":{\"@id\":\"https:\/\/neuroquantum.com\/#organization\"},\"potentialAction\":[{\"@type\":\"SearchAction\",\"target\":{\"@type\":\"EntryPoint\",\"urlTemplate\":\"https:\/\/neuroquantum.com\/?s={search_term_string}\"},\"query-input\":\"required name=search_term_string\"}],\"inLanguage\":\"es\"},{\"@type\":\"Organization\",\"@id\":\"https:\/\/neuroquantum.com\/#organization\",\"name\":\"neuroquantum\",\"url\":\"https:\/\/neuroquantum.com\/\",\"logo\":{\"@type\":\"ImageObject\",\"inLanguage\":\"es\",\"@id\":\"https:\/\/neuroquantum.com\/#\/schema\/logo\/image\/\",\"url\":\"https:\/\/neuroquantum.com\/wp-content\/uploads\/2023\/03\/neuro-novo-logo.png\",\"contentUrl\":\"https:\/\/neuroquantum.com\/wp-content\/uploads\/2023\/03\/neuro-novo-logo.png\",\"width\":708,\"height\":215,\"caption\":\"neuroquantum\"},\"image\":{\"@id\":\"https:\/\/neuroquantum.com\/#\/schema\/logo\/image\/\"}}]}<\/script>\n<!-- \/ Yoast SEO plugin. -->","yoast_head_json":{"title":"SCIO Biofeedback e Neuro Feedback Integrativo - neuroquantum","robots":{"index":"index","follow":"follow","max-snippet":"max-snippet:-1","max-image-preview":"max-image-preview:large","max-video-preview":"max-video-preview:-1"},"canonical":"https:\/\/neuroquantum.com\/es\/produto\/scio-biofeedback-e-neuro-feedback-integrativo\/","og_locale":"es_ES","og_type":"article","og_title":"SCIO Biofeedback e Neuro Feedback Integrativo - neuroquantum","og_description":"El Biofeedback Hol\u00edstico es un enfoque terap\u00e9utico que utiliza tecnolog\u00edas de biorretroalimentaci\u00f3n para medir las funciones fisiol\u00f3gicas del cuerpo y luego entrenar la mente y el cuerpo para regular estas funciones de una manera m\u00e1s equilibrada.  Este enfoque tiene en cuenta al individuo en su totalidad, incluyendo su mente, cuerpo y esp\u00edritu, y busca restablecer el equilibrio en todos estos aspectos.  El Biofeedback Hol\u00edstico se puede utilizar para tratar una variedad de condiciones como ansiedad, estr\u00e9s, dolor cr\u00f3nico, hipertensi\u00f3n, trastornos del sue\u00f1o, entre otros.","og_url":"https:\/\/neuroquantum.com\/es\/produto\/scio-biofeedback-e-neuro-feedback-integrativo\/","og_site_name":"neuroquantum","article_modified_time":"2023-08-03T13:58:39+00:00","og_image":[{"width":577,"height":477,"url":"https:\/\/neuroquantum.com\/wp-content\/uploads\/2022\/12\/scio.jpg","type":"image\/jpeg"}],"twitter_card":"summary_large_image","twitter_misc":{"Tiempo de lectura":"3 minutos"},"schema":{"@context":"https:\/\/schema.org","@graph":[{"@type":"WebPage","@id":"https:\/\/neuroquantum.com\/es\/produto\/scio-biofeedback-e-neuro-feedback-integrativo\/","url":"https:\/\/neuroquantum.com\/es\/produto\/scio-biofeedback-e-neuro-feedback-integrativo\/","name":"SCIO Biofeedback e Neuro Feedback Integrativo - neuroquantum","isPartOf":{"@id":"https:\/\/neuroquantum.com\/#website"},"datePublished":"2023-08-03T13:21:43+00:00","dateModified":"2023-08-03T13:58:39+00:00","breadcrumb":{"@id":"https:\/\/neuroquantum.com\/es\/produto\/scio-biofeedback-e-neuro-feedback-integrativo\/#breadcrumb"},"inLanguage":"es","potentialAction":[{"@type":"ReadAction","target":["https:\/\/neuroquantum.com\/es\/produto\/scio-biofeedback-e-neuro-feedback-integrativo\/"]}]},{"@type":"BreadcrumbList","@id":"https:\/\/neuroquantum.com\/es\/produto\/scio-biofeedback-e-neuro-feedback-integrativo\/#breadcrumb","itemListElement":[{"@type":"ListItem","position":1,"name":"In\u00edcio","item":"https:\/\/neuroquantum.com\/es\/"},{"@type":"ListItem","position":2,"name":"Tienda","item":"https:\/\/neuroquantum.com\/es\/tienda\/"},{"@type":"ListItem","position":3,"name":"SCIO Biofeedback e Neuro Feedback Integrativo"}]},{"@type":"WebSite","@id":"https:\/\/neuroquantum.com\/#website","url":"https:\/\/neuroquantum.com\/","name":"neuroquantum","description":"Medicinas Tradicionais e Tecnologias Qu\u00e2nticas de Biofeedback e Bioreson\u00e2ncia.","publisher":{"@id":"https:\/\/neuroquantum.com\/#organization"},"potentialAction":[{"@type":"SearchAction","target":{"@type":"EntryPoint","urlTemplate":"https:\/\/neuroquantum.com\/?s={search_term_string}"},"query-input":"required name=search_term_string"}],"inLanguage":"es"},{"@type":"Organization","@id":"https:\/\/neuroquantum.com\/#organization","name":"neuroquantum","url":"https:\/\/neuroquantum.com\/","logo":{"@type":"ImageObject","inLanguage":"es","@id":"https:\/\/neuroquantum.com\/#\/schema\/logo\/image\/","url":"https:\/\/neuroquantum.com\/wp-content\/uploads\/2023\/03\/neuro-novo-logo.png","contentUrl":"https:\/\/neuroquantum.com\/wp-content\/uploads\/2023\/03\/neuro-novo-logo.png","width":708,"height":215,"caption":"neuroquantum"},"image":{"@id":"https:\/\/neuroquantum.com\/#\/schema\/logo\/image\/"}}]}},"_links":{"self":[{"href":"https:\/\/neuroquantum.com\/es\/wp-json\/wp\/v2\/product\/7924","targetHints":{"allow":["GET"]}}],"collection":[{"href":"https:\/\/neuroquantum.com\/es\/wp-json\/wp\/v2\/product"}],"about":[{"href":"https:\/\/neuroquantum.com\/es\/wp-json\/wp\/v2\/types\/product"}],"wp:featuredmedia":[{"embeddable":true,"href":"https:\/\/neuroquantum.com\/es\/wp-json\/wp\/v2\/media\/7928"}],"wp:attachment":[{"href":"https:\/\/neuroquantum.com\/es\/wp-json\/wp\/v2\/media?parent=7924"}],"wp:term":[{"taxonomy":"product_cat","embeddable":true,"href":"https:\/\/neuroquantum.com\/es\/wp-json\/wp\/v2\/product_cat?post=7924"},{"taxonomy":"product_tag","embeddable":true,"href":"https:\/\/neuroquantum.com\/es\/wp-json\/wp\/v2\/product_tag?post=7924"}],"curies":[{"name":"wp","href":"https:\/\/api.w.org\/{rel}","templated":true}]}}