{"id":1185,"date":"2017-06-13T07:23:45","date_gmt":"2017-06-13T07:23:45","guid":{"rendered":"http:\/\/dummy.xtemos.com\/woodmart2\/?post_type=product&#038;p=1185"},"modified":"2025-03-18T18:57:25","modified_gmt":"2025-03-18T18:57:25","slug":"bioresonancia-d2-1","status":"publish","type":"product","link":"https:\/\/neuroquantum.com\/fr\/produto\/bioresonancia-d2-1\/","title":{"rendered":"BIORESONANCIA D2.1"},"content":{"rendered":"<section class=\"wpb-content-wrapper\"><p>[vc_row][vc_column][vc_column_text woodmart_inline=\u00a0\u00bbno\u00a0\u00bb text_larger=\u00a0\u00bbno\u00a0\u00bb]A bioresson\u00e2ncia \u00e9 o campo da terapia energ\u00e9tica, que detecta e trabalha com informa\u00e7\u00f5es de frequ\u00eancias eletromagn\u00e9ticas produzidas pelo corpo.<\/p>\n<p>As c\u00e9lulas do nosso corpo geram min\u00fasculos impulsos el\u00e9tricos.\u00a0Esses impulsos s\u00e3o transmitidos na forma de vibra\u00e7\u00f5es que podem ser captadas e estudadas por um Equipamento de Bioresson\u00e2ncia.<\/p>\n<p>As vibra\u00e7\u00f5es que as c\u00e9lulas emitem s\u00e3o diferentes se a pessoa estiver saud\u00e1vel ou doente.\u00a0As oscila\u00e7\u00f5es de uma c\u00e9lula carregada com subst\u00e2ncias estranhas, como bact\u00e9rias, toxinas, etc., tamb\u00e9m t\u00eam uma estrutura diferente das de uma c\u00e9lula saud\u00e1vel.<\/p>\n<p>Cada uma de nossas c\u00e9lulas vibra em uma frequ\u00eancia espec\u00edfica do \u00f3rg\u00e3o ao qual pertence.\u00a0Por exemplo, o hepat\u00f3cito vibra na frequ\u00eancia do tecido hep\u00e1tico, e essa frequ\u00eancia \u00e9 a mesma para todos os indiv\u00edduos com f\u00edgado saud\u00e1vel.\u00a0Essa frequ\u00eancia \u00e9 diferente do tecido cerebral que tem sua pr\u00f3pria frequ\u00eancia, assim como o tecido \u00f3sseo tem sua pr\u00f3pria frequ\u00eancia espec\u00edfica.<\/p>\n<p>O diagn\u00f3stico no organismo humano \u00e9 realizado no equipamento Biolaz-Oberon com os dados fornecidos pelas c\u00e9lulas, tecidos e \u00f3rg\u00e3os.<\/p>\n<p>O banco de dados da equipe Oberon inclui os padr\u00f5es de todos os processos patol\u00f3gicos, bem como as frequ\u00eancias de \u00f3rg\u00e3os saud\u00e1veis.<\/p>\n<p>Quando a pesquisa est\u00e1 sendo realizada, um grande conjunto de espectros eletromagn\u00e9ticos \u00e9 capturado do corpo, que cont\u00e9m os detalhes de todos os processos que ocorrem no corpo.<\/p>\n<p>A equipe compara o espectro eletromagn\u00e9tico do organismo com um conjunto de padr\u00f5es de processo encontrados no banco de dados e, se corresponderem a alguma das escalas, ocorre o fen\u00f4meno de bioresson\u00e2ncia e a equipe captura esse processo.<\/p>\n<p>A bioresson\u00e2ncia detecta doen\u00e7as de maneira semelhante ao m\u00e9todo de identifica\u00e7\u00e3o de produtos de supermercado por seu c\u00f3digo de barras.[\/vc_column_text][vc_column_text woodmart_inline=\u00a0\u00bbno\u00a0\u00bb text_larger=\u00a0\u00bbno\u00a0\u00bb]<iframe loading=\"lazy\" title=\"D2.002 Oberon Nova Geracao Iniciacao ao Novo Software Dianel\" src=\"https:\/\/www.youtube.com\/embed\/DLvNPP9axWQ\" width=\"690\" height=\"346\" frameborder=\"0\" allowfullscreen=\"allowfullscreen\"><\/iframe><\/p>\n<div id=\"pr_1842104\" class=\"red_box\">\n<div class=\"red-box-content\">\n<div class=\"videoCaption\" style=\"text-align: center;\">Testes com o novo Oberon D2<\/div>\n<\/div>\n<\/div>\n<div class=\"box-attach\"><\/div>\n<p>[\/vc_column_text][vc_column_text woodmart_inline=\u00a0\u00bbno\u00a0\u00bb text_larger=\u00a0\u00bbno\u00a0\u00bb][\/vc_column_text][\/vc_column][\/vc_row]<\/p>\n<\/section>","protected":false},"excerpt":{"rendered":"<p>As tecnologias de Bioreson\u00e2ncia s\u00e3o dispositivos que utilizam frequ\u00eancias eletromagn\u00e9ticas para detectar e tratar desequil\u00edbrios no corpo humano.<\/p>\n<p>Essas tecnologias s\u00e3o baseadas na teoria de que o corpo humano \u00e9 um sistema de energia que pode ser afetado por fatores internos e externos, como toxinas, alimentos, estresse, doen\u00e7as e outras influ\u00eancias.<\/p>\n<p>Os dispositivos de Bioreson\u00e2ncia emitem frequ\u00eancias de baixa intensidade que s\u00e3o projetadas para equilibrar o campo energ\u00e9tico do corpo, estimulando o sistema imunol\u00f3gico e promovendo a sa\u00fade.<\/p>\n<p>Esses dispositivos podem ser utilizados para diagnosticar e tratar uma ampla variedade de condi\u00e7\u00f5es, incluindo alergias, dist\u00farbios digestivos, dor cr\u00f4nica, fadiga, problemas de sono, entre outros.<\/p>\n<p>As tecnologias de Bioreson\u00e2ncia s\u00e3o consideradas uma abordagem complementar \u00e0 medicina tradicional, e podem ser utilizadas em conjunto com outras terapias, como a acupuntura, homeopatia, e outras pr\u00e1ticas de medicina integrativa. As tecnologias de Bioreson\u00e2ncia s\u00e3o vistas como uma op\u00e7\u00e3o terap\u00eautica menos invasiva e mais hol\u00edstica, que pode ajudar a tratar problemas de sa\u00fade de forma mais natural.<\/p>\n<div class=\"box-attach-deco01\"><img decoding=\"async\" style=\"vertical-align: middle;\" src=\"https:\/\/neuroquantum.com\/wp-content\/uploads\/2022\/12\/pdf.jpg\" alt=\"\" \/> <a href=\"\/1\/upload\/1_info_biolaser_espaa_ol.pdf\"><span style=\"vertical-align: inherit;\"><span style=\"vertical-align: inherit;\">Info Novo D2 OBERON substitui o modelo 22S Pro <\/span><\/span><\/a> <span style=\"vertical-align: inherit;\"><span style=\"vertical-align: inherit;\">[803 Kb]<\/span><\/span><\/div>\n","protected":false},"featured_media":7186,"template":"","meta":[],"product_cat":[79,21],"product_tag":[],"class_list":["post-1185","product","type-product","status-publish","has-post-thumbnail","hentry","product_cat-bioresonancia","product_cat-equipamentos"],"yoast_head":"<!-- This site is optimized with the Yoast SEO plugin v20.11 - https:\/\/yoast.com\/wordpress\/plugins\/seo\/ -->\n<title>BIORESONANCIA D2.1 - neuroquantum<\/title>\n<meta name=\"robots\" content=\"index, follow, max-snippet:-1, max-image-preview:large, max-video-preview:-1\" \/>\n<link rel=\"canonical\" href=\"https:\/\/neuroquantum.com\/produto\/bioresonancia-d2-1\/\" \/>\n<meta property=\"og:locale\" content=\"fr_FR\" \/>\n<meta property=\"og:type\" content=\"article\" \/>\n<meta property=\"og:title\" content=\"BIORESONANCIA D2.1 - neuroquantum\" \/>\n<meta property=\"og:description\" content=\"As tecnologias de Bioreson\u00e2ncia s\u00e3o dispositivos que utilizam frequ\u00eancias eletromagn\u00e9ticas para detectar e tratar desequil\u00edbrios no corpo humano.  Essas tecnologias s\u00e3o baseadas na teoria de que o corpo humano \u00e9 um sistema de energia que pode ser afetado por fatores internos e externos, como toxinas, alimentos, estresse, doen\u00e7as e outras influ\u00eancias.  Os dispositivos de Bioreson\u00e2ncia emitem frequ\u00eancias de baixa intensidade que s\u00e3o projetadas para equilibrar o campo energ\u00e9tico do corpo, estimulando o sistema imunol\u00f3gico e promovendo a sa\u00fade.  Esses dispositivos podem ser utilizados para diagnosticar e tratar uma ampla variedade de condi\u00e7\u00f5es, incluindo alergias, dist\u00farbios digestivos, dor cr\u00f4nica, fadiga, problemas de sono, entre outros.  As tecnologias de Bioreson\u00e2ncia s\u00e3o consideradas uma abordagem complementar \u00e0 medicina tradicional, e podem ser utilizadas em conjunto com outras terapias, como a acupuntura, homeopatia, e outras pr\u00e1ticas de medicina integrativa. As tecnologias de Bioreson\u00e2ncia s\u00e3o vistas como uma op\u00e7\u00e3o terap\u00eautica menos invasiva e mais hol\u00edstica, que pode ajudar a tratar problemas de sa\u00fade de forma mais natural.  Info Novo D2 OBERON substitui o modelo 22S Pro [803 Kb]\" \/>\n<meta property=\"og:url\" content=\"https:\/\/neuroquantum.com\/produto\/bioresonancia-d2-1\/\" \/>\n<meta property=\"og:site_name\" content=\"neuroquantum\" \/>\n<meta property=\"article:modified_time\" content=\"2025-03-18T18:57:25+00:00\" \/>\n<meta property=\"og:image\" content=\"https:\/\/neuroquantum.com\/wp-content\/uploads\/2017\/06\/img1.png\" \/>\n\t<meta property=\"og:image:width\" content=\"492\" \/>\n\t<meta property=\"og:image:height\" content=\"382\" \/>\n\t<meta property=\"og:image:type\" content=\"image\/png\" \/>\n<meta name=\"twitter:card\" content=\"summary_large_image\" \/>\n<meta name=\"twitter:label1\" content=\"Dur\u00e9e de lecture estim\u00e9e\" \/>\n\t<meta name=\"twitter:data1\" content=\"2 minutes\" \/>\n<script type=\"application\/ld+json\" class=\"yoast-schema-graph\">{\"@context\":\"https:\/\/schema.org\",\"@graph\":[{\"@type\":\"WebPage\",\"@id\":\"https:\/\/neuroquantum.com\/produto\/bioresonancia-d2-1\/\",\"url\":\"https:\/\/neuroquantum.com\/produto\/bioresonancia-d2-1\/\",\"name\":\"BIORESONANCIA D2.1 - neuroquantum\",\"isPartOf\":{\"@id\":\"https:\/\/neuroquantum.com\/#website\"},\"datePublished\":\"2017-06-13T07:23:45+00:00\",\"dateModified\":\"2025-03-18T18:57:25+00:00\",\"breadcrumb\":{\"@id\":\"https:\/\/neuroquantum.com\/produto\/bioresonancia-d2-1\/#breadcrumb\"},\"inLanguage\":\"fr-FR\",\"potentialAction\":[{\"@type\":\"ReadAction\",\"target\":[\"https:\/\/neuroquantum.com\/produto\/bioresonancia-d2-1\/\"]}]},{\"@type\":\"BreadcrumbList\",\"@id\":\"https:\/\/neuroquantum.com\/produto\/bioresonancia-d2-1\/#breadcrumb\",\"itemListElement\":[{\"@type\":\"ListItem\",\"position\":1,\"name\":\"In\u00edcio\",\"item\":\"https:\/\/neuroquantum.com\/\"},{\"@type\":\"ListItem\",\"position\":2,\"name\":\"Loja\",\"item\":\"https:\/\/neuroquantum.com\/loja\/\"},{\"@type\":\"ListItem\",\"position\":3,\"name\":\"BIORESONANCIA D2.1\"}]},{\"@type\":\"WebSite\",\"@id\":\"https:\/\/neuroquantum.com\/#website\",\"url\":\"https:\/\/neuroquantum.com\/\",\"name\":\"neuroquantum\",\"description\":\"Medicinas Tradicionais e Tecnologias Qu\u00e2nticas de Biofeedback e Bioreson\u00e2ncia.\",\"publisher\":{\"@id\":\"https:\/\/neuroquantum.com\/#organization\"},\"potentialAction\":[{\"@type\":\"SearchAction\",\"target\":{\"@type\":\"EntryPoint\",\"urlTemplate\":\"https:\/\/neuroquantum.com\/?s={search_term_string}\"},\"query-input\":\"required name=search_term_string\"}],\"inLanguage\":\"fr-FR\"},{\"@type\":\"Organization\",\"@id\":\"https:\/\/neuroquantum.com\/#organization\",\"name\":\"neuroquantum\",\"url\":\"https:\/\/neuroquantum.com\/\",\"logo\":{\"@type\":\"ImageObject\",\"inLanguage\":\"fr-FR\",\"@id\":\"https:\/\/neuroquantum.com\/#\/schema\/logo\/image\/\",\"url\":\"https:\/\/neuroquantum.com\/wp-content\/uploads\/2023\/03\/neuro-novo-logo.png\",\"contentUrl\":\"https:\/\/neuroquantum.com\/wp-content\/uploads\/2023\/03\/neuro-novo-logo.png\",\"width\":708,\"height\":215,\"caption\":\"neuroquantum\"},\"image\":{\"@id\":\"https:\/\/neuroquantum.com\/#\/schema\/logo\/image\/\"}}]}<\/script>\n<!-- \/ Yoast SEO plugin. -->","yoast_head_json":{"title":"BIORESONANCIA D2.1 - neuroquantum","robots":{"index":"index","follow":"follow","max-snippet":"max-snippet:-1","max-image-preview":"max-image-preview:large","max-video-preview":"max-video-preview:-1"},"canonical":"https:\/\/neuroquantum.com\/produto\/bioresonancia-d2-1\/","og_locale":"fr_FR","og_type":"article","og_title":"BIORESONANCIA D2.1 - neuroquantum","og_description":"As tecnologias de Bioreson\u00e2ncia s\u00e3o dispositivos que utilizam frequ\u00eancias eletromagn\u00e9ticas para detectar e tratar desequil\u00edbrios no corpo humano.  Essas tecnologias s\u00e3o baseadas na teoria de que o corpo humano \u00e9 um sistema de energia que pode ser afetado por fatores internos e externos, como toxinas, alimentos, estresse, doen\u00e7as e outras influ\u00eancias.  Os dispositivos de Bioreson\u00e2ncia emitem frequ\u00eancias de baixa intensidade que s\u00e3o projetadas para equilibrar o campo energ\u00e9tico do corpo, estimulando o sistema imunol\u00f3gico e promovendo a sa\u00fade.  Esses dispositivos podem ser utilizados para diagnosticar e tratar uma ampla variedade de condi\u00e7\u00f5es, incluindo alergias, dist\u00farbios digestivos, dor cr\u00f4nica, fadiga, problemas de sono, entre outros.  As tecnologias de Bioreson\u00e2ncia s\u00e3o consideradas uma abordagem complementar \u00e0 medicina tradicional, e podem ser utilizadas em conjunto com outras terapias, como a acupuntura, homeopatia, e outras pr\u00e1ticas de medicina integrativa. As tecnologias de Bioreson\u00e2ncia s\u00e3o vistas como uma op\u00e7\u00e3o terap\u00eautica menos invasiva e mais hol\u00edstica, que pode ajudar a tratar problemas de sa\u00fade de forma mais natural.  Info Novo D2 OBERON substitui o modelo 22S Pro [803 Kb]","og_url":"https:\/\/neuroquantum.com\/produto\/bioresonancia-d2-1\/","og_site_name":"neuroquantum","article_modified_time":"2025-03-18T18:57:25+00:00","og_image":[{"width":492,"height":382,"url":"https:\/\/neuroquantum.com\/wp-content\/uploads\/2017\/06\/img1.png","type":"image\/png"}],"twitter_card":"summary_large_image","twitter_misc":{"Dur\u00e9e de lecture estim\u00e9e":"2 minutes"},"schema":{"@context":"https:\/\/schema.org","@graph":[{"@type":"WebPage","@id":"https:\/\/neuroquantum.com\/produto\/bioresonancia-d2-1\/","url":"https:\/\/neuroquantum.com\/produto\/bioresonancia-d2-1\/","name":"BIORESONANCIA D2.1 - neuroquantum","isPartOf":{"@id":"https:\/\/neuroquantum.com\/#website"},"datePublished":"2017-06-13T07:23:45+00:00","dateModified":"2025-03-18T18:57:25+00:00","breadcrumb":{"@id":"https:\/\/neuroquantum.com\/produto\/bioresonancia-d2-1\/#breadcrumb"},"inLanguage":"fr-FR","potentialAction":[{"@type":"ReadAction","target":["https:\/\/neuroquantum.com\/produto\/bioresonancia-d2-1\/"]}]},{"@type":"BreadcrumbList","@id":"https:\/\/neuroquantum.com\/produto\/bioresonancia-d2-1\/#breadcrumb","itemListElement":[{"@type":"ListItem","position":1,"name":"In\u00edcio","item":"https:\/\/neuroquantum.com\/"},{"@type":"ListItem","position":2,"name":"Loja","item":"https:\/\/neuroquantum.com\/loja\/"},{"@type":"ListItem","position":3,"name":"BIORESONANCIA D2.1"}]},{"@type":"WebSite","@id":"https:\/\/neuroquantum.com\/#website","url":"https:\/\/neuroquantum.com\/","name":"neuroquantum","description":"Medicinas Tradicionais e Tecnologias Qu\u00e2nticas de Biofeedback e Bioreson\u00e2ncia.","publisher":{"@id":"https:\/\/neuroquantum.com\/#organization"},"potentialAction":[{"@type":"SearchAction","target":{"@type":"EntryPoint","urlTemplate":"https:\/\/neuroquantum.com\/?s={search_term_string}"},"query-input":"required name=search_term_string"}],"inLanguage":"fr-FR"},{"@type":"Organization","@id":"https:\/\/neuroquantum.com\/#organization","name":"neuroquantum","url":"https:\/\/neuroquantum.com\/","logo":{"@type":"ImageObject","inLanguage":"fr-FR","@id":"https:\/\/neuroquantum.com\/#\/schema\/logo\/image\/","url":"https:\/\/neuroquantum.com\/wp-content\/uploads\/2023\/03\/neuro-novo-logo.png","contentUrl":"https:\/\/neuroquantum.com\/wp-content\/uploads\/2023\/03\/neuro-novo-logo.png","width":708,"height":215,"caption":"neuroquantum"},"image":{"@id":"https:\/\/neuroquantum.com\/#\/schema\/logo\/image\/"}}]}},"_links":{"self":[{"href":"https:\/\/neuroquantum.com\/fr\/wp-json\/wp\/v2\/product\/1185","targetHints":{"allow":["GET"]}}],"collection":[{"href":"https:\/\/neuroquantum.com\/fr\/wp-json\/wp\/v2\/product"}],"about":[{"href":"https:\/\/neuroquantum.com\/fr\/wp-json\/wp\/v2\/types\/product"}],"wp:featuredmedia":[{"embeddable":true,"href":"https:\/\/neuroquantum.com\/fr\/wp-json\/wp\/v2\/media\/7186"}],"wp:attachment":[{"href":"https:\/\/neuroquantum.com\/fr\/wp-json\/wp\/v2\/media?parent=1185"}],"wp:term":[{"taxonomy":"product_cat","embeddable":true,"href":"https:\/\/neuroquantum.com\/fr\/wp-json\/wp\/v2\/product_cat?post=1185"},{"taxonomy":"product_tag","embeddable":true,"href":"https:\/\/neuroquantum.com\/fr\/wp-json\/wp\/v2\/product_tag?post=1185"}],"curies":[{"name":"wp","href":"https:\/\/api.w.org\/{rel}","templated":true}]}}