{"id":7187,"date":"2022-12-12T11:26:40","date_gmt":"2022-12-12T11:26:40","guid":{"rendered":"https:\/\/neuroquantum.com\/?post_type=product&#038;p=7187"},"modified":"2023-06-02T14:09:32","modified_gmt":"2023-06-02T14:09:32","slug":"scio-biofeedback-e-neuro-feedback-integrativo","status":"publish","type":"product","link":"https:\/\/neuroquantum.com\/fr\/produto\/scio-biofeedback-e-neuro-feedback-integrativo\/","title":{"rendered":"SCIO Biofeedback e Neuro Feedback Integrativo"},"content":{"rendered":"<section class=\"wpb-content-wrapper\"><p>[vc_row][vc_column][vc_column_text woodmart_inline=\u00a0\u00bbno\u00a0\u00bb text_larger=\u00a0\u00bbno\u00a0\u00bb]<\/p>\n<div><b>\u00a0<\/b><b>RESULTADOS PESSOAIS<\/b><\/div>\n<div>\u00a0O SCIO funciona atrav\u00e9s de um loop cibern\u00e9tico de feedback estabelecido com o cliente.<\/div>\n<div>\n<p>\u00a0\u00c9 como se o cliente e o computador\u00a0<em>\u201capertassem as m\u00e3os\u201d<\/em>, garantindo que o exerc\u00edcio de relaxamento adequado e a reeduca\u00e7\u00e3o muscular s\u00e3o sempre canalizados especificamente para o cliente.<br \/>\nUma vez que qualquer influ\u00eancia do terapeuta no campo energ\u00e9tico do cliente \u00e9 completamente eliminada por este sistema de regula\u00e7\u00e3o de stress\u00a0\u00a0e reeduca\u00e7\u00e3o muscular, o SCIO \u00e9 tamb\u00e9m muitas vezes usado em paralelo com a\u00a0<b>Terapia de Meridianos,\u00a0\u00a0Chakras, Rife, Auto-Trivector, Cromo-musicais,\u00a0\u00a0Ossos e Dentes, e Terapias de Bio-Reson\u00e2ncia<\/b>.<\/p>\n<p><b>ESPECIFICO PARA AS NECESSIDADES de cada CLIENTE<\/b><\/p>\n<\/div>\n<div>\n<p>O SCIO \u00e9 o \u00fanico sistema no mundo que une mais de 50 m\u00e9todos diferentes de an\u00e1lise bioenerg\u00e9tica e gest\u00e3o de stress.<br \/>\nAo utilizar diferentes frequ\u00eancias, amplifica\u00e7\u00f5es e invers\u00e3o de frequ\u00eancias, o SCIO adapta automaticamente as suas fun\u00e7\u00f5es ao cliente.<br \/>\nAtrav\u00e9s do processo do SCIO \u00e9 poss\u00edvel testar clientes para mais de 9.000 subst\u00e2ncias atrav\u00e9s dos padr\u00f5es de frequ\u00eancia (monitorizando especifica e \u00a0concretamente a velocidade das correspondentes reac\u00e7\u00f5es biol\u00f3gicas).<br \/>\nA reac\u00e7\u00e3o do cliente \u00e1s diferentes subst\u00e2ncias testadas (patogenias, medicamentos, estimulantes hiper-activos, etc.) \u00e9 visualizada atrav\u00e9s de um diagrama de \u00a0cores e uma escala num\u00e9rica.<br \/>\nEste tipo de biofeedback para redu\u00e7\u00e3o de stress tem sido com sucesso, praticado por milhares de clientes em todo o mundo.<br \/>\nO SCIO e verdadeiramente um sistema indispens\u00e1vel e comprovadamente essencial para todos os profissionais de sa\u00fade e bem estar que \u00a0pretendem\u00a0\u00a0participar na vanguarda dos sistemas de apoio \u00e1 sa\u00fade.<\/p>\n<p><b>\u00a0<\/b><b>PROGRAMAS do SCIO para an\u00e1lise da SA\u00daDE<br \/>\n<\/b><b>\u00a0<\/b>PROGRAMA de ELECTRO-ACUPUNCTURA e MERIDIANOS:\u00a0<b><br \/>\n<\/b>Harmoniza os pontos e meridianos de acupunctura atrav\u00e9s de t\u00e9cnicas frequ\u00eanciais;<\/p>\n<\/div>\n<div><strong>TECNICAS RIFE ou SISTEMA AUTO FREQUENCIA:\u00a0<\/strong><br \/>\nEstimula e harmoniza as polaridades pessoais (incluindo os \u00f3rg\u00e3os e outros sistemas);<\/div>\n<div><strong>TRI-VECTOR:\u00a0<\/strong><br \/>\nFiltra as freq\u00eancias pr\u00f3prias do corpo do cliente, criando deste modo o campo tri-vector mais adequado para optimizar o sistema de preserva\u00e7\u00e3o da sa\u00fade;<\/div>\n<div><strong>RELAXAMENTO CROMO-MUSICAL :\u00a0<\/strong><br \/>\nClientes s\u00e3o expostos \u00e0s cores e m\u00fasica mais estimulantes durante a sess\u00e3o;<\/div>\n<div><strong>REEDUCA\u00c7\u00c3O MUSCULAR SCALAR :\u00a0<\/strong><br \/>\nTrabalha sobre os sistemas hormonal e end\u00f3crino associados aos chakras;<\/div>\n<div><strong>PROGRAMA de ACTIVA\u00c7\u00c3O HOMEOPATICA :\u00a0<\/strong><br \/>\nMais de 3.000 subst\u00e2ncias homeop\u00e1ticas e energia de\u00a0\u00a0cristais podem ser individualmente recomendados e administrados aos clientes;<\/div>\n<div><strong>ANALISE ENERGETICA dos OSSOS :\u00a0<\/strong><br \/>\nDesordens e desequil\u00edbrios de um osso ou parte do esqueleto s\u00e3o examinados nas suas bases org\u00e2nicas e psicossom\u00e1ticas;<\/div>\n<div><strong>PNL (PROGRAMA\u00c7\u00c3O NEURO-LINGUISTICA):\u00a0<\/strong><br \/>\nInclui treino de relaxamento e controlo de dor,\u00a0\u00a0an\u00e1lise dos dentes e\u00a0\u00a0maxilares, an\u00e1lise dos padr\u00f5es das ondas cerebrais, an\u00e1lise de biorritmos e miasmas, desintoxica\u00e7\u00f5es, an\u00e1lise dos \u00f3rg\u00e3os, an\u00e1lise ao n\u00edvel de welness e bem estar, mapas nutricionais e outras fun\u00e7\u00f5es;<br \/>\nANALISE NUTRICIONAL:<br \/>\nV\u00e1rios teste que permitem monitorizar os n\u00edveis de vitaminas, minerais, enzimas e amino\u00e1cidos do cliente;<br \/>\nO PAINEL de TESTE de HYPER-REACTIVIDADE :<br \/>\nTestes ao cliente de sensibilidade a mais de 300 diferentes estimulantes;<br \/>\nO M\u00c9DICO VIRTUAL :<br \/>\nEste programa permite ao terapeuta preparar uma an\u00e1lise exacta dos riscos poss\u00edveis para a sa\u00fade.<br \/>\n<b>\u00a0<\/b><\/div>\n<h4><b>ESPECIFICA\u00c7\u00d5ES T\u00c9CNICAS ADICIONAIS<\/b><\/h4>\n<div><strong>OBSERVA\u00c7\u00c3O 3D<\/strong><\/div>\n<div>Uma representa\u00e7\u00e3o em 3D que permite examinar todas as subst\u00e2ncias no sistema energ\u00e9tico do cliente.<\/div>\n<div><strong>A CONEX\u00c3O CYBERNETICA<\/strong><br \/>\nA conex\u00e3o cibern\u00e9tica exclusiva do SCIO, possibilita medir as varia\u00e7\u00f5es energ\u00e9ticas na velocidade biol\u00f3gica que podem ser corrigida ou aumentadas.<\/div>\n<div><strong>CAMPOS de ENERGIA TRI-VECTORIAIS<\/strong><br \/>\nO potencial electr\u00f3nico do corpo do cliente \u00e9 medido com base em mais de 40 valores virtuais que fornecem ao terapeuta a informa\u00e7\u00e3o chave necess\u00e1ria para o processo de interpreta\u00e7\u00e3o e processo terap\u00eautico subsequente.<\/div>\n<div><strong>RETROA\u00c7\u00c3O PERMANENTE\u00a0<\/strong><br \/>\nAo contr\u00e1rio de outros programas, o SCIO permite observar o cliente durante toda a sess\u00e3o.<br \/>\nIsto garante a precis\u00e3o de cada teste e a individualidade em cada terapia.Contudo o programa tamb\u00e9m inclui um sistema de biofeedback adicional para os clientes.<\/div>\n<div>O software do SCIO inclui uma enorme quantidade de imagens do corpo em 3D al\u00e9m de v\u00eddeos que o cliente pode acompanhar no ecr\u00e3.<br \/>\nO controlo baseia-se em dois n\u00edveis : o SCIO interage com o software Clasp (o programa \u201cpuro\u201d de an\u00e1lises e reeduca\u00e7\u00e3o) para que a informa\u00e7\u00e3o seja apresentada ao cliente no ecr\u00e3, sobre aspectos energ\u00e9ticos no programa \u00e1 medida que estes se desenvolvem.<br \/>\nO SCIO tamb\u00e9m tem o seu pr\u00f3prio sistema de feedback que possibilita ao terapeuta observar e monitorizar o cliente durante a sess\u00e3o.<br \/>\nUma outra fun\u00e7\u00e3o do SCIO consiste em observar de forma\u00a0\u00a0aut\u00f3noma um padr\u00e3o compar\u00e1vel, e fornecer uma an\u00e1lise baseada no menu inclu\u00eddo no processador do programa.<br \/>\nImagens do corpo a cores e em 3D apresentam a informa\u00e7\u00e3o atrav\u00e9s do Body Viewer<\/div>\n<p>[\/vc_column_text][vc_column_text woodmart_inline=\u00a0\u00bbno\u00a0\u00bb text_larger=\u00a0\u00bbno\u00a0\u00bb][\/vc_column_text][\/vc_column][\/vc_row]<\/p>\n<\/section>","protected":false},"excerpt":{"rendered":"<p>O Biofeedback Hol\u00edstico \u00e9 uma abordagem terap\u00eautica que utiliza tecnologias de biofeedback para medir as fun\u00e7\u00f5es fisiol\u00f3gicas do corpo e, em seguida, treinar a mente e o corpo para regular essas fun\u00e7\u00f5es de maneira mais equilibrada.<\/p>\n<p>Esta abordagem leva em considera\u00e7\u00e3o o indiv\u00edduo como um todo, incluindo sua mente, corpo e esp\u00edrito, e busca restaurar o equil\u00edbrio em todos esses aspectos.<\/p>\n<p>O Biofeedback Hol\u00edstico pode ser usado para tratar uma variedade de condi\u00e7\u00f5es, como ansiedade, estresse, dor cr\u00f4nica, hipertens\u00e3o, dist\u00farbios do sono, entre outras.<\/p>\n","protected":false},"featured_media":7189,"template":"","meta":[],"product_cat":[78,21],"product_tag":[],"class_list":["post-7187","product","type-product","status-publish","has-post-thumbnail","hentry","product_cat-biofeedback","product_cat-equipamentos"],"yoast_head":"<!-- This site is optimized with the Yoast SEO plugin v20.11 - https:\/\/yoast.com\/wordpress\/plugins\/seo\/ -->\n<title>SCIO Biofeedback e Neuro Feedback Integrativo - neuroquantum<\/title>\n<meta name=\"robots\" content=\"index, follow, max-snippet:-1, max-image-preview:large, max-video-preview:-1\" \/>\n<link rel=\"canonical\" href=\"https:\/\/neuroquantum.com\/produto\/scio-biofeedback-e-neuro-feedback-integrativo\/\" \/>\n<meta property=\"og:locale\" content=\"fr_FR\" \/>\n<meta property=\"og:type\" content=\"article\" \/>\n<meta property=\"og:title\" content=\"SCIO Biofeedback e Neuro Feedback Integrativo - neuroquantum\" \/>\n<meta property=\"og:description\" content=\"O Biofeedback Hol\u00edstico \u00e9 uma abordagem terap\u00eautica que utiliza tecnologias de biofeedback para medir as fun\u00e7\u00f5es fisiol\u00f3gicas do corpo e, em seguida, treinar a mente e o corpo para regular essas fun\u00e7\u00f5es de maneira mais equilibrada.  Esta abordagem leva em considera\u00e7\u00e3o o indiv\u00edduo como um todo, incluindo sua mente, corpo e esp\u00edrito, e busca restaurar o equil\u00edbrio em todos esses aspectos.  O Biofeedback Hol\u00edstico pode ser usado para tratar uma variedade de condi\u00e7\u00f5es, como ansiedade, estresse, dor cr\u00f4nica, hipertens\u00e3o, dist\u00farbios do sono, entre outras.\" \/>\n<meta property=\"og:url\" content=\"https:\/\/neuroquantum.com\/produto\/scio-biofeedback-e-neuro-feedback-integrativo\/\" \/>\n<meta property=\"og:site_name\" content=\"neuroquantum\" \/>\n<meta property=\"article:modified_time\" content=\"2023-06-02T14:09:32+00:00\" \/>\n<meta property=\"og:image\" content=\"https:\/\/neuroquantum.com\/wp-content\/uploads\/2022\/12\/scio.jpg\" \/>\n\t<meta property=\"og:image:width\" content=\"577\" \/>\n\t<meta property=\"og:image:height\" content=\"477\" \/>\n\t<meta property=\"og:image:type\" content=\"image\/jpeg\" \/>\n<meta name=\"twitter:card\" content=\"summary_large_image\" \/>\n<meta name=\"twitter:label1\" content=\"Dur\u00e9e de lecture estim\u00e9e\" \/>\n\t<meta name=\"twitter:data1\" content=\"4 minutes\" \/>\n<script type=\"application\/ld+json\" class=\"yoast-schema-graph\">{\"@context\":\"https:\/\/schema.org\",\"@graph\":[{\"@type\":\"WebPage\",\"@id\":\"https:\/\/neuroquantum.com\/produto\/scio-biofeedback-e-neuro-feedback-integrativo\/\",\"url\":\"https:\/\/neuroquantum.com\/produto\/scio-biofeedback-e-neuro-feedback-integrativo\/\",\"name\":\"SCIO Biofeedback e Neuro Feedback Integrativo - neuroquantum\",\"isPartOf\":{\"@id\":\"https:\/\/neuroquantum.com\/#website\"},\"datePublished\":\"2022-12-12T11:26:40+00:00\",\"dateModified\":\"2023-06-02T14:09:32+00:00\",\"breadcrumb\":{\"@id\":\"https:\/\/neuroquantum.com\/produto\/scio-biofeedback-e-neuro-feedback-integrativo\/#breadcrumb\"},\"inLanguage\":\"fr-FR\",\"potentialAction\":[{\"@type\":\"ReadAction\",\"target\":[\"https:\/\/neuroquantum.com\/produto\/scio-biofeedback-e-neuro-feedback-integrativo\/\"]}]},{\"@type\":\"BreadcrumbList\",\"@id\":\"https:\/\/neuroquantum.com\/produto\/scio-biofeedback-e-neuro-feedback-integrativo\/#breadcrumb\",\"itemListElement\":[{\"@type\":\"ListItem\",\"position\":1,\"name\":\"In\u00edcio\",\"item\":\"https:\/\/neuroquantum.com\/\"},{\"@type\":\"ListItem\",\"position\":2,\"name\":\"Loja\",\"item\":\"https:\/\/neuroquantum.com\/loja\/\"},{\"@type\":\"ListItem\",\"position\":3,\"name\":\"SCIO Biofeedback e Neuro Feedback Integrativo\"}]},{\"@type\":\"WebSite\",\"@id\":\"https:\/\/neuroquantum.com\/#website\",\"url\":\"https:\/\/neuroquantum.com\/\",\"name\":\"neuroquantum\",\"description\":\"Medicinas Tradicionais e Tecnologias Qu\u00e2nticas de Biofeedback e Bioreson\u00e2ncia.\",\"publisher\":{\"@id\":\"https:\/\/neuroquantum.com\/#organization\"},\"potentialAction\":[{\"@type\":\"SearchAction\",\"target\":{\"@type\":\"EntryPoint\",\"urlTemplate\":\"https:\/\/neuroquantum.com\/?s={search_term_string}\"},\"query-input\":\"required name=search_term_string\"}],\"inLanguage\":\"fr-FR\"},{\"@type\":\"Organization\",\"@id\":\"https:\/\/neuroquantum.com\/#organization\",\"name\":\"neuroquantum\",\"url\":\"https:\/\/neuroquantum.com\/\",\"logo\":{\"@type\":\"ImageObject\",\"inLanguage\":\"fr-FR\",\"@id\":\"https:\/\/neuroquantum.com\/#\/schema\/logo\/image\/\",\"url\":\"https:\/\/neuroquantum.com\/wp-content\/uploads\/2023\/03\/neuro-novo-logo.png\",\"contentUrl\":\"https:\/\/neuroquantum.com\/wp-content\/uploads\/2023\/03\/neuro-novo-logo.png\",\"width\":708,\"height\":215,\"caption\":\"neuroquantum\"},\"image\":{\"@id\":\"https:\/\/neuroquantum.com\/#\/schema\/logo\/image\/\"}}]}<\/script>\n<!-- \/ Yoast SEO plugin. -->","yoast_head_json":{"title":"SCIO Biofeedback e Neuro Feedback Integrativo - neuroquantum","robots":{"index":"index","follow":"follow","max-snippet":"max-snippet:-1","max-image-preview":"max-image-preview:large","max-video-preview":"max-video-preview:-1"},"canonical":"https:\/\/neuroquantum.com\/produto\/scio-biofeedback-e-neuro-feedback-integrativo\/","og_locale":"fr_FR","og_type":"article","og_title":"SCIO Biofeedback e Neuro Feedback Integrativo - neuroquantum","og_description":"O Biofeedback Hol\u00edstico \u00e9 uma abordagem terap\u00eautica que utiliza tecnologias de biofeedback para medir as fun\u00e7\u00f5es fisiol\u00f3gicas do corpo e, em seguida, treinar a mente e o corpo para regular essas fun\u00e7\u00f5es de maneira mais equilibrada.  Esta abordagem leva em considera\u00e7\u00e3o o indiv\u00edduo como um todo, incluindo sua mente, corpo e esp\u00edrito, e busca restaurar o equil\u00edbrio em todos esses aspectos.  O Biofeedback Hol\u00edstico pode ser usado para tratar uma variedade de condi\u00e7\u00f5es, como ansiedade, estresse, dor cr\u00f4nica, hipertens\u00e3o, dist\u00farbios do sono, entre outras.","og_url":"https:\/\/neuroquantum.com\/produto\/scio-biofeedback-e-neuro-feedback-integrativo\/","og_site_name":"neuroquantum","article_modified_time":"2023-06-02T14:09:32+00:00","og_image":[{"width":577,"height":477,"url":"https:\/\/neuroquantum.com\/wp-content\/uploads\/2022\/12\/scio.jpg","type":"image\/jpeg"}],"twitter_card":"summary_large_image","twitter_misc":{"Dur\u00e9e de lecture estim\u00e9e":"4 minutes"},"schema":{"@context":"https:\/\/schema.org","@graph":[{"@type":"WebPage","@id":"https:\/\/neuroquantum.com\/produto\/scio-biofeedback-e-neuro-feedback-integrativo\/","url":"https:\/\/neuroquantum.com\/produto\/scio-biofeedback-e-neuro-feedback-integrativo\/","name":"SCIO Biofeedback e Neuro Feedback Integrativo - neuroquantum","isPartOf":{"@id":"https:\/\/neuroquantum.com\/#website"},"datePublished":"2022-12-12T11:26:40+00:00","dateModified":"2023-06-02T14:09:32+00:00","breadcrumb":{"@id":"https:\/\/neuroquantum.com\/produto\/scio-biofeedback-e-neuro-feedback-integrativo\/#breadcrumb"},"inLanguage":"fr-FR","potentialAction":[{"@type":"ReadAction","target":["https:\/\/neuroquantum.com\/produto\/scio-biofeedback-e-neuro-feedback-integrativo\/"]}]},{"@type":"BreadcrumbList","@id":"https:\/\/neuroquantum.com\/produto\/scio-biofeedback-e-neuro-feedback-integrativo\/#breadcrumb","itemListElement":[{"@type":"ListItem","position":1,"name":"In\u00edcio","item":"https:\/\/neuroquantum.com\/"},{"@type":"ListItem","position":2,"name":"Loja","item":"https:\/\/neuroquantum.com\/loja\/"},{"@type":"ListItem","position":3,"name":"SCIO Biofeedback e Neuro Feedback Integrativo"}]},{"@type":"WebSite","@id":"https:\/\/neuroquantum.com\/#website","url":"https:\/\/neuroquantum.com\/","name":"neuroquantum","description":"Medicinas Tradicionais e Tecnologias Qu\u00e2nticas de Biofeedback e Bioreson\u00e2ncia.","publisher":{"@id":"https:\/\/neuroquantum.com\/#organization"},"potentialAction":[{"@type":"SearchAction","target":{"@type":"EntryPoint","urlTemplate":"https:\/\/neuroquantum.com\/?s={search_term_string}"},"query-input":"required name=search_term_string"}],"inLanguage":"fr-FR"},{"@type":"Organization","@id":"https:\/\/neuroquantum.com\/#organization","name":"neuroquantum","url":"https:\/\/neuroquantum.com\/","logo":{"@type":"ImageObject","inLanguage":"fr-FR","@id":"https:\/\/neuroquantum.com\/#\/schema\/logo\/image\/","url":"https:\/\/neuroquantum.com\/wp-content\/uploads\/2023\/03\/neuro-novo-logo.png","contentUrl":"https:\/\/neuroquantum.com\/wp-content\/uploads\/2023\/03\/neuro-novo-logo.png","width":708,"height":215,"caption":"neuroquantum"},"image":{"@id":"https:\/\/neuroquantum.com\/#\/schema\/logo\/image\/"}}]}},"_links":{"self":[{"href":"https:\/\/neuroquantum.com\/fr\/wp-json\/wp\/v2\/product\/7187","targetHints":{"allow":["GET"]}}],"collection":[{"href":"https:\/\/neuroquantum.com\/fr\/wp-json\/wp\/v2\/product"}],"about":[{"href":"https:\/\/neuroquantum.com\/fr\/wp-json\/wp\/v2\/types\/product"}],"wp:featuredmedia":[{"embeddable":true,"href":"https:\/\/neuroquantum.com\/fr\/wp-json\/wp\/v2\/media\/7189"}],"wp:attachment":[{"href":"https:\/\/neuroquantum.com\/fr\/wp-json\/wp\/v2\/media?parent=7187"}],"wp:term":[{"taxonomy":"product_cat","embeddable":true,"href":"https:\/\/neuroquantum.com\/fr\/wp-json\/wp\/v2\/product_cat?post=7187"},{"taxonomy":"product_tag","embeddable":true,"href":"https:\/\/neuroquantum.com\/fr\/wp-json\/wp\/v2\/product_tag?post=7187"}],"curies":[{"name":"wp","href":"https:\/\/api.w.org\/{rel}","templated":true}]}}