{"id":7389,"date":"2023-05-02T10:36:08","date_gmt":"2023-05-02T10:36:08","guid":{"rendered":"https:\/\/neuroquantum.com\/?post_type=product&#038;p=7389"},"modified":"2023-05-30T10:35:02","modified_gmt":"2023-05-30T10:35:02","slug":"s-drive","status":"publish","type":"product","link":"https:\/\/neuroquantum.com\/fr\/produto\/s-drive\/","title":{"rendered":"S DRIVE"},"content":{"rendered":"","protected":false},"excerpt":{"rendered":"<p>A resson\u00e2ncia capilar e a epigen\u00e9tica s\u00e3o conceitos relacionados ao campo da sa\u00fade e do bem-estar.<\/p>\n<p><strong>Resson\u00e2ncia Capilar<\/strong>:<br \/>\nA resson\u00e2ncia capilar \u00e9 uma t\u00e9cnica que busca avaliar a sa\u00fade e o equil\u00edbrio do corpo humano por meio da an\u00e1lise do cabelo. Acredita-se que o cabelo seja capaz de armazenar informa\u00e7\u00f5es sobre a sa\u00fade e o estado geral do organismo. Por meio da an\u00e1lise de uma amostra de cabelo, \u00e9 poss\u00edvel obter informa\u00e7\u00f5es sobre desequil\u00edbrios nutricionais, exposi\u00e7\u00e3o a toxinas e metais pesados, intoler\u00e2ncias alimentares e outras condi\u00e7\u00f5es de sa\u00fade.<\/p>\n<p><strong>Epigen\u00e9tica<\/strong>:<br \/>\nA epigen\u00e9tica \u00e9 o estudo das altera\u00e7\u00f5es heredit\u00e1rias na express\u00e3o dos genes que n\u00e3o s\u00e3o causadas por altera\u00e7\u00f5es na sequ\u00eancia de DNA. Ela explora como fatores ambientais, estilo de vida e experi\u00eancias pessoais podem influenciar a atividade dos genes. A epigen\u00e9tica mostra que a express\u00e3o dos genes pode ser modificada sem que ocorram altera\u00e7\u00f5es na sequ\u00eancia de DNA, o que significa que as experi\u00eancias e o ambiente podem ter um impacto significativo na sa\u00fade e no bem-estar.<\/p>\n<p><strong>Rela\u00e7\u00e3o entre resson\u00e2ncia capilar e epigen\u00e9tica<\/strong>:<br \/>\nA resson\u00e2ncia capilar pode ser usada como uma ferramenta para avaliar certos aspectos da sa\u00fade que podem estar relacionados \u00e0 epigen\u00e9tica. Por exemplo, certos desequil\u00edbrios nutricionais detectados na an\u00e1lise do cabelo podem estar associados a padr\u00f5es epigen\u00e9ticos espec\u00edficos. Al\u00e9m disso, a exposi\u00e7\u00e3o a toxinas ambientais tamb\u00e9m pode ter efeitos epigen\u00e9ticos, e a an\u00e1lise capilar pode ajudar a identificar poss\u00edveis exposi\u00e7\u00f5es.<\/p>\n","protected":false},"featured_media":7581,"template":"","meta":[],"product_cat":[79,21],"product_tag":[],"class_list":["post-7389","product","type-product","status-publish","has-post-thumbnail","hentry","product_cat-bioresonancia","product_cat-equipamentos"],"yoast_head":"<!-- This site is optimized with the Yoast SEO plugin v20.11 - https:\/\/yoast.com\/wordpress\/plugins\/seo\/ -->\n<title>S DRIVE - neuroquantum<\/title>\n<meta name=\"robots\" content=\"index, follow, max-snippet:-1, max-image-preview:large, max-video-preview:-1\" \/>\n<link rel=\"canonical\" href=\"https:\/\/neuroquantum.com\/produto\/s-drive\/\" \/>\n<meta property=\"og:locale\" content=\"fr_FR\" \/>\n<meta property=\"og:type\" content=\"article\" \/>\n<meta property=\"og:title\" content=\"S DRIVE - neuroquantum\" \/>\n<meta property=\"og:description\" content=\"A resson\u00e2ncia capilar e a epigen\u00e9tica s\u00e3o conceitos relacionados ao campo da sa\u00fade e do bem-estar.  Resson\u00e2ncia Capilar: A resson\u00e2ncia capilar \u00e9 uma t\u00e9cnica que busca avaliar a sa\u00fade e o equil\u00edbrio do corpo humano por meio da an\u00e1lise do cabelo. Acredita-se que o cabelo seja capaz de armazenar informa\u00e7\u00f5es sobre a sa\u00fade e o estado geral do organismo. Por meio da an\u00e1lise de uma amostra de cabelo, \u00e9 poss\u00edvel obter informa\u00e7\u00f5es sobre desequil\u00edbrios nutricionais, exposi\u00e7\u00e3o a toxinas e metais pesados, intoler\u00e2ncias alimentares e outras condi\u00e7\u00f5es de sa\u00fade.  Epigen\u00e9tica: A epigen\u00e9tica \u00e9 o estudo das altera\u00e7\u00f5es heredit\u00e1rias na express\u00e3o dos genes que n\u00e3o s\u00e3o causadas por altera\u00e7\u00f5es na sequ\u00eancia de DNA. Ela explora como fatores ambientais, estilo de vida e experi\u00eancias pessoais podem influenciar a atividade dos genes. A epigen\u00e9tica mostra que a express\u00e3o dos genes pode ser modificada sem que ocorram altera\u00e7\u00f5es na sequ\u00eancia de DNA, o que significa que as experi\u00eancias e o ambiente podem ter um impacto significativo na sa\u00fade e no bem-estar.  Rela\u00e7\u00e3o entre resson\u00e2ncia capilar e epigen\u00e9tica: A resson\u00e2ncia capilar pode ser usada como uma ferramenta para avaliar certos aspectos da sa\u00fade que podem estar relacionados \u00e0 epigen\u00e9tica. Por exemplo, certos desequil\u00edbrios nutricionais detectados na an\u00e1lise do cabelo podem estar associados a padr\u00f5es epigen\u00e9ticos espec\u00edficos. Al\u00e9m disso, a exposi\u00e7\u00e3o a toxinas ambientais tamb\u00e9m pode ter efeitos epigen\u00e9ticos, e a an\u00e1lise capilar pode ajudar a identificar poss\u00edveis exposi\u00e7\u00f5es.\" \/>\n<meta property=\"og:url\" content=\"https:\/\/neuroquantum.com\/produto\/s-drive\/\" \/>\n<meta property=\"og:site_name\" content=\"neuroquantum\" \/>\n<meta property=\"article:modified_time\" content=\"2023-05-30T10:35:02+00:00\" \/>\n<meta property=\"og:image\" content=\"https:\/\/neuroquantum.com\/wp-content\/uploads\/2023\/05\/s_drive.jpg\" \/>\n\t<meta property=\"og:image:width\" content=\"250\" \/>\n\t<meta property=\"og:image:height\" content=\"194\" \/>\n\t<meta property=\"og:image:type\" content=\"image\/jpeg\" \/>\n<meta name=\"twitter:card\" content=\"summary_large_image\" \/>\n<script type=\"application\/ld+json\" class=\"yoast-schema-graph\">{\"@context\":\"https:\/\/schema.org\",\"@graph\":[{\"@type\":\"WebPage\",\"@id\":\"https:\/\/neuroquantum.com\/produto\/s-drive\/\",\"url\":\"https:\/\/neuroquantum.com\/produto\/s-drive\/\",\"name\":\"S DRIVE - neuroquantum\",\"isPartOf\":{\"@id\":\"https:\/\/neuroquantum.com\/#website\"},\"datePublished\":\"2023-05-02T10:36:08+00:00\",\"dateModified\":\"2023-05-30T10:35:02+00:00\",\"breadcrumb\":{\"@id\":\"https:\/\/neuroquantum.com\/produto\/s-drive\/#breadcrumb\"},\"inLanguage\":\"fr-FR\",\"potentialAction\":[{\"@type\":\"ReadAction\",\"target\":[\"https:\/\/neuroquantum.com\/produto\/s-drive\/\"]}]},{\"@type\":\"BreadcrumbList\",\"@id\":\"https:\/\/neuroquantum.com\/produto\/s-drive\/#breadcrumb\",\"itemListElement\":[{\"@type\":\"ListItem\",\"position\":1,\"name\":\"In\u00edcio\",\"item\":\"https:\/\/neuroquantum.com\/\"},{\"@type\":\"ListItem\",\"position\":2,\"name\":\"Loja\",\"item\":\"https:\/\/neuroquantum.com\/loja\/\"},{\"@type\":\"ListItem\",\"position\":3,\"name\":\"S DRIVE\"}]},{\"@type\":\"WebSite\",\"@id\":\"https:\/\/neuroquantum.com\/#website\",\"url\":\"https:\/\/neuroquantum.com\/\",\"name\":\"neuroquantum\",\"description\":\"Medicinas Tradicionais e Tecnologias Qu\u00e2nticas de Biofeedback e Bioreson\u00e2ncia.\",\"publisher\":{\"@id\":\"https:\/\/neuroquantum.com\/#organization\"},\"potentialAction\":[{\"@type\":\"SearchAction\",\"target\":{\"@type\":\"EntryPoint\",\"urlTemplate\":\"https:\/\/neuroquantum.com\/?s={search_term_string}\"},\"query-input\":\"required name=search_term_string\"}],\"inLanguage\":\"fr-FR\"},{\"@type\":\"Organization\",\"@id\":\"https:\/\/neuroquantum.com\/#organization\",\"name\":\"neuroquantum\",\"url\":\"https:\/\/neuroquantum.com\/\",\"logo\":{\"@type\":\"ImageObject\",\"inLanguage\":\"fr-FR\",\"@id\":\"https:\/\/neuroquantum.com\/#\/schema\/logo\/image\/\",\"url\":\"https:\/\/neuroquantum.com\/wp-content\/uploads\/2023\/03\/neuro-novo-logo.png\",\"contentUrl\":\"https:\/\/neuroquantum.com\/wp-content\/uploads\/2023\/03\/neuro-novo-logo.png\",\"width\":708,\"height\":215,\"caption\":\"neuroquantum\"},\"image\":{\"@id\":\"https:\/\/neuroquantum.com\/#\/schema\/logo\/image\/\"}}]}<\/script>\n<!-- \/ Yoast SEO plugin. -->","yoast_head_json":{"title":"S DRIVE - neuroquantum","robots":{"index":"index","follow":"follow","max-snippet":"max-snippet:-1","max-image-preview":"max-image-preview:large","max-video-preview":"max-video-preview:-1"},"canonical":"https:\/\/neuroquantum.com\/produto\/s-drive\/","og_locale":"fr_FR","og_type":"article","og_title":"S DRIVE - neuroquantum","og_description":"A resson\u00e2ncia capilar e a epigen\u00e9tica s\u00e3o conceitos relacionados ao campo da sa\u00fade e do bem-estar.  Resson\u00e2ncia Capilar: A resson\u00e2ncia capilar \u00e9 uma t\u00e9cnica que busca avaliar a sa\u00fade e o equil\u00edbrio do corpo humano por meio da an\u00e1lise do cabelo. Acredita-se que o cabelo seja capaz de armazenar informa\u00e7\u00f5es sobre a sa\u00fade e o estado geral do organismo. Por meio da an\u00e1lise de uma amostra de cabelo, \u00e9 poss\u00edvel obter informa\u00e7\u00f5es sobre desequil\u00edbrios nutricionais, exposi\u00e7\u00e3o a toxinas e metais pesados, intoler\u00e2ncias alimentares e outras condi\u00e7\u00f5es de sa\u00fade.  Epigen\u00e9tica: A epigen\u00e9tica \u00e9 o estudo das altera\u00e7\u00f5es heredit\u00e1rias na express\u00e3o dos genes que n\u00e3o s\u00e3o causadas por altera\u00e7\u00f5es na sequ\u00eancia de DNA. Ela explora como fatores ambientais, estilo de vida e experi\u00eancias pessoais podem influenciar a atividade dos genes. A epigen\u00e9tica mostra que a express\u00e3o dos genes pode ser modificada sem que ocorram altera\u00e7\u00f5es na sequ\u00eancia de DNA, o que significa que as experi\u00eancias e o ambiente podem ter um impacto significativo na sa\u00fade e no bem-estar.  Rela\u00e7\u00e3o entre resson\u00e2ncia capilar e epigen\u00e9tica: A resson\u00e2ncia capilar pode ser usada como uma ferramenta para avaliar certos aspectos da sa\u00fade que podem estar relacionados \u00e0 epigen\u00e9tica. Por exemplo, certos desequil\u00edbrios nutricionais detectados na an\u00e1lise do cabelo podem estar associados a padr\u00f5es epigen\u00e9ticos espec\u00edficos. Al\u00e9m disso, a exposi\u00e7\u00e3o a toxinas ambientais tamb\u00e9m pode ter efeitos epigen\u00e9ticos, e a an\u00e1lise capilar pode ajudar a identificar poss\u00edveis exposi\u00e7\u00f5es.","og_url":"https:\/\/neuroquantum.com\/produto\/s-drive\/","og_site_name":"neuroquantum","article_modified_time":"2023-05-30T10:35:02+00:00","og_image":[{"width":250,"height":194,"url":"https:\/\/neuroquantum.com\/wp-content\/uploads\/2023\/05\/s_drive.jpg","type":"image\/jpeg"}],"twitter_card":"summary_large_image","schema":{"@context":"https:\/\/schema.org","@graph":[{"@type":"WebPage","@id":"https:\/\/neuroquantum.com\/produto\/s-drive\/","url":"https:\/\/neuroquantum.com\/produto\/s-drive\/","name":"S DRIVE - neuroquantum","isPartOf":{"@id":"https:\/\/neuroquantum.com\/#website"},"datePublished":"2023-05-02T10:36:08+00:00","dateModified":"2023-05-30T10:35:02+00:00","breadcrumb":{"@id":"https:\/\/neuroquantum.com\/produto\/s-drive\/#breadcrumb"},"inLanguage":"fr-FR","potentialAction":[{"@type":"ReadAction","target":["https:\/\/neuroquantum.com\/produto\/s-drive\/"]}]},{"@type":"BreadcrumbList","@id":"https:\/\/neuroquantum.com\/produto\/s-drive\/#breadcrumb","itemListElement":[{"@type":"ListItem","position":1,"name":"In\u00edcio","item":"https:\/\/neuroquantum.com\/"},{"@type":"ListItem","position":2,"name":"Loja","item":"https:\/\/neuroquantum.com\/loja\/"},{"@type":"ListItem","position":3,"name":"S DRIVE"}]},{"@type":"WebSite","@id":"https:\/\/neuroquantum.com\/#website","url":"https:\/\/neuroquantum.com\/","name":"neuroquantum","description":"Medicinas Tradicionais e Tecnologias Qu\u00e2nticas de Biofeedback e Bioreson\u00e2ncia.","publisher":{"@id":"https:\/\/neuroquantum.com\/#organization"},"potentialAction":[{"@type":"SearchAction","target":{"@type":"EntryPoint","urlTemplate":"https:\/\/neuroquantum.com\/?s={search_term_string}"},"query-input":"required name=search_term_string"}],"inLanguage":"fr-FR"},{"@type":"Organization","@id":"https:\/\/neuroquantum.com\/#organization","name":"neuroquantum","url":"https:\/\/neuroquantum.com\/","logo":{"@type":"ImageObject","inLanguage":"fr-FR","@id":"https:\/\/neuroquantum.com\/#\/schema\/logo\/image\/","url":"https:\/\/neuroquantum.com\/wp-content\/uploads\/2023\/03\/neuro-novo-logo.png","contentUrl":"https:\/\/neuroquantum.com\/wp-content\/uploads\/2023\/03\/neuro-novo-logo.png","width":708,"height":215,"caption":"neuroquantum"},"image":{"@id":"https:\/\/neuroquantum.com\/#\/schema\/logo\/image\/"}}]}},"_links":{"self":[{"href":"https:\/\/neuroquantum.com\/fr\/wp-json\/wp\/v2\/product\/7389","targetHints":{"allow":["GET"]}}],"collection":[{"href":"https:\/\/neuroquantum.com\/fr\/wp-json\/wp\/v2\/product"}],"about":[{"href":"https:\/\/neuroquantum.com\/fr\/wp-json\/wp\/v2\/types\/product"}],"wp:featuredmedia":[{"embeddable":true,"href":"https:\/\/neuroquantum.com\/fr\/wp-json\/wp\/v2\/media\/7581"}],"wp:attachment":[{"href":"https:\/\/neuroquantum.com\/fr\/wp-json\/wp\/v2\/media?parent=7389"}],"wp:term":[{"taxonomy":"product_cat","embeddable":true,"href":"https:\/\/neuroquantum.com\/fr\/wp-json\/wp\/v2\/product_cat?post=7389"},{"taxonomy":"product_tag","embeddable":true,"href":"https:\/\/neuroquantum.com\/fr\/wp-json\/wp\/v2\/product_tag?post=7389"}],"curies":[{"name":"wp","href":"https:\/\/api.w.org\/{rel}","templated":true}]}}